{"id":2662,"date":"2023-05-14T18:23:04","date_gmt":"2023-05-14T16:23:04","guid":{"rendered":"https:\/\/nenitus.es\/preguntas-frecuentes\/"},"modified":"2023-09-16T13:26:18","modified_gmt":"2023-09-16T11:26:18","slug":"domande-frequenti","status":"publish","type":"page","link":"https:\/\/nenitus.es\/it\/domande-frequenti\/","title":{"rendered":"Domande frequenti"},"content":{"rendered":"<div class=\"row align-center\"  id=\"row-229564057\">\n\n\t<div id=\"col-227741133\" class=\"col medium-10 small-12 large-10\"  >\n\t\t\t\t<div class=\"col-inner text-center\"  >\n\t\t\t\n\t\t\t\n<div class=\"row align-middle\"  id=\"row-1708206902\">\n\n\t<div id=\"col-1267683263\" class=\"col medium-5 small-12 large-5\"  >\n\t\t\t\t<div class=\"col-inner\"  >\n\t\t\t\n\t\t\t\n\t<div class=\"img has-hover x md-x lg-x y md-y lg-y\" id=\"image_774799260\">\n\t\t\t\t\t\t\t\t<div class=\"img-inner dark\" >\n\t\t\t<img loading=\"lazy\" decoding=\"async\" width=\"704\" height=\"800\" src=\"https:\/\/nenitus.es\/wp-content\/uploads\/2023\/05\/Pregunta-704x800-1.png\" class=\"attachment-large size-large\" alt=\"\" srcset=\"https:\/\/nenitus.es\/wp-content\/uploads\/2023\/05\/Pregunta-704x800-1.png 704w, https:\/\/nenitus.es\/wp-content\/uploads\/2023\/05\/Pregunta-704x800-1-264x300.png 264w\" sizes=\"auto, (max-width: 704px) 100vw, 704px\" \/>\t\t\t\t\t\t\n\t\t\t\t\t<\/div>\n\t\t\t\t\t\t\t\t\n<style>\n#image_774799260 {\n  width: 100%;\n}\n<\/style>\n\t<\/div>\n\t\n\t\t<\/div>\n\t\t\t\t\t<\/div>\n\n\t\n\n\t<div id=\"col-1775333130\" class=\"col medium-7 small-12 large-7\"  >\n\t\t\t\t<div class=\"col-inner\"  >\n\t\t\t\n\t\t\t\n\t<div id=\"text-4108282815\" class=\"text\">\n\t\t\n<h1><strong>Domande frequenti<\/strong><\/h1>\n\t\t\n<style>\n#text-4108282815 {\n  font-size: 2rem;\n  color: rgb(55, 53, 53);\n}\n#text-4108282815 > * {\n  color: rgb(55, 53, 53);\n}\n<\/style>\n\t<\/div>\n\t\n\t<div id=\"text-4182846651\" class=\"text\">\n\t\t\n<p>Di seguito risolviamo i principali dubbi che potresti avere:<\/p>\n\t\t\n<style>\n#text-4182846651 {\n  text-align: left;\n}\n<\/style>\n\t<\/div>\n\t\n\t\t<\/div>\n\t\t\t\t\t<\/div>\n\n\t\n<\/div>\n\t\t<\/div>\n\t\t\t\t\t<\/div>\n\n\t\n<\/div>\n<div class=\"row\"  id=\"row-396238858\">\n\n\t<div id=\"col-815608051\" class=\"col small-12 large-12\"  >\n\t\t\t\t<div class=\"col-inner\"  >\n\t\t\t\n\t\t\t\n<h2><strong>Tavolo luminoso Nenitus<\/strong><\/h2>\n<p>Il <strong>Tavolo o Scatola Luminosa<\/strong> \u00e8 una meravigliosa risorsa pedagogica e ricreativa con una base luminosa che permette al bambino una moltitudine di possibilit\u00e0 come la sperimentazione e incoraggiando la creativit\u00e0, utilizzandolo per qualsiasi tipo di gioco, con la luce come protagonista protagonista.<\/p>\n<p>Il Tavolo Luminoso \u00e8 uno strumento ispirato alla filosofia reggiana e alla pedagogia della luce, una pedagogia innovativa e stimolante per l&#8217;educazione della prima infanzia che ha rappresentato l&#8217;inizio di un movimento verso un&#8217;educazione progressiva e cooperativa.<\/p>\n<p>L&#8217;approccio reggiano riconosce il bambino come protagonista (primo insegnante) e dotato di capacit\u00e0 di costruire il suo apprendimento se dispone di strumenti e ambiente adeguati (terzo insegnante). Ogni bambino ha un grande potenziale innato di apprendere, mosso dalla sua curiosit\u00e0, motivazione e immaginazione e guidato dall&#8217;insegnante (secondo insegnante).<\/p>\n<p>Nel metodo reggiano l&#8217;ambiente \u00e8 ricco di cosiddette \u201cprovocazioni\u201d, che sono quei materiali e strumenti utilizzati per attirare l&#8217;attenzione del bambino e incoraggiarlo a interagire, sperimentare e giocare liberamente, per riflettere e trarre le proprie conclusioni.<\/p>\n<p>\u00c8 qui che il tavolo luminoso e i materiali che lo accompagnano diventano particolarmente importanti, poich\u00e9 sono un&#8217;ottima fonte di informazioni multisensoriali. La luce \u00e8 un elemento presente in natura e i bambini ne sono naturalmente attratti. Ci\u00f2 mantiene i bambini <strong>concentrati<\/strong> e offre loro lo stimolo ideale per motivarli a manipolare le risorse che forniamo loro e a partecipare ad attivit\u00e0 di apprendimento.<\/p>\n\t\t<\/div>\n\t\t\t\t\t<\/div>\n\n\t\n<\/div>\n<div class=\"row\"  id=\"row-1577641823\">\n\n\t<div id=\"col-1147910752\" class=\"col medium-3 small-6 large-3\"  >\n\t\t\t\t<div class=\"col-inner\"  >\n\t\t\t\n\t\t\t\n\t<div class=\"img has-hover x md-x lg-x y md-y lg-y\" id=\"image_2075365968\">\n\t\t\t\t\t\t\t\t<div class=\"img-inner dark\" >\n\t\t\t<img loading=\"lazy\" decoding=\"async\" width=\"604\" height=\"400\" src=\"https:\/\/nenitus.es\/wp-content\/uploads\/2023\/05\/8-604x400-1.jpg\" class=\"attachment-large size-large\" alt=\"\" srcset=\"https:\/\/nenitus.es\/wp-content\/uploads\/2023\/05\/8-604x400-1.jpg 604w, https:\/\/nenitus.es\/wp-content\/uploads\/2023\/05\/8-604x400-1-300x199.jpg 300w\" sizes=\"auto, (max-width: 604px) 100vw, 604px\" \/>\t\t\t\t\t\t\n\t\t\t\t\t<\/div>\n\t\t\t\t\t\t\t\t\n<style>\n#image_2075365968 {\n  width: 100%;\n}\n<\/style>\n\t<\/div>\n\t\n\t\t<\/div>\n\t\t\t\t\t<\/div>\n\n\t\n\n\t<div id=\"col-314095604\" class=\"col medium-3 small-6 large-3\"  >\n\t\t\t\t<div class=\"col-inner\"  >\n\t\t\t\n\t\t\t\n\t<div class=\"img has-hover x md-x lg-x y md-y lg-y\" id=\"image_1006332517\">\n\t\t\t\t\t\t\t\t<div class=\"img-inner dark\" >\n\t\t\t<img loading=\"lazy\" decoding=\"async\" width=\"604\" height=\"400\" src=\"https:\/\/nenitus.es\/wp-content\/uploads\/2023\/05\/11-604x400-2.jpg\" class=\"attachment-large size-large\" alt=\"\" srcset=\"https:\/\/nenitus.es\/wp-content\/uploads\/2023\/05\/11-604x400-2.jpg 604w, https:\/\/nenitus.es\/wp-content\/uploads\/2023\/05\/11-604x400-2-300x199.jpg 300w\" sizes=\"auto, (max-width: 604px) 100vw, 604px\" \/>\t\t\t\t\t\t\n\t\t\t\t\t<\/div>\n\t\t\t\t\t\t\t\t\n<style>\n#image_1006332517 {\n  width: 100%;\n}\n<\/style>\n\t<\/div>\n\t\n\t\t<\/div>\n\t\t\t\t\t<\/div>\n\n\t\n\n\t<div id=\"col-1568531465\" class=\"col medium-3 small-6 large-3\"  >\n\t\t\t\t<div class=\"col-inner\"  >\n\t\t\t\n\t\t\t\n\t<div class=\"img has-hover x md-x lg-x y md-y lg-y\" id=\"image_616862991\">\n\t\t\t\t\t\t\t\t<div class=\"img-inner dark\" >\n\t\t\t<img loading=\"lazy\" decoding=\"async\" width=\"604\" height=\"400\" src=\"https:\/\/nenitus.es\/wp-content\/uploads\/2023\/05\/8-604x400-1.jpg\" class=\"attachment-large size-large\" alt=\"\" srcset=\"https:\/\/nenitus.es\/wp-content\/uploads\/2023\/05\/8-604x400-1.jpg 604w, https:\/\/nenitus.es\/wp-content\/uploads\/2023\/05\/8-604x400-1-300x199.jpg 300w\" sizes=\"auto, (max-width: 604px) 100vw, 604px\" \/>\t\t\t\t\t\t\n\t\t\t\t\t<\/div>\n\t\t\t\t\t\t\t\t\n<style>\n#image_616862991 {\n  width: 100%;\n}\n<\/style>\n\t<\/div>\n\t\n\t\t<\/div>\n\t\t\t\t\t<\/div>\n\n\t\n\n\t<div id=\"col-1394726612\" class=\"col medium-3 small-6 large-3\"  >\n\t\t\t\t<div class=\"col-inner\"  >\n\t\t\t\n\t\t\t\n\t<div class=\"img has-hover x md-x lg-x y md-y lg-y\" id=\"image_756720949\">\n\t\t\t\t\t\t\t\t<div class=\"img-inner dark\" >\n\t\t\t<img loading=\"lazy\" decoding=\"async\" width=\"604\" height=\"400\" src=\"https:\/\/nenitus.es\/wp-content\/uploads\/2023\/05\/18-604x400-1.jpg\" class=\"attachment-large size-large\" alt=\"\" srcset=\"https:\/\/nenitus.es\/wp-content\/uploads\/2023\/05\/18-604x400-1.jpg 604w, https:\/\/nenitus.es\/wp-content\/uploads\/2023\/05\/18-604x400-1-300x199.jpg 300w\" sizes=\"auto, (max-width: 604px) 100vw, 604px\" \/>\t\t\t\t\t\t\n\t\t\t\t\t<\/div>\n\t\t\t\t\t\t\t\t\n<style>\n#image_756720949 {\n  width: 100%;\n}\n<\/style>\n\t<\/div>\n\t\n\t\t<\/div>\n\t\t\t\t\t<\/div>\n\n\t\n<\/div>\n<div class=\"row\"  id=\"row-378694363\">\n\n\t<div id=\"col-596964064\" class=\"col small-12 large-12\"  >\n\t\t\t\t<div class=\"col-inner\"  >\n\t\t\t\n\t\t\t\n<p><strong>E quali vantaggi offre l&#8217;utilizzo del tavolo luminoso?<\/strong><\/p>\n<p>Oltre a tutto quanto sopra descritto, il tavolo luminoso \u00e8 direttamente associato alla scienza, all&#8217;esplorazione e alla scoperta, ma offre molte altre possibilit\u00e0 come l&#8217;integrazione sensoriale, la concentrazione e l&#8217;attenzione, l&#8217;apprendimento accademico.<\/strong> (lettura-scrittura, matematica, linguaggio, &#8230;). Aiuta anche a concentrarsi, perch\u00e9 la luce mette in risalto i materiali utilizzati, il che la rende un&#8217;attivit\u00e0 molto attraente, addirittura magica per il bambino. Infine, pu\u00f2 essere anche un&#8217;attivit\u00e0 per indurre il relax perch\u00e9 le luci circostanti sono spente, favorendo un ambiente buio.<\/p>\n\t\t<\/div>\n\t\t\t\t\t<\/div>\n\n\t\n<\/div>\n<div class=\"row\"  id=\"row-1193600140\">\n\n\t<div id=\"col-2025480829\" class=\"col medium-3 small-6 large-3\"  >\n\t\t\t\t<div class=\"col-inner\"  >\n\t\t\t\n\t\t\t\n\t<div class=\"img has-hover x md-x lg-x y md-y lg-y\" id=\"image_907450205\">\n\t\t\t\t\t\t\t\t<div class=\"img-inner dark\" >\n\t\t\t<img loading=\"lazy\" decoding=\"async\" width=\"604\" height=\"400\" src=\"https:\/\/nenitus.es\/wp-content\/uploads\/2023\/05\/caras-3-604x400-1.jpg\" class=\"attachment-large size-large\" alt=\"\" srcset=\"https:\/\/nenitus.es\/wp-content\/uploads\/2023\/05\/caras-3-604x400-1.jpg 604w, https:\/\/nenitus.es\/wp-content\/uploads\/2023\/05\/caras-3-604x400-1-300x199.jpg 300w\" sizes=\"auto, (max-width: 604px) 100vw, 604px\" \/>\t\t\t\t\t\t\n\t\t\t\t\t<\/div>\n\t\t\t\t\t\t\t\t\n<style>\n#image_907450205 {\n  width: 100%;\n}\n<\/style>\n\t<\/div>\n\t\n\t\t<\/div>\n\t\t\t\t\t<\/div>\n\n\t\n\n\t<div id=\"col-1308030094\" class=\"col medium-3 small-6 large-3\"  >\n\t\t\t\t<div class=\"col-inner\"  >\n\t\t\t\n\t\t\t\n\t<div class=\"img has-hover x md-x lg-x y md-y lg-y\" id=\"image_277106738\">\n\t\t\t\t\t\t\t\t<div class=\"img-inner dark\" >\n\t\t\t<img loading=\"lazy\" decoding=\"async\" width=\"604\" height=\"400\" src=\"https:\/\/nenitus.es\/wp-content\/uploads\/2023\/05\/16-604x400-1.jpg\" class=\"attachment-large size-large\" alt=\"\" srcset=\"https:\/\/nenitus.es\/wp-content\/uploads\/2023\/05\/16-604x400-1.jpg 604w, https:\/\/nenitus.es\/wp-content\/uploads\/2023\/05\/16-604x400-1-300x199.jpg 300w\" sizes=\"auto, (max-width: 604px) 100vw, 604px\" \/>\t\t\t\t\t\t\n\t\t\t\t\t<\/div>\n\t\t\t\t\t\t\t\t\n<style>\n#image_277106738 {\n  width: 100%;\n}\n<\/style>\n\t<\/div>\n\t\n\t\t<\/div>\n\t\t\t\t\t<\/div>\n\n\t\n\n\t<div id=\"col-897124479\" class=\"col medium-3 small-6 large-3\"  >\n\t\t\t\t<div class=\"col-inner\"  >\n\t\t\t\n\t\t\t\n\t<div class=\"img has-hover x md-x lg-x y md-y lg-y\" id=\"image_297158479\">\n\t\t\t\t\t\t\t\t<div class=\"img-inner dark\" >\n\t\t\t<img loading=\"lazy\" decoding=\"async\" width=\"604\" height=\"400\" src=\"https:\/\/nenitus.es\/wp-content\/uploads\/2023\/05\/caras-2-604x400-1.jpg\" class=\"attachment-large size-large\" alt=\"\" srcset=\"https:\/\/nenitus.es\/wp-content\/uploads\/2023\/05\/caras-2-604x400-1.jpg 604w, https:\/\/nenitus.es\/wp-content\/uploads\/2023\/05\/caras-2-604x400-1-300x199.jpg 300w\" sizes=\"auto, (max-width: 604px) 100vw, 604px\" \/>\t\t\t\t\t\t\n\t\t\t\t\t<\/div>\n\t\t\t\t\t\t\t\t\n<style>\n#image_297158479 {\n  width: 100%;\n}\n<\/style>\n\t<\/div>\n\t\n\t\t<\/div>\n\t\t\t\t\t<\/div>\n\n\t\n\n\t<div id=\"col-2084398314\" class=\"col medium-3 small-6 large-3\"  >\n\t\t\t\t<div class=\"col-inner\"  >\n\t\t\t\n\t\t\t\n\t<div class=\"img has-hover x md-x lg-x y md-y lg-y\" id=\"image_405975916\">\n\t\t\t\t\t\t\t\t<div class=\"img-inner dark\" >\n\t\t\t<img loading=\"lazy\" decoding=\"async\" width=\"604\" height=\"400\" src=\"https:\/\/nenitus.es\/wp-content\/uploads\/2023\/05\/3-604x400-1.jpg\" class=\"attachment-large size-large\" alt=\"\" srcset=\"https:\/\/nenitus.es\/wp-content\/uploads\/2023\/05\/3-604x400-1.jpg 604w, https:\/\/nenitus.es\/wp-content\/uploads\/2023\/05\/3-604x400-1-300x199.jpg 300w\" sizes=\"auto, (max-width: 604px) 100vw, 604px\" \/>\t\t\t\t\t\t\n\t\t\t\t\t<\/div>\n\t\t\t\t\t\t\t\t\n<style>\n#image_405975916 {\n  width: 100%;\n}\n<\/style>\n\t<\/div>\n\t\n\t\t<\/div>\n\t\t\t\t\t<\/div>\n\n\t\n<\/div>\n<div class=\"row\"  id=\"row-989861695\">\n\n\t<div id=\"col-674039152\" class=\"col small-12 large-12\"  >\n\t\t\t\t<div class=\"col-inner\"  >\n\t\t\t\n\t\t\t\n<p><strong>Posso utilizzare il tavolo luminoso a casa?<\/strong><\/p>\n<p>Nel caso te lo stessi chiedendo, i tavoli luminosi non sono una risorsa unica per le scuole, ma sono un complemento perfetto da avere in casa, in un ambiente adatto ai bambini o in un angolo della sala da pranzo. La partecipazione delle famiglie \u00e8 vitale nello sviluppo del bambino, per questo \u00e8 importante accompagnarle, offrire loro l&#8217;opportunit\u00e0 di utilizzare il materiale e lasciarglielo fare.<br \/>\n\u00c8 anche uno strumento meraviglioso per lavorare con bambini con ADHD e diversit\u00e0 funzionale e dovrebbe essere essenziale da utilizzare nelle aule delle scuole materne ed elementari di tutto il mondo.<\/p>\n<p><strong>Dove posso trovare il mio tavolo luminoso?<\/strong><\/p>\n<p>In Nenitus sono specialisti nella creazione di tavoli luminosi di altissima qualit\u00e0, con sigillo di garanzia e CE (certificato europeo).<\/p>\n<p>Le luci RGBW hanno la temperatura adeguata di 3.500K (la massima consentita \u00e8 4.000K), un bianco naturale con pi\u00f9 di 50.000 ore di utilizzo, 8 colori diversi in quelli ritmici e 20 diversi in quelli normali e i loro metacrilati sono specifici in colore opalino e spessore 5 mm, totalmente sicuro per i pi\u00f9 piccoli. Il legno con cui lavoriamo \u00e8 il pino massiccio naturale.<\/p>\n<p><strong>E ora che hai deciso di acquistare il tuo tavolo luminoso, da dove inizierai?<\/strong><\/p>\n<p>Potrai raccontare storie, ricreare e inventare storie con sagome, sperimentare vassoi trasparenti con riso, lenticchie o altri cibi, esercitarti a leggere e scrivere disegnando sulla sabbia, giocare con gelatine colorate o ghiaccio, disegnare con pennarelli per vetro e infinite attivit\u00e0 che ti daranno ti far\u00e0 divertire tantissimo e ti far\u00e0 passare molte ore con il tuo<br \/>\nbambini. Giocando, imparando e condividendo il tuo tempo.<\/p>\n\t\t<\/div>\n\t\t\t\t\t<\/div>\n\n\t\n<\/div>\n","protected":false},"excerpt":{"rendered":"","protected":false},"author":1,"featured_media":0,"parent":0,"menu_order":0,"comment_status":"closed","ping_status":"closed","template":"","meta":{"footnotes":""},"class_list":["post-2662","page","type-page","status-publish","hentry"],"yoast_head":"<!-- This site is optimized with the Yoast SEO plugin v23.9 - https:\/\/yoast.com\/wordpress\/plugins\/seo\/ -->\n<title>Domande frequenti - Nenitus<\/title>\n<meta name=\"robots\" content=\"index, follow, max-snippet:-1, max-image-preview:large, max-video-preview:-1\" \/>\n<link rel=\"canonical\" href=\"https:\/\/nenitus.es\/it\/domande-frequenti\/\" \/>\n<meta property=\"og:locale\" content=\"it_IT\" \/>\n<meta property=\"og:type\" content=\"article\" \/>\n<meta property=\"og:title\" content=\"Domande frequenti - Nenitus\" \/>\n<meta property=\"og:url\" content=\"https:\/\/nenitus.es\/it\/domande-frequenti\/\" \/>\n<meta property=\"og:site_name\" content=\"Nenitus\" \/>\n<meta property=\"article:modified_time\" content=\"2023-09-16T11:26:18+00:00\" \/>\n<meta name=\"twitter:card\" content=\"summary_large_image\" \/>\n<meta name=\"twitter:label1\" content=\"Tempo di lettura stimato\" \/>\n\t<meta name=\"twitter:data1\" content=\"4 minuti\" \/>\n<script type=\"application\/ld+json\" class=\"yoast-schema-graph\">{\"@context\":\"https:\/\/schema.org\",\"@graph\":[{\"@type\":\"WebPage\",\"@id\":\"https:\/\/nenitus.es\/it\/domande-frequenti\/\",\"url\":\"https:\/\/nenitus.es\/it\/domande-frequenti\/\",\"name\":\"Domande frequenti - Nenitus\",\"isPartOf\":{\"@id\":\"https:\/\/nenitus.es\/it\/#website\"},\"datePublished\":\"2023-05-14T16:23:04+00:00\",\"dateModified\":\"2023-09-16T11:26:18+00:00\",\"breadcrumb\":{\"@id\":\"https:\/\/nenitus.es\/it\/domande-frequenti\/#breadcrumb\"},\"inLanguage\":\"it-IT\",\"potentialAction\":[{\"@type\":\"ReadAction\",\"target\":[\"https:\/\/nenitus.es\/it\/domande-frequenti\/\"]}]},{\"@type\":\"BreadcrumbList\",\"@id\":\"https:\/\/nenitus.es\/it\/domande-frequenti\/#breadcrumb\",\"itemListElement\":[{\"@type\":\"ListItem\",\"position\":1,\"name\":\"Portada\",\"item\":\"https:\/\/nenitus.es\/it\/\"},{\"@type\":\"ListItem\",\"position\":2,\"name\":\"Domande frequenti\"}]},{\"@type\":\"WebSite\",\"@id\":\"https:\/\/nenitus.es\/it\/#website\",\"url\":\"https:\/\/nenitus.es\/it\/\",\"name\":\"Nenitus\",\"description\":\"\",\"potentialAction\":[{\"@type\":\"SearchAction\",\"target\":{\"@type\":\"EntryPoint\",\"urlTemplate\":\"https:\/\/nenitus.es\/it\/?s={search_term_string}\"},\"query-input\":{\"@type\":\"PropertyValueSpecification\",\"valueRequired\":true,\"valueName\":\"search_term_string\"}}],\"inLanguage\":\"it-IT\"}]}<\/script>\n<!-- \/ Yoast SEO plugin. -->","yoast_head_json":{"title":"Domande frequenti - Nenitus","robots":{"index":"index","follow":"follow","max-snippet":"max-snippet:-1","max-image-preview":"max-image-preview:large","max-video-preview":"max-video-preview:-1"},"canonical":"https:\/\/nenitus.es\/it\/domande-frequenti\/","og_locale":"it_IT","og_type":"article","og_title":"Domande frequenti - Nenitus","og_url":"https:\/\/nenitus.es\/it\/domande-frequenti\/","og_site_name":"Nenitus","article_modified_time":"2023-09-16T11:26:18+00:00","twitter_card":"summary_large_image","twitter_misc":{"Tempo di lettura stimato":"4 minuti"},"schema":{"@context":"https:\/\/schema.org","@graph":[{"@type":"WebPage","@id":"https:\/\/nenitus.es\/it\/domande-frequenti\/","url":"https:\/\/nenitus.es\/it\/domande-frequenti\/","name":"Domande frequenti - Nenitus","isPartOf":{"@id":"https:\/\/nenitus.es\/it\/#website"},"datePublished":"2023-05-14T16:23:04+00:00","dateModified":"2023-09-16T11:26:18+00:00","breadcrumb":{"@id":"https:\/\/nenitus.es\/it\/domande-frequenti\/#breadcrumb"},"inLanguage":"it-IT","potentialAction":[{"@type":"ReadAction","target":["https:\/\/nenitus.es\/it\/domande-frequenti\/"]}]},{"@type":"BreadcrumbList","@id":"https:\/\/nenitus.es\/it\/domande-frequenti\/#breadcrumb","itemListElement":[{"@type":"ListItem","position":1,"name":"Portada","item":"https:\/\/nenitus.es\/it\/"},{"@type":"ListItem","position":2,"name":"Domande frequenti"}]},{"@type":"WebSite","@id":"https:\/\/nenitus.es\/it\/#website","url":"https:\/\/nenitus.es\/it\/","name":"Nenitus","description":"","potentialAction":[{"@type":"SearchAction","target":{"@type":"EntryPoint","urlTemplate":"https:\/\/nenitus.es\/it\/?s={search_term_string}"},"query-input":{"@type":"PropertyValueSpecification","valueRequired":true,"valueName":"search_term_string"}}],"inLanguage":"it-IT"}]}},"jetpack_sharing_enabled":true,"_links":{"self":[{"href":"https:\/\/nenitus.es\/it\/wp-json\/wp\/v2\/pages\/2662","targetHints":{"allow":["GET"]}}],"collection":[{"href":"https:\/\/nenitus.es\/it\/wp-json\/wp\/v2\/pages"}],"about":[{"href":"https:\/\/nenitus.es\/it\/wp-json\/wp\/v2\/types\/page"}],"author":[{"embeddable":true,"href":"https:\/\/nenitus.es\/it\/wp-json\/wp\/v2\/users\/1"}],"replies":[{"embeddable":true,"href":"https:\/\/nenitus.es\/it\/wp-json\/wp\/v2\/comments?post=2662"}],"version-history":[{"count":2,"href":"https:\/\/nenitus.es\/it\/wp-json\/wp\/v2\/pages\/2662\/revisions"}],"predecessor-version":[{"id":2664,"href":"https:\/\/nenitus.es\/it\/wp-json\/wp\/v2\/pages\/2662\/revisions\/2664"}],"wp:attachment":[{"href":"https:\/\/nenitus.es\/it\/wp-json\/wp\/v2\/media?parent=2662"}],"curies":[{"name":"wp","href":"https:\/\/api.w.org\/{rel}","templated":true}]}}