{"id":2669,"date":"2023-04-30T12:01:25","date_gmt":"2023-04-30T10:01:25","guid":{"rendered":"https:\/\/nenitus.es\/garantia-de-compra\/"},"modified":"2023-09-16T13:30:39","modified_gmt":"2023-09-16T11:30:39","slug":"termini-e-condizioni","status":"publish","type":"page","link":"https:\/\/nenitus.es\/it\/termini-e-condizioni\/","title":{"rendered":"Termini e condizioni"},"content":{"rendered":"<h1 style=\"text-align: justify;\">Termini e condizioni<\/h1>\n<h2 style=\"text-align: aware;\">Pagamento sicuro<\/h2>\n<ul style=\"text-align: giustifica;\">\n<li>Carta di credito<\/li>\n<li>Bonifico bancario<\/li>\n<\/ul>\n<h2 style=\"text-align: giustifica;\">Spedizione<\/h2>\n<p style=\"text-align: aware;\">La spedizione verr\u00e0 effettuata entro circa 24\/48 ore e tra 7 e 15 giorni lavorativi (fine settimana e festivi non contano) per gli articoli artigianali, tra cui scatole o tavoli luminosi, tavoli multisensoriali , sedie pikler e specchi tra gli altri (questi tempi possono variare a seconda dei prodotti ordinati, del periodo delle vacanze, delle spedizioni effettuate fuori dalla penisola o per mancanza di disponibilit\u00e0 dei materiali). Qualora venga effettuato un ordine con articoli artigianali diversi e con tempi di consegna diversi, prevarr\u00e0 la data di consegna pi\u00f9 lunga. Poich\u00e9 le date di consegna rappresentano una stima del tempo necessario per realizzare un articolo specifico. Se i termini non vengono rispettati, Nenitus \u00e8 esente da qualsiasi responsabilit\u00e0 poich\u00e9 dipende dalla compagnia di trasporti. L&#8217;importo della spedizione pu\u00f2 variare a seconda del peso\/volume del prodotto\/i o se si tratta di spedizione peninsulare o meno. Quando si effettua l&#8217;ordine nel carrello verranno visualizzate informazioni dettagliate relative al costo del prodotto e al valore dell&#8217;IVA. e l&#8217;importo di dette spese di spedizione.<\/p>\n<h2 style=\"text-align: giustifica;\">Restituisce<\/h2>\n<p style=\"text-align: aware;\">Se non sei soddisfatto, hai un periodo di 7 giorni di calendario dal ricevimento dell&#8217;ordine per effettuare un reso. Per fare ci\u00f2, devi inviarci un&#8217;e-mail a <a href=\"mailto:hola@nenitus.es\">hola@nenitus.es<\/a> per informarci del reso. Le spese di spedizione saranno a carico del cliente (25\u20ac nel caso di scatole e tavoli luminosi, tavoli multisensoriali, seggioloni e specchi Montessori con o senza barra e nelle sedie Pikler. Per i prodotti pi\u00f9 piccoli e Arcobaleni l&#8217;importo per il ritiro sar\u00e0 di 10\u20ac (questi importi aumenteranno di 10\u20ac in pi\u00f9 se si trova nelle Isole Baleari, se si trova fuori dalla Spagna dovr\u00e0 essere calcolato al momento del ritorno). I prodotti devono essere in perfette condizioni, non utilizzati e nella loro confezione originale per poter rimborsare l&#8217;importo. Il decoro esterno degli specchi trittici artigianali pu\u00f2 variare poich\u00e9 \u00e8 un prodotto di nostra realizzazione e nessuno \u00e8 uguale all&#8217;altro. Non costituir\u00e0 motivo di reso senza spese di spedizione per il ritiro.<br \/>\nI difetti naturali del legno non saranno considerati motivo di restituzione o cambio, a meno che non incidano sul funzionamento. Bisogna tenere conto che sono oggetti fatti a mano e che nessuno \u00e8 uguale all&#8217;altro. Il legno pu\u00f2 presentare scheggiature, nodi e altre imperfezioni dovute alla lavorazione manuale o semplicemente al fatto di essere legno naturale. Gli specchi possono presentare segni di fabbricazione sul riflesso, che si formano durante il processo di smaltatura e non costituiscono motivo di restituzione. Le misure sono sempre approssimative, possono variare fino a 1 cm e un lato pu\u00f2 essere anche pi\u00f9 lungo dell&#8217;altro con una variazione fino a 5 mm. Pu\u00f2 anche succedere che una vite si allenti durante il trasporto. Solitamente non succede, ma se succede non si tratta di danni o rotture, si pu\u00f2 risolvere stringendo la vite con un comune cacciavite a stella.<br \/>\nNon si accetteranno resi per un articolo artigianale personalizzato, n\u00e9 per le gambe n\u00e9 per le coperture (essendo queste realizzate su misura per ogni light box). Viene presa in considerazione la personalizzazione, inclusa una luce nera extra, una scatola con gambe per convertire la scatola luminosa in un tavolo, una scatola o un tavolo con un coperchio a scelta del cliente, o la stampa o l&#8217;incisione di testi o nomi. Non saranno accettati resi per gli specchi Montessori, \u00e8 un articolo molto delicato per il trasporto e potrebbe subire danni dopo che il cliente lo ha disimballato e non \u00e8 esattamente lo stesso che ha lasciato le nostre strutture per la spedizione, a meno che non arrivi rotto durante il trasporto, se quindi, solo il prodotto verrebbe sostituito con uno esattamente uguale. Se lo specchio presenta un difetto, il cliente pu\u00f2 richiedere uno scambio solo se lo specchio non \u00e8 stato installato.<br \/>\nSe dopo aver ricevuto il tuo ordine verifichi che qualche prodotto \u00e8 stato danneggiato durante il trasporto o che mancano degli articoli dal tuo ordine, non buttare via la bolla di consegna. Hai un massimo di 3 giorni di calendario dal ricevimento dell&#8217;ordine per lamentarti di prodotti interessati o smarriti. In questo caso le spese di spedizione sono a carico di <strong>Nenitus<\/strong>. I prodotti smarriti o danneggiati verranno sostituiti con altri, senza alcun costo per il cliente.<\/p>\n<p class=\"p1\" style=\"text-align: aware;\"><span class=\"s1\">Se un articolo \u00e8 arrivato danneggiato dal trasporto, le parti possono essere sostituite con parti nuove, se l&#8217;articolo \u00e8 composto da pi\u00f9 parti, o intero se si tratta di un pezzo unico. Se il cliente desidera procedere con il reso essendogli stato offerto un cambio parziale o totale dell&#8217;articolo, in tal caso dovr\u00e0 sostenere anche le spese di spedizione che, a seconda del tipo di articolo, saranno di un importo o di un altro, e se \u00e8 nelle Isole Baleari Le spese di restituzione per il ritiro saranno di 10 \u20ac in pi\u00f9 rispetto alla penisola. Se proviene da fuori della Spagna, dovr\u00e0 essere calcolato al momento del ritiro.<\/span><\/p>\n<p style=\"text-align: aware;\">Se uno qualsiasi dei nostri articoli deve essere riparato a causa di un malfunzionamento e il ritiro deve essere effettuato tramite corriere, deve essere imballato correttamente per il trasporto, tenendo conto del fatto che il cliente deve fare attenzione ad ottenere un imballaggio adeguato, si consiglia di conservare la scatola di imballaggio nel caso in cui sia necessario ad un certo punto effettuare una riparazione alla scatola o al tavolo luminoso. In caso contrario, qualsiasi articolo che arrivi presso le nostre strutture per la riparazione, con un imballaggio inadeguato e che abbia subito danni o rotture durante il trasporto, Nenitus non avr\u00e0 l&#8217;obbligo di essere responsabile della riparazione di tali danni o della sostituzione gratuita.&lt; \/p&gt;<\/p>\n<h2 style=\"text-align: aware;\">Garanzia<\/h2>\n<p style=\"text-align: aware;\">Garantiamo la qualit\u00e0 del materiale e il suo funzionamento. In caso di prodotto difettoso (senza tener conto delle imperfezioni del legno naturale) <strong>Nenitus<\/strong> risponde ai sensi dell&#8217;articolo 118 del Testo Unico della Legge Generale per la Difesa dei Consumatori e degli Utenti (TRLGDCU): \u201cResponsabilit\u00e0 del venditore e diritti del consumatore e dell\u2019utente. Il consumatore e utente ha il diritto di riparare il prodotto, sostituirlo (entro i primi 15 giorni), ridurre il prezzo o risolvere il contratto (purch\u00e9 non personalizzato), conformemente a quanto previsto dal presente titolo. \u201d. Dal canto suo, il comma 5 dell&#8217;articolo 123 dello stesso testo riconosce che: \u201cIl consumatore e utente deve denunciare al venditore il difetto di conformit\u00e0 entro 15 giorni dalla sua conoscenza\u201d. L&#8217;articolo 120 stabilisce che \u201cLa riparazione e la sostituzione rispetteranno le seguenti regole: saranno gratuite per il consumatore e l&#8217;utente. Tale gratuit\u00e0 comprender\u00e0 le spese necessarie sostenute per correggere il difetto di conformit\u00e0 dei prodotti rispetto al contratto, in particolare le spese di spedizione, nonch\u00e9 i costi relativi alla manodopera e ai materiali.<br \/>\nLa garanzia \u00e8 totale durante il primo anno, trascorso questo periodo le riparazioni continueranno ad essere gratuite, ma le spese di trasporto saranno a carico del cliente. Dopo il primo anno puoi scegliere se spedirci l&#8217;oggetto tramite la compagnia di trasporto incaricata dal cliente (in questo caso non siamo responsabili per eventuali danni che potrebbe subire a causa del trasporto) o farci gestire il ritiro presso la nostra agenzia (in questo caso, se siamo responsabili per eventuali danni che potrebbero verificarsi a causa del trasporto)<\/p>\n<h2 style=\"text-align: aware;\">Consigli e cura di alcuni dei nostri prodotti<\/h2>\n<p style=\"text-align: aware;\">Le scatole luminose sono realizzate in modo che il cliente possa aprirle lateralmente nel caso abbia bisogno di asciugare l&#8217;interno a causa della fuoriuscita di liquido. Se ci\u00f2 avviene \u00e8 necessario aprire il lato dove non ci sono i fori della scatola luminosa, svitando le quattro viti poste agli angoli, una volta allentate.<\/p>\n","protected":false},"excerpt":{"rendered":"<p>Termini e condizioni Pagamento sicuro Carta di credito Bonifico bancario Spedizione La spedizione verr\u00e0 effettuata entro circa 24\/48 ore e tra 7 e 15 giorni lavorativi (fine settimana e festivi non contano) per gli articoli artigianali, tra cui scatole o tavoli luminosi, tavoli multisensoriali , sedie pikler e specchi tra gli altri (questi tempi possono [&#8230;]\n","protected":false},"author":1,"featured_media":0,"parent":0,"menu_order":0,"comment_status":"closed","ping_status":"closed","template":"","meta":{"footnotes":""},"class_list":["post-2669","page","type-page","status-publish","hentry"],"yoast_head":"<!-- This site is optimized with the Yoast SEO plugin v23.9 - https:\/\/yoast.com\/wordpress\/plugins\/seo\/ -->\n<title>Termini e condizioni - Nenitus<\/title>\n<meta name=\"robots\" content=\"index, follow, max-snippet:-1, max-image-preview:large, max-video-preview:-1\" \/>\n<link rel=\"canonical\" href=\"https:\/\/nenitus.es\/it\/termini-e-condizioni\/\" \/>\n<meta property=\"og:locale\" content=\"it_IT\" \/>\n<meta property=\"og:type\" content=\"article\" \/>\n<meta property=\"og:title\" content=\"Termini e condizioni - Nenitus\" \/>\n<meta property=\"og:description\" content=\"Termini e condizioni Pagamento sicuro Carta di credito Bonifico bancario Spedizione La spedizione verr\u00e0 effettuata entro circa 24\/48 ore e tra 7 e 15 giorni lavorativi (fine settimana e festivi non contano) per gli articoli artigianali, tra cui scatole o tavoli luminosi, tavoli multisensoriali , sedie pikler e specchi tra gli altri (questi tempi possono [...]\" \/>\n<meta property=\"og:url\" content=\"https:\/\/nenitus.es\/it\/termini-e-condizioni\/\" \/>\n<meta property=\"og:site_name\" content=\"Nenitus\" \/>\n<meta property=\"article:modified_time\" content=\"2023-09-16T11:30:39+00:00\" \/>\n<meta name=\"twitter:card\" content=\"summary_large_image\" \/>\n<meta name=\"twitter:label1\" content=\"Tempo di lettura stimato\" \/>\n\t<meta name=\"twitter:data1\" content=\"6 minuti\" \/>\n<script type=\"application\/ld+json\" class=\"yoast-schema-graph\">{\"@context\":\"https:\/\/schema.org\",\"@graph\":[{\"@type\":\"WebPage\",\"@id\":\"https:\/\/nenitus.es\/it\/termini-e-condizioni\/\",\"url\":\"https:\/\/nenitus.es\/it\/termini-e-condizioni\/\",\"name\":\"Termini e condizioni - Nenitus\",\"isPartOf\":{\"@id\":\"https:\/\/nenitus.es\/it\/#website\"},\"datePublished\":\"2023-04-30T10:01:25+00:00\",\"dateModified\":\"2023-09-16T11:30:39+00:00\",\"breadcrumb\":{\"@id\":\"https:\/\/nenitus.es\/it\/termini-e-condizioni\/#breadcrumb\"},\"inLanguage\":\"it-IT\",\"potentialAction\":[{\"@type\":\"ReadAction\",\"target\":[\"https:\/\/nenitus.es\/it\/termini-e-condizioni\/\"]}]},{\"@type\":\"BreadcrumbList\",\"@id\":\"https:\/\/nenitus.es\/it\/termini-e-condizioni\/#breadcrumb\",\"itemListElement\":[{\"@type\":\"ListItem\",\"position\":1,\"name\":\"Portada\",\"item\":\"https:\/\/nenitus.es\/it\/\"},{\"@type\":\"ListItem\",\"position\":2,\"name\":\"Termini e condizioni\"}]},{\"@type\":\"WebSite\",\"@id\":\"https:\/\/nenitus.es\/it\/#website\",\"url\":\"https:\/\/nenitus.es\/it\/\",\"name\":\"Nenitus\",\"description\":\"\",\"potentialAction\":[{\"@type\":\"SearchAction\",\"target\":{\"@type\":\"EntryPoint\",\"urlTemplate\":\"https:\/\/nenitus.es\/it\/?s={search_term_string}\"},\"query-input\":{\"@type\":\"PropertyValueSpecification\",\"valueRequired\":true,\"valueName\":\"search_term_string\"}}],\"inLanguage\":\"it-IT\"}]}<\/script>\n<!-- \/ Yoast SEO plugin. -->","yoast_head_json":{"title":"Termini e condizioni - Nenitus","robots":{"index":"index","follow":"follow","max-snippet":"max-snippet:-1","max-image-preview":"max-image-preview:large","max-video-preview":"max-video-preview:-1"},"canonical":"https:\/\/nenitus.es\/it\/termini-e-condizioni\/","og_locale":"it_IT","og_type":"article","og_title":"Termini e condizioni - Nenitus","og_description":"Termini e condizioni Pagamento sicuro Carta di credito Bonifico bancario Spedizione La spedizione verr\u00e0 effettuata entro circa 24\/48 ore e tra 7 e 15 giorni lavorativi (fine settimana e festivi non contano) per gli articoli artigianali, tra cui scatole o tavoli luminosi, tavoli multisensoriali , sedie pikler e specchi tra gli altri (questi tempi possono [...]","og_url":"https:\/\/nenitus.es\/it\/termini-e-condizioni\/","og_site_name":"Nenitus","article_modified_time":"2023-09-16T11:30:39+00:00","twitter_card":"summary_large_image","twitter_misc":{"Tempo di lettura stimato":"6 minuti"},"schema":{"@context":"https:\/\/schema.org","@graph":[{"@type":"WebPage","@id":"https:\/\/nenitus.es\/it\/termini-e-condizioni\/","url":"https:\/\/nenitus.es\/it\/termini-e-condizioni\/","name":"Termini e condizioni - Nenitus","isPartOf":{"@id":"https:\/\/nenitus.es\/it\/#website"},"datePublished":"2023-04-30T10:01:25+00:00","dateModified":"2023-09-16T11:30:39+00:00","breadcrumb":{"@id":"https:\/\/nenitus.es\/it\/termini-e-condizioni\/#breadcrumb"},"inLanguage":"it-IT","potentialAction":[{"@type":"ReadAction","target":["https:\/\/nenitus.es\/it\/termini-e-condizioni\/"]}]},{"@type":"BreadcrumbList","@id":"https:\/\/nenitus.es\/it\/termini-e-condizioni\/#breadcrumb","itemListElement":[{"@type":"ListItem","position":1,"name":"Portada","item":"https:\/\/nenitus.es\/it\/"},{"@type":"ListItem","position":2,"name":"Termini e condizioni"}]},{"@type":"WebSite","@id":"https:\/\/nenitus.es\/it\/#website","url":"https:\/\/nenitus.es\/it\/","name":"Nenitus","description":"","potentialAction":[{"@type":"SearchAction","target":{"@type":"EntryPoint","urlTemplate":"https:\/\/nenitus.es\/it\/?s={search_term_string}"},"query-input":{"@type":"PropertyValueSpecification","valueRequired":true,"valueName":"search_term_string"}}],"inLanguage":"it-IT"}]}},"jetpack_sharing_enabled":true,"_links":{"self":[{"href":"https:\/\/nenitus.es\/it\/wp-json\/wp\/v2\/pages\/2669","targetHints":{"allow":["GET"]}}],"collection":[{"href":"https:\/\/nenitus.es\/it\/wp-json\/wp\/v2\/pages"}],"about":[{"href":"https:\/\/nenitus.es\/it\/wp-json\/wp\/v2\/types\/page"}],"author":[{"embeddable":true,"href":"https:\/\/nenitus.es\/it\/wp-json\/wp\/v2\/users\/1"}],"replies":[{"embeddable":true,"href":"https:\/\/nenitus.es\/it\/wp-json\/wp\/v2\/comments?post=2669"}],"version-history":[{"count":2,"href":"https:\/\/nenitus.es\/it\/wp-json\/wp\/v2\/pages\/2669\/revisions"}],"predecessor-version":[{"id":2671,"href":"https:\/\/nenitus.es\/it\/wp-json\/wp\/v2\/pages\/2669\/revisions\/2671"}],"wp:attachment":[{"href":"https:\/\/nenitus.es\/it\/wp-json\/wp\/v2\/media?parent=2669"}],"curies":[{"name":"wp","href":"https:\/\/api.w.org\/{rel}","templated":true}]}}