{"id":2676,"date":"2023-05-14T20:52:25","date_gmt":"2023-05-14T18:52:25","guid":{"rendered":"https:\/\/nenitus.es\/aviso-legal\/"},"modified":"2023-09-16T13:34:28","modified_gmt":"2023-09-16T11:34:28","slug":"avviso-legale","status":"publish","type":"page","link":"https:\/\/nenitus.es\/it\/avviso-legale\/","title":{"rendered":"Avviso legale"},"content":{"rendered":"<h1>Avviso legale<\/h1>\n<p>Dati del Titolare<\/p>\n<p>Identit\u00e0 del titolare del trattamento: Nenitus s.l.<\/p>\n<p>Denominazione commerciale: Nenitus s.l.<br \/>\nCIF: B-06811558<br \/>\nIndirizzo: Calle Torrassa n94 navata 12, 08930 Sant Adri\u00e0 de Bes\u00f3s, Barcellona<br \/>\nE-mail: ciao@nenitus<\/p>\n<p>In questo spazio, l&#8217;utente potr\u00e0 trovare tutte le informazioni relative ai termini e alle condizioni legali che definiscono i rapporti tra gli utenti e noi come responsabili di questo sito web. Come utente, \u00e8 importante che tu conosca questi termini prima di continuare la navigazione.<\/p>\n<p>Nenitus s.l. In qualit\u00e0 di responsabile di questo sito web, si assume l&#8217;impegno di trattare le informazioni dei nostri utenti e clienti con tutte le garanzie e di rispettare i requisiti nazionali ed europei che regolano la raccolta e l&#8217;utilizzo dei dati personali dei nostri utenti.<\/p>\n<p>Questo sito web, pertanto, rispetta rigorosamente il Regolamento (UE) 2016\/679 del Parlamento Europeo e del Consiglio del 27 aprile 2016 relativo alla protezione delle persone fisiche (RGPD), nonch\u00e9 la Legge 34\/2002 dell&#8217;11 luglio. , servizi della societ\u00e0 dell&#8217;informazione e commercio elettronico (LSSICE o LSSI).<\/p>\n<p>Condizioni generali d&#8217;uso<\/p>\n<p>Le presenti Condizioni Generali regolano l&#8217;utilizzo (incluso il mero accesso) delle pagine web componenti il \u200b\u200bsito Nenitus, compresi i contenuti e i servizi ivi messi a disposizione. Qualsiasi persona che accede al sito web https:\/\/nenitus.es (\u201cutente\u201d) accetta di essere vincolata alle Condizioni Generali in vigore in ogni momento del portale https:\/\/nenitus.es.<\/p>\n<p>Dati personali che raccogliamo e come lo facciamo<\/p>\n<p>Leggi l&#8217;informativa sulla privacy.<\/p>\n<p>Impegni e obblighi degli utenti<\/p>\n<p>L&#8217;utente \u00e8 informato, ed accetta, che l&#8217;accesso al presente sito web non implica, in alcun modo, l&#8217;inizio di un rapporto commerciale con Nenitus. In questo modo, l&#8217;utente si impegna a utilizzare il sito web, i suoi servizi e i suoi contenuti senza contravvenire alla legislazione vigente, alla buona fede e all&#8217;ordine pubblico.<\/p>\n<p>\u00c8 vietato l&#8217;uso del sito per scopi illegali o dannosi o che, in qualsiasi modo, possano causare danni o impedire il normale funzionamento del sito. Per quanto riguarda i contenuti di questo sito web, \u00e8 vietato:<\/p>\n<p>La sua riproduzione, distribuzione o modifica, totale o parziale, se non autorizzata dai legittimi proprietari;<br \/>\nQualsiasi violazione dei diritti del fornitore o dei legittimi proprietari;<br \/>\nIl suo utilizzo per scopi commerciali o pubblicitari.<br \/>\nUtilizzando il sito web https:\/\/nenitus.es, l&#8217;utente si impegna a non tenere alcun comportamento che possa ledere l&#8217;immagine, gli interessi e i diritti di Nenitus o di terzi o che possa danneggiare, disabilitare o sovraccaricare il sito web.portale https: \/\/nenitus.es o che impediscano, in qualsiasi modo, il normale utilizzo del sito web.<\/p>\n<p>Tuttavia, l&#8217;utente deve essere consapevole che le misure di sicurezza dei sistemi informatici su Internet non sono del tutto affidabili e che, pertanto, https:\/\/nenitus.es non pu\u00f2 garantire l&#8217;assenza di malware o altri elementi che possano causare alterazioni nella navigazione dell&#8217;utente. sistemi informatici (software e hardware) o nei documenti elettronici e nei file in essi contenuti, sebbene utilizziamo tutti i mezzi necessari e le misure di sicurezza adeguate per evitare la presenza di questi elementi dannosi.<\/p>\n<p>Misure di sicurezza<\/p>\n<p>I dati personali comunicati dall&#8217;utente a Nenitus potranno essere archiviati o meno in database automatizzati, la cui propriet\u00e0 corrisponde esclusivamente a Nenitus SL, assumendo tutte le misure tecniche, organizzative e di sicurezza che garantiscono la riservatezza, l&#8217;integrit\u00e0 e la qualit\u00e0 delle informazioni in essi contenute in conformit\u00e0 con le disposizioni della normativa vigente in materia di protezione dei dati. La comunicazione tra gli utenti e https:\/\/nenitus.es\/ utilizza un canale sicuro e i dati trasmessi sono crittografati grazie a protocolli. a https, pertanto, garantiamo le migliori condizioni di sicurezza affinch\u00e9 il \u00e8 garantita la riservatezza degli utenti.<\/p>\n<p>Piattaforma per la risoluzione dei conflitti<\/p>\n<p>Mettiamo inoltre a disposizione degli utenti la piattaforma di risoluzione delle controversie fornita dalla Commissione Europea e che \u00e8 disponibile al seguente link: https:\/\/ec.europa.eu\/consumers\/odr\/<\/p>\n<p>Diritti di propriet\u00e0 intellettuale e industriale<\/p>\n<p>Ai sensi della legge sulla propriet\u00e0 intellettuale, sono espressamente vietate la riproduzione, la distribuzione e la comunicazione pubblica, compresa la modalit\u00e0 di messa a disposizione, di tutto o parte del contenuto di questo sito Web, per scopi commerciali, su qualsiasi supporto e con qualsiasi mezzo tecnico. , senza l&#8217;autorizzazione di Nenitus. L&#8217;utente si impegna a rispettare i diritti di propriet\u00e0 intellettuale e industriale di cui \u00e8 titolare Nenitus.<\/p>\n<p>L&#8217;utente conosce e accetta che l&#8217;intero sito web, contenente senza limitazione testo, software, contenuti (inclusa struttura, selezione, disposizione e presentazione degli stessi), podcast, fotografie, materiale audiovisivo e grafica, \u00e8 protetto da marchi, diritti d&#8217;autore e altri diritti legittimi diritti, in conformit\u00e0 con i trattati internazionali di cui la Spagna \u00e8 parte e altri diritti di propriet\u00e0 e leggi della Spagna.<\/p>\n<p>Nel caso in cui un utente o un terzo ritenga che si sia verificata una violazione dei suoi legittimi diritti di propriet\u00e0 intellettuale a causa dell&#8217;introduzione di determinati contenuti sul sito web, dovr\u00e0 avvisare Nenitus di tale circostanza indicando:<\/p>\n<p>Dati personali dell&#8217;interessato titolare dei diritti presumibilmente lesi, ovvero indicazione della rappresentanza con la quale agisce nel caso in cui il reclamo sia presentato da un terzo diverso dall&#8217;interessato.<br \/>\nIndicare i contenuti protetti dai diritti di propriet\u00e0 intellettuale e la loro ubicazione sul web, l&#8217;accreditamento dei diritti di propriet\u00e0 intellettuale indicati e una dichiarazione espressa in cui l&#8217;interessato \u00e8 responsabile della veridicit\u00e0 delle informazioni fornite nella notifica.<br \/>\nPolitica sui commenti<\/p>\n<p>Sono consentiti commenti sul nostro sito Web per arricchire il contenuto e porre domande.<\/p>\n<p>Non saranno accettati commenti che non siano attinenti al tema di questo sito, che contengano diffamazione, rimostranze, insulti, attacchi personali o generale mancanza di rispetto nei confronti dell&#8217;autore o degli altri membri. Questi commenti verranno cancellati dagli amministratori web.<\/p>\n<p>Verranno cancellati anche i commenti che contengono informazioni evidentemente fuorvianti o false, cos\u00ec come i commenti che contengono informazioni personali, come, ad esempio, indirizzi privati \u200b\u200bo numeri di telefono e che violano la nostra politica di protezione dei dati.<\/p>\n<p>Verranno rifiutati anche i commenti creati esclusivamente per scopi promozionali di un sito web, di una persona o di un gruppo e tutto ci\u00f2 che pu\u00f2 essere considerato spam in generale.<\/p>\n<p>Non sono ammessi commenti anonimi, cos\u00ec come quelli fatti dalla stessa persona con nickname diversi. Non verranno presi in considerazione nemmeno i commenti che tentano di forzare un dibattito o una presa di posizione da parte di un altro utente.<\/p>\n<p>Esclusione di garanzia e responsabilit\u00e0<\/p>\n<p>Nenitus SL non fornisce alcuna garanzia n\u00e9 \u00e8 responsabile, in ogni caso, per danni di qualsiasi natura che possano derivare da:<\/p>\n<p>La mancanza di disponibilit\u00e0, manutenzione ed efficace funzionamento del sito web, o dei suoi servizi e contenuti;<br \/>\nL&#8217;esistenza di malware, programmi dannosi o dannosi nel contenuto;<br \/>\nUtilizzo illegale, negligente, fraudolento o contrario al presente Avviso Legale;<br \/>\nLa mancanza di legalit\u00e0, qualit\u00e0, affidabilit\u00e0, utilit\u00e0 e disponibilit\u00e0 dei servizi forniti da terzi e messi a disposizione degli utenti sul sito web.<br \/>\nIl fornitore non \u00e8 responsabile in nessun caso per eventuali danni che potrebbero derivare dall&#8217;uso illegale o improprio di questo sito web.<br \/>\nLegislazione e giurisdizione applicabile<\/p>\n<p>In generale, i rapporti tra gli utenti dei suoi servizi telematici, presenti su questo sito web, sono soggetti alla legislazione della SPAGNA e alle corti e tribunali di Barcellona.<\/p>\n<p>Contatto<\/p>\n<p>Se un utente ha domande sulle presenti Condizioni legali o qualsiasi commento sul portale https:\/\/nenitus.es, si prega di contattare hola@nenitus.es.<\/p>\n","protected":false},"excerpt":{"rendered":"<p>Avviso legale Dati del Titolare Identit\u00e0 del titolare del trattamento: Nenitus s.l. Denominazione commerciale: Nenitus s.l. CIF: B-06811558 Indirizzo: Calle Torrassa n94 navata 12, 08930 Sant Adri\u00e0 de Bes\u00f3s, Barcellona E-mail: ciao@nenitus In questo spazio, l&#8217;utente potr\u00e0 trovare tutte le informazioni relative ai termini e alle condizioni legali che definiscono i rapporti tra gli utenti [&#8230;]\n","protected":false},"author":1,"featured_media":0,"parent":0,"menu_order":0,"comment_status":"closed","ping_status":"closed","template":"","meta":{"footnotes":""},"class_list":["post-2676","page","type-page","status-publish","hentry"],"yoast_head":"<!-- This site is optimized with the Yoast SEO plugin v23.9 - https:\/\/yoast.com\/wordpress\/plugins\/seo\/ -->\n<title>Avviso legale - Nenitus<\/title>\n<meta name=\"robots\" content=\"index, follow, max-snippet:-1, max-image-preview:large, max-video-preview:-1\" \/>\n<link rel=\"canonical\" href=\"https:\/\/nenitus.es\/it\/avviso-legale\/\" \/>\n<meta property=\"og:locale\" content=\"it_IT\" \/>\n<meta property=\"og:type\" content=\"article\" \/>\n<meta property=\"og:title\" content=\"Avviso legale - Nenitus\" \/>\n<meta property=\"og:description\" content=\"Avviso legale Dati del Titolare Identit\u00e0 del titolare del trattamento: Nenitus s.l. Denominazione commerciale: Nenitus s.l. CIF: B-06811558 Indirizzo: Calle Torrassa n94 navata 12, 08930 Sant Adri\u00e0 de Bes\u00f3s, Barcellona E-mail: ciao@nenitus In questo spazio, l&#8217;utente potr\u00e0 trovare tutte le informazioni relative ai termini e alle condizioni legali che definiscono i rapporti tra gli utenti [...]\" \/>\n<meta property=\"og:url\" content=\"https:\/\/nenitus.es\/it\/avviso-legale\/\" \/>\n<meta property=\"og:site_name\" content=\"Nenitus\" \/>\n<meta property=\"article:modified_time\" content=\"2023-09-16T11:34:28+00:00\" \/>\n<meta name=\"twitter:card\" content=\"summary_large_image\" \/>\n<meta name=\"twitter:label1\" content=\"Tempo di lettura stimato\" \/>\n\t<meta name=\"twitter:data1\" content=\"6 minuti\" \/>\n<script type=\"application\/ld+json\" class=\"yoast-schema-graph\">{\"@context\":\"https:\/\/schema.org\",\"@graph\":[{\"@type\":\"WebPage\",\"@id\":\"https:\/\/nenitus.es\/it\/avviso-legale\/\",\"url\":\"https:\/\/nenitus.es\/it\/avviso-legale\/\",\"name\":\"Avviso legale - Nenitus\",\"isPartOf\":{\"@id\":\"https:\/\/nenitus.es\/it\/#website\"},\"datePublished\":\"2023-05-14T18:52:25+00:00\",\"dateModified\":\"2023-09-16T11:34:28+00:00\",\"breadcrumb\":{\"@id\":\"https:\/\/nenitus.es\/it\/avviso-legale\/#breadcrumb\"},\"inLanguage\":\"it-IT\",\"potentialAction\":[{\"@type\":\"ReadAction\",\"target\":[\"https:\/\/nenitus.es\/it\/avviso-legale\/\"]}]},{\"@type\":\"BreadcrumbList\",\"@id\":\"https:\/\/nenitus.es\/it\/avviso-legale\/#breadcrumb\",\"itemListElement\":[{\"@type\":\"ListItem\",\"position\":1,\"name\":\"Portada\",\"item\":\"https:\/\/nenitus.es\/it\/\"},{\"@type\":\"ListItem\",\"position\":2,\"name\":\"Avviso legale\"}]},{\"@type\":\"WebSite\",\"@id\":\"https:\/\/nenitus.es\/it\/#website\",\"url\":\"https:\/\/nenitus.es\/it\/\",\"name\":\"Nenitus\",\"description\":\"\",\"potentialAction\":[{\"@type\":\"SearchAction\",\"target\":{\"@type\":\"EntryPoint\",\"urlTemplate\":\"https:\/\/nenitus.es\/it\/?s={search_term_string}\"},\"query-input\":{\"@type\":\"PropertyValueSpecification\",\"valueRequired\":true,\"valueName\":\"search_term_string\"}}],\"inLanguage\":\"it-IT\"}]}<\/script>\n<!-- \/ Yoast SEO plugin. -->","yoast_head_json":{"title":"Avviso legale - Nenitus","robots":{"index":"index","follow":"follow","max-snippet":"max-snippet:-1","max-image-preview":"max-image-preview:large","max-video-preview":"max-video-preview:-1"},"canonical":"https:\/\/nenitus.es\/it\/avviso-legale\/","og_locale":"it_IT","og_type":"article","og_title":"Avviso legale - Nenitus","og_description":"Avviso legale Dati del Titolare Identit\u00e0 del titolare del trattamento: Nenitus s.l. Denominazione commerciale: Nenitus s.l. CIF: B-06811558 Indirizzo: Calle Torrassa n94 navata 12, 08930 Sant Adri\u00e0 de Bes\u00f3s, Barcellona E-mail: ciao@nenitus In questo spazio, l&#8217;utente potr\u00e0 trovare tutte le informazioni relative ai termini e alle condizioni legali che definiscono i rapporti tra gli utenti [...]","og_url":"https:\/\/nenitus.es\/it\/avviso-legale\/","og_site_name":"Nenitus","article_modified_time":"2023-09-16T11:34:28+00:00","twitter_card":"summary_large_image","twitter_misc":{"Tempo di lettura stimato":"6 minuti"},"schema":{"@context":"https:\/\/schema.org","@graph":[{"@type":"WebPage","@id":"https:\/\/nenitus.es\/it\/avviso-legale\/","url":"https:\/\/nenitus.es\/it\/avviso-legale\/","name":"Avviso legale - Nenitus","isPartOf":{"@id":"https:\/\/nenitus.es\/it\/#website"},"datePublished":"2023-05-14T18:52:25+00:00","dateModified":"2023-09-16T11:34:28+00:00","breadcrumb":{"@id":"https:\/\/nenitus.es\/it\/avviso-legale\/#breadcrumb"},"inLanguage":"it-IT","potentialAction":[{"@type":"ReadAction","target":["https:\/\/nenitus.es\/it\/avviso-legale\/"]}]},{"@type":"BreadcrumbList","@id":"https:\/\/nenitus.es\/it\/avviso-legale\/#breadcrumb","itemListElement":[{"@type":"ListItem","position":1,"name":"Portada","item":"https:\/\/nenitus.es\/it\/"},{"@type":"ListItem","position":2,"name":"Avviso legale"}]},{"@type":"WebSite","@id":"https:\/\/nenitus.es\/it\/#website","url":"https:\/\/nenitus.es\/it\/","name":"Nenitus","description":"","potentialAction":[{"@type":"SearchAction","target":{"@type":"EntryPoint","urlTemplate":"https:\/\/nenitus.es\/it\/?s={search_term_string}"},"query-input":{"@type":"PropertyValueSpecification","valueRequired":true,"valueName":"search_term_string"}}],"inLanguage":"it-IT"}]}},"jetpack_sharing_enabled":true,"_links":{"self":[{"href":"https:\/\/nenitus.es\/it\/wp-json\/wp\/v2\/pages\/2676","targetHints":{"allow":["GET"]}}],"collection":[{"href":"https:\/\/nenitus.es\/it\/wp-json\/wp\/v2\/pages"}],"about":[{"href":"https:\/\/nenitus.es\/it\/wp-json\/wp\/v2\/types\/page"}],"author":[{"embeddable":true,"href":"https:\/\/nenitus.es\/it\/wp-json\/wp\/v2\/users\/1"}],"replies":[{"embeddable":true,"href":"https:\/\/nenitus.es\/it\/wp-json\/wp\/v2\/comments?post=2676"}],"version-history":[{"count":2,"href":"https:\/\/nenitus.es\/it\/wp-json\/wp\/v2\/pages\/2676\/revisions"}],"predecessor-version":[{"id":2678,"href":"https:\/\/nenitus.es\/it\/wp-json\/wp\/v2\/pages\/2676\/revisions\/2678"}],"wp:attachment":[{"href":"https:\/\/nenitus.es\/it\/wp-json\/wp\/v2\/media?parent=2676"}],"curies":[{"name":"wp","href":"https:\/\/api.w.org\/{rel}","templated":true}]}}