{"id":2698,"date":"2023-05-14T20:54:54","date_gmt":"2023-05-14T18:54:54","guid":{"rendered":"https:\/\/nenitus.es\/politica-de-envios\/"},"modified":"2023-09-16T13:45:02","modified_gmt":"2023-09-16T11:45:02","slug":"politica-di-spedizione","status":"publish","type":"page","link":"https:\/\/nenitus.es\/it\/politica-di-spedizione\/","title":{"rendered":"Politica di spedizione"},"content":{"rendered":"<h1>Politica di spedizione<\/h1>\n<h2><b>Pagamento sicuro<\/b><\/h2>\n<ul>\n<li aria-level=\"1\">Carta di credito<\/li>\n<li aria-level=\"1\">Bonifico bancario<\/li>\n<\/ul>\n<h2><b>Spedizione<\/b><\/h2>\n<p>La produzione e la spedizione del prodotto verranno effettuate entro un periodo compreso tra 1 e 7 giorni lavorativi circa per gli articoli artigianali, esclusi i fine settimana e i giorni festivi, per gli altri materiali che non richiedono lavorazione. Sar\u00e0 <b>24h\/48h< \/b> (questi tempi possono variare a seconda della personalizzazione dei prodotti richiesti, della quantit\u00e0 richiesta, delle spedizioni effettuate fuori penisola o per mancanza di disponibilit\u00e0 dei materiali). Qualora venga effettuato un ordine con articoli artigianali diversi e con tempi di consegna diversi, prevarr\u00e0 la data di consegna pi\u00f9 lunga. Poich\u00e9 le date di consegna rappresentano una stima del tempo necessario per realizzare un articolo specifico.<\/p>\n<p>Se i tempi di consegna non vengono rispettati, Nenitus s.l. \u00e8 esente da qualsiasi responsabilit\u00e0 poich\u00e9 dipende dalla compagnia di trasporto.<\/p>\n<p>Le <b>spedizioni nazionali<\/b> verranno effettuate con la compagnia di trasporti MRW, con il servizio di consegna in 24 ore\/48 ore, l&#8217;importo delle spedizioni nazionali sar\u00e0 di \u20ac 5,99 per ordini inferiori a \u20ac 70,00 \u20ac, per per ordini superiori a tale importo la spedizione \u00e8 gratuita.<\/p>\n<p>Per le <b>spedizioni internazionali<\/b>, vengono effettuate con la compagnia di trasporti SEUR, con servizio di consegna in 48\/60 ore, indipendentemente dall&#8217;importo minimo, il costo di spedizione sar\u00e0 di \u20ac 20,57.<\/p>\n<p>Quando si effettua l&#8217;ordine nel carrello verranno visualizzate informazioni dettagliate relative al costo del prodotto e al valore dell&#8217;IVA. e l&#8217;importo di dette spese di spedizione.<\/p>\n<h2><b>Ritiro in magazzino<\/b><\/h2>\n<p>Puoi anche ritirare il tuo ordine<b>\u00a0nel nostro magazzino senza alcun costo<\/b>. Devi solo scegliere questa opzione nella conferma dell&#8217;ordine. Quando il tuo pacco sar\u00e0 pronto, ti invieremo un&#8217;e-mail di conferma cos\u00ec potrai ritirarlo quando vuoi. Ci troviamo in C\/Torrassa n94 navata 12 a Sant Adri\u00e0 de Bes\u00f3s 08930 (Barcellona), i nostri orari sono dal luned\u00ec al venerd\u00ec dalle 8:00 alle 17:00 ininterrottamente.<\/p>\n<h2><b>Resi<\/b><\/h2>\n<p>Se non sei soddisfatto, hai un periodo di <b>14 giorni<\/b> concesso dalla legge dal ricevimento dell&#8217;ordine per <b>effettuare il reso<\/b>. Per fare ci\u00f2, devi inviarci un&#8217;e-mail a hola@nenitus.es per informarci del reso.<\/p>\n<p>Un corriere MRW verr\u00e0 inviato a casa tua per ritirare il pacco se il servizio \u00e8 nazionale o da SEUR DPD se \u00e8 internazionale.Le spese di restituzione, a seconda dell&#8217;ordine o della quantit\u00e0, saranno a carico del cliente. I prodotti devono essere in perfette condizioni, non essere stati utilizzati e conservare l&#8217;imballaggio originale per poterti rimborsare l&#8217;importo.Se non disponi di tale imballaggio, dovrai restituirlo affinch\u00e9 il prodotto arrivi in \u200b\u200bbuone condizioni al nostro magazzino.<\/p>\n<p><b>Non costituiscono motivo di restituzione<\/b><\/p>\n<ul>\n<li aria-level=\"1\"><b>Difetti naturali del legno<\/b> non saranno considerati motivo di restituzione o cambio, a meno che non incidano sul funzionamento di detto prodotto. Bisogna tenere conto che sono oggetti fatti a mano e che nessuno \u00e8 uguale all&#8217;altro. Il legno pu\u00f2 presentare tacche, nodi e altre imperfezioni dovute alla lavorazione manuale o semplicemente al fatto di essere legno naturale.<\/li>\n<li aria-level=\"1\">Le <b>piccole variazioni nelle misure<\/b> di alcuni dei nostri prodotti sono sempre approssimative, possono variare fino a 1 cm.<\/li>\n<li aria-level=\"1\">La <b>decorazione esterna degli specchi trittici fatti a mano<\/b> pu\u00f2 variare poich\u00e9 si tratta di un prodotto realizzato da noi e nessuno di essi \u00e8 uguale ad un altro. Non costituir\u00e0 motivo di reso senza spese di spedizione per il ritiro.<\/li>\n<li aria-level=\"1\">Non saranno accettati resi per un <b>articolo artigianale personalizzato<\/b>. \u00c8 prevista la personalizzazione: <b>luce nera extra<\/b> nelle scatole o nei tavoli luminosi, <b>scatola extra con gambe<\/b> per convertire la scatola luminosa in un tavolo, <b>scatola extra o tavolo con coperchio <\/b>\u00a0a scelta del cliente (poich\u00e9 vengono realizzati su misura per ogni light box) o\u00a0<b>timbratura o incisione<\/b>\u00a0di testi o nomi.<\/li>\n<li aria-level=\"1\">Negli specchi da parete Montessori la modifica pu\u00f2 essere richiesta solo se <b>lo specchio non \u00e8 stato installato a parete<\/b>.<\/li>\n<\/ul>\n<p>Se dopo aver ricevuto il tuo ordine scopri che qualche prodotto \u00e8 stato danneggiato durante il trasporto o che mancano degli articoli dal tuo ordine, non buttare via la bolla di consegna. Hai un massimo di <b>3 giorni di calendario <\/b>dal ricevimento dell&#8217;ordine per presentare un reclamo in merito ai prodotti interessati o smarriti. In questo caso le spese di spedizione sono a carico di Nenitus s.l.. I prodotti smarriti o danneggiati verranno sostituiti con altri nuovi e identici senza alcun costo per il cliente.<\/p>\n<p>Se un articolo \u00e8 arrivato danneggiato dal trasporto, a seconda di questo, le parti possono essere sostituite con altre nuove se l&#8217;articolo \u00e8 composto da pi\u00f9 parti o l&#8217;articolo intero se \u00e8 un pezzo unico. Se il cliente desidera procedere con la restituzione essendo stato offerto un cambio parziale o totale dell&#8217;articolo, in tal caso dovr\u00e0 sostenere le spese di restituzione.<\/p>\n<p>Se uno dei nostri articoli necessita di essere riparato a causa di un malfunzionamento ed \u00e8 necessario effettuare il ritiro tramite corriere, dovr\u00e0 essere correttamente imballato per il trasporto, avendo cura del cliente di procurarsi un imballaggio adeguato. Si consiglia di conservare la scatola di imballaggio per eventuali \u00e8 necessario in qualsiasi momento effettuare una riparazione al box o al tavolo luminoso. In caso contrario, qualsiasi articolo che arrivi presso le nostre strutture per la riparazione, con un imballaggio inadeguato e che abbia subito danni o rotture durante il trasporto, Nenitus non avr\u00e0 l&#8217;obbligo di essere responsabile della riparazione di tali danni o della sostituzione senza alcun costo.<\/p>\n<h2><b>Garanzia<\/b><\/h2>\n<p>Garantiamo la qualit\u00e0 del materiale e il suo funzionamento. In caso di prodotto difettoso Nenitus s.l. risponde ai sensi dell&#8217;articolo 118 del Testo Unico della Legge Generale per la Difesa dei Consumatori e degli Utenti (TRLGDCU): \u201cResponsabilit\u00e0 del venditore e diritti del consumatore e dell&#8217;utente. Il consumatore e utente ha il diritto di riparare il prodotto, sostituirlo (entro i primi 15 giorni), ridurre il prezzo o risolvere il contratto (purch\u00e9 non personalizzato), conformemente a quanto previsto dal presente titolo. \u201d. Dal canto suo, il comma 5 dell&#8217;articolo 123 dello stesso testo riconosce che: \u201cIl consumatore e utente deve denunciare al venditore il difetto di conformit\u00e0 entro 15 giorni dalla sua conoscenza\u201d. L&#8217;articolo 120 stabilisce che \u201cLa riparazione e la sostituzione rispetteranno le seguenti regole: saranno gratuite per il consumatore e l&#8217;utente. Tale gratuit\u00e0 comprender\u00e0 le spese necessarie sostenute per correggere il difetto di conformit\u00e0 dei prodotti rispetto al contratto, in particolare le spese di spedizione, nonch\u00e9 i costi relativi alla manodopera e ai materiali.<\/p>\n<p><b>La garanzia \u00e8 totale per i primi 2 anni<\/b>, trascorso questo periodo le riparazioni continueranno ad essere <b>gratuite<\/b>, ma le spese di trasporto saranno a carico del cliente. Dopo il secondo anno puoi scegliere se spedirci l&#8217;oggetto tramite la compagnia di trasporto incaricata dal cliente (in questo caso non siamo responsabili per eventuali danni che potrebbe subire a causa del trasporto) o farci gestire il ritiro presso la nostra agenzia (in questo caso, se siamo responsabili per eventuali danni che potrebbero verificarsi a causa del trasporto).<\/p>\n<p>Difetti o danni dovuti ad un uso o manipolazione non corretti dell&#8217;articolo o all&#8217;usura causata dall&#8217;uso non sono inclusi nella presente garanzia.<\/p>\n<h2><b>Consigli e cura di alcuni dei nostri prodotti<\/b><\/h2>\n<p>Nel caso in cui sia necessario asciugare l&#8217;interno a causa della fuoriuscita di liquidi, i <b>light box<\/b> sono realizzati in modo che il cliente possa aprirli lateralmente. Se ci\u00f2 accade \u00e8 necessario aprire il lato dove non ci sono i fori della scatola luminosa, svitando le quattro viti angolari, una volta allentate togliere il coperchio e asciugare l&#8217;interno con un panno morbido. Bisogna attendere 24 ore prima di riutilizzarlo affinch\u00e9 tutto l&#8217;impianto elettrico al suo interno si asciughi bene.<\/p>\n<p>Nel caso degli <b>specchi Montessori o specchi trittici e coperchi a specchio<\/b>, poich\u00e9 sono realizzati in metacrilato a specchio per evitare rotture, questo materiale si graffia facilmente. <b>Si consiglia di pulire con un panno in microfibra pulito<\/b>, leggermente inumidito con acqua o alcool, senza esercitare troppa pressione.<\/p>\n<p>Ti consigliamo di <b>installare lo specchio da parete immediatamente dopo averlo ricevuto<\/b>, poich\u00e9 se viene riposto pu\u00f2 deformare il legno e influenzare l&#8217;immagine che riflette. Una volta installato, non c&#8217;\u00e8 spazio perch\u00e9 ci\u00f2 accada.<\/p>\n<p>Con i <b>tavoli multisensoriali<\/b> nonostante siano impermeabilizzati o altri <b>prodotti Pikler verniciati<\/b>, sconsigliamo di lasciarli all&#8217;aperto dopo l&#8217;uso, dove diverse <b>temperature atmosferiche possono influenzare il legno<\/b> b>, sia il freddo che il caldo estremo.<\/p>\n","protected":false},"excerpt":{"rendered":"<p>Politica di spedizione Pagamento sicuro Carta di credito Bonifico bancario Spedizione La produzione e la spedizione del prodotto verranno effettuate entro un periodo compreso tra 1 e 7 giorni lavorativi circa per gli articoli artigianali, esclusi i fine settimana e i giorni festivi, per gli altri materiali che non richiedono lavorazione. Sar\u00e0 24h\/48h< \/b> (questi [&#8230;]\n","protected":false},"author":1,"featured_media":0,"parent":0,"menu_order":0,"comment_status":"closed","ping_status":"closed","template":"","meta":{"footnotes":""},"class_list":["post-2698","page","type-page","status-publish","hentry"],"yoast_head":"<!-- This site is optimized with the Yoast SEO plugin v23.9 - https:\/\/yoast.com\/wordpress\/plugins\/seo\/ -->\n<title>Politica di spedizione - Nenitus<\/title>\n<meta name=\"robots\" content=\"index, follow, max-snippet:-1, max-image-preview:large, max-video-preview:-1\" \/>\n<link rel=\"canonical\" href=\"https:\/\/nenitus.es\/it\/politica-di-spedizione\/\" \/>\n<meta property=\"og:locale\" content=\"it_IT\" \/>\n<meta property=\"og:type\" content=\"article\" \/>\n<meta property=\"og:title\" content=\"Politica di spedizione - Nenitus\" \/>\n<meta property=\"og:description\" content=\"Politica di spedizione Pagamento sicuro Carta di credito Bonifico bancario Spedizione La produzione e la spedizione del prodotto verranno effettuate entro un periodo compreso tra 1 e 7 giorni lavorativi circa per gli articoli artigianali, esclusi i fine settimana e i giorni festivi, per gli altri materiali che non richiedono lavorazione. Sar\u00e0 24h\/48h&lt; \/b&gt; (questi [...]\" \/>\n<meta property=\"og:url\" content=\"https:\/\/nenitus.es\/it\/politica-di-spedizione\/\" \/>\n<meta property=\"og:site_name\" content=\"Nenitus\" \/>\n<meta property=\"article:modified_time\" content=\"2023-09-16T11:45:02+00:00\" \/>\n<meta name=\"twitter:card\" content=\"summary_large_image\" \/>\n<meta name=\"twitter:label1\" content=\"Tempo di lettura stimato\" \/>\n\t<meta name=\"twitter:data1\" content=\"7 minuti\" \/>\n<script type=\"application\/ld+json\" class=\"yoast-schema-graph\">{\"@context\":\"https:\/\/schema.org\",\"@graph\":[{\"@type\":\"WebPage\",\"@id\":\"https:\/\/nenitus.es\/it\/politica-di-spedizione\/\",\"url\":\"https:\/\/nenitus.es\/it\/politica-di-spedizione\/\",\"name\":\"Politica di spedizione - Nenitus\",\"isPartOf\":{\"@id\":\"https:\/\/nenitus.es\/it\/#website\"},\"datePublished\":\"2023-05-14T18:54:54+00:00\",\"dateModified\":\"2023-09-16T11:45:02+00:00\",\"breadcrumb\":{\"@id\":\"https:\/\/nenitus.es\/it\/politica-di-spedizione\/#breadcrumb\"},\"inLanguage\":\"it-IT\",\"potentialAction\":[{\"@type\":\"ReadAction\",\"target\":[\"https:\/\/nenitus.es\/it\/politica-di-spedizione\/\"]}]},{\"@type\":\"BreadcrumbList\",\"@id\":\"https:\/\/nenitus.es\/it\/politica-di-spedizione\/#breadcrumb\",\"itemListElement\":[{\"@type\":\"ListItem\",\"position\":1,\"name\":\"Portada\",\"item\":\"https:\/\/nenitus.es\/it\/\"},{\"@type\":\"ListItem\",\"position\":2,\"name\":\"Politica di spedizione\"}]},{\"@type\":\"WebSite\",\"@id\":\"https:\/\/nenitus.es\/it\/#website\",\"url\":\"https:\/\/nenitus.es\/it\/\",\"name\":\"Nenitus\",\"description\":\"\",\"potentialAction\":[{\"@type\":\"SearchAction\",\"target\":{\"@type\":\"EntryPoint\",\"urlTemplate\":\"https:\/\/nenitus.es\/it\/?s={search_term_string}\"},\"query-input\":{\"@type\":\"PropertyValueSpecification\",\"valueRequired\":true,\"valueName\":\"search_term_string\"}}],\"inLanguage\":\"it-IT\"}]}<\/script>\n<!-- \/ Yoast SEO plugin. -->","yoast_head_json":{"title":"Politica di spedizione - Nenitus","robots":{"index":"index","follow":"follow","max-snippet":"max-snippet:-1","max-image-preview":"max-image-preview:large","max-video-preview":"max-video-preview:-1"},"canonical":"https:\/\/nenitus.es\/it\/politica-di-spedizione\/","og_locale":"it_IT","og_type":"article","og_title":"Politica di spedizione - Nenitus","og_description":"Politica di spedizione Pagamento sicuro Carta di credito Bonifico bancario Spedizione La produzione e la spedizione del prodotto verranno effettuate entro un periodo compreso tra 1 e 7 giorni lavorativi circa per gli articoli artigianali, esclusi i fine settimana e i giorni festivi, per gli altri materiali che non richiedono lavorazione. Sar\u00e0 24h\/48h< \/b> (questi [...]","og_url":"https:\/\/nenitus.es\/it\/politica-di-spedizione\/","og_site_name":"Nenitus","article_modified_time":"2023-09-16T11:45:02+00:00","twitter_card":"summary_large_image","twitter_misc":{"Tempo di lettura stimato":"7 minuti"},"schema":{"@context":"https:\/\/schema.org","@graph":[{"@type":"WebPage","@id":"https:\/\/nenitus.es\/it\/politica-di-spedizione\/","url":"https:\/\/nenitus.es\/it\/politica-di-spedizione\/","name":"Politica di spedizione - Nenitus","isPartOf":{"@id":"https:\/\/nenitus.es\/it\/#website"},"datePublished":"2023-05-14T18:54:54+00:00","dateModified":"2023-09-16T11:45:02+00:00","breadcrumb":{"@id":"https:\/\/nenitus.es\/it\/politica-di-spedizione\/#breadcrumb"},"inLanguage":"it-IT","potentialAction":[{"@type":"ReadAction","target":["https:\/\/nenitus.es\/it\/politica-di-spedizione\/"]}]},{"@type":"BreadcrumbList","@id":"https:\/\/nenitus.es\/it\/politica-di-spedizione\/#breadcrumb","itemListElement":[{"@type":"ListItem","position":1,"name":"Portada","item":"https:\/\/nenitus.es\/it\/"},{"@type":"ListItem","position":2,"name":"Politica di spedizione"}]},{"@type":"WebSite","@id":"https:\/\/nenitus.es\/it\/#website","url":"https:\/\/nenitus.es\/it\/","name":"Nenitus","description":"","potentialAction":[{"@type":"SearchAction","target":{"@type":"EntryPoint","urlTemplate":"https:\/\/nenitus.es\/it\/?s={search_term_string}"},"query-input":{"@type":"PropertyValueSpecification","valueRequired":true,"valueName":"search_term_string"}}],"inLanguage":"it-IT"}]}},"jetpack_sharing_enabled":true,"_links":{"self":[{"href":"https:\/\/nenitus.es\/it\/wp-json\/wp\/v2\/pages\/2698","targetHints":{"allow":["GET"]}}],"collection":[{"href":"https:\/\/nenitus.es\/it\/wp-json\/wp\/v2\/pages"}],"about":[{"href":"https:\/\/nenitus.es\/it\/wp-json\/wp\/v2\/types\/page"}],"author":[{"embeddable":true,"href":"https:\/\/nenitus.es\/it\/wp-json\/wp\/v2\/users\/1"}],"replies":[{"embeddable":true,"href":"https:\/\/nenitus.es\/it\/wp-json\/wp\/v2\/comments?post=2698"}],"version-history":[{"count":2,"href":"https:\/\/nenitus.es\/it\/wp-json\/wp\/v2\/pages\/2698\/revisions"}],"predecessor-version":[{"id":2703,"href":"https:\/\/nenitus.es\/it\/wp-json\/wp\/v2\/pages\/2698\/revisions\/2703"}],"wp:attachment":[{"href":"https:\/\/nenitus.es\/it\/wp-json\/wp\/v2\/media?parent=2698"}],"curies":[{"name":"wp","href":"https:\/\/api.w.org\/{rel}","templated":true}]}}