{"id":2699,"date":"2023-05-16T10:04:03","date_gmt":"2023-05-16T08:04:03","guid":{"rendered":"https:\/\/nenitus.es\/politica-de-cookies\/"},"modified":"2023-09-16T13:46:06","modified_gmt":"2023-09-16T11:46:06","slug":"politica-sui-cookie","status":"publish","type":"page","link":"https:\/\/nenitus.es\/it\/politica-sui-cookie\/","title":{"rendered":"Politica sui cookie"},"content":{"rendered":"<h1>Politica sui cookie<\/h1>\n<p>Presso Nenitus s.l. Utilizziamo cookie o altri file con funzionalit\u00e0 simili (di seguito, \u201ccookie\u201d) per fornirti un servizio migliore e offrirti una migliore esperienza di navigazione. Nenitus s.l. \u00e8 responsabile dei cookie e del trattamento dei dati ottenuti attraverso di essi, propri o di terzi, decidendo lo scopo, il contenuto e l&#8217;utilizzo del trattamento delle informazioni raccolte.<\/p>\n<p>L&#8217;obiettivo di questa politica \u00e8 informarti in modo chiaro e dettagliato che cos&#8217;\u00e8 un cookie, qual \u00e8 il suo scopo, che tipo di cookie utilizziamo e come configurarli o, se del caso, disabilitarli.<\/p>\n<p><strong><em>Cosa sono i cookie?<\/em><\/strong><\/p>\n<p>Un cookie \u00e8 un piccolo file di testo che viene memorizzato nel tuo browser quando visiti il \u200b\u200bnostro sito web e che memorizza informazioni sulla tua navigazione per rendere l&#8217;esperienza dell&#8217;utente pi\u00f9 efficiente. Alcuni cookie sono essenziali per il corretto funzionamento delle pagine web, come i cookie tecnici o i cookie di personalizzazione dell&#8217;interfaccia utente, mentre altri, come i cookie di analisi o i cookie di pubblicit\u00e0 comportamentale, richiedono che noi ti informiamo e raccogliamo il consenso al loro utilizzo.<\/p>\n<p>Di seguito, e affinch\u00e9 tu possa esprimere un consenso pienamente informato, ti dettagliamo le informazioni su in cosa consiste e qual \u00e8 lo scopo di ciascuna tipologia di cookie:<\/p>\n<p>I cookie tecnici sono quelli che consentono all&#8217;utente di navigare attraverso un sito web, una piattaforma o un&#8217;applicazione e utilizzare le diverse opzioni o servizi in esso esistenti, compresa la gestione e il funzionamento della pagina web e abilitarne le funzioni e i servizi, come, ad esempio, , identificare la sessione, accedere a parti ad accesso riservato, ricordare gli elementi che compongono un ordine, eseguire il processo di acquisto di un ordine, gestire il pagamento,&#8230; Il sito web non pu\u00f2 funzionare correttamente senza questi cookie, motivo per cui essi sono considerati necessari.<\/p>\n<p>I cookie di preferenza o cookie di personalizzazione consentono al sito Web di ricordare informazioni che modificano il modo in cui il sito Web si comporta o appare in modo che l&#8217;utente acceda al servizio con determinate caratteristiche che possono differenziare la tua esperienza da quella di altri utenti, come, ad esempio, la lingua , il numero di risultati da visualizzare quando l&#8217;utente effettua una ricerca oppure la regione in cui si trova l&#8217;utente. Se \u00e8 l&#8217;utente stesso a scegliere tali caratteristiche, ad esempio spuntando il flag della lingua, si considera un servizio espressamente richiesto purch\u00e9 i cookie obbediscano esclusivamente alla finalit\u00e0 di personalizzazione selezionata.<\/p>\n<p>I cookie di <strong>analisi<\/strong> o di <strong>misurazione<\/strong> sono quelli che ci permettono di capire come i visitatori interagiscono con le pagine web e quindi effettuare analisi statistiche sull&#8217;uso che gli utenti fanno del sito web. fornito. Le informazioni raccolte vengono utilizzate per misurare l&#8217;attivit\u00e0 dei siti Web o delle applicazioni al fine di introdurre miglioramenti nei prodotti e servizi offerti dal responsabile.<\/p>\n<p>I <strong>cookie di marketing<\/strong> o la <strong>pubblicit\u00e0 comportamentale<\/strong> memorizzano informazioni sul comportamento degli utenti ottenute attraverso l&#8217;osservazione continua delle loro abitudini di navigazione, che consente di sviluppare un profilo specifico per visualizzare annunci pubblicitari pertinenti e attraenti per gli utenti. singolo utente e quindi pi\u00f9 prezioso per gli inserzionisti di terze parti.<\/p>\n<p><strong><em>Per cosa utilizza questo sito i cookie e cosa sono?<\/em><\/strong><\/p>\n<p>Il dettaglio dei cookies utilizzati su questo sito \u00e8 il seguente:<\/p>\n<h5 class=\"et_pb_toggle_title\">COOKIE DI WORDPRESS<\/h5>\n<div class=\"et_pb_toggle_content clearfix\">\n<larghezza tabella=\"858\"><br \/>\n<corpo><\/p>\n<tr>\n<td><strong>NOME<\/strong><\/td>\n<td><strong>DURATA<\/strong><\/td>\n<td><strong>A COSA SERVE<\/strong><\/td>\n<\/tr>\n<tr>\n<td>impostazioni-wp-ora-1, impostazioni-wp-1<\/td>\n<td>Cookie persistente<\/td>\n<td>\n<p align=\"LEFT\">Questi cookie vengono utilizzati da WordPress per personalizzare l&#8217;interfaccia utente.<\/p>\n<\/td>\n<\/tr>\n<tr>\n<td>wordpress_logged_in_<\/td>\n<td>Cookie persistente<\/td>\n<td>\n<p align=\"LEFT\">Dopo il login, WordPress attiva il cookie wordpress_logged_in_, la cui funzione \u00e8 di indicare quando hai effettuato l&#8217;accesso e chi sei, utilizzato dall&#8217;interfaccia di WordPress.<\/p>\n<\/td>\n<\/tr>\n<tr>\n<td>wordpress_test_cookie<\/td>\n<td>Cookie persistente<\/td>\n<td>\n<p align=\"LEFT\">Questo cookie viene utilizzato per consentire al gestore dei contenuti di WordPress di verificare se il browser ha i cookie attivati.<\/p>\n<\/td>\n<\/tr>\n<p><\/tcorpo><br \/>\n<\/tabella>\n<\/div>\n<h5 class=\"et_pb_toggle_title\">COOKIE DI WOOCOMMERCE<\/h5>\n<div class=\"et_pb_toggle_content clearfix\">\n<larghezza tabella=\"858\"><br \/>\n<corpo><\/p>\n<tr>\n<td><strong>NOME<\/strong><\/td>\n<td><strong>DURATA<\/strong><\/td>\n<td><strong>A COSA SERVE<\/strong><\/td>\n<\/tr>\n<tr>\n<td>woocommerce_cart_hash<\/td>\n<td>Cookie persistente<\/td>\n<td>\n<p align=\"LEFT\">Contiene informazioni sul carrello e aiuta Woocommerce a sapere quando cambiano i dati del carrello.<\/p>\n<\/td>\n<\/tr>\n<tr>\n<td>woocommerce_items_in_cart<\/td>\n<td>Cookie persistente<\/td>\n<td>\n<p align=\"LEFT\">Contiene informazioni sul carrello e aiuta Woocommerce a sapere quando cambiano i dati del carrello.<\/p>\n<\/td>\n<\/tr>\n<tr>\n<td>wp_woocommerce_sessio<\/td>\n<td>Cookie persistente<\/td>\n<td>\n<p align=\"LEFT\">Questo cookie contiene un codice univoco per ciascun cliente per individuare i dati del carrello nel database. Non memorizza alcuna informazione personale.<\/p>\n<\/td>\n<\/tr>\n<p><\/tcorpo><br \/>\n<\/tabella>\n<\/div>\n<h5 class=\"et_pb_toggle_title\">COOKIE DI ANALITICI<\/h5>\n<div class=\"et_pb_toggle_content clearfix\">\n<larghezza tabella=\"858\"><br \/>\n<corpo><\/p>\n<tr>\n<td><strong>NOME<\/strong><\/td>\n<td><strong>DURATA<\/strong><\/td>\n<td><strong>A COSA SERVE<\/strong><\/td>\n<\/tr>\n<tr>\n<td>_ga<\/td>\n<td>2 anni<\/td>\n<td>\n<p align=\"LEFT\">Cookie impostato da analytics.js; Libreria JavaScript di propriet\u00e0 di Google. La libreria analytics.js fa parte di Google Universal Analytics e utilizza questo cookie proprietario che contiene un identificatore anonimo utilizzato per distinguere gli utenti.<\/p>\n<\/td>\n<\/tr>\n<tr>\n<td>_gat<\/td>\n<td>10 minuti<\/td>\n<td>Cookie impostato da analytics.js; Libreria JavaScript di propriet\u00e0 di Google. La libreria analytics.js fa parte di Google Universal Analytics e utilizza questo cookie proprietario che contiene un identificatore per distinguere tra i diversi oggetti di tracciamento creati nella sessione.<\/td>\n<\/tr>\n<tr>\n<td>_gid<\/td>\n<td>6 mesi<\/td>\n<td>Associato a Google Analytics, memorizza e assegna un valore univoco a ciascuna pagina visitata.<\/td>\n<\/tr>\n<p><\/tcorpo><br \/>\n<\/tabella>\n<\/div>\n<p>&nbsp;<\/p>\n<p>Per i cookie di analisi e pubblicitari abbiamo bisogno del tuo consenso, che possiamo ottenere cliccando sul pulsante &#8220;Accetto&#8221; nel messaggio informativo visualizzato quando accedi al nostro sito web.<\/p>\n<p>Se disattivi i cookie potrai comunque accedere al sito ma la navigazione potrebbe non essere ottimale ed alcuni dei servizi offerti potrebbero non funzionare correttamente.<\/p>\n<p>Se in futuro Nenitus s.l. Se utilizza tipologie di cookie diverse da quelle contemplate nella presente Cookie Policy per fornire nuovi servizi o se \u00e8 necessario adeguarla a nuovi requisiti legislativi, ti informeremo.<\/p>\n<p><strong><em>Come posso disattivare o eliminare i cookie?<\/em><\/strong><\/p>\n<p>Si tenga presente che se si accettano cookie di terze parti \u00e8 necessario cancellarli dalle opzioni del browser o dal sistema offerto dalla terza parte stessa. Puoi consentire, bloccare o eliminare i cookie installati sul tuo computer configurando le opzioni del browser installato sul tuo computer.<\/p>\n<ul>\n<li><a href=\"https:\/\/support.microsoft.com\/es-es\/help\/17442\/windows-internet-explorer-delete-manage-cookies\">Microsoft Internet Explorer<\/a>: menu Strumenti &#038;gt ; Opzioni Internet &gt; Privacy &gt; Configurazione.<\/li>\n<li><a href=\"https:\/\/support.mozilla.org\/es\/kb\/habilitar-y-deshabilitar-cookies-sitios-web-rastrear-preferences?redirectlocale=es&amp;redirectslug=habilitar-y-dehabilitar- cookie-che-i-siti-noi\">Firefox<\/a>: menu Strumenti &gt; Opzioni &gt; Privacy &gt; Biscotti.<\/li>\n<li><a href=\"https:\/\/support.google.com\/accounts\/answer\/61416?hl=en\">Chrome<\/a>: menu Opzioni &gt; Opzioni avanzate &gt; Privacy.<\/li>\n<li><a href=\"https:\/\/support.apple.com\/es-es\/guide\/safari\/sfri11471\/mac\">Safari:<\/a> menu Preferenze\/Privacy.<\/li>\n<li><a href=\"https:\/\/support.apple.com\/es-es\/HT201265\">Safari per IOS<\/a>\u00a0(iPhone e iPad): opzione Impostazioni &gt; Safari<\/li>\n<li><a href=\"https:\/\/support.google.com\/chrome\/answer\/95647?co=GENIE.Platform%3DAndroid&amp;hl=es-419\">Chrome per Android<\/a>: Impostazioni &gt; Impostazioni sito web &gt; Cookie<\/li>\n<li><strong>Altri browser<\/strong><strong>:\u00a0<\/strong>consulta la documentazione del browser che hai installato.<\/li>\n<\/ul>\n<p><strong><em>Trasferimenti di dati verso paesi terzi<\/em><\/strong><\/p>\n<p>Puoi conoscere i trasferimenti verso paesi terzi che, ove applicabile, vengono effettuati dai terzi identificati nella presente cookie policy nelle rispettive policy (vedi i link forniti nella sezione \u201cCookie di Terze Parti\u201d).<\/p>\n<p><strong><em>Profilazione<\/em><\/strong><\/p>\n<p>Non verr\u00e0 creato alcun tipo di \u201cprofilo\u201d sulla base delle informazioni fornite n\u00e9 verranno prese decisioni automatizzate sulla base dei profili.<\/p>\n<p><strong><em>Periodo di conservazione dei dati<\/em><\/strong><\/p>\n<p>I dati ottenuti tramite i cookie saranno conservati per un periodo massimo di 24 mesi, trascorso il quale chiederemo nuovamente il tuo consenso.<\/p>\n<p><strong><em>Diritti degli interessati<\/em><\/strong><\/p>\n<p>Puoi ottenere maggiori informazioni sul trattamento dei dati personali e su come esercitare i tuoi diritti consultando la nostra <a href=\"https:\/\/nenitus.es\/it\/politica-de-privacidad\/\"><strong><em> < u>informativa sulla privacy<\/u><\/em><\/strong>.<\/a><\/p>\n","protected":false},"excerpt":{"rendered":"<p>Politica sui cookie Presso Nenitus s.l. Utilizziamo cookie o altri file con funzionalit\u00e0 simili (di seguito, \u201ccookie\u201d) per fornirti un servizio migliore e offrirti una migliore esperienza di navigazione. Nenitus s.l. \u00e8 responsabile dei cookie e del trattamento dei dati ottenuti attraverso di essi, propri o di terzi, decidendo lo scopo, il contenuto e l&#8217;utilizzo [&#8230;]\n","protected":false},"author":1,"featured_media":0,"parent":0,"menu_order":0,"comment_status":"closed","ping_status":"closed","template":"","meta":{"footnotes":""},"class_list":["post-2699","page","type-page","status-publish","hentry"],"yoast_head":"<!-- This site is optimized with the Yoast SEO plugin v23.9 - https:\/\/yoast.com\/wordpress\/plugins\/seo\/ -->\n<title>Politica sui cookie - Nenitus<\/title>\n<meta name=\"robots\" content=\"index, follow, max-snippet:-1, max-image-preview:large, max-video-preview:-1\" \/>\n<link rel=\"canonical\" href=\"https:\/\/nenitus.es\/it\/politica-sui-cookie\/\" \/>\n<meta property=\"og:locale\" content=\"it_IT\" \/>\n<meta property=\"og:type\" content=\"article\" \/>\n<meta property=\"og:title\" content=\"Politica sui cookie - Nenitus\" \/>\n<meta property=\"og:description\" content=\"Politica sui cookie Presso Nenitus s.l. Utilizziamo cookie o altri file con funzionalit\u00e0 simili (di seguito, \u201ccookie\u201d) per fornirti un servizio migliore e offrirti una migliore esperienza di navigazione. Nenitus s.l. \u00e8 responsabile dei cookie e del trattamento dei dati ottenuti attraverso di essi, propri o di terzi, decidendo lo scopo, il contenuto e l&#8217;utilizzo [...]\" \/>\n<meta property=\"og:url\" content=\"https:\/\/nenitus.es\/it\/politica-sui-cookie\/\" \/>\n<meta property=\"og:site_name\" content=\"Nenitus\" \/>\n<meta property=\"article:modified_time\" content=\"2023-09-16T11:46:06+00:00\" \/>\n<meta name=\"twitter:card\" content=\"summary_large_image\" \/>\n<meta name=\"twitter:label1\" content=\"Tempo di lettura stimato\" \/>\n\t<meta name=\"twitter:data1\" content=\"6 minuti\" \/>\n<script type=\"application\/ld+json\" class=\"yoast-schema-graph\">{\"@context\":\"https:\/\/schema.org\",\"@graph\":[{\"@type\":\"WebPage\",\"@id\":\"https:\/\/nenitus.es\/it\/politica-sui-cookie\/\",\"url\":\"https:\/\/nenitus.es\/it\/politica-sui-cookie\/\",\"name\":\"Politica sui cookie - Nenitus\",\"isPartOf\":{\"@id\":\"https:\/\/nenitus.es\/it\/#website\"},\"datePublished\":\"2023-05-16T08:04:03+00:00\",\"dateModified\":\"2023-09-16T11:46:06+00:00\",\"breadcrumb\":{\"@id\":\"https:\/\/nenitus.es\/it\/politica-sui-cookie\/#breadcrumb\"},\"inLanguage\":\"it-IT\",\"potentialAction\":[{\"@type\":\"ReadAction\",\"target\":[\"https:\/\/nenitus.es\/it\/politica-sui-cookie\/\"]}]},{\"@type\":\"BreadcrumbList\",\"@id\":\"https:\/\/nenitus.es\/it\/politica-sui-cookie\/#breadcrumb\",\"itemListElement\":[{\"@type\":\"ListItem\",\"position\":1,\"name\":\"Portada\",\"item\":\"https:\/\/nenitus.es\/it\/\"},{\"@type\":\"ListItem\",\"position\":2,\"name\":\"Politica sui cookie\"}]},{\"@type\":\"WebSite\",\"@id\":\"https:\/\/nenitus.es\/it\/#website\",\"url\":\"https:\/\/nenitus.es\/it\/\",\"name\":\"Nenitus\",\"description\":\"\",\"potentialAction\":[{\"@type\":\"SearchAction\",\"target\":{\"@type\":\"EntryPoint\",\"urlTemplate\":\"https:\/\/nenitus.es\/it\/?s={search_term_string}\"},\"query-input\":{\"@type\":\"PropertyValueSpecification\",\"valueRequired\":true,\"valueName\":\"search_term_string\"}}],\"inLanguage\":\"it-IT\"}]}<\/script>\n<!-- \/ Yoast SEO plugin. -->","yoast_head_json":{"title":"Politica sui cookie - Nenitus","robots":{"index":"index","follow":"follow","max-snippet":"max-snippet:-1","max-image-preview":"max-image-preview:large","max-video-preview":"max-video-preview:-1"},"canonical":"https:\/\/nenitus.es\/it\/politica-sui-cookie\/","og_locale":"it_IT","og_type":"article","og_title":"Politica sui cookie - Nenitus","og_description":"Politica sui cookie Presso Nenitus s.l. Utilizziamo cookie o altri file con funzionalit\u00e0 simili (di seguito, \u201ccookie\u201d) per fornirti un servizio migliore e offrirti una migliore esperienza di navigazione. Nenitus s.l. \u00e8 responsabile dei cookie e del trattamento dei dati ottenuti attraverso di essi, propri o di terzi, decidendo lo scopo, il contenuto e l&#8217;utilizzo [...]","og_url":"https:\/\/nenitus.es\/it\/politica-sui-cookie\/","og_site_name":"Nenitus","article_modified_time":"2023-09-16T11:46:06+00:00","twitter_card":"summary_large_image","twitter_misc":{"Tempo di lettura stimato":"6 minuti"},"schema":{"@context":"https:\/\/schema.org","@graph":[{"@type":"WebPage","@id":"https:\/\/nenitus.es\/it\/politica-sui-cookie\/","url":"https:\/\/nenitus.es\/it\/politica-sui-cookie\/","name":"Politica sui cookie - Nenitus","isPartOf":{"@id":"https:\/\/nenitus.es\/it\/#website"},"datePublished":"2023-05-16T08:04:03+00:00","dateModified":"2023-09-16T11:46:06+00:00","breadcrumb":{"@id":"https:\/\/nenitus.es\/it\/politica-sui-cookie\/#breadcrumb"},"inLanguage":"it-IT","potentialAction":[{"@type":"ReadAction","target":["https:\/\/nenitus.es\/it\/politica-sui-cookie\/"]}]},{"@type":"BreadcrumbList","@id":"https:\/\/nenitus.es\/it\/politica-sui-cookie\/#breadcrumb","itemListElement":[{"@type":"ListItem","position":1,"name":"Portada","item":"https:\/\/nenitus.es\/it\/"},{"@type":"ListItem","position":2,"name":"Politica sui cookie"}]},{"@type":"WebSite","@id":"https:\/\/nenitus.es\/it\/#website","url":"https:\/\/nenitus.es\/it\/","name":"Nenitus","description":"","potentialAction":[{"@type":"SearchAction","target":{"@type":"EntryPoint","urlTemplate":"https:\/\/nenitus.es\/it\/?s={search_term_string}"},"query-input":{"@type":"PropertyValueSpecification","valueRequired":true,"valueName":"search_term_string"}}],"inLanguage":"it-IT"}]}},"jetpack_sharing_enabled":true,"_links":{"self":[{"href":"https:\/\/nenitus.es\/it\/wp-json\/wp\/v2\/pages\/2699","targetHints":{"allow":["GET"]}}],"collection":[{"href":"https:\/\/nenitus.es\/it\/wp-json\/wp\/v2\/pages"}],"about":[{"href":"https:\/\/nenitus.es\/it\/wp-json\/wp\/v2\/types\/page"}],"author":[{"embeddable":true,"href":"https:\/\/nenitus.es\/it\/wp-json\/wp\/v2\/users\/1"}],"replies":[{"embeddable":true,"href":"https:\/\/nenitus.es\/it\/wp-json\/wp\/v2\/comments?post=2699"}],"version-history":[{"count":2,"href":"https:\/\/nenitus.es\/it\/wp-json\/wp\/v2\/pages\/2699\/revisions"}],"predecessor-version":[{"id":2705,"href":"https:\/\/nenitus.es\/it\/wp-json\/wp\/v2\/pages\/2699\/revisions\/2705"}],"wp:attachment":[{"href":"https:\/\/nenitus.es\/it\/wp-json\/wp\/v2\/media?parent=2699"}],"curies":[{"name":"wp","href":"https:\/\/api.w.org\/{rel}","templated":true}]}}