{"id":2708,"date":"2023-05-01T12:42:43","date_gmt":"2023-05-01T10:42:43","guid":{"rendered":"https:\/\/nenitus.es\/bandeja-exploracion-para-caja-de-luz\/"},"modified":"2024-12-03T00:03:15","modified_gmt":"2024-12-02T23:03:15","slug":"vassoio-esplorativo-per-tavolo-luminoso","status":"publish","type":"product","link":"https:\/\/nenitus.es\/it\/vassoio-esplorativo-per-tavolo-luminoso\/","title":{"rendered":"Vassoio esplorativo per tavolo luminoso"},"content":{"rendered":"<h1><strong><span style=\"font-size: 100%;\">Vassoio di scansione per lightbox <\/span><\/strong><\/h1>\n<p>Il Lightbox Exploration Tray \u00e8 un accessorio appositamente progettato per lightbox, che consente di creare un ambiente di gioco interattivo e stimolante. Questo vassoio \u00e8 realizzato in legno massello di pino e ha metacrilato spesso 5 mm, che lo rende infrangibile. Inoltre, \u00e8 proposto in diverse dimensioni per adattarsi alle diverse dimensioni dei light box disponibili sul mercato.<\/p>\n<h3><span style=\"font-size: 90%;\"><strong>Vantaggi:<\/strong><\/span><\/h3>\n<div class=\"flex-1 overflow-nascosto\">\n<div class=\"react-scroll-to-bottom--css-qlzrq-79elbk h-full dark:bg-gray-800\">\n<div class=\"react-scroll-to-bottom--css-qlzrq-1n7m0yu\">\n<div class=\"flex flex-col items-center text-sm dark:bg-gray-800\">\n<div class=\"w-full border-b border-black\/10 dark:border-gray-900\/50 text-gray-800 dark:text-gray-100 group bg-gray-50 dark:bg-[#444654 ]\">\n<div class=\"text-base gap-4 md:gap-6 m-auto md:max-w-2xl lg:max-w-2xl xl:max-w-3xl p-4 md:py-6 flex lg :px-0\">\n<div class=\"flex relativo w-[calc(100%-50px)] flex-col gap-1 md:gap-3 lg:w-[calc(100%-115px)]\">\n<div class=\"flex flex-grow flex-col gap-3\">\n<div class=\"min-h-[20px] flex flex-col items-start gap-4 whitespace-pre-wrap\">\n<div class=\"markdown prose w-full break-words dark:prose-invert light\">\n<ul>\n<li><strong>Stimolazione sensoriale:<\/strong> utilizzando il vassoio in una scatola luminosa, si crea un ambiente favorevole allo sviluppo dei sensi di ragazzi e ragazze, in quanto possono esplorare diverse texture, colori e forme.&lt; \/li&gt;<\/li>\n<li><strong>Promozione della creativit\u00e0:<\/strong> grazie alla possibilit\u00e0 di combinare diversi materiali nel vassoio, la creativit\u00e0 e la fantasia vengono stimolate nei pi\u00f9 piccoli.<\/li>\n<li><strong>Sviluppo cognitivo:<\/strong> il vassoio di scansione della scatola luminosa pu\u00f2 essere utilizzato in diverse attivit\u00e0 educative, come l&#8217;ordinamento e il conteggio di oggetti, che promuove lo sviluppo cognitivo.<\/li>\n<li><strong>Qualit\u00e0 e durata:<\/strong> il vassoio \u00e8 realizzato con materiali resistenti e di alta qualit\u00e0, che ne garantiscono la durata e una lunga vita utile.<\/li>\n<li><strong>Versatilit\u00e0:<\/strong> Grazie alla variet\u00e0 di dimensioni disponibili, il vassoio pu\u00f2 adattarsi a diverse tipologie di light box, consentendone l&#8217;utilizzo in diversi contesti ed et\u00e0.<\/li>\n<li><strong>Sicurezza:<\/strong> il metacrilato utilizzato nel vassoio \u00e8 infrangibile, il che garantisce la sicurezza dei bambini durante l&#8217;uso.<\/li>\n<li><strong>Promuovere la coordinazione occhio-mano:<\/strong> la manipolazione degli oggetti sul vassoio, cos\u00ec come il loro posizionamento nella scatola luminosa, contribuisce allo sviluppo della coordinazione occhio-mano nei bambini e nelle bambine.&lt; \/li&gt;<\/li>\n<\/ul>\n<\/div>\n<\/div>\n<\/div>\n<\/div>\n<\/div>\n<\/div>\n<\/div>\n<\/div>\n<\/div>\n<\/div>\n<h3><span style=\"font-size: 90%;\"><strong>Caratteristiche:<\/strong><\/span><\/h3>\n<ul>\n<li>Realizzato in legno di pino massiccio, completamente levigato a mano e bordi arrotondati.<\/li>\n<li>Metacrilato spesso 5 mm, infrangibile e trasparente per una maggiore visibilit\u00e0.<\/li>\n<li>Disponibile in 5 diverse dimensioni per adattarsi alle diverse dimensioni dei light box:\n<ul>\n<li>Per i light box da 30&#215;40 cm \u00e8 necessario selezionare il vassoio da 30&#215;40 cm.<\/li>\n<li>Per i light box da 30&#215;50 cm, 40&#215;40 cm e 40&#215;50 cm \u00e8 necessario selezionare il vassoio 40&#215;50 cm.<\/li>\n<li>Per i light box da 50&#215;50 cm, 40&#215;60 cm e 50&#215;60 cm \u00e8 necessario selezionare il vassoio da 50&#215;60 cm.<\/li>\n<li>Per i light box da 60x60cm, 70x50cm, 70x60cm, 80x50cm e 80x60cm \u00e8 necessario selezionare il vassoio 80x60cm.<\/li>\n<li>Per i light box da 90x50cm, 90x60cm, 100x50cm e 100x60cm \u00e8 necessario selezionare il vassoio 100x60cm.<\/li>\n<\/ul>\n<\/li>\n<li>Compatibile con la maggior parte delle scatole luminose sul mercato.<\/li>\n<li>Et\u00e0 consigliata: +10 mesi.<\/li>\n<\/ul>\n<h3><strong><span style=\"font-size: 90%;\">Prezzo:\u00a0<\/span><\/strong><\/h3>\n<p>Il prezzo del vassoio di scansione per light box \u00e8 a partire da \u20ac25<\/p>\n<h3><strong><span style=\"font-size: 90%;\">Materiali:<\/span><\/strong><\/h3>\n<ul>\n<li>Legno di pino massiccio.<\/li>\n<li>Metacrilato infrangibile.<\/li>\n<\/ul>\n<h3><span style=\"font-size: 90%;\"><strong>Spedizione:<\/strong><\/span><\/h3>\n<ul>\n<li>Tempo di spedizione approssimativo per questo prodotto: da 2 a 5 giorni lavorativi (se ne hai bisogno per una data specifica, contattaci)<\/li>\n<\/ul>\n","protected":false},"excerpt":{"rendered":"<p>Il vassoio da esplorazione della scatola luminosa \u00e8 un accessorio realizzato in legno massello di pino e metacrilato infrangibile di 5 mm di spessore, progettato per adattarsi a diverse dimensioni di scatole luminose e offrire una piattaforma stabile e sicura per l&#8217;esplorazione e il gioco sensoriale. \u00c8 ideale per promuovere la creativit\u00e0, l&#8217;immaginazione e la concentrazione nei ragazzi e nelle ragazze dai 10 mesi.<\/p>\n","protected":false},"featured_media":2493,"comment_status":"open","ping_status":"closed","template":"","meta":[],"product_cat":[92,91],"product_tag":[],"class_list":{"0":"post-2708","1":"product","2":"type-product","3":"status-publish","4":"has-post-thumbnail","6":"product_cat-materiali-montessori","7":"product_cat-tavolo-luminoso","9":"first","10":"instock","11":"taxable","12":"shipping-taxable","13":"purchasable","14":"product-type-variable","15":"has-default-attributes"},"yoast_head":"<!-- This site is optimized with the Yoast SEO plugin v23.9 - https:\/\/yoast.com\/wordpress\/plugins\/seo\/ -->\n<title>Vassoio esplorativo per tavolo luminoso<\/title>\n<meta name=\"description\" content=\"Scopri il nostro Exploration Tray per light box, realizzato in legno massello di pino e metacrilato infrangibile di 5 mm di spessore.\" \/>\n<meta name=\"robots\" content=\"index, follow, max-snippet:-1, max-image-preview:large, max-video-preview:-1\" \/>\n<link rel=\"canonical\" href=\"https:\/\/nenitus.es\/it\/vassoio-esplorativo-per-tavolo-luminoso\/\" \/>\n<meta property=\"og:locale\" content=\"it_IT\" \/>\n<meta property=\"og:type\" content=\"article\" \/>\n<meta property=\"og:title\" content=\"Vassoio esplorativo per tavolo luminoso\" \/>\n<meta property=\"og:description\" content=\"Scopri il nostro Exploration Tray per light box, realizzato in legno massello di pino e metacrilato infrangibile di 5 mm di spessore.\" \/>\n<meta property=\"og:url\" content=\"https:\/\/nenitus.es\/it\/vassoio-esplorativo-per-tavolo-luminoso\/\" \/>\n<meta property=\"og:site_name\" content=\"Nenitus\" \/>\n<meta property=\"article:modified_time\" content=\"2024-12-02T23:03:15+00:00\" \/>\n<meta property=\"og:image\" content=\"https:\/\/nenitus.es\/wp-content\/uploads\/2023\/05\/42-removebg-preview__3_-removebg-preview.png\" \/>\n\t<meta property=\"og:image:width\" content=\"500\" \/>\n\t<meta property=\"og:image:height\" content=\"500\" \/>\n\t<meta property=\"og:image:type\" content=\"image\/png\" \/>\n<meta name=\"twitter:card\" content=\"summary_large_image\" \/>\n<meta name=\"twitter:label1\" content=\"Tempo di lettura stimato\" \/>\n\t<meta name=\"twitter:data1\" content=\"2 minuti\" \/>\n<script type=\"application\/ld+json\" class=\"yoast-schema-graph\">{\"@context\":\"https:\/\/schema.org\",\"@graph\":[{\"@type\":\"WebPage\",\"@id\":\"https:\/\/nenitus.es\/it\/vassoio-esplorativo-per-tavolo-luminoso\/\",\"url\":\"https:\/\/nenitus.es\/it\/vassoio-esplorativo-per-tavolo-luminoso\/\",\"name\":\"Vassoio esplorativo per tavolo luminoso\",\"isPartOf\":{\"@id\":\"https:\/\/nenitus.es\/it\/#website\"},\"primaryImageOfPage\":{\"@id\":\"https:\/\/nenitus.es\/it\/vassoio-esplorativo-per-tavolo-luminoso\/#primaryimage\"},\"image\":{\"@id\":\"https:\/\/nenitus.es\/it\/vassoio-esplorativo-per-tavolo-luminoso\/#primaryimage\"},\"thumbnailUrl\":\"https:\/\/nenitus.es\/wp-content\/uploads\/2023\/05\/42-removebg-preview__3_-removebg-preview.png\",\"datePublished\":\"2023-05-01T10:42:43+00:00\",\"dateModified\":\"2024-12-02T23:03:15+00:00\",\"description\":\"Scopri il nostro Exploration Tray per light box, realizzato in legno massello di pino e metacrilato infrangibile di 5 mm di spessore.\",\"breadcrumb\":{\"@id\":\"https:\/\/nenitus.es\/it\/vassoio-esplorativo-per-tavolo-luminoso\/#breadcrumb\"},\"inLanguage\":\"it-IT\",\"potentialAction\":[{\"@type\":\"ReadAction\",\"target\":[\"https:\/\/nenitus.es\/it\/vassoio-esplorativo-per-tavolo-luminoso\/\"]}]},{\"@type\":\"ImageObject\",\"inLanguage\":\"it-IT\",\"@id\":\"https:\/\/nenitus.es\/it\/vassoio-esplorativo-per-tavolo-luminoso\/#primaryimage\",\"url\":\"https:\/\/nenitus.es\/wp-content\/uploads\/2023\/05\/42-removebg-preview__3_-removebg-preview.png\",\"contentUrl\":\"https:\/\/nenitus.es\/wp-content\/uploads\/2023\/05\/42-removebg-preview__3_-removebg-preview.png\",\"width\":500,\"height\":500},{\"@type\":\"BreadcrumbList\",\"@id\":\"https:\/\/nenitus.es\/it\/vassoio-esplorativo-per-tavolo-luminoso\/#breadcrumb\",\"itemListElement\":[{\"@type\":\"ListItem\",\"position\":1,\"name\":\"Portada\",\"item\":\"https:\/\/nenitus.es\/it\/\"},{\"@type\":\"ListItem\",\"position\":2,\"name\":\"Negozio\",\"item\":\"https:\/\/nenitus.es\/it\/negozio\/\"},{\"@type\":\"ListItem\",\"position\":3,\"name\":\"Vassoio esplorativo per tavolo luminoso\"}]},{\"@type\":\"WebSite\",\"@id\":\"https:\/\/nenitus.es\/it\/#website\",\"url\":\"https:\/\/nenitus.es\/it\/\",\"name\":\"Nenitus\",\"description\":\"\",\"potentialAction\":[{\"@type\":\"SearchAction\",\"target\":{\"@type\":\"EntryPoint\",\"urlTemplate\":\"https:\/\/nenitus.es\/it\/?s={search_term_string}\"},\"query-input\":{\"@type\":\"PropertyValueSpecification\",\"valueRequired\":true,\"valueName\":\"search_term_string\"}}],\"inLanguage\":\"it-IT\"}]}<\/script>\n<!-- \/ Yoast SEO plugin. -->","yoast_head_json":{"title":"Vassoio esplorativo per tavolo luminoso","description":"Scopri il nostro Exploration Tray per light box, realizzato in legno massello di pino e metacrilato infrangibile di 5 mm di spessore.","robots":{"index":"index","follow":"follow","max-snippet":"max-snippet:-1","max-image-preview":"max-image-preview:large","max-video-preview":"max-video-preview:-1"},"canonical":"https:\/\/nenitus.es\/it\/vassoio-esplorativo-per-tavolo-luminoso\/","og_locale":"it_IT","og_type":"article","og_title":"Vassoio esplorativo per tavolo luminoso","og_description":"Scopri il nostro Exploration Tray per light box, realizzato in legno massello di pino e metacrilato infrangibile di 5 mm di spessore.","og_url":"https:\/\/nenitus.es\/it\/vassoio-esplorativo-per-tavolo-luminoso\/","og_site_name":"Nenitus","article_modified_time":"2024-12-02T23:03:15+00:00","og_image":[{"width":500,"height":500,"url":"https:\/\/nenitus.es\/wp-content\/uploads\/2023\/05\/42-removebg-preview__3_-removebg-preview.png","type":"image\/png"}],"twitter_card":"summary_large_image","twitter_misc":{"Tempo di lettura stimato":"2 minuti"},"schema":{"@context":"https:\/\/schema.org","@graph":[{"@type":"WebPage","@id":"https:\/\/nenitus.es\/it\/vassoio-esplorativo-per-tavolo-luminoso\/","url":"https:\/\/nenitus.es\/it\/vassoio-esplorativo-per-tavolo-luminoso\/","name":"Vassoio esplorativo per tavolo luminoso","isPartOf":{"@id":"https:\/\/nenitus.es\/it\/#website"},"primaryImageOfPage":{"@id":"https:\/\/nenitus.es\/it\/vassoio-esplorativo-per-tavolo-luminoso\/#primaryimage"},"image":{"@id":"https:\/\/nenitus.es\/it\/vassoio-esplorativo-per-tavolo-luminoso\/#primaryimage"},"thumbnailUrl":"https:\/\/nenitus.es\/wp-content\/uploads\/2023\/05\/42-removebg-preview__3_-removebg-preview.png","datePublished":"2023-05-01T10:42:43+00:00","dateModified":"2024-12-02T23:03:15+00:00","description":"Scopri il nostro Exploration Tray per light box, realizzato in legno massello di pino e metacrilato infrangibile di 5 mm di spessore.","breadcrumb":{"@id":"https:\/\/nenitus.es\/it\/vassoio-esplorativo-per-tavolo-luminoso\/#breadcrumb"},"inLanguage":"it-IT","potentialAction":[{"@type":"ReadAction","target":["https:\/\/nenitus.es\/it\/vassoio-esplorativo-per-tavolo-luminoso\/"]}]},{"@type":"ImageObject","inLanguage":"it-IT","@id":"https:\/\/nenitus.es\/it\/vassoio-esplorativo-per-tavolo-luminoso\/#primaryimage","url":"https:\/\/nenitus.es\/wp-content\/uploads\/2023\/05\/42-removebg-preview__3_-removebg-preview.png","contentUrl":"https:\/\/nenitus.es\/wp-content\/uploads\/2023\/05\/42-removebg-preview__3_-removebg-preview.png","width":500,"height":500},{"@type":"BreadcrumbList","@id":"https:\/\/nenitus.es\/it\/vassoio-esplorativo-per-tavolo-luminoso\/#breadcrumb","itemListElement":[{"@type":"ListItem","position":1,"name":"Portada","item":"https:\/\/nenitus.es\/it\/"},{"@type":"ListItem","position":2,"name":"Negozio","item":"https:\/\/nenitus.es\/it\/negozio\/"},{"@type":"ListItem","position":3,"name":"Vassoio esplorativo per tavolo luminoso"}]},{"@type":"WebSite","@id":"https:\/\/nenitus.es\/it\/#website","url":"https:\/\/nenitus.es\/it\/","name":"Nenitus","description":"","potentialAction":[{"@type":"SearchAction","target":{"@type":"EntryPoint","urlTemplate":"https:\/\/nenitus.es\/it\/?s={search_term_string}"},"query-input":{"@type":"PropertyValueSpecification","valueRequired":true,"valueName":"search_term_string"}}],"inLanguage":"it-IT"}]}},"jetpack_sharing_enabled":true,"_links":{"self":[{"href":"https:\/\/nenitus.es\/it\/wp-json\/wp\/v2\/product\/2708","targetHints":{"allow":["GET"]}}],"collection":[{"href":"https:\/\/nenitus.es\/it\/wp-json\/wp\/v2\/product"}],"about":[{"href":"https:\/\/nenitus.es\/it\/wp-json\/wp\/v2\/types\/product"}],"replies":[{"embeddable":true,"href":"https:\/\/nenitus.es\/it\/wp-json\/wp\/v2\/comments?post=2708"}],"wp:featuredmedia":[{"embeddable":true,"href":"https:\/\/nenitus.es\/it\/wp-json\/wp\/v2\/media\/2493"}],"wp:attachment":[{"href":"https:\/\/nenitus.es\/it\/wp-json\/wp\/v2\/media?parent=2708"}],"wp:term":[{"taxonomy":"product_cat","embeddable":true,"href":"https:\/\/nenitus.es\/it\/wp-json\/wp\/v2\/product_cat?post=2708"},{"taxonomy":"product_tag","embeddable":true,"href":"https:\/\/nenitus.es\/it\/wp-json\/wp\/v2\/product_tag?post=2708"}],"curies":[{"name":"wp","href":"https:\/\/api.w.org\/{rel}","templated":true}]}}