{"id":2789,"date":"2023-05-01T12:37:32","date_gmt":"2023-05-01T10:37:32","guid":{"rendered":"https:\/\/nenitus.es\/scatola-luminosa-montessori\/"},"modified":"2025-02-21T12:45:00","modified_gmt":"2025-02-21T11:45:00","slug":"scatola-luminosa-montessori","status":"publish","type":"product","link":"https:\/\/nenitus.es\/it\/scatola-luminosa-montessori\/","title":{"rendered":"Scatola luminosa Montessori"},"content":{"rendered":"<h2><span style=\"font-size: 100%;\"><strong>Tavolo luminoso Montessori &#8211; Incoraggia la creativit\u00e0 e l&#8217;apprendimento<\/strong><\/span><\/h2>\n<p>La scatola luminosa Montessori \u00e8 uno strumento educativo unico che incoraggia la creativit\u00e0 e l&#8217;apprendimento nei bambini. La scatola luminosa ha una superficie illuminata che pu\u00f2 essere utilizzata per esplorare diversi materiali e texture, dai mattoncini agli oggetti naturali come foglie e fiori.<\/p>\n<p>La scatola luminosa Montessori \u00e8 uno strumento versatile che pu\u00f2 essere utilizzato per un&#8217;ampia variet\u00e0 di attivit\u00e0 educative, come la creazione di modelli, l&#8217;esplorazione di colori e forme e lo sviluppo di abilit\u00e0 matematiche e scientifiche. Inoltre, pu\u00f2 essere utilizzato anche come strumento terapeutico per bambini con bisogni speciali.<\/p>\n<h2><span style=\"font-size: 90%;\"><strong>Vantaggi del tavolo luminoso Montessori per i bambini pi\u00f9 piccoli<\/strong><\/span><\/h2>\n<ul>\n<li><strong>Stimola la creativit\u00e0<\/strong>: sperimentando diversi materiali e oggetti nella scatola luminosa, i bambini possono esplorare e scoprire nuovi modi di giocare e creare. La scatola luminosa \u00e8 uno spazio ideale per il gioco libero e la creativit\u00e0.<\/li>\n<li><strong>Favorisce l&#8217;attenzione e la concentrazione<\/strong>: quando lavorano con la scatola luminosa Montessori, i bambini dovrebbero concentrarsi sui dettagli e prestare attenzione a ci\u00f2 che stanno facendo. Questa attivit\u00e0 li aiuta a sviluppare importanti capacit\u00e0 di attenzione e concentrazione che saranno utili in altri aspetti della loro vita.<\/li>\n<li><strong>Sviluppa abilit\u00e0 sensoriali<\/strong>: la scatola luminosa \u00e8 uno strumento sensoriale che consente ai bambini di sperimentare diverse texture, colori, forme e dimensioni. Cos\u00ec facendo, possono sviluppare importanti capacit\u00e0 sensoriali, come la percezione visiva e tattile.<\/li>\n<li><strong>Incoraggia l&#8217;apprendimento precoce di matematica e scienze<\/strong>: lavorando con materiali come blocchi, figure geometriche e oggetti di diverse dimensioni e forme nella scatola luminosa, i bambini possono esplorare concetti matematici e scientifici di base, come come classificazione, corrispondenza e simmetria.<\/li>\n<li><strong>Incoraggia la socializzazione e il lavoro di squadra<\/strong>: la scatola luminosa pu\u00f2 essere un&#8217;attivit\u00e0 collaborativa in cui i bambini lavorano insieme per creare ed esplorare. Questo li aiuta a sviluppare importanti abilit\u00e0 sociali, come la comunicazione e il lavoro di squadra.<\/li>\n<\/ul>\n<h2><strong><span style=\"font-size: 90%;\">Funzioni lightbox:<\/span><\/strong><\/h2>\n<ul>\n<li>Superficie illuminata di alta qualit\u00e0 per una luce chiara e brillante.<\/li>\n<li>Dimensioni compatte e portatili per un facile stoccaggio e trasporto.<\/li>\n<li>Design durevole e robusto per un uso a lungo termine.<\/li>\n<li>Adatto a bambini di tutte le et\u00e0.<\/li>\n<\/ul>\n<h3><strong><span style=\"font-size: 90%;\">Prezzo:<\/span><\/strong><\/h3>\n<ul>\n<li>Il prezzo della scatola luminosa Montessori \u00e8 di \u20ac 59<\/li>\n<\/ul>\n<h3><span style=\"font-size: 90%;\"><strong>Materiali:<\/strong><\/span><\/h3>\n<ul>\n<li>Le nostre luci LED RGBW hanno la temperatura adeguata di 3.800K (non superano la massima consentita per la sicurezza), un bianco naturale con pi\u00f9 di 50.000 ore di utilizzo, 20 colori diversi nell&#8217;RGBW.<\/li>\n<li>Il metacrilato colato \u00e8 opalino, per consentire il passaggio della luce in tutta sicurezza ed \u00e8 spesso 5 mm, totalmente sicuro e infrangibile per i pi\u00f9 piccoli.<\/li>\n<li>Il legno che lavoriamo \u00e8 pino massiccio naturale, molto resistente e sicuro, viene completamente levigato sui lati, sui bordi e sugli angoli.<\/li>\n<li>Tutte le nostre scatole hanno il certificato <a href=\"https:\/\/es.wikipedia.org\/wiki\/Marcado_CE\" target=\"_blank\" rel=\"noopener noreferrer\"><img loading=\"lazy\" decoding=\"async\" class=\"alignnone\" src=\" https:\/\/upload.wikimedia.org\/wikipedia\/commons\/thumb\/6\/66\/Conformit%C3%A9_Europ%C3%A9enne_%28logo%29.svg\/200px-Conformit%C3%A9_Europ%C3%A9enne_%28logo% 29.svg.png\" alt=\"\" width=\"19\" height=\"14\" \/><\/a> (certificazione europea), la marcatura <a href=\"https:\/\/es.wikipedia.org\/wiki\/ Marchio CE\" target=\"_blank\" rel=\"noopener noreferrer\"><img decoding=\"async\" class=\"alignnone\" src=\"https:\/\/upload.wikimedia.org\/wikipedia\/commons\/thumb\/6\/66\/Conformit%C3%A9_Europ% C3%A9enne_%28logo%29.svg\/200px-Conformit%C3%A9_Europ%C3%A9enne_%28logo%29.svg.png\" alt=\"\" \/><\/a> \u00c8 un indicatore fondamentale della <b>conformit\u00e0 di un prodotto alla legislazione dell&#8217;Unione Europea, <\/b>completamente sicuro per i re di casa. Sono inoltre certificati in un laboratorio ufficiale, dove sono stati effettuati test per garantire che siano sicuri per la salute visiva dei pi\u00f9 piccoli. I bambini non hanno un cristallino completamente sviluppato e non filtra la luce come quello di un adulto. Ecco perch\u00e9 questa certificazione \u00e8 importante<\/li>\n<\/ul>\n<div class=\"row\"  id=\"row-1866016719\">\n\n\t<div id=\"col-907502959\" class=\"col medium-6 small-12 large-6\"  >\n\t\t\t\t<div class=\"col-inner text-center\"  >\n\t\t\t\n\t\t\t\n<p>Video dimostrativo della scatola luminosa con gambe e coperchio lavagna + specchio:<\/p>\n<p><iframe loading=\"lazy\" src=\"https:\/\/www.youtube.com\/embed\/m-7WdOJU0Vg?rel=0\" width=\"723\" height=\"409\" frameborder=\"0\" allowfullscreen=\"allowfullscreen\"><\/iframe><\/p>\n\t\t<\/div>\n\t\t\t\t\t<\/div>\n\n\t\n\n\t<div id=\"col-1703711039\" class=\"col medium-6 small-12 large-6\"  >\n\t\t\t\t<div class=\"col-inner text-center\"  >\n\t\t\t\n\t\t\t\n<p>Video dimostrativo della scatola luminosa con luce extra nera:<\/p>\n<p><iframe loading=\"lazy\" src=\"https:\/\/www.youtube.com\/embed\/AMKqbYld0zI?rel=0\" width=\"723\" height=\"409\" frameborder=\"0\" allowfullscreen=\"allowfullscreen\"><\/iframe><\/p>\n\t\t<\/div>\n\t\t\t\t\t<\/div>\n\n\t\n<\/div>\n","protected":false},"excerpt":{"rendered":"<ul>\n<li>Incoraggia la creativit\u00e0 e l&#8217;apprendimento dei tuoi figli con questo strumento educativo unico<\/li>\n<li>Esplora diverse texture e materiali con la superficie illuminata di alta qualit\u00e0 del tavolo luminoso Montessori (Reggio Emilia)<\/li>\n<li>Sviluppa abilit\u00e0 matematiche e scientifiche divertendoti con la scatola luminosa Montessori<\/li>\n<li>Fai sentire i tuoi bambini stimolati e motivati \u200b\u200bcon questo strumento versatile e durevole<\/li>\n<\/ul>\n<p>Scatola luminosa Montessori | Nenitus<br \/>\nRisveglia la creativit\u00e0 dei tuoi bambini con la light box Reggio Emilia. Scopri i suoi vantaggi e acquista subito nel nostro store online!<\/p>\n","protected":false},"featured_media":2596,"comment_status":"open","ping_status":"closed","template":"","meta":[],"product_cat":[91],"product_tag":[],"class_list":{"0":"post-2789","1":"product","2":"type-product","3":"status-publish","4":"has-post-thumbnail","6":"product_cat-tavolo-luminoso","8":"first","9":"instock","10":"featured","11":"taxable","12":"shipping-taxable","13":"purchasable","14":"product-type-variable"},"yoast_head":"<!-- This site is optimized with the Yoast SEO plugin v23.9 - https:\/\/yoast.com\/wordpress\/plugins\/seo\/ -->\n<title>Scatola luminosa Montessori | Nenitus<\/title>\n<meta name=\"description\" content=\"Risveglia la creativit\u00e0 dei tuoi bambini con la light box Reggio Emilia. Scopri i suoi vantaggi e acquista subito nel nostro store online!\" \/>\n<meta name=\"robots\" content=\"index, follow, max-snippet:-1, max-image-preview:large, max-video-preview:-1\" \/>\n<link rel=\"canonical\" href=\"https:\/\/nenitus.es\/it\/scatola-luminosa-montessori\/\" \/>\n<meta property=\"og:locale\" content=\"it_IT\" \/>\n<meta property=\"og:type\" content=\"article\" \/>\n<meta property=\"og:title\" content=\"Scatola luminosa Montessori | Nenitus\" \/>\n<meta property=\"og:description\" content=\"Risveglia la creativit\u00e0 dei tuoi bambini con la light box Reggio Emilia. Scopri i suoi vantaggi e acquista subito nel nostro store online!\" \/>\n<meta property=\"og:url\" content=\"https:\/\/nenitus.es\/it\/scatola-luminosa-montessori\/\" \/>\n<meta property=\"og:site_name\" content=\"Nenitus\" \/>\n<meta property=\"article:modified_time\" content=\"2025-02-21T11:45:00+00:00\" \/>\n<meta property=\"og:image\" content=\"https:\/\/nenitus.es\/wp-content\/uploads\/2023\/05\/caja-de-luz-montessori.png\" \/>\n\t<meta property=\"og:image:width\" content=\"577\" \/>\n\t<meta property=\"og:image:height\" content=\"433\" \/>\n\t<meta property=\"og:image:type\" content=\"image\/png\" \/>\n<meta name=\"twitter:card\" content=\"summary_large_image\" \/>\n<meta name=\"twitter:label1\" content=\"Tempo di lettura stimato\" \/>\n\t<meta name=\"twitter:data1\" content=\"3 minuti\" \/>\n<script type=\"application\/ld+json\" class=\"yoast-schema-graph\">{\"@context\":\"https:\/\/schema.org\",\"@graph\":[{\"@type\":\"WebPage\",\"@id\":\"https:\/\/nenitus.es\/it\/scatola-luminosa-montessori\/\",\"url\":\"https:\/\/nenitus.es\/it\/scatola-luminosa-montessori\/\",\"name\":\"Scatola luminosa Montessori | Nenitus\",\"isPartOf\":{\"@id\":\"https:\/\/nenitus.es\/it\/#website\"},\"primaryImageOfPage\":{\"@id\":\"https:\/\/nenitus.es\/it\/scatola-luminosa-montessori\/#primaryimage\"},\"image\":{\"@id\":\"https:\/\/nenitus.es\/it\/scatola-luminosa-montessori\/#primaryimage\"},\"thumbnailUrl\":\"https:\/\/nenitus.es\/wp-content\/uploads\/2023\/05\/caja-de-luz-montessori.png\",\"datePublished\":\"2023-05-01T10:37:32+00:00\",\"dateModified\":\"2025-02-21T11:45:00+00:00\",\"description\":\"Risveglia la creativit\u00e0 dei tuoi bambini con la light box Reggio Emilia. Scopri i suoi vantaggi e acquista subito nel nostro store online!\",\"breadcrumb\":{\"@id\":\"https:\/\/nenitus.es\/it\/scatola-luminosa-montessori\/#breadcrumb\"},\"inLanguage\":\"it-IT\",\"potentialAction\":[{\"@type\":\"ReadAction\",\"target\":[\"https:\/\/nenitus.es\/it\/scatola-luminosa-montessori\/\"]}]},{\"@type\":\"ImageObject\",\"inLanguage\":\"it-IT\",\"@id\":\"https:\/\/nenitus.es\/it\/scatola-luminosa-montessori\/#primaryimage\",\"url\":\"https:\/\/nenitus.es\/wp-content\/uploads\/2023\/05\/caja-de-luz-montessori.png\",\"contentUrl\":\"https:\/\/nenitus.es\/wp-content\/uploads\/2023\/05\/caja-de-luz-montessori.png\",\"width\":577,\"height\":433},{\"@type\":\"BreadcrumbList\",\"@id\":\"https:\/\/nenitus.es\/it\/scatola-luminosa-montessori\/#breadcrumb\",\"itemListElement\":[{\"@type\":\"ListItem\",\"position\":1,\"name\":\"Portada\",\"item\":\"https:\/\/nenitus.es\/it\/\"},{\"@type\":\"ListItem\",\"position\":2,\"name\":\"Negozio\",\"item\":\"https:\/\/nenitus.es\/it\/negozio\/\"},{\"@type\":\"ListItem\",\"position\":3,\"name\":\"Scatola luminosa Montessori\"}]},{\"@type\":\"WebSite\",\"@id\":\"https:\/\/nenitus.es\/it\/#website\",\"url\":\"https:\/\/nenitus.es\/it\/\",\"name\":\"Nenitus\",\"description\":\"\",\"potentialAction\":[{\"@type\":\"SearchAction\",\"target\":{\"@type\":\"EntryPoint\",\"urlTemplate\":\"https:\/\/nenitus.es\/it\/?s={search_term_string}\"},\"query-input\":{\"@type\":\"PropertyValueSpecification\",\"valueRequired\":true,\"valueName\":\"search_term_string\"}}],\"inLanguage\":\"it-IT\"}]}<\/script>\n<!-- \/ Yoast SEO plugin. -->","yoast_head_json":{"title":"Scatola luminosa Montessori | Nenitus","description":"Risveglia la creativit\u00e0 dei tuoi bambini con la light box Reggio Emilia. Scopri i suoi vantaggi e acquista subito nel nostro store online!","robots":{"index":"index","follow":"follow","max-snippet":"max-snippet:-1","max-image-preview":"max-image-preview:large","max-video-preview":"max-video-preview:-1"},"canonical":"https:\/\/nenitus.es\/it\/scatola-luminosa-montessori\/","og_locale":"it_IT","og_type":"article","og_title":"Scatola luminosa Montessori | Nenitus","og_description":"Risveglia la creativit\u00e0 dei tuoi bambini con la light box Reggio Emilia. Scopri i suoi vantaggi e acquista subito nel nostro store online!","og_url":"https:\/\/nenitus.es\/it\/scatola-luminosa-montessori\/","og_site_name":"Nenitus","article_modified_time":"2025-02-21T11:45:00+00:00","og_image":[{"width":577,"height":433,"url":"https:\/\/nenitus.es\/wp-content\/uploads\/2023\/05\/caja-de-luz-montessori.png","type":"image\/png"}],"twitter_card":"summary_large_image","twitter_misc":{"Tempo di lettura stimato":"3 minuti"},"schema":{"@context":"https:\/\/schema.org","@graph":[{"@type":"WebPage","@id":"https:\/\/nenitus.es\/it\/scatola-luminosa-montessori\/","url":"https:\/\/nenitus.es\/it\/scatola-luminosa-montessori\/","name":"Scatola luminosa Montessori | Nenitus","isPartOf":{"@id":"https:\/\/nenitus.es\/it\/#website"},"primaryImageOfPage":{"@id":"https:\/\/nenitus.es\/it\/scatola-luminosa-montessori\/#primaryimage"},"image":{"@id":"https:\/\/nenitus.es\/it\/scatola-luminosa-montessori\/#primaryimage"},"thumbnailUrl":"https:\/\/nenitus.es\/wp-content\/uploads\/2023\/05\/caja-de-luz-montessori.png","datePublished":"2023-05-01T10:37:32+00:00","dateModified":"2025-02-21T11:45:00+00:00","description":"Risveglia la creativit\u00e0 dei tuoi bambini con la light box Reggio Emilia. Scopri i suoi vantaggi e acquista subito nel nostro store online!","breadcrumb":{"@id":"https:\/\/nenitus.es\/it\/scatola-luminosa-montessori\/#breadcrumb"},"inLanguage":"it-IT","potentialAction":[{"@type":"ReadAction","target":["https:\/\/nenitus.es\/it\/scatola-luminosa-montessori\/"]}]},{"@type":"ImageObject","inLanguage":"it-IT","@id":"https:\/\/nenitus.es\/it\/scatola-luminosa-montessori\/#primaryimage","url":"https:\/\/nenitus.es\/wp-content\/uploads\/2023\/05\/caja-de-luz-montessori.png","contentUrl":"https:\/\/nenitus.es\/wp-content\/uploads\/2023\/05\/caja-de-luz-montessori.png","width":577,"height":433},{"@type":"BreadcrumbList","@id":"https:\/\/nenitus.es\/it\/scatola-luminosa-montessori\/#breadcrumb","itemListElement":[{"@type":"ListItem","position":1,"name":"Portada","item":"https:\/\/nenitus.es\/it\/"},{"@type":"ListItem","position":2,"name":"Negozio","item":"https:\/\/nenitus.es\/it\/negozio\/"},{"@type":"ListItem","position":3,"name":"Scatola luminosa Montessori"}]},{"@type":"WebSite","@id":"https:\/\/nenitus.es\/it\/#website","url":"https:\/\/nenitus.es\/it\/","name":"Nenitus","description":"","potentialAction":[{"@type":"SearchAction","target":{"@type":"EntryPoint","urlTemplate":"https:\/\/nenitus.es\/it\/?s={search_term_string}"},"query-input":{"@type":"PropertyValueSpecification","valueRequired":true,"valueName":"search_term_string"}}],"inLanguage":"it-IT"}]}},"jetpack_sharing_enabled":true,"_links":{"self":[{"href":"https:\/\/nenitus.es\/it\/wp-json\/wp\/v2\/product\/2789","targetHints":{"allow":["GET"]}}],"collection":[{"href":"https:\/\/nenitus.es\/it\/wp-json\/wp\/v2\/product"}],"about":[{"href":"https:\/\/nenitus.es\/it\/wp-json\/wp\/v2\/types\/product"}],"replies":[{"embeddable":true,"href":"https:\/\/nenitus.es\/it\/wp-json\/wp\/v2\/comments?post=2789"}],"wp:featuredmedia":[{"embeddable":true,"href":"https:\/\/nenitus.es\/it\/wp-json\/wp\/v2\/media\/2596"}],"wp:attachment":[{"href":"https:\/\/nenitus.es\/it\/wp-json\/wp\/v2\/media?parent=2789"}],"wp:term":[{"taxonomy":"product_cat","embeddable":true,"href":"https:\/\/nenitus.es\/it\/wp-json\/wp\/v2\/product_cat?post=2789"},{"taxonomy":"product_tag","embeddable":true,"href":"https:\/\/nenitus.es\/it\/wp-json\/wp\/v2\/product_tag?post=2789"}],"curies":[{"name":"wp","href":"https:\/\/api.w.org\/{rel}","templated":true}]}}