{"id":2868,"date":"2023-05-01T12:36:46","date_gmt":"2023-05-01T10:36:46","guid":{"rendered":"https:\/\/nenitus.es\/specchio-montessori-con-o-senza-barra\/"},"modified":"2025-07-09T05:19:32","modified_gmt":"2025-07-09T03:19:32","slug":"specchio-montessori-con-o-senza-barra","status":"publish","type":"product","link":"https:\/\/nenitus.es\/it\/specchio-montessori-con-o-senza-barra\/","title":{"rendered":"Specchio Montessori con o senza barra"},"content":{"rendered":"<h2><strong><span style=\"font-size: 100%;\">Specchio Montessori per bambini &#8211; Sviluppo sensoriale ed emotivo<\/span><\/strong><\/h2>\n<ul>\n<li>Lo <strong>specchio Montessori<\/strong> per bambini \u00e8 uno strumento educativo pensato per stimolare lo sviluppo sensoriale ed emotivo dei bambini.<\/li>\n<li>Lo specchio \u00e8 realizzato con materiali di alta qualit\u00e0 e presenta una robusta struttura in legno che lo rende sicuro per i bambini.<\/li>\n<li>Il design Montessori \u00e8 progettato per incoraggiare l&#8217;indipendenza e l&#8217;esplorazione di s\u00e9 dei bambini, aiutandoli allo stesso tempo a sviluppare capacit\u00e0 emotive come l&#8217;autostima e la fiducia.<\/li>\n<li>Lo specchio \u00e8 facile da installare e pu\u00f2 essere posizionato ovunque nella stanza, sia a parete che a terra.<\/li>\n<li>Questo specchio \u00e8 perfetto per l&#8217;uso nelle aule <strong>Montessori<\/strong>, negli asili nido, nelle case e in qualsiasi altro ambiente in cui si desidera incoraggiare lo sviluppo dei bambini.<\/li>\n<li>Lo specchio \u00e8 un elemento essenziale nella scoperta della propria immagine.<\/li>\n<li>Promuove lo sviluppo e la crescita del bambino.<\/li>\n<li><strong>Specchio Montessori<\/strong> con o senza barra Nenitus, per potersi muovere, camminare, aiutarsi e sperimentare gli elementi nell&#8217;ambiente di questo spazio.<\/li>\n<\/ul>\n<h2><span style=\"font-size: 90%;\"><strong>Vantaggi dello specchio Montessori per il bambino:<\/strong><\/span><\/h2>\n<ul>\n<li><strong>Promuove l&#8217;autostima e la consapevolezza di s\u00e9<\/strong>: utilizzando uno <strong>specchio Montessori<\/strong>, i bambini possono osservare il proprio corpo e il proprio riflesso, permettendo loro di sviluppare una maggiore consapevolezza di s\u00e9 se stessi e il loro ambiente. Inoltre, essendo in grado di vedere se stessi, i bambini possono sentirsi pi\u00f9 sicuri e fiduciosi nelle proprie capacit\u00e0.<\/li>\n<li><strong>Sviluppo cognitivo<\/strong>: utilizzando uno specchio <strong>Montessor<\/strong>i, i bambini possono sviluppare importanti capacit\u00e0 cognitive, come la percezione visiva e spaziale. Osservando il proprio corpo e l&#8217;ambiente circostante riflessi allo specchio, i bambini possono imparare a riconoscere modelli e forme, oltre a sviluppare la memoria e la capacit\u00e0 di attenzione.<\/li>\n<li><strong>Sviluppo del linguaggio<\/strong>: utilizzando uno <strong>specchio Montessori<\/strong>, i bambini possono praticare il linguaggio e la comunicazione. Descrivendo ci\u00f2 che vedono allo specchio, i bambini possono imparare nuove parole e sviluppare la loro capacit\u00e0 di esprimersi verbalmente.<\/li>\n<li><strong>Incoraggia l&#8217;indipendenza<\/strong>: utilizzando uno <strong>specchio Montessori<\/strong>, i bambini possono imparare a fare cose da soli, come pettinarsi o vestirsi. Osservando il proprio riflesso e il proprio ambiente, i bambini possono sviluppare competenze per prendersi cura di se stessi e diventare pi\u00f9 indipendenti.<\/li>\n<li><strong>Promuove la calma e il relax<\/strong>: utilizzando uno <strong>specchio Montessori<\/strong>, i bambini possono provare una sensazione di calma e relax. Osservando il proprio riflesso e il proprio ambiente, i bambini possono imparare a regolare le proprie emozioni e sentirsi pi\u00f9 tranquilli.<\/li>\n<\/ul>\n<h2><strong><span style=\"font-size: 90%;\">Caratteristiche tecniche di Montesorri:<\/span><\/strong><\/h2>\n<ul>\n<li>Barra regolabile in tre altezze.<\/li>\n<li>\u00c8 totalmente artigianale.<\/li>\n<li>Specchio in metacrilato infrangibile, con qualit\u00e0 dell&#8217;immagine quasi come un vero specchio.<\/li>\n<li>Barra in legno massello di faggio.<\/li>\n<li>Le misure comprendono la cornice in legno. Le misure sono approssimative.<\/li>\n<li>Disponibile in tre dimensioni:\n<ul>\n<li>100 x 60 x 1,90 cm<\/li>\n<li>120 x 60 x 1,90 cm<\/li>\n<li>120 x 80 x 1,90 cm<\/li>\n<\/ul>\n<\/li>\n<li>Colori:\n<ul>\n<li>Bianco<\/li>\n<li>Legno naturale<\/li>\n<\/ul>\n<\/li>\n<\/ul>\n<h3><strong><span style=\"font-size: 90%;\">Pulizia e installazione:<\/span><\/strong><\/h3>\n<ul>\n<li>Si consiglia di pulire con un panno in microfibra leggermente umido per evitare graffi. Non applicare troppa pressione. Se necessario \u00e8 possibile applicare sapone neutro.<\/li>\n<li>Si consiglia di installare lo specchio immediatamente dopo averlo ricevuto, poich\u00e9 se viene immagazzinato, il legno potrebbe deformarsi e influenzare l&#8217;immagine che riflette. Una volta installato, questo non consente che accada nulla.<\/li>\n<\/ul>\n<h3><span style=\"font-size: 90%;\"><strong>Spedizione:<\/strong><\/span><\/h3>\n<ul>\n<li>Tempo di spedizione approssimativo per questo prodotto: da 7 a 10 giorni lavorativi (se ne hai bisogno per una data specifica, contattaci)<\/li>\n<\/ul>\n<p>&nbsp;<\/p>\n<p>Specchio Montessori | Sviluppo sensoriale | Sviluppo emotivo | Esplorazione | Indipendenza | Montessori<\/p>\n","protected":false},"excerpt":{"rendered":"<p>Stimola i sensi e l&#8217;esplorazione con il nostro specchio Montessori per bambini. Aiuta a sviluppare le capacit\u00e0 emotive e incoraggia l&#8217;indipendenza.<\/p>\n","protected":false},"featured_media":2236,"comment_status":"open","ping_status":"closed","template":"","meta":[],"product_cat":[107],"product_tag":[],"class_list":{"0":"post-2868","1":"product","2":"type-product","3":"status-publish","4":"has-post-thumbnail","6":"product_cat-montessori-in-evidenza","8":"first","9":"instock","10":"featured","11":"taxable","12":"shipping-taxable","13":"purchasable","14":"product-type-variable"},"yoast_head":"<!-- This site is optimized with the Yoast SEO plugin v23.9 - https:\/\/yoast.com\/wordpress\/plugins\/seo\/ -->\n<title>Specchio Montessori per bambini con o senza barra | Nenitus<\/title>\n<meta name=\"description\" content=\"Specchio Montessori con barra \u00b7 Specchio Montessori per bambini \u00b7 Stimola i sensi e l&#039;esplorazione dei tuoi bambini con l&#039;indistruttibile specchio Montessori con barra.\" \/>\n<meta name=\"robots\" content=\"index, follow, max-snippet:-1, max-image-preview:large, max-video-preview:-1\" \/>\n<link rel=\"canonical\" href=\"https:\/\/nenitus.es\/it\/specchio-montessori-con-o-senza-barra\/\" \/>\n<meta property=\"og:locale\" content=\"it_IT\" \/>\n<meta property=\"og:type\" content=\"article\" \/>\n<meta property=\"og:title\" content=\"Specchio Montessori per bambini con o senza barra | Nenitus\" \/>\n<meta property=\"og:description\" content=\"Specchio Montessori con barra \u00b7 Specchio Montessori per bambini \u00b7 Stimola i sensi e l&#039;esplorazione dei tuoi bambini con l&#039;indistruttibile specchio Montessori con barra.\" \/>\n<meta property=\"og:url\" content=\"https:\/\/nenitus.es\/it\/specchio-montessori-con-o-senza-barra\/\" \/>\n<meta property=\"og:site_name\" content=\"Nenitus\" \/>\n<meta property=\"article:modified_time\" content=\"2025-07-09T03:19:32+00:00\" \/>\n<meta property=\"og:image\" content=\"https:\/\/nenitus.es\/wp-content\/uploads\/2023\/05\/espejo_blanco_fondo_blanco-removebg-preview-3.png\" \/>\n\t<meta property=\"og:image:width\" content=\"572\" \/>\n\t<meta property=\"og:image:height\" content=\"436\" \/>\n\t<meta property=\"og:image:type\" content=\"image\/png\" \/>\n<meta name=\"twitter:card\" content=\"summary_large_image\" \/>\n<meta name=\"twitter:label1\" content=\"Tempo di lettura stimato\" \/>\n\t<meta name=\"twitter:data1\" content=\"3 minuti\" \/>\n<script type=\"application\/ld+json\" class=\"yoast-schema-graph\">{\"@context\":\"https:\/\/schema.org\",\"@graph\":[{\"@type\":\"WebPage\",\"@id\":\"https:\/\/nenitus.es\/it\/specchio-montessori-con-o-senza-barra\/\",\"url\":\"https:\/\/nenitus.es\/it\/specchio-montessori-con-o-senza-barra\/\",\"name\":\"Specchio Montessori per bambini con o senza barra | Nenitus\",\"isPartOf\":{\"@id\":\"https:\/\/nenitus.es\/it\/#website\"},\"primaryImageOfPage\":{\"@id\":\"https:\/\/nenitus.es\/it\/specchio-montessori-con-o-senza-barra\/#primaryimage\"},\"image\":{\"@id\":\"https:\/\/nenitus.es\/it\/specchio-montessori-con-o-senza-barra\/#primaryimage\"},\"thumbnailUrl\":\"https:\/\/nenitus.es\/wp-content\/uploads\/2023\/05\/espejo_blanco_fondo_blanco-removebg-preview-3.png\",\"datePublished\":\"2023-05-01T10:36:46+00:00\",\"dateModified\":\"2025-07-09T03:19:32+00:00\",\"description\":\"Specchio Montessori con barra \u00b7 Specchio Montessori per bambini \u00b7 Stimola i sensi e l'esplorazione dei tuoi bambini con l'indistruttibile specchio Montessori con barra.\",\"breadcrumb\":{\"@id\":\"https:\/\/nenitus.es\/it\/specchio-montessori-con-o-senza-barra\/#breadcrumb\"},\"inLanguage\":\"it-IT\",\"potentialAction\":[{\"@type\":\"ReadAction\",\"target\":[\"https:\/\/nenitus.es\/it\/specchio-montessori-con-o-senza-barra\/\"]}]},{\"@type\":\"ImageObject\",\"inLanguage\":\"it-IT\",\"@id\":\"https:\/\/nenitus.es\/it\/specchio-montessori-con-o-senza-barra\/#primaryimage\",\"url\":\"https:\/\/nenitus.es\/wp-content\/uploads\/2023\/05\/espejo_blanco_fondo_blanco-removebg-preview-3.png\",\"contentUrl\":\"https:\/\/nenitus.es\/wp-content\/uploads\/2023\/05\/espejo_blanco_fondo_blanco-removebg-preview-3.png\",\"width\":572,\"height\":436},{\"@type\":\"BreadcrumbList\",\"@id\":\"https:\/\/nenitus.es\/it\/specchio-montessori-con-o-senza-barra\/#breadcrumb\",\"itemListElement\":[{\"@type\":\"ListItem\",\"position\":1,\"name\":\"Portada\",\"item\":\"https:\/\/nenitus.es\/it\/\"},{\"@type\":\"ListItem\",\"position\":2,\"name\":\"Negozio\",\"item\":\"https:\/\/nenitus.es\/it\/negozio\/\"},{\"@type\":\"ListItem\",\"position\":3,\"name\":\"Specchio Montessori con o senza barra\"}]},{\"@type\":\"WebSite\",\"@id\":\"https:\/\/nenitus.es\/it\/#website\",\"url\":\"https:\/\/nenitus.es\/it\/\",\"name\":\"Nenitus\",\"description\":\"\",\"potentialAction\":[{\"@type\":\"SearchAction\",\"target\":{\"@type\":\"EntryPoint\",\"urlTemplate\":\"https:\/\/nenitus.es\/it\/?s={search_term_string}\"},\"query-input\":{\"@type\":\"PropertyValueSpecification\",\"valueRequired\":true,\"valueName\":\"search_term_string\"}}],\"inLanguage\":\"it-IT\"}]}<\/script>\n<!-- \/ Yoast SEO plugin. -->","yoast_head_json":{"title":"Specchio Montessori per bambini con o senza barra | Nenitus","description":"Specchio Montessori con barra \u00b7 Specchio Montessori per bambini \u00b7 Stimola i sensi e l'esplorazione dei tuoi bambini con l'indistruttibile specchio Montessori con barra.","robots":{"index":"index","follow":"follow","max-snippet":"max-snippet:-1","max-image-preview":"max-image-preview:large","max-video-preview":"max-video-preview:-1"},"canonical":"https:\/\/nenitus.es\/it\/specchio-montessori-con-o-senza-barra\/","og_locale":"it_IT","og_type":"article","og_title":"Specchio Montessori per bambini con o senza barra | Nenitus","og_description":"Specchio Montessori con barra \u00b7 Specchio Montessori per bambini \u00b7 Stimola i sensi e l'esplorazione dei tuoi bambini con l'indistruttibile specchio Montessori con barra.","og_url":"https:\/\/nenitus.es\/it\/specchio-montessori-con-o-senza-barra\/","og_site_name":"Nenitus","article_modified_time":"2025-07-09T03:19:32+00:00","og_image":[{"width":572,"height":436,"url":"https:\/\/nenitus.es\/wp-content\/uploads\/2023\/05\/espejo_blanco_fondo_blanco-removebg-preview-3.png","type":"image\/png"}],"twitter_card":"summary_large_image","twitter_misc":{"Tempo di lettura stimato":"3 minuti"},"schema":{"@context":"https:\/\/schema.org","@graph":[{"@type":"WebPage","@id":"https:\/\/nenitus.es\/it\/specchio-montessori-con-o-senza-barra\/","url":"https:\/\/nenitus.es\/it\/specchio-montessori-con-o-senza-barra\/","name":"Specchio Montessori per bambini con o senza barra | Nenitus","isPartOf":{"@id":"https:\/\/nenitus.es\/it\/#website"},"primaryImageOfPage":{"@id":"https:\/\/nenitus.es\/it\/specchio-montessori-con-o-senza-barra\/#primaryimage"},"image":{"@id":"https:\/\/nenitus.es\/it\/specchio-montessori-con-o-senza-barra\/#primaryimage"},"thumbnailUrl":"https:\/\/nenitus.es\/wp-content\/uploads\/2023\/05\/espejo_blanco_fondo_blanco-removebg-preview-3.png","datePublished":"2023-05-01T10:36:46+00:00","dateModified":"2025-07-09T03:19:32+00:00","description":"Specchio Montessori con barra \u00b7 Specchio Montessori per bambini \u00b7 Stimola i sensi e l'esplorazione dei tuoi bambini con l'indistruttibile specchio Montessori con barra.","breadcrumb":{"@id":"https:\/\/nenitus.es\/it\/specchio-montessori-con-o-senza-barra\/#breadcrumb"},"inLanguage":"it-IT","potentialAction":[{"@type":"ReadAction","target":["https:\/\/nenitus.es\/it\/specchio-montessori-con-o-senza-barra\/"]}]},{"@type":"ImageObject","inLanguage":"it-IT","@id":"https:\/\/nenitus.es\/it\/specchio-montessori-con-o-senza-barra\/#primaryimage","url":"https:\/\/nenitus.es\/wp-content\/uploads\/2023\/05\/espejo_blanco_fondo_blanco-removebg-preview-3.png","contentUrl":"https:\/\/nenitus.es\/wp-content\/uploads\/2023\/05\/espejo_blanco_fondo_blanco-removebg-preview-3.png","width":572,"height":436},{"@type":"BreadcrumbList","@id":"https:\/\/nenitus.es\/it\/specchio-montessori-con-o-senza-barra\/#breadcrumb","itemListElement":[{"@type":"ListItem","position":1,"name":"Portada","item":"https:\/\/nenitus.es\/it\/"},{"@type":"ListItem","position":2,"name":"Negozio","item":"https:\/\/nenitus.es\/it\/negozio\/"},{"@type":"ListItem","position":3,"name":"Specchio Montessori con o senza barra"}]},{"@type":"WebSite","@id":"https:\/\/nenitus.es\/it\/#website","url":"https:\/\/nenitus.es\/it\/","name":"Nenitus","description":"","potentialAction":[{"@type":"SearchAction","target":{"@type":"EntryPoint","urlTemplate":"https:\/\/nenitus.es\/it\/?s={search_term_string}"},"query-input":{"@type":"PropertyValueSpecification","valueRequired":true,"valueName":"search_term_string"}}],"inLanguage":"it-IT"}]}},"jetpack_sharing_enabled":true,"_links":{"self":[{"href":"https:\/\/nenitus.es\/it\/wp-json\/wp\/v2\/product\/2868","targetHints":{"allow":["GET"]}}],"collection":[{"href":"https:\/\/nenitus.es\/it\/wp-json\/wp\/v2\/product"}],"about":[{"href":"https:\/\/nenitus.es\/it\/wp-json\/wp\/v2\/types\/product"}],"replies":[{"embeddable":true,"href":"https:\/\/nenitus.es\/it\/wp-json\/wp\/v2\/comments?post=2868"}],"wp:featuredmedia":[{"embeddable":true,"href":"https:\/\/nenitus.es\/it\/wp-json\/wp\/v2\/media\/2236"}],"wp:attachment":[{"href":"https:\/\/nenitus.es\/it\/wp-json\/wp\/v2\/media?parent=2868"}],"wp:term":[{"taxonomy":"product_cat","embeddable":true,"href":"https:\/\/nenitus.es\/it\/wp-json\/wp\/v2\/product_cat?post=2868"},{"taxonomy":"product_tag","embeddable":true,"href":"https:\/\/nenitus.es\/it\/wp-json\/wp\/v2\/product_tag?post=2868"}],"curies":[{"name":"wp","href":"https:\/\/api.w.org\/{rel}","templated":true}]}}