{"id":2956,"date":"2023-05-12T15:36:49","date_gmt":"2023-05-12T13:36:49","guid":{"rendered":"https:\/\/nenitus.es\/set-di-4-giochi-con-i-numeri\/"},"modified":"2024-12-03T00:02:37","modified_gmt":"2024-12-02T23:02:37","slug":"set-di-4-giochi-con-i-numeri","status":"publish","type":"product","link":"https:\/\/nenitus.es\/it\/set-di-4-giochi-con-i-numeri\/","title":{"rendered":"Set di 4 giochi con i numeri"},"content":{"rendered":"<p>Aspetti pedagogici<br \/>\nImpareremo a riconoscere i numeri e la loro forma, a differenziarli e ad associarli alle loro quantit\u00e0. Facilitano la motricit\u00e0 fine, possono essere utilizzati per realizzare lavori manuali e sono di grande aiuto per la matematica.<br \/>\nCosa possiamo fare?<br \/>\n\u2022 Disegnare il contorno del numero e poi ritagliarlo o perforarlo. Questi numeri possono essere utilizzati per realizzare diversi lavoretti, comporre numeri a due cifre, usarli per decorazioni, ecc.<br \/>\n\u2022 Nomina i numeri, indicali e ordinali. Possiamo anche dire al bambino di cercare un certo numero o di utilizzare carte e numeri per abbinare lo stesso.<br \/>\n\u2022 Ordina dal pi\u00f9 piccolo al pi\u00f9 grande o dal pi\u00f9 grande al pi\u00f9 piccolo. Crea sequenze numeriche.<br \/>\n\u2022 Dipingi con un pennello attorno alla silhouette e riempi l&#8217;interno bianco con palline di carta.<br \/>\n\u2022 Disegna un numero che va oltre il suo esterno e disegna tanti oggetti quanti ne indica il numero. Ad esempio, 2 mele.<br \/>\n\u2022 Distribuisci i numeri a un gruppo di bambini e chiedi a ciascuno di dire il numero che ha ricevuto.<br \/>\n\u2022 Rivedi i numeri con un dito e poi esegui il numero nel vassoio della sabbia.<\/p>\n","protected":false},"excerpt":{"rendered":"<p>Set di 4 giochi di numeri da 0 a 9 (40 unit\u00e0)<\/p>\n","protected":false},"featured_media":2544,"comment_status":"open","ping_status":"closed","template":"","meta":[],"product_cat":[92,168],"product_tag":[],"class_list":{"0":"post-2956","1":"product","2":"type-product","3":"status-publish","4":"has-post-thumbnail","6":"product_cat-materiali-montessori","7":"product_cat-nuovo","9":"first","10":"instock","11":"sale","12":"taxable","13":"shipping-taxable","14":"purchasable","15":"product-type-simple"},"yoast_head":"<!-- This site is optimized with the Yoast SEO plugin v23.9 - https:\/\/yoast.com\/wordpress\/plugins\/seo\/ -->\n<title>Set di 4 giochi con i numeri - Nenitus<\/title>\n<meta name=\"robots\" content=\"index, follow, max-snippet:-1, max-image-preview:large, max-video-preview:-1\" \/>\n<link rel=\"canonical\" href=\"https:\/\/nenitus.es\/it\/set-di-4-giochi-con-i-numeri\/\" \/>\n<meta property=\"og:locale\" content=\"it_IT\" \/>\n<meta property=\"og:type\" content=\"article\" \/>\n<meta property=\"og:title\" content=\"Set di 4 giochi con i numeri - Nenitus\" \/>\n<meta property=\"og:description\" content=\"Set di 4 giochi di numeri da 0 a 9 (40 unit\u00e0)\" \/>\n<meta property=\"og:url\" content=\"https:\/\/nenitus.es\/it\/set-di-4-giochi-con-i-numeri\/\" \/>\n<meta property=\"og:site_name\" content=\"Nenitus\" \/>\n<meta property=\"article:modified_time\" content=\"2024-12-02T23:02:37+00:00\" \/>\n<meta property=\"og:image\" content=\"https:\/\/nenitus.es\/wp-content\/uploads\/2023\/05\/set-4-juegos-de-numeros4.jpeg\" \/>\n\t<meta property=\"og:image:width\" content=\"1500\" \/>\n\t<meta property=\"og:image:height\" content=\"1499\" \/>\n\t<meta property=\"og:image:type\" content=\"image\/jpeg\" \/>\n<meta name=\"twitter:card\" content=\"summary_large_image\" \/>\n<meta name=\"twitter:label1\" content=\"Tempo di lettura stimato\" \/>\n\t<meta name=\"twitter:data1\" content=\"1 minuto\" \/>\n<script type=\"application\/ld+json\" class=\"yoast-schema-graph\">{\"@context\":\"https:\/\/schema.org\",\"@graph\":[{\"@type\":\"WebPage\",\"@id\":\"https:\/\/nenitus.es\/it\/set-di-4-giochi-con-i-numeri\/\",\"url\":\"https:\/\/nenitus.es\/it\/set-di-4-giochi-con-i-numeri\/\",\"name\":\"Set di 4 giochi con i numeri - Nenitus\",\"isPartOf\":{\"@id\":\"https:\/\/nenitus.es\/it\/#website\"},\"primaryImageOfPage\":{\"@id\":\"https:\/\/nenitus.es\/it\/set-di-4-giochi-con-i-numeri\/#primaryimage\"},\"image\":{\"@id\":\"https:\/\/nenitus.es\/it\/set-di-4-giochi-con-i-numeri\/#primaryimage\"},\"thumbnailUrl\":\"https:\/\/nenitus.es\/wp-content\/uploads\/2023\/05\/set-4-juegos-de-numeros4.jpeg\",\"datePublished\":\"2023-05-12T13:36:49+00:00\",\"dateModified\":\"2024-12-02T23:02:37+00:00\",\"breadcrumb\":{\"@id\":\"https:\/\/nenitus.es\/it\/set-di-4-giochi-con-i-numeri\/#breadcrumb\"},\"inLanguage\":\"it-IT\",\"potentialAction\":[{\"@type\":\"ReadAction\",\"target\":[\"https:\/\/nenitus.es\/it\/set-di-4-giochi-con-i-numeri\/\"]}]},{\"@type\":\"ImageObject\",\"inLanguage\":\"it-IT\",\"@id\":\"https:\/\/nenitus.es\/it\/set-di-4-giochi-con-i-numeri\/#primaryimage\",\"url\":\"https:\/\/nenitus.es\/wp-content\/uploads\/2023\/05\/set-4-juegos-de-numeros4.jpeg\",\"contentUrl\":\"https:\/\/nenitus.es\/wp-content\/uploads\/2023\/05\/set-4-juegos-de-numeros4.jpeg\",\"width\":1500,\"height\":1499},{\"@type\":\"BreadcrumbList\",\"@id\":\"https:\/\/nenitus.es\/it\/set-di-4-giochi-con-i-numeri\/#breadcrumb\",\"itemListElement\":[{\"@type\":\"ListItem\",\"position\":1,\"name\":\"Portada\",\"item\":\"https:\/\/nenitus.es\/it\/\"},{\"@type\":\"ListItem\",\"position\":2,\"name\":\"Negozio\",\"item\":\"https:\/\/nenitus.es\/it\/negozio\/\"},{\"@type\":\"ListItem\",\"position\":3,\"name\":\"Set di 4 giochi con i numeri\"}]},{\"@type\":\"WebSite\",\"@id\":\"https:\/\/nenitus.es\/it\/#website\",\"url\":\"https:\/\/nenitus.es\/it\/\",\"name\":\"Nenitus\",\"description\":\"\",\"potentialAction\":[{\"@type\":\"SearchAction\",\"target\":{\"@type\":\"EntryPoint\",\"urlTemplate\":\"https:\/\/nenitus.es\/it\/?s={search_term_string}\"},\"query-input\":{\"@type\":\"PropertyValueSpecification\",\"valueRequired\":true,\"valueName\":\"search_term_string\"}}],\"inLanguage\":\"it-IT\"}]}<\/script>\n<!-- \/ Yoast SEO plugin. -->","yoast_head_json":{"title":"Set di 4 giochi con i numeri - Nenitus","robots":{"index":"index","follow":"follow","max-snippet":"max-snippet:-1","max-image-preview":"max-image-preview:large","max-video-preview":"max-video-preview:-1"},"canonical":"https:\/\/nenitus.es\/it\/set-di-4-giochi-con-i-numeri\/","og_locale":"it_IT","og_type":"article","og_title":"Set di 4 giochi con i numeri - Nenitus","og_description":"Set di 4 giochi di numeri da 0 a 9 (40 unit\u00e0)","og_url":"https:\/\/nenitus.es\/it\/set-di-4-giochi-con-i-numeri\/","og_site_name":"Nenitus","article_modified_time":"2024-12-02T23:02:37+00:00","og_image":[{"width":1500,"height":1499,"url":"https:\/\/nenitus.es\/wp-content\/uploads\/2023\/05\/set-4-juegos-de-numeros4.jpeg","type":"image\/jpeg"}],"twitter_card":"summary_large_image","twitter_misc":{"Tempo di lettura stimato":"1 minuto"},"schema":{"@context":"https:\/\/schema.org","@graph":[{"@type":"WebPage","@id":"https:\/\/nenitus.es\/it\/set-di-4-giochi-con-i-numeri\/","url":"https:\/\/nenitus.es\/it\/set-di-4-giochi-con-i-numeri\/","name":"Set di 4 giochi con i numeri - Nenitus","isPartOf":{"@id":"https:\/\/nenitus.es\/it\/#website"},"primaryImageOfPage":{"@id":"https:\/\/nenitus.es\/it\/set-di-4-giochi-con-i-numeri\/#primaryimage"},"image":{"@id":"https:\/\/nenitus.es\/it\/set-di-4-giochi-con-i-numeri\/#primaryimage"},"thumbnailUrl":"https:\/\/nenitus.es\/wp-content\/uploads\/2023\/05\/set-4-juegos-de-numeros4.jpeg","datePublished":"2023-05-12T13:36:49+00:00","dateModified":"2024-12-02T23:02:37+00:00","breadcrumb":{"@id":"https:\/\/nenitus.es\/it\/set-di-4-giochi-con-i-numeri\/#breadcrumb"},"inLanguage":"it-IT","potentialAction":[{"@type":"ReadAction","target":["https:\/\/nenitus.es\/it\/set-di-4-giochi-con-i-numeri\/"]}]},{"@type":"ImageObject","inLanguage":"it-IT","@id":"https:\/\/nenitus.es\/it\/set-di-4-giochi-con-i-numeri\/#primaryimage","url":"https:\/\/nenitus.es\/wp-content\/uploads\/2023\/05\/set-4-juegos-de-numeros4.jpeg","contentUrl":"https:\/\/nenitus.es\/wp-content\/uploads\/2023\/05\/set-4-juegos-de-numeros4.jpeg","width":1500,"height":1499},{"@type":"BreadcrumbList","@id":"https:\/\/nenitus.es\/it\/set-di-4-giochi-con-i-numeri\/#breadcrumb","itemListElement":[{"@type":"ListItem","position":1,"name":"Portada","item":"https:\/\/nenitus.es\/it\/"},{"@type":"ListItem","position":2,"name":"Negozio","item":"https:\/\/nenitus.es\/it\/negozio\/"},{"@type":"ListItem","position":3,"name":"Set di 4 giochi con i numeri"}]},{"@type":"WebSite","@id":"https:\/\/nenitus.es\/it\/#website","url":"https:\/\/nenitus.es\/it\/","name":"Nenitus","description":"","potentialAction":[{"@type":"SearchAction","target":{"@type":"EntryPoint","urlTemplate":"https:\/\/nenitus.es\/it\/?s={search_term_string}"},"query-input":{"@type":"PropertyValueSpecification","valueRequired":true,"valueName":"search_term_string"}}],"inLanguage":"it-IT"}]}},"jetpack_sharing_enabled":true,"_links":{"self":[{"href":"https:\/\/nenitus.es\/it\/wp-json\/wp\/v2\/product\/2956","targetHints":{"allow":["GET"]}}],"collection":[{"href":"https:\/\/nenitus.es\/it\/wp-json\/wp\/v2\/product"}],"about":[{"href":"https:\/\/nenitus.es\/it\/wp-json\/wp\/v2\/types\/product"}],"replies":[{"embeddable":true,"href":"https:\/\/nenitus.es\/it\/wp-json\/wp\/v2\/comments?post=2956"}],"wp:featuredmedia":[{"embeddable":true,"href":"https:\/\/nenitus.es\/it\/wp-json\/wp\/v2\/media\/2544"}],"wp:attachment":[{"href":"https:\/\/nenitus.es\/it\/wp-json\/wp\/v2\/media?parent=2956"}],"wp:term":[{"taxonomy":"product_cat","embeddable":true,"href":"https:\/\/nenitus.es\/it\/wp-json\/wp\/v2\/product_cat?post=2956"},{"taxonomy":"product_tag","embeddable":true,"href":"https:\/\/nenitus.es\/it\/wp-json\/wp\/v2\/product_tag?post=2956"}],"curies":[{"name":"wp","href":"https:\/\/api.w.org\/{rel}","templated":true}]}}