{"id":2970,"date":"2023-05-01T12:42:42","date_gmt":"2023-05-01T10:42:42","guid":{"rendered":"https:\/\/nenitus.es\/vassoio-per-esperimenti-a-specchio\/"},"modified":"2024-12-03T00:03:16","modified_gmt":"2024-12-02T23:03:16","slug":"vassoio-per-esperimenti-a-specchio","status":"publish","type":"product","link":"https:\/\/nenitus.es\/it\/vassoio-per-esperimenti-a-specchio\/","title":{"rendered":"Vassoio per esperimenti a specchio"},"content":{"rendered":"<h1><span style=\"font-size: 100%; color: #282828;\"><strong>Vassoio per esperimenti a specchio: stimola la creativit\u00e0 e l&#8217;apprendimento<\/strong><\/span><\/h1>\n<p><span style=\"color: #282828;\">Il vassoio di sperimentazione con specchio \u00e8 uno strumento educativo ideale per lo sviluppo e l&#8217;esplorazione sensoriale nei ragazzi e nelle ragazze dai 12 mesi in poi. Questo vassoio \u00e8 realizzato in legno massello di pino, accuratamente levigato a mano e arrotondato sui bordi per garantire la sicurezza dei pi\u00f9 piccoli. \u00c8 uno strumento versatile e durevole che pu\u00f2 essere utilizzato per attivit\u00e0 educative come classificare oggetti, esplorare trame e forme o creare composizioni artistiche. \u00c8 un&#8217;opzione ideale per aiutare i bambini a sviluppare abilit\u00e0 motorie, cognitive e sociali, divertendosi ad esplorare e imparare.<\/span><\/p>\n<h3><span style=\"font-size: 90%; color: #282828;\"><strong>Vantaggi:<\/strong><\/span><\/h3>\n<ul>\n<li><span style=\"color: #282828;\"><strong>Stimolazione sensoriale:<\/strong> il vassoio a specchio consente di esplorare il riflesso e il riflesso di oggetti e trame, stimolando il senso visivo e tattile del bambini. <\/span><\/li>\n<li><span style=\"color: #282828;\"><strong>Sviluppo di abilit\u00e0 cognitive:<\/strong> manipolando oggetti ed esplorando il loro riflesso, i bambini sviluppano abilit\u00e0 cognitive come attenzione, percezione, memoria e risoluzione dei problemi. <\/span><\/li>\n<li><span style=\"color: #282828;\"><strong>Sviluppo emotivo:<\/strong> vedendo il proprio riflesso e sperimentando con il vassoio, i bambini possono conoscere il proprio corpo e le proprie emozioni.<\/span > <\/li>\n<li><span style=\"color: #282828;\"><strong>Incoraggia la creativit\u00e0:<\/strong> il vassoio a specchio pu\u00f2 essere utilizzato come strumento per creare ed esplorare nuove forme di espressione artistica.<\/span> <\/ li>\n<li><span style=\"color: #282828;\"><strong>Durevole:<\/strong> la combinazione di legno massello e metacrilato di 5 mm di spessore rende il vassoio resistente e durevole, garantendo un investimento a lungo termine.< \/span><\/li>\n<\/ul>\n<h3><span style=\"font-size: 90%; color: #282828;\"><strong>Caratteristiche:<\/strong><\/span><\/h3>\n<ul>\n<li><span style=\"color: #282828;\">Realizzato in legno di pino massiccio<\/span><\/li>\n<li><span style=\"color: #282828;\">Specchio in metacrilato spesso 5 mm<\/span><\/li>\n<li><span style=\"color: #282828;\">Bordi arrotondati per una maggiore sicurezza<\/span><\/li>\n<li><span style=\"color: #282828;\">Disponibile in due dimensioni: 30 cm x 40 cm e 40 cm x 50 cm<\/span><\/li>\n<li><span style=\"color: #282828;\">Et\u00e0 consigliata: 12 mesi e oltre<\/span><\/li>\n<\/ul>\n<h3><span style=\"color: #282828;\"><strong><span style=\"font-size: 90%;\">Prezzo:\u00a0<\/span><\/strong><\/span><\/h3>\n<p><span style=\"color: #282828;\">Il prezzo del vassoio di sperimentazione dello specchio \u00e8:<\/span><\/p>\n<p><span style=\"color: #282828;\">&#8211; \u20ac 30 per la calza 30&#215;40<\/span><\/p>\n<p><span style=\"color: #282828;\">&#8211; \u20ac35 nel formato 40&#215;50<\/span><\/p>\n<h3><span style=\"font-size: 90%; color: #282828;\"><strong>Materiali:<\/strong><\/span><\/h3>\n<ul>\n<li><span style=\"color: #282828;\">Legno di pino massiccio<\/span><\/li>\n<li><span style=\"color: #282828;\">Metacrilato spesso 5 mm<\/span><\/li>\n<\/ul>\n<h3><span style=\"color: #282828;\"><strong><span style=\"font-size: 90%;\">Spedizione:<\/span><\/strong><\/span><\/h3>\n<ul>\n<li><span style=\"color: #282828;\">Tempo di spedizione approssimativo per questo prodotto: da 2 a 5 giorni lavorativi (se ne hai bisogno per una data specifica, contattaci)<\/span><\/li>\n<\/ul>\n","protected":false},"excerpt":{"rendered":"<p>Vassoio di sperimentazione con specchio infrangibile in metacrilato e legno massello di pino completamente levigato a mano. Due dimensioni disponibili: 30 cm x 40 cm e 40 cm x 50 cm. Consigliato per ragazzi e ragazze di et\u00e0 superiore ai 12 mesi.<\/p>\n","protected":false},"featured_media":2484,"comment_status":"open","ping_status":"closed","template":"","meta":[],"product_cat":[92,91],"product_tag":[],"class_list":{"0":"post-2970","1":"product","2":"type-product","3":"status-publish","4":"has-post-thumbnail","6":"product_cat-materiali-montessori","7":"product_cat-tavolo-luminoso","9":"first","10":"instock","11":"taxable","12":"shipping-taxable","13":"purchasable","14":"product-type-variable"},"yoast_head":"<!-- This site is optimized with the Yoast SEO plugin v23.9 - https:\/\/yoast.com\/wordpress\/plugins\/seo\/ -->\n<title>Sedia Pikler | Tre posizioni | Nenitus.es<\/title>\n<meta name=\"description\" content=\"Sedia Pikler a 3 posizioni. Lo schienale e i lati ti danno sostegno e sicurezza. Adatto da utilizzare non appena il bambino si sente solo.Scopri il Vassoio Specchi per bambini, uno strumento educativo e divertente che stimola la creativit\u00e0, l&#039;immaginazione e l&#039;apprendimento attraverso l&#039;osservazione e l&#039;esplorazione. Realizzato in legno massello di pino e con specchio infrangibile in metacrilato da 5 mm, \u00e8 progettato per garantire sicurezza e durata per l&#039;utilizzo da parte di bambini a partire dai 12 mesi. Disponibile in due misure, scoprilo subito!\" \/>\n<meta name=\"robots\" content=\"index, follow, max-snippet:-1, max-image-preview:large, max-video-preview:-1\" \/>\n<link rel=\"canonical\" href=\"https:\/\/nenitus.es\/it\/vassoio-per-esperimenti-a-specchio\/\" \/>\n<meta property=\"og:locale\" content=\"it_IT\" \/>\n<meta property=\"og:type\" content=\"article\" \/>\n<meta property=\"og:title\" content=\"Sedia Pikler | Tre posizioni | Nenitus.es\" \/>\n<meta property=\"og:description\" content=\"Sedia Pikler a 3 posizioni. Lo schienale e i lati ti danno sostegno e sicurezza. Adatto da utilizzare non appena il bambino si sente solo.Scopri il Vassoio Specchi per bambini, uno strumento educativo e divertente che stimola la creativit\u00e0, l&#039;immaginazione e l&#039;apprendimento attraverso l&#039;osservazione e l&#039;esplorazione. Realizzato in legno massello di pino e con specchio infrangibile in metacrilato da 5 mm, \u00e8 progettato per garantire sicurezza e durata per l&#039;utilizzo da parte di bambini a partire dai 12 mesi. Disponibile in due misure, scoprilo subito!\" \/>\n<meta property=\"og:url\" content=\"https:\/\/nenitus.es\/it\/vassoio-per-esperimenti-a-specchio\/\" \/>\n<meta property=\"og:site_name\" content=\"Nenitus\" \/>\n<meta property=\"article:modified_time\" content=\"2024-12-02T23:03:16+00:00\" \/>\n<meta property=\"og:image\" content=\"https:\/\/nenitus.es\/wp-content\/uploads\/2023\/05\/34-removebg-preview-2.png\" \/>\n\t<meta property=\"og:image:width\" content=\"577\" \/>\n\t<meta property=\"og:image:height\" content=\"433\" \/>\n\t<meta property=\"og:image:type\" content=\"image\/png\" \/>\n<meta name=\"twitter:card\" content=\"summary_large_image\" \/>\n<meta name=\"twitter:label1\" content=\"Tempo di lettura stimato\" \/>\n\t<meta name=\"twitter:data1\" content=\"1 minuto\" \/>\n<script type=\"application\/ld+json\" class=\"yoast-schema-graph\">{\"@context\":\"https:\/\/schema.org\",\"@graph\":[{\"@type\":\"WebPage\",\"@id\":\"https:\/\/nenitus.es\/it\/vassoio-per-esperimenti-a-specchio\/\",\"url\":\"https:\/\/nenitus.es\/it\/vassoio-per-esperimenti-a-specchio\/\",\"name\":\"Sedia Pikler | Tre posizioni | Nenitus.es\",\"isPartOf\":{\"@id\":\"https:\/\/nenitus.es\/it\/#website\"},\"primaryImageOfPage\":{\"@id\":\"https:\/\/nenitus.es\/it\/vassoio-per-esperimenti-a-specchio\/#primaryimage\"},\"image\":{\"@id\":\"https:\/\/nenitus.es\/it\/vassoio-per-esperimenti-a-specchio\/#primaryimage\"},\"thumbnailUrl\":\"https:\/\/nenitus.es\/wp-content\/uploads\/2023\/05\/34-removebg-preview-2.png\",\"datePublished\":\"2023-05-01T10:42:42+00:00\",\"dateModified\":\"2024-12-02T23:03:16+00:00\",\"description\":\"Sedia Pikler a 3 posizioni. Lo schienale e i lati ti danno sostegno e sicurezza. Adatto da utilizzare non appena il bambino si sente solo.Scopri il Vassoio Specchi per bambini, uno strumento educativo e divertente che stimola la creativit\u00e0, l'immaginazione e l'apprendimento attraverso l'osservazione e l'esplorazione. Realizzato in legno massello di pino e con specchio infrangibile in metacrilato da 5 mm, \u00e8 progettato per garantire sicurezza e durata per l'utilizzo da parte di bambini a partire dai 12 mesi. Disponibile in due misure, scoprilo subito!\",\"breadcrumb\":{\"@id\":\"https:\/\/nenitus.es\/it\/vassoio-per-esperimenti-a-specchio\/#breadcrumb\"},\"inLanguage\":\"it-IT\",\"potentialAction\":[{\"@type\":\"ReadAction\",\"target\":[\"https:\/\/nenitus.es\/it\/vassoio-per-esperimenti-a-specchio\/\"]}]},{\"@type\":\"ImageObject\",\"inLanguage\":\"it-IT\",\"@id\":\"https:\/\/nenitus.es\/it\/vassoio-per-esperimenti-a-specchio\/#primaryimage\",\"url\":\"https:\/\/nenitus.es\/wp-content\/uploads\/2023\/05\/34-removebg-preview-2.png\",\"contentUrl\":\"https:\/\/nenitus.es\/wp-content\/uploads\/2023\/05\/34-removebg-preview-2.png\",\"width\":577,\"height\":433},{\"@type\":\"BreadcrumbList\",\"@id\":\"https:\/\/nenitus.es\/it\/vassoio-per-esperimenti-a-specchio\/#breadcrumb\",\"itemListElement\":[{\"@type\":\"ListItem\",\"position\":1,\"name\":\"Portada\",\"item\":\"https:\/\/nenitus.es\/it\/\"},{\"@type\":\"ListItem\",\"position\":2,\"name\":\"Negozio\",\"item\":\"https:\/\/nenitus.es\/it\/negozio\/\"},{\"@type\":\"ListItem\",\"position\":3,\"name\":\"Vassoio per esperimenti a specchio\"}]},{\"@type\":\"WebSite\",\"@id\":\"https:\/\/nenitus.es\/it\/#website\",\"url\":\"https:\/\/nenitus.es\/it\/\",\"name\":\"Nenitus\",\"description\":\"\",\"potentialAction\":[{\"@type\":\"SearchAction\",\"target\":{\"@type\":\"EntryPoint\",\"urlTemplate\":\"https:\/\/nenitus.es\/it\/?s={search_term_string}\"},\"query-input\":{\"@type\":\"PropertyValueSpecification\",\"valueRequired\":true,\"valueName\":\"search_term_string\"}}],\"inLanguage\":\"it-IT\"}]}<\/script>\n<!-- \/ Yoast SEO plugin. -->","yoast_head_json":{"title":"Sedia Pikler | Tre posizioni | Nenitus.es","description":"Sedia Pikler a 3 posizioni. Lo schienale e i lati ti danno sostegno e sicurezza. Adatto da utilizzare non appena il bambino si sente solo.Scopri il Vassoio Specchi per bambini, uno strumento educativo e divertente che stimola la creativit\u00e0, l'immaginazione e l'apprendimento attraverso l'osservazione e l'esplorazione. Realizzato in legno massello di pino e con specchio infrangibile in metacrilato da 5 mm, \u00e8 progettato per garantire sicurezza e durata per l'utilizzo da parte di bambini a partire dai 12 mesi. Disponibile in due misure, scoprilo subito!","robots":{"index":"index","follow":"follow","max-snippet":"max-snippet:-1","max-image-preview":"max-image-preview:large","max-video-preview":"max-video-preview:-1"},"canonical":"https:\/\/nenitus.es\/it\/vassoio-per-esperimenti-a-specchio\/","og_locale":"it_IT","og_type":"article","og_title":"Sedia Pikler | Tre posizioni | Nenitus.es","og_description":"Sedia Pikler a 3 posizioni. Lo schienale e i lati ti danno sostegno e sicurezza. Adatto da utilizzare non appena il bambino si sente solo.Scopri il Vassoio Specchi per bambini, uno strumento educativo e divertente che stimola la creativit\u00e0, l'immaginazione e l'apprendimento attraverso l'osservazione e l'esplorazione. Realizzato in legno massello di pino e con specchio infrangibile in metacrilato da 5 mm, \u00e8 progettato per garantire sicurezza e durata per l'utilizzo da parte di bambini a partire dai 12 mesi. Disponibile in due misure, scoprilo subito!","og_url":"https:\/\/nenitus.es\/it\/vassoio-per-esperimenti-a-specchio\/","og_site_name":"Nenitus","article_modified_time":"2024-12-02T23:03:16+00:00","og_image":[{"width":577,"height":433,"url":"https:\/\/nenitus.es\/wp-content\/uploads\/2023\/05\/34-removebg-preview-2.png","type":"image\/png"}],"twitter_card":"summary_large_image","twitter_misc":{"Tempo di lettura stimato":"1 minuto"},"schema":{"@context":"https:\/\/schema.org","@graph":[{"@type":"WebPage","@id":"https:\/\/nenitus.es\/it\/vassoio-per-esperimenti-a-specchio\/","url":"https:\/\/nenitus.es\/it\/vassoio-per-esperimenti-a-specchio\/","name":"Sedia Pikler | Tre posizioni | Nenitus.es","isPartOf":{"@id":"https:\/\/nenitus.es\/it\/#website"},"primaryImageOfPage":{"@id":"https:\/\/nenitus.es\/it\/vassoio-per-esperimenti-a-specchio\/#primaryimage"},"image":{"@id":"https:\/\/nenitus.es\/it\/vassoio-per-esperimenti-a-specchio\/#primaryimage"},"thumbnailUrl":"https:\/\/nenitus.es\/wp-content\/uploads\/2023\/05\/34-removebg-preview-2.png","datePublished":"2023-05-01T10:42:42+00:00","dateModified":"2024-12-02T23:03:16+00:00","description":"Sedia Pikler a 3 posizioni. Lo schienale e i lati ti danno sostegno e sicurezza. Adatto da utilizzare non appena il bambino si sente solo.Scopri il Vassoio Specchi per bambini, uno strumento educativo e divertente che stimola la creativit\u00e0, l'immaginazione e l'apprendimento attraverso l'osservazione e l'esplorazione. Realizzato in legno massello di pino e con specchio infrangibile in metacrilato da 5 mm, \u00e8 progettato per garantire sicurezza e durata per l'utilizzo da parte di bambini a partire dai 12 mesi. Disponibile in due misure, scoprilo subito!","breadcrumb":{"@id":"https:\/\/nenitus.es\/it\/vassoio-per-esperimenti-a-specchio\/#breadcrumb"},"inLanguage":"it-IT","potentialAction":[{"@type":"ReadAction","target":["https:\/\/nenitus.es\/it\/vassoio-per-esperimenti-a-specchio\/"]}]},{"@type":"ImageObject","inLanguage":"it-IT","@id":"https:\/\/nenitus.es\/it\/vassoio-per-esperimenti-a-specchio\/#primaryimage","url":"https:\/\/nenitus.es\/wp-content\/uploads\/2023\/05\/34-removebg-preview-2.png","contentUrl":"https:\/\/nenitus.es\/wp-content\/uploads\/2023\/05\/34-removebg-preview-2.png","width":577,"height":433},{"@type":"BreadcrumbList","@id":"https:\/\/nenitus.es\/it\/vassoio-per-esperimenti-a-specchio\/#breadcrumb","itemListElement":[{"@type":"ListItem","position":1,"name":"Portada","item":"https:\/\/nenitus.es\/it\/"},{"@type":"ListItem","position":2,"name":"Negozio","item":"https:\/\/nenitus.es\/it\/negozio\/"},{"@type":"ListItem","position":3,"name":"Vassoio per esperimenti a specchio"}]},{"@type":"WebSite","@id":"https:\/\/nenitus.es\/it\/#website","url":"https:\/\/nenitus.es\/it\/","name":"Nenitus","description":"","potentialAction":[{"@type":"SearchAction","target":{"@type":"EntryPoint","urlTemplate":"https:\/\/nenitus.es\/it\/?s={search_term_string}"},"query-input":{"@type":"PropertyValueSpecification","valueRequired":true,"valueName":"search_term_string"}}],"inLanguage":"it-IT"}]}},"jetpack_sharing_enabled":true,"_links":{"self":[{"href":"https:\/\/nenitus.es\/it\/wp-json\/wp\/v2\/product\/2970","targetHints":{"allow":["GET"]}}],"collection":[{"href":"https:\/\/nenitus.es\/it\/wp-json\/wp\/v2\/product"}],"about":[{"href":"https:\/\/nenitus.es\/it\/wp-json\/wp\/v2\/types\/product"}],"replies":[{"embeddable":true,"href":"https:\/\/nenitus.es\/it\/wp-json\/wp\/v2\/comments?post=2970"}],"wp:featuredmedia":[{"embeddable":true,"href":"https:\/\/nenitus.es\/it\/wp-json\/wp\/v2\/media\/2484"}],"wp:attachment":[{"href":"https:\/\/nenitus.es\/it\/wp-json\/wp\/v2\/media?parent=2970"}],"wp:term":[{"taxonomy":"product_cat","embeddable":true,"href":"https:\/\/nenitus.es\/it\/wp-json\/wp\/v2\/product_cat?post=2970"},{"taxonomy":"product_tag","embeddable":true,"href":"https:\/\/nenitus.es\/it\/wp-json\/wp\/v2\/product_tag?post=2970"}],"curies":[{"name":"wp","href":"https:\/\/api.w.org\/{rel}","templated":true}]}}