{"id":2982,"date":"2023-05-01T12:40:17","date_gmt":"2023-05-01T10:40:17","guid":{"rendered":"https:\/\/nenitus.es\/sedie-pikler-3-posizioni\/"},"modified":"2025-04-14T19:54:19","modified_gmt":"2025-04-14T17:54:19","slug":"sedie-pikler-3-posizioni","status":"publish","type":"product","link":"https:\/\/nenitus.es\/it\/sedie-pikler-3-posizioni\/","title":{"rendered":"Sedie Pikler 3 posizioni"},"content":{"rendered":"<h2>Incoraggiare<span style=\"font-size: 100%;\"><strong>l&#8217;indipendenza e lo sviluppo motorio nei bambini con le sedie Pikler<\/strong><\/span><\/h2>\n<ul>\n<li>La sedia Pikler \u00e8 un elemento chiave del metodo Pikler, una filosofia genitoriale che sottolinea l&#8217;importanza della libert\u00e0 di movimento e dello sviluppo motorio nei bambini.<\/li>\n<li>La nostra sedia Pikler \u00e8 realizzata con legno di alta qualit\u00e0 e ha un design ergonomico che favorisce la corretta postura e l&#8217;indipendenza del bambino.<\/li>\n<li>La sedia \u00e8 facile da montare e smontare e pu\u00f2 essere regolata a diverse altezze per adattarsi alla crescita del bambino.<\/li>\n<li>La sedia Pikler \u00e8 perfetta per l&#8217;uso nelle aule Montessori, negli asili nido, nelle case e in qualsiasi altro ambiente in cui si voglia favorire lo sviluppo motorio e l&#8217;indipendenza dei bambini.<\/li>\n<li>La sedia pu\u00f2 essere utilizzata anche per attivit\u00e0 di gioco e creativit\u00e0, come costruire fortini e case con coperte e cuscini.<\/li>\n<\/ul>\n<h2><span style=\"font-size: 90%;\"><strong>Vantaggi dell&#8217;utilizzo della sedia a 3 posizioni Pikler per il bambino:<\/strong><\/span><\/h2>\n<ul>\n<li><strong>Incoraggia l&#8217;indipendenza<\/strong>: la sedia Pikler \u00e8 progettata in modo che i bambini possano salire e scendere da soli. Utilizzandolo, i bambini possono sviluppare sicurezza e indipendenza man mano che acquisiscono capacit\u00e0 e abilit\u00e0 motorie.<\/li>\n<li><strong>Promuove la corretta postura<\/strong>: la sedia Pikler ha un design ergonomico che favorisce la corretta postura e l&#8217;allineamento della colonna vertebrale. Sedendosi sulla sedia, i bambini possono rafforzare i muscoli e migliorare la postura.<\/li>\n<li><strong>Sviluppo motorio<\/strong>: la sedia Pikler \u00e8 uno strumento che aiuta i bambini a sviluppare la coordinazione, l&#8217;equilibrio e le capacit\u00e0 motorie generali e fini. Salendo e alzandosi dalla sedia, i bambini possono rafforzare i loro muscoli e migliorare il loro equilibrio.<\/li>\n<li><strong>Stimolazione sensoriale<\/strong>: la sedia Pikler offre ai bambini un&#8217;esperienza sensoriale unica, permettendo loro di sperimentare la consistenza e la sensazione del legno. Inoltre, quando utilizzano la sedia, i bambini possono percepire la gravit\u00e0 e il movimento, il che li aiuta a sviluppare il senso dell&#8217;equilibrio e la percezione spaziale.<\/li>\n<li><strong>Promuove la creativit\u00e0 e il gioco libero<\/strong>: la sedia Pikler pu\u00f2 essere utilizzata anche per attivit\u00e0 di gioco e creativit\u00e0, come costruire fortini e case con coperte e cuscini. Usando la loro immaginazione, i bambini possono sviluppare importanti capacit\u00e0 cognitive ed emotive.<\/li>\n<\/ul>\n<h2><span style=\"font-size: 90%;\"><strong>Caratteristiche tecniche:<\/strong><\/span><\/h2>\n<ul>\n<li>Nessun assemblaggio richiesto<\/li>\n<li>Le nostre sedie o cubi Pikler sono fatte a mano e prodotte da noi al 100%, hanno tre posizioni ciascuna e infinite combinazioni tra loro per evolversi insieme al bambino.<\/li>\n<li>Pu\u00f2 essere utilizzata come sedia su due livelli e come tavolo anche su due livelli. Sono molto compatti poich\u00e9 le sedie possono essere riposte sotto il tavolo.<\/li>\n<li>Lo schienale e i fianchi gli conferiscono maggiore sostegno e sicurezza, \u00e8 adeguato alla sua altezza con i piedi appoggiati a terra, garantisce una buona igiene posturale, essendo adatto ad essere utilizzato da quando il bambino \u00e8 seduto da solo, oltre a dare la libert\u00e0 di sederti o uscire quando vuoi senza assistenza.<\/li>\n<\/ul>\n<h3><span style=\"font-size: 90%;\"><strong>Materiali e misure:<\/strong><\/span><\/h3>\n<ul>\n<li>Sono realizzati in legno di pino massiccio e hanno bordi arrotondati.<\/li>\n<li>3 taglie disponibili:\n<ul>\n<li><span style=\"color: #555555; font-size: 14.4px;\">Taglia S 30x30x30cm<\/span><\/li>\n<li><span style=\"color: #555555; font-size: 14.4px;\">Taglia M 37x37x37 cm<\/span><\/li>\n<li><span style=\"color: #555555; font-size: 14.4px;\">Taglia L 42x42x79 cm circa.<\/span><\/li>\n<\/ul>\n<\/li>\n<\/ul>\n<h3><span style=\"font-size: 90%;\"><strong>Et\u00e0 consigliata:<\/strong><\/span><\/h3>\n<ul>\n<li>Da 12 mesi.<\/li>\n<\/ul>\n<h3><span style=\"font-size: 90%;\"><strong>Spedizione:<\/strong><\/span><\/h3>\n<ul>\n<li>Tempo di spedizione approssimativo per questo prodotto: da 3 a 5 giorni lavorativi (se ne hai bisogno per una data specifica, contattaci)<\/li>\n<\/ul>\n","protected":false},"excerpt":{"rendered":"<p>La sedia Pikler \u00e8 un elemento essenziale per favorire l&#8217;indipendenza e lo sviluppo motorio dei bambini. Scopri i suoi benefici e come pu\u00f2 aiutare il tuo bambino a crescere in modo sano.<\/p>\n","protected":false},"featured_media":2446,"comment_status":"open","ping_status":"closed","template":"","meta":[],"product_cat":[108],"product_tag":[],"class_list":{"0":"post-2982","1":"product","2":"type-product","3":"status-publish","4":"has-post-thumbnail","6":"product_cat-pikler-it","8":"first","9":"instock","10":"taxable","11":"shipping-taxable","12":"purchasable","13":"product-type-variable"},"yoast_head":"<!-- This site is optimized with the Yoast SEO plugin v23.9 - https:\/\/yoast.com\/wordpress\/plugins\/seo\/ -->\n<title>Sedia in legno Pikler in 3 posizioni | Nenito<\/title>\n<meta name=\"description\" content=\"Scopri come la sedia in legno Pikler a 3 posizioni pu\u00f2 aiutare a sviluppare l&#039;indipendenza del tuo bambino. Acquistala e incoraggia la sua crescita!\" \/>\n<meta name=\"robots\" content=\"index, follow, max-snippet:-1, max-image-preview:large, max-video-preview:-1\" \/>\n<link rel=\"canonical\" href=\"https:\/\/nenitus.es\/it\/sedie-pikler-3-posizioni\/\" \/>\n<meta property=\"og:locale\" content=\"it_IT\" \/>\n<meta property=\"og:type\" content=\"article\" \/>\n<meta property=\"og:title\" content=\"Sedia in legno Pikler in 3 posizioni | Nenito\" \/>\n<meta property=\"og:description\" content=\"Scopri come la sedia in legno Pikler a 3 posizioni pu\u00f2 aiutare a sviluppare l&#039;indipendenza del tuo bambino. Acquistala e incoraggia la sua crescita!\" \/>\n<meta property=\"og:url\" content=\"https:\/\/nenitus.es\/it\/sedie-pikler-3-posizioni\/\" \/>\n<meta property=\"og:site_name\" content=\"Nenitus\" \/>\n<meta property=\"article:modified_time\" content=\"2025-04-14T17:54:19+00:00\" \/>\n<meta property=\"og:image\" content=\"https:\/\/nenitus.es\/wp-content\/uploads\/2023\/05\/40-removebg-preview__1_-removebg-preview.png\" \/>\n\t<meta property=\"og:image:width\" content=\"479\" \/>\n\t<meta property=\"og:image:height\" content=\"479\" \/>\n\t<meta property=\"og:image:type\" content=\"image\/png\" \/>\n<meta name=\"twitter:card\" content=\"summary_large_image\" \/>\n<meta name=\"twitter:label1\" content=\"Tempo di lettura stimato\" \/>\n\t<meta name=\"twitter:data1\" content=\"3 minuti\" \/>\n<script type=\"application\/ld+json\" class=\"yoast-schema-graph\">{\"@context\":\"https:\/\/schema.org\",\"@graph\":[{\"@type\":\"WebPage\",\"@id\":\"https:\/\/nenitus.es\/it\/sedie-pikler-3-posizioni\/\",\"url\":\"https:\/\/nenitus.es\/it\/sedie-pikler-3-posizioni\/\",\"name\":\"Sedia in legno Pikler in 3 posizioni | Nenito\",\"isPartOf\":{\"@id\":\"https:\/\/nenitus.es\/it\/#website\"},\"primaryImageOfPage\":{\"@id\":\"https:\/\/nenitus.es\/it\/sedie-pikler-3-posizioni\/#primaryimage\"},\"image\":{\"@id\":\"https:\/\/nenitus.es\/it\/sedie-pikler-3-posizioni\/#primaryimage\"},\"thumbnailUrl\":\"https:\/\/nenitus.es\/wp-content\/uploads\/2023\/05\/40-removebg-preview__1_-removebg-preview.png\",\"datePublished\":\"2023-05-01T10:40:17+00:00\",\"dateModified\":\"2025-04-14T17:54:19+00:00\",\"description\":\"Scopri come la sedia in legno Pikler a 3 posizioni pu\u00f2 aiutare a sviluppare l'indipendenza del tuo bambino. Acquistala e incoraggia la sua crescita!\",\"breadcrumb\":{\"@id\":\"https:\/\/nenitus.es\/it\/sedie-pikler-3-posizioni\/#breadcrumb\"},\"inLanguage\":\"it-IT\",\"potentialAction\":[{\"@type\":\"ReadAction\",\"target\":[\"https:\/\/nenitus.es\/it\/sedie-pikler-3-posizioni\/\"]}]},{\"@type\":\"ImageObject\",\"inLanguage\":\"it-IT\",\"@id\":\"https:\/\/nenitus.es\/it\/sedie-pikler-3-posizioni\/#primaryimage\",\"url\":\"https:\/\/nenitus.es\/wp-content\/uploads\/2023\/05\/40-removebg-preview__1_-removebg-preview.png\",\"contentUrl\":\"https:\/\/nenitus.es\/wp-content\/uploads\/2023\/05\/40-removebg-preview__1_-removebg-preview.png\",\"width\":479,\"height\":479},{\"@type\":\"BreadcrumbList\",\"@id\":\"https:\/\/nenitus.es\/it\/sedie-pikler-3-posizioni\/#breadcrumb\",\"itemListElement\":[{\"@type\":\"ListItem\",\"position\":1,\"name\":\"Portada\",\"item\":\"https:\/\/nenitus.es\/it\/\"},{\"@type\":\"ListItem\",\"position\":2,\"name\":\"Negozio\",\"item\":\"https:\/\/nenitus.es\/it\/negozio\/\"},{\"@type\":\"ListItem\",\"position\":3,\"name\":\"Sedie Pikler 3 posizioni\"}]},{\"@type\":\"WebSite\",\"@id\":\"https:\/\/nenitus.es\/it\/#website\",\"url\":\"https:\/\/nenitus.es\/it\/\",\"name\":\"Nenitus\",\"description\":\"\",\"potentialAction\":[{\"@type\":\"SearchAction\",\"target\":{\"@type\":\"EntryPoint\",\"urlTemplate\":\"https:\/\/nenitus.es\/it\/?s={search_term_string}\"},\"query-input\":{\"@type\":\"PropertyValueSpecification\",\"valueRequired\":true,\"valueName\":\"search_term_string\"}}],\"inLanguage\":\"it-IT\"}]}<\/script>\n<!-- \/ Yoast SEO plugin. -->","yoast_head_json":{"title":"Sedia in legno Pikler in 3 posizioni | Nenito","description":"Scopri come la sedia in legno Pikler a 3 posizioni pu\u00f2 aiutare a sviluppare l'indipendenza del tuo bambino. Acquistala e incoraggia la sua crescita!","robots":{"index":"index","follow":"follow","max-snippet":"max-snippet:-1","max-image-preview":"max-image-preview:large","max-video-preview":"max-video-preview:-1"},"canonical":"https:\/\/nenitus.es\/it\/sedie-pikler-3-posizioni\/","og_locale":"it_IT","og_type":"article","og_title":"Sedia in legno Pikler in 3 posizioni | Nenito","og_description":"Scopri come la sedia in legno Pikler a 3 posizioni pu\u00f2 aiutare a sviluppare l'indipendenza del tuo bambino. Acquistala e incoraggia la sua crescita!","og_url":"https:\/\/nenitus.es\/it\/sedie-pikler-3-posizioni\/","og_site_name":"Nenitus","article_modified_time":"2025-04-14T17:54:19+00:00","og_image":[{"width":479,"height":479,"url":"https:\/\/nenitus.es\/wp-content\/uploads\/2023\/05\/40-removebg-preview__1_-removebg-preview.png","type":"image\/png"}],"twitter_card":"summary_large_image","twitter_misc":{"Tempo di lettura stimato":"3 minuti"},"schema":{"@context":"https:\/\/schema.org","@graph":[{"@type":"WebPage","@id":"https:\/\/nenitus.es\/it\/sedie-pikler-3-posizioni\/","url":"https:\/\/nenitus.es\/it\/sedie-pikler-3-posizioni\/","name":"Sedia in legno Pikler in 3 posizioni | Nenito","isPartOf":{"@id":"https:\/\/nenitus.es\/it\/#website"},"primaryImageOfPage":{"@id":"https:\/\/nenitus.es\/it\/sedie-pikler-3-posizioni\/#primaryimage"},"image":{"@id":"https:\/\/nenitus.es\/it\/sedie-pikler-3-posizioni\/#primaryimage"},"thumbnailUrl":"https:\/\/nenitus.es\/wp-content\/uploads\/2023\/05\/40-removebg-preview__1_-removebg-preview.png","datePublished":"2023-05-01T10:40:17+00:00","dateModified":"2025-04-14T17:54:19+00:00","description":"Scopri come la sedia in legno Pikler a 3 posizioni pu\u00f2 aiutare a sviluppare l'indipendenza del tuo bambino. Acquistala e incoraggia la sua crescita!","breadcrumb":{"@id":"https:\/\/nenitus.es\/it\/sedie-pikler-3-posizioni\/#breadcrumb"},"inLanguage":"it-IT","potentialAction":[{"@type":"ReadAction","target":["https:\/\/nenitus.es\/it\/sedie-pikler-3-posizioni\/"]}]},{"@type":"ImageObject","inLanguage":"it-IT","@id":"https:\/\/nenitus.es\/it\/sedie-pikler-3-posizioni\/#primaryimage","url":"https:\/\/nenitus.es\/wp-content\/uploads\/2023\/05\/40-removebg-preview__1_-removebg-preview.png","contentUrl":"https:\/\/nenitus.es\/wp-content\/uploads\/2023\/05\/40-removebg-preview__1_-removebg-preview.png","width":479,"height":479},{"@type":"BreadcrumbList","@id":"https:\/\/nenitus.es\/it\/sedie-pikler-3-posizioni\/#breadcrumb","itemListElement":[{"@type":"ListItem","position":1,"name":"Portada","item":"https:\/\/nenitus.es\/it\/"},{"@type":"ListItem","position":2,"name":"Negozio","item":"https:\/\/nenitus.es\/it\/negozio\/"},{"@type":"ListItem","position":3,"name":"Sedie Pikler 3 posizioni"}]},{"@type":"WebSite","@id":"https:\/\/nenitus.es\/it\/#website","url":"https:\/\/nenitus.es\/it\/","name":"Nenitus","description":"","potentialAction":[{"@type":"SearchAction","target":{"@type":"EntryPoint","urlTemplate":"https:\/\/nenitus.es\/it\/?s={search_term_string}"},"query-input":{"@type":"PropertyValueSpecification","valueRequired":true,"valueName":"search_term_string"}}],"inLanguage":"it-IT"}]}},"jetpack_sharing_enabled":true,"_links":{"self":[{"href":"https:\/\/nenitus.es\/it\/wp-json\/wp\/v2\/product\/2982","targetHints":{"allow":["GET"]}}],"collection":[{"href":"https:\/\/nenitus.es\/it\/wp-json\/wp\/v2\/product"}],"about":[{"href":"https:\/\/nenitus.es\/it\/wp-json\/wp\/v2\/types\/product"}],"replies":[{"embeddable":true,"href":"https:\/\/nenitus.es\/it\/wp-json\/wp\/v2\/comments?post=2982"}],"wp:featuredmedia":[{"embeddable":true,"href":"https:\/\/nenitus.es\/it\/wp-json\/wp\/v2\/media\/2446"}],"wp:attachment":[{"href":"https:\/\/nenitus.es\/it\/wp-json\/wp\/v2\/media?parent=2982"}],"wp:term":[{"taxonomy":"product_cat","embeddable":true,"href":"https:\/\/nenitus.es\/it\/wp-json\/wp\/v2\/product_cat?post=2982"},{"taxonomy":"product_tag","embeddable":true,"href":"https:\/\/nenitus.es\/it\/wp-json\/wp\/v2\/product_tag?post=2982"}],"curies":[{"name":"wp","href":"https:\/\/api.w.org\/{rel}","templated":true}]}}