{"id":3004,"date":"2023-05-01T12:39:54","date_gmt":"2023-05-01T10:39:54","guid":{"rendered":"https:\/\/nenitus.es\/6-bambole-in-legno-baby-enanitus\/"},"modified":"2024-12-03T00:02:45","modified_gmt":"2024-12-02T23:02:45","slug":"6-bambole-in-legno-baby-enanitus","status":"publish","type":"product","link":"https:\/\/nenitus.es\/it\/6-bambole-in-legno-baby-enanitus\/","title":{"rendered":"6 bambole in legno Baby Enanitus"},"content":{"rendered":"<section class=\"av_textblock_section \">\n<div class=\"avia_textblock \">\n<section class=\"av_textblock_section \">\n<h1><span style=\"font-size: 100%;\"><strong>Set di 6 bambole in legno Baby Enanitus &#8211; Gioco simbolico e creativo <\/strong><\/span><\/h1>\n<p>Il set di 6 bambole in legno naturale Baby Enanitus \u00e8 un set giocattolo ideale per bambini dai 3 anni in su. Queste bambole, realizzate in legno naturale e dipinte a mano con coloranti naturali non tossici, sono perfette per il gioco simbolico e la creazione di storie. Inoltre, poich\u00e9 non hanno occhi n\u00e9 sesso, sono perfetti affinch\u00e9 i bambini sviluppino la loro creativit\u00e0 e li trasformino nel personaggio che desiderano.<\/p>\n<h3><span style=\"font-size: 90%;\"><strong>Vantaggi:<\/strong><\/span><\/h3>\n<ul>\n<li>Incoraggia la creativit\u00e0 e l&#8217;immaginazione dei bambini.<\/li>\n<li>Contribuisce allo sviluppo cognitivo ed emotivo dei bambini a partire dai 3 anni.<\/li>\n<li>Stimola il gioco simbolico e la creazione di storie.<\/li>\n<li>Aiuta a sviluppare abilit\u00e0 sociali e comunicative.<\/li>\n<li>\u00c8 un materiale non strutturato, che consente un gran numero di usi e giochi diversi.<\/li>\n<li>Realizzati in legno naturale e dipinti a mano con coloranti naturali non tossici, sono un&#8217;opzione ecologica e sostenibile.<\/li>\n<li>Non hanno occhi n\u00e9 sesso, consentendo ai bambini di creare le proprie storie e trasformare le bambole nel personaggio che desiderano.<\/li>\n<\/ul>\n<h3><span style=\"font-size: 90%;\"><strong>Caratteristiche:<\/strong><\/span><\/h3>\n<ul>\n<li>Set di 6 bambole Baby Enanitus in legno naturale e 1 noce di cocco.<\/li>\n<li>Misura 4 cm di altezza.<\/li>\n<li>Bambole senza occhi n\u00e9 sesso per consentire la creativit\u00e0 dei bambini.<\/li>\n<li>Materiale non strutturato per consentire un gran numero di usi.<\/li>\n<li>Perfetto per il gioco simbolico e la creazione di storie, nonch\u00e9 per accompagnare giochi matematici, linguistici e sensoriali.<\/li>\n<li>Et\u00e0: + 3 anni<\/li>\n<\/ul>\n<h3><span style=\"font-size: 90%;\"><strong>Prezzo:<\/strong><\/span><\/h3>\n<ul>\n<li>Il prezzo del set di 6 bambole in legno Baby Enanitus <span style=\"font-size: 14.4px;\">\u00e8 di \u20ac 15<\/span><\/li>\n<\/ul>\n<h3><span style=\"font-size: 90%;\"><strong>Materiali:<\/strong><\/span><\/h3>\n<ul>\n<li>Legno naturale.<\/li>\n<li>Coloranti naturali atossici.<\/li>\n<\/ul>\n<h3><span style=\"font-size: 90%;\"><strong>Spedizione:<\/strong><\/span><\/h3>\n<ul>\n<li>Tempo di spedizione approssimativo per questo prodotto: da 2 a 5 giorni lavorativi (se ne hai bisogno per una data specifica, contattaci)<\/li>\n<\/ul>\n<p><\/sezione>\n<\/div>\n<p><\/sezione><\/p>\n","protected":false},"excerpt":{"rendered":"<p>Scopri le 6 bambole Baby Enanitus in legno naturale, il gioco simbolico perfetto per bambini dai 3 anni in su. Con la loro dimensione di 4 cm di altezza e il loro materiale destrutturato, permettono di creare infinite storie e giochi. Inoltre, la loro produzione con coloranti naturali non tossici, privi di occhi e di genere, li rende un&#8217;opzione sicura ed ecologica per i pi\u00f9 piccoli.<\/p>\n<div><\/div>\n","protected":false},"featured_media":2403,"comment_status":"open","ping_status":"closed","template":"","meta":[],"product_cat":[92,168],"product_tag":[],"class_list":{"0":"post-3004","1":"product","2":"type-product","3":"status-publish","4":"has-post-thumbnail","6":"product_cat-materiali-montessori","7":"product_cat-nuovo","9":"first","10":"instock","11":"sale","12":"taxable","13":"shipping-taxable","14":"purchasable","15":"product-type-simple"},"yoast_head":"<!-- This site is optimized with the Yoast SEO plugin v23.9 - https:\/\/yoast.com\/wordpress\/plugins\/seo\/ -->\n<title>6 bambole in legno Baby Enanitus - Nenitus<\/title>\n<meta name=\"description\" content=\"Con il set di 6 bambole in legno naturale Baby Enanitus i bambini potranno sviluppare la loro creativit\u00e0 e fantasia attraverso il gioco simbolico e la creazione di storie. Realizzate in legno naturale e dipinte a mano con coloranti naturali e non tossici, queste bambole sono un&#039;opzione ecologica e sostenibile per genitori e tutori che cercano giocattoli sicuri e di qualit\u00e0 per i loro bambini. Scopri subito i Baby Enanitus e crea con loro storie magiche e infinite!\" \/>\n<meta name=\"robots\" content=\"index, follow, max-snippet:-1, max-image-preview:large, max-video-preview:-1\" \/>\n<link rel=\"canonical\" href=\"https:\/\/nenitus.es\/it\/6-bambole-in-legno-baby-enanitus\/\" \/>\n<meta property=\"og:locale\" content=\"it_IT\" \/>\n<meta property=\"og:type\" content=\"article\" \/>\n<meta property=\"og:title\" content=\"6 bambole in legno Baby Enanitus - Nenitus\" \/>\n<meta property=\"og:description\" content=\"Con il set di 6 bambole in legno naturale Baby Enanitus i bambini potranno sviluppare la loro creativit\u00e0 e fantasia attraverso il gioco simbolico e la creazione di storie. Realizzate in legno naturale e dipinte a mano con coloranti naturali e non tossici, queste bambole sono un&#039;opzione ecologica e sostenibile per genitori e tutori che cercano giocattoli sicuri e di qualit\u00e0 per i loro bambini. Scopri subito i Baby Enanitus e crea con loro storie magiche e infinite!\" \/>\n<meta property=\"og:url\" content=\"https:\/\/nenitus.es\/it\/6-bambole-in-legno-baby-enanitus\/\" \/>\n<meta property=\"og:site_name\" content=\"Nenitus\" \/>\n<meta property=\"article:modified_time\" content=\"2024-12-02T23:02:45+00:00\" \/>\n<meta property=\"og:image\" content=\"https:\/\/nenitus.es\/wp-content\/uploads\/2023\/05\/baby-enanitus-2.jpg\" \/>\n\t<meta property=\"og:image:width\" content=\"2048\" \/>\n\t<meta property=\"og:image:height\" content=\"1648\" \/>\n\t<meta property=\"og:image:type\" content=\"image\/jpeg\" \/>\n<meta name=\"twitter:card\" content=\"summary_large_image\" \/>\n<meta name=\"twitter:label1\" content=\"Tempo di lettura stimato\" \/>\n\t<meta name=\"twitter:data1\" content=\"1 minuto\" \/>\n<script type=\"application\/ld+json\" class=\"yoast-schema-graph\">{\"@context\":\"https:\/\/schema.org\",\"@graph\":[{\"@type\":\"WebPage\",\"@id\":\"https:\/\/nenitus.es\/it\/6-bambole-in-legno-baby-enanitus\/\",\"url\":\"https:\/\/nenitus.es\/it\/6-bambole-in-legno-baby-enanitus\/\",\"name\":\"6 bambole in legno Baby Enanitus - Nenitus\",\"isPartOf\":{\"@id\":\"https:\/\/nenitus.es\/it\/#website\"},\"primaryImageOfPage\":{\"@id\":\"https:\/\/nenitus.es\/it\/6-bambole-in-legno-baby-enanitus\/#primaryimage\"},\"image\":{\"@id\":\"https:\/\/nenitus.es\/it\/6-bambole-in-legno-baby-enanitus\/#primaryimage\"},\"thumbnailUrl\":\"https:\/\/nenitus.es\/wp-content\/uploads\/2023\/05\/baby-enanitus-2.jpg\",\"datePublished\":\"2023-05-01T10:39:54+00:00\",\"dateModified\":\"2024-12-02T23:02:45+00:00\",\"description\":\"Con il set di 6 bambole in legno naturale Baby Enanitus i bambini potranno sviluppare la loro creativit\u00e0 e fantasia attraverso il gioco simbolico e la creazione di storie. Realizzate in legno naturale e dipinte a mano con coloranti naturali e non tossici, queste bambole sono un'opzione ecologica e sostenibile per genitori e tutori che cercano giocattoli sicuri e di qualit\u00e0 per i loro bambini. Scopri subito i Baby Enanitus e crea con loro storie magiche e infinite!\",\"breadcrumb\":{\"@id\":\"https:\/\/nenitus.es\/it\/6-bambole-in-legno-baby-enanitus\/#breadcrumb\"},\"inLanguage\":\"it-IT\",\"potentialAction\":[{\"@type\":\"ReadAction\",\"target\":[\"https:\/\/nenitus.es\/it\/6-bambole-in-legno-baby-enanitus\/\"]}]},{\"@type\":\"ImageObject\",\"inLanguage\":\"it-IT\",\"@id\":\"https:\/\/nenitus.es\/it\/6-bambole-in-legno-baby-enanitus\/#primaryimage\",\"url\":\"https:\/\/nenitus.es\/wp-content\/uploads\/2023\/05\/baby-enanitus-2.jpg\",\"contentUrl\":\"https:\/\/nenitus.es\/wp-content\/uploads\/2023\/05\/baby-enanitus-2.jpg\",\"width\":2048,\"height\":1648},{\"@type\":\"BreadcrumbList\",\"@id\":\"https:\/\/nenitus.es\/it\/6-bambole-in-legno-baby-enanitus\/#breadcrumb\",\"itemListElement\":[{\"@type\":\"ListItem\",\"position\":1,\"name\":\"Portada\",\"item\":\"https:\/\/nenitus.es\/it\/\"},{\"@type\":\"ListItem\",\"position\":2,\"name\":\"Negozio\",\"item\":\"https:\/\/nenitus.es\/it\/negozio\/\"},{\"@type\":\"ListItem\",\"position\":3,\"name\":\"6 bambole in legno Baby Enanitus\"}]},{\"@type\":\"WebSite\",\"@id\":\"https:\/\/nenitus.es\/it\/#website\",\"url\":\"https:\/\/nenitus.es\/it\/\",\"name\":\"Nenitus\",\"description\":\"\",\"potentialAction\":[{\"@type\":\"SearchAction\",\"target\":{\"@type\":\"EntryPoint\",\"urlTemplate\":\"https:\/\/nenitus.es\/it\/?s={search_term_string}\"},\"query-input\":{\"@type\":\"PropertyValueSpecification\",\"valueRequired\":true,\"valueName\":\"search_term_string\"}}],\"inLanguage\":\"it-IT\"}]}<\/script>\n<!-- \/ Yoast SEO plugin. -->","yoast_head_json":{"title":"6 bambole in legno Baby Enanitus - Nenitus","description":"Con il set di 6 bambole in legno naturale Baby Enanitus i bambini potranno sviluppare la loro creativit\u00e0 e fantasia attraverso il gioco simbolico e la creazione di storie. Realizzate in legno naturale e dipinte a mano con coloranti naturali e non tossici, queste bambole sono un'opzione ecologica e sostenibile per genitori e tutori che cercano giocattoli sicuri e di qualit\u00e0 per i loro bambini. Scopri subito i Baby Enanitus e crea con loro storie magiche e infinite!","robots":{"index":"index","follow":"follow","max-snippet":"max-snippet:-1","max-image-preview":"max-image-preview:large","max-video-preview":"max-video-preview:-1"},"canonical":"https:\/\/nenitus.es\/it\/6-bambole-in-legno-baby-enanitus\/","og_locale":"it_IT","og_type":"article","og_title":"6 bambole in legno Baby Enanitus - Nenitus","og_description":"Con il set di 6 bambole in legno naturale Baby Enanitus i bambini potranno sviluppare la loro creativit\u00e0 e fantasia attraverso il gioco simbolico e la creazione di storie. Realizzate in legno naturale e dipinte a mano con coloranti naturali e non tossici, queste bambole sono un'opzione ecologica e sostenibile per genitori e tutori che cercano giocattoli sicuri e di qualit\u00e0 per i loro bambini. Scopri subito i Baby Enanitus e crea con loro storie magiche e infinite!","og_url":"https:\/\/nenitus.es\/it\/6-bambole-in-legno-baby-enanitus\/","og_site_name":"Nenitus","article_modified_time":"2024-12-02T23:02:45+00:00","og_image":[{"width":2048,"height":1648,"url":"https:\/\/nenitus.es\/wp-content\/uploads\/2023\/05\/baby-enanitus-2.jpg","type":"image\/jpeg"}],"twitter_card":"summary_large_image","twitter_misc":{"Tempo di lettura stimato":"1 minuto"},"schema":{"@context":"https:\/\/schema.org","@graph":[{"@type":"WebPage","@id":"https:\/\/nenitus.es\/it\/6-bambole-in-legno-baby-enanitus\/","url":"https:\/\/nenitus.es\/it\/6-bambole-in-legno-baby-enanitus\/","name":"6 bambole in legno Baby Enanitus - Nenitus","isPartOf":{"@id":"https:\/\/nenitus.es\/it\/#website"},"primaryImageOfPage":{"@id":"https:\/\/nenitus.es\/it\/6-bambole-in-legno-baby-enanitus\/#primaryimage"},"image":{"@id":"https:\/\/nenitus.es\/it\/6-bambole-in-legno-baby-enanitus\/#primaryimage"},"thumbnailUrl":"https:\/\/nenitus.es\/wp-content\/uploads\/2023\/05\/baby-enanitus-2.jpg","datePublished":"2023-05-01T10:39:54+00:00","dateModified":"2024-12-02T23:02:45+00:00","description":"Con il set di 6 bambole in legno naturale Baby Enanitus i bambini potranno sviluppare la loro creativit\u00e0 e fantasia attraverso il gioco simbolico e la creazione di storie. Realizzate in legno naturale e dipinte a mano con coloranti naturali e non tossici, queste bambole sono un'opzione ecologica e sostenibile per genitori e tutori che cercano giocattoli sicuri e di qualit\u00e0 per i loro bambini. Scopri subito i Baby Enanitus e crea con loro storie magiche e infinite!","breadcrumb":{"@id":"https:\/\/nenitus.es\/it\/6-bambole-in-legno-baby-enanitus\/#breadcrumb"},"inLanguage":"it-IT","potentialAction":[{"@type":"ReadAction","target":["https:\/\/nenitus.es\/it\/6-bambole-in-legno-baby-enanitus\/"]}]},{"@type":"ImageObject","inLanguage":"it-IT","@id":"https:\/\/nenitus.es\/it\/6-bambole-in-legno-baby-enanitus\/#primaryimage","url":"https:\/\/nenitus.es\/wp-content\/uploads\/2023\/05\/baby-enanitus-2.jpg","contentUrl":"https:\/\/nenitus.es\/wp-content\/uploads\/2023\/05\/baby-enanitus-2.jpg","width":2048,"height":1648},{"@type":"BreadcrumbList","@id":"https:\/\/nenitus.es\/it\/6-bambole-in-legno-baby-enanitus\/#breadcrumb","itemListElement":[{"@type":"ListItem","position":1,"name":"Portada","item":"https:\/\/nenitus.es\/it\/"},{"@type":"ListItem","position":2,"name":"Negozio","item":"https:\/\/nenitus.es\/it\/negozio\/"},{"@type":"ListItem","position":3,"name":"6 bambole in legno Baby Enanitus"}]},{"@type":"WebSite","@id":"https:\/\/nenitus.es\/it\/#website","url":"https:\/\/nenitus.es\/it\/","name":"Nenitus","description":"","potentialAction":[{"@type":"SearchAction","target":{"@type":"EntryPoint","urlTemplate":"https:\/\/nenitus.es\/it\/?s={search_term_string}"},"query-input":{"@type":"PropertyValueSpecification","valueRequired":true,"valueName":"search_term_string"}}],"inLanguage":"it-IT"}]}},"jetpack_sharing_enabled":true,"_links":{"self":[{"href":"https:\/\/nenitus.es\/it\/wp-json\/wp\/v2\/product\/3004","targetHints":{"allow":["GET"]}}],"collection":[{"href":"https:\/\/nenitus.es\/it\/wp-json\/wp\/v2\/product"}],"about":[{"href":"https:\/\/nenitus.es\/it\/wp-json\/wp\/v2\/types\/product"}],"replies":[{"embeddable":true,"href":"https:\/\/nenitus.es\/it\/wp-json\/wp\/v2\/comments?post=3004"}],"wp:featuredmedia":[{"embeddable":true,"href":"https:\/\/nenitus.es\/it\/wp-json\/wp\/v2\/media\/2403"}],"wp:attachment":[{"href":"https:\/\/nenitus.es\/it\/wp-json\/wp\/v2\/media?parent=3004"}],"wp:term":[{"taxonomy":"product_cat","embeddable":true,"href":"https:\/\/nenitus.es\/it\/wp-json\/wp\/v2\/product_cat?post=3004"},{"taxonomy":"product_tag","embeddable":true,"href":"https:\/\/nenitus.es\/it\/wp-json\/wp\/v2\/product_tag?post=3004"}],"curies":[{"name":"wp","href":"https:\/\/api.w.org\/{rel}","templated":true}]}}