{"id":3005,"date":"2023-05-01T12:39:54","date_gmt":"2023-05-01T10:39:54","guid":{"rendered":"https:\/\/nenitus.es\/6-bambole-gnomitus-in-legno\/"},"modified":"2024-12-03T00:02:45","modified_gmt":"2024-12-02T23:02:45","slug":"6-bambole-gnomitus-in-legno","status":"publish","type":"product","link":"https:\/\/nenitus.es\/it\/6-bambole-gnomitus-in-legno\/","title":{"rendered":"6 bambole Gnomitus in legno"},"content":{"rendered":"<section class=\"av_textblock_section \">\n<div class=\"avia_textblock \">\n<section class=\"av_textblock_section \">\n<h1><span style=\"font-size: 100%;\"><strong>Set di 6 bambole GNOMITUS in legno naturale e dipinte a mano &#8211; Gioco simbolico per bambini da 1 anno<\/strong><\/span> <\/h1>\n<p>Il set di 6 bambole GNOMITUS \u00e8 realizzato in legno naturale e dipinto a mano con coloranti naturali atossici. Queste bambole possono essere trasformate in materiale di gioco simbolico per creare storie e costruire Mini Mondi. Inoltre, possono essere combinati con altri materiali per accompagnare giochi matematici, linguistici, sensoriali e molti altri. Gli GNOMITUS sono un materiale non strutturato che consente un gran numero di usi. Inoltre, sono molto carini e non hanno occhi n\u00e9 sesso, il che consente ai bambini di sviluppare le proprie storie e decidere in quali personaggi trasformarle.<\/p>\n<h3><span style=\"font-size: 90%;\"><strong>Vantaggi:<\/strong><\/span><\/h3>\n<ul>\n<li><strong>Incoraggia la creativit\u00e0:<\/strong> i bambini possono utilizzare le bambole GNOMITUS per creare le proprie storie e personaggi immaginari, il che incoraggia la loro creativit\u00e0 e li aiuta a sviluppare la loro inventiva.<\/li>\n<li><strong>Stimola l&#8217;immaginazione:<\/strong> le bambole GNOMITUS sono un materiale ideale per il gioco simbolico, poich\u00e9 i bambini possono usarle per rappresentare situazioni di vita reale, sperimentare ruoli diversi e sviluppare la loro capacit\u00e0 di immaginazione.<\/li>\n<li><strong>Migliora la coordinazione occhio-mano:<\/strong> manipolando le bambole GNOMITUS, i bambini migliorano la coordinazione occhio-mano, il che pu\u00f2 essere utile per altre attivit\u00e0, come scrivere o disegnare.<\/ li>\n<li><strong>Incoraggia il gioco cooperativo:<\/strong> i bambini possono condividere le bambole GNOMITUS e giocare insieme, il che incoraggia il gioco cooperativo e li aiuta a sviluppare abilit\u00e0 sociali e comunicative.<\/li>\n<li><strong>Materiali naturali e non tossici:<\/strong> le bambole GNOMITUS sono realizzate con materiali naturali e dipinte a mano con coloranti non tossici, rendendole un&#8217;opzione sicura e salutare per i bambini.<\/li >\n<li><strong>Promuove l&#8217;apprendimento:<\/strong> le bambole GNOMITUS possono essere utilizzate in diverse attivit\u00e0 di apprendimento, come esplorare le trame, ordinare e contare, rendendole un materiale versatile ed educativo.<\/ li>\n<\/ul>\n<h3><span style=\"font-size: 90%;\"><strong>Caratteristiche:<\/strong><\/span><\/h3>\n<ul>\n<li>Set di 6 bambole GNOMITUS realizzate in legno naturale e dipinte a mano con coloranti naturali atossici<\/li>\n<li>Bambole alte 7 cm<\/li>\n<li>Materiale non strutturato per molteplici usi<\/li>\n<li>Senza occhi o genere per stimolare la creativit\u00e0 dei bambini<\/li>\n<li>Et\u00e0 consigliata: da 1 anno<\/li>\n<\/ul>\n<h3><span style=\"font-size: 90%;\"><strong>Prezzo<\/strong><\/span><\/h3>\n<ul>\n<li>Il prezzo del set di 6 bambole Gnomitus \u00e8 di \u20ac 23<\/li>\n<\/ul>\n<h3><span style=\"font-size: 90%;\"><strong>Materiali:<\/strong><\/span><\/h3>\n<ul>\n<li>Legno naturale<\/li>\n<li>Coloranti naturali atossici<\/li>\n<\/ul>\n<h3><span style=\"font-size: 90%;\"><strong>Spedizione:<\/strong><\/span><\/h3>\n<ul>\n<li>Tempo di spedizione approssimativo per questo prodotto: da 2 a 5 giorni lavorativi (se ne hai bisogno per una data specifica, contattaci)<\/li>\n<\/ul>\n<p><\/sezione>\n<\/div>\n<p><\/sezione><\/p>\n","protected":false},"excerpt":{"rendered":"<div>Il set di 6 bambole GNOMITUS \u00e8 un giocattolo realizzato in legno naturale e dipinto a mano con coloranti naturali atossici, ideale per ragazzi e ragazze a partire da 1 anno. Queste bambole sono perfette per il gioco simbolico, permettendo la creazione di storie e la costruzione di mini mondi. Inoltre, non avendo sesso o caratteristiche facciali definite, i bambini possono sviluppare la loro immaginazione e creativit\u00e0 mentre giocano. La loro dimensione di 7 cm li rende perfetti per essere manipolati facilmente dai pi\u00f9 piccoli.<\/div>\n","protected":false},"featured_media":2409,"comment_status":"open","ping_status":"closed","template":"","meta":[],"product_cat":[92,168],"product_tag":[],"class_list":{"0":"post-3005","1":"product","2":"type-product","3":"status-publish","4":"has-post-thumbnail","6":"product_cat-materiali-montessori","7":"product_cat-nuovo","9":"first","10":"outofstock","11":"sale","12":"taxable","13":"shipping-taxable","14":"purchasable","15":"product-type-simple"},"yoast_head":"<!-- This site is optimized with the Yoast SEO plugin v23.9 - https:\/\/yoast.com\/wordpress\/plugins\/seo\/ -->\n<title>6 bambole Gnomitus in legno - Nenitus<\/title>\n<meta name=\"description\" content=\"Il set di 6 bambole GNOMITUS \u00e8 un materiale da gioco simbolico realizzato in legno naturale e dipinto a mano con coloranti naturali atossici. Queste bambole permettono la costruzione di Mini Mondi e l&#039;abbinamento con altri materiali per vari giochi. Inoltre, sono un materiale non strutturato che consente un gran numero di usi. Scopri come questo materiale pu\u00f2 stimolare la creativit\u00e0 e lo sviluppo delle capacit\u00e0 cognitive, linguistiche e sensoriali nei bambini a partire da 1 anno.\" \/>\n<meta name=\"robots\" content=\"index, follow, max-snippet:-1, max-image-preview:large, max-video-preview:-1\" \/>\n<link rel=\"canonical\" href=\"https:\/\/nenitus.es\/it\/6-bambole-gnomitus-in-legno\/\" \/>\n<meta property=\"og:locale\" content=\"it_IT\" \/>\n<meta property=\"og:type\" content=\"article\" \/>\n<meta property=\"og:title\" content=\"6 bambole Gnomitus in legno - Nenitus\" \/>\n<meta property=\"og:description\" content=\"Il set di 6 bambole GNOMITUS \u00e8 un materiale da gioco simbolico realizzato in legno naturale e dipinto a mano con coloranti naturali atossici. Queste bambole permettono la costruzione di Mini Mondi e l&#039;abbinamento con altri materiali per vari giochi. Inoltre, sono un materiale non strutturato che consente un gran numero di usi. Scopri come questo materiale pu\u00f2 stimolare la creativit\u00e0 e lo sviluppo delle capacit\u00e0 cognitive, linguistiche e sensoriali nei bambini a partire da 1 anno.\" \/>\n<meta property=\"og:url\" content=\"https:\/\/nenitus.es\/it\/6-bambole-gnomitus-in-legno\/\" \/>\n<meta property=\"og:site_name\" content=\"Nenitus\" \/>\n<meta property=\"article:modified_time\" content=\"2024-12-02T23:02:45+00:00\" \/>\n<meta property=\"og:image\" content=\"https:\/\/nenitus.es\/wp-content\/uploads\/2023\/05\/Gnomitus-1.jpg\" \/>\n\t<meta property=\"og:image:width\" content=\"2048\" \/>\n\t<meta property=\"og:image:height\" content=\"1536\" \/>\n\t<meta property=\"og:image:type\" content=\"image\/jpeg\" \/>\n<meta name=\"twitter:card\" content=\"summary_large_image\" \/>\n<meta name=\"twitter:label1\" content=\"Tempo di lettura stimato\" \/>\n\t<meta name=\"twitter:data1\" content=\"2 minuti\" \/>\n<script type=\"application\/ld+json\" class=\"yoast-schema-graph\">{\"@context\":\"https:\/\/schema.org\",\"@graph\":[{\"@type\":\"WebPage\",\"@id\":\"https:\/\/nenitus.es\/it\/6-bambole-gnomitus-in-legno\/\",\"url\":\"https:\/\/nenitus.es\/it\/6-bambole-gnomitus-in-legno\/\",\"name\":\"6 bambole Gnomitus in legno - Nenitus\",\"isPartOf\":{\"@id\":\"https:\/\/nenitus.es\/it\/#website\"},\"primaryImageOfPage\":{\"@id\":\"https:\/\/nenitus.es\/it\/6-bambole-gnomitus-in-legno\/#primaryimage\"},\"image\":{\"@id\":\"https:\/\/nenitus.es\/it\/6-bambole-gnomitus-in-legno\/#primaryimage\"},\"thumbnailUrl\":\"https:\/\/nenitus.es\/wp-content\/uploads\/2023\/05\/Gnomitus-1.jpg\",\"datePublished\":\"2023-05-01T10:39:54+00:00\",\"dateModified\":\"2024-12-02T23:02:45+00:00\",\"description\":\"Il set di 6 bambole GNOMITUS \u00e8 un materiale da gioco simbolico realizzato in legno naturale e dipinto a mano con coloranti naturali atossici. Queste bambole permettono la costruzione di Mini Mondi e l'abbinamento con altri materiali per vari giochi. Inoltre, sono un materiale non strutturato che consente un gran numero di usi. Scopri come questo materiale pu\u00f2 stimolare la creativit\u00e0 e lo sviluppo delle capacit\u00e0 cognitive, linguistiche e sensoriali nei bambini a partire da 1 anno.\",\"breadcrumb\":{\"@id\":\"https:\/\/nenitus.es\/it\/6-bambole-gnomitus-in-legno\/#breadcrumb\"},\"inLanguage\":\"it-IT\",\"potentialAction\":[{\"@type\":\"ReadAction\",\"target\":[\"https:\/\/nenitus.es\/it\/6-bambole-gnomitus-in-legno\/\"]}]},{\"@type\":\"ImageObject\",\"inLanguage\":\"it-IT\",\"@id\":\"https:\/\/nenitus.es\/it\/6-bambole-gnomitus-in-legno\/#primaryimage\",\"url\":\"https:\/\/nenitus.es\/wp-content\/uploads\/2023\/05\/Gnomitus-1.jpg\",\"contentUrl\":\"https:\/\/nenitus.es\/wp-content\/uploads\/2023\/05\/Gnomitus-1.jpg\",\"width\":2048,\"height\":1536},{\"@type\":\"BreadcrumbList\",\"@id\":\"https:\/\/nenitus.es\/it\/6-bambole-gnomitus-in-legno\/#breadcrumb\",\"itemListElement\":[{\"@type\":\"ListItem\",\"position\":1,\"name\":\"Portada\",\"item\":\"https:\/\/nenitus.es\/it\/\"},{\"@type\":\"ListItem\",\"position\":2,\"name\":\"Negozio\",\"item\":\"https:\/\/nenitus.es\/it\/negozio\/\"},{\"@type\":\"ListItem\",\"position\":3,\"name\":\"6 bambole Gnomitus in legno\"}]},{\"@type\":\"WebSite\",\"@id\":\"https:\/\/nenitus.es\/it\/#website\",\"url\":\"https:\/\/nenitus.es\/it\/\",\"name\":\"Nenitus\",\"description\":\"\",\"potentialAction\":[{\"@type\":\"SearchAction\",\"target\":{\"@type\":\"EntryPoint\",\"urlTemplate\":\"https:\/\/nenitus.es\/it\/?s={search_term_string}\"},\"query-input\":{\"@type\":\"PropertyValueSpecification\",\"valueRequired\":true,\"valueName\":\"search_term_string\"}}],\"inLanguage\":\"it-IT\"}]}<\/script>\n<!-- \/ Yoast SEO plugin. -->","yoast_head_json":{"title":"6 bambole Gnomitus in legno - Nenitus","description":"Il set di 6 bambole GNOMITUS \u00e8 un materiale da gioco simbolico realizzato in legno naturale e dipinto a mano con coloranti naturali atossici. Queste bambole permettono la costruzione di Mini Mondi e l'abbinamento con altri materiali per vari giochi. Inoltre, sono un materiale non strutturato che consente un gran numero di usi. Scopri come questo materiale pu\u00f2 stimolare la creativit\u00e0 e lo sviluppo delle capacit\u00e0 cognitive, linguistiche e sensoriali nei bambini a partire da 1 anno.","robots":{"index":"index","follow":"follow","max-snippet":"max-snippet:-1","max-image-preview":"max-image-preview:large","max-video-preview":"max-video-preview:-1"},"canonical":"https:\/\/nenitus.es\/it\/6-bambole-gnomitus-in-legno\/","og_locale":"it_IT","og_type":"article","og_title":"6 bambole Gnomitus in legno - Nenitus","og_description":"Il set di 6 bambole GNOMITUS \u00e8 un materiale da gioco simbolico realizzato in legno naturale e dipinto a mano con coloranti naturali atossici. Queste bambole permettono la costruzione di Mini Mondi e l'abbinamento con altri materiali per vari giochi. Inoltre, sono un materiale non strutturato che consente un gran numero di usi. Scopri come questo materiale pu\u00f2 stimolare la creativit\u00e0 e lo sviluppo delle capacit\u00e0 cognitive, linguistiche e sensoriali nei bambini a partire da 1 anno.","og_url":"https:\/\/nenitus.es\/it\/6-bambole-gnomitus-in-legno\/","og_site_name":"Nenitus","article_modified_time":"2024-12-02T23:02:45+00:00","og_image":[{"width":2048,"height":1536,"url":"https:\/\/nenitus.es\/wp-content\/uploads\/2023\/05\/Gnomitus-1.jpg","type":"image\/jpeg"}],"twitter_card":"summary_large_image","twitter_misc":{"Tempo di lettura stimato":"2 minuti"},"schema":{"@context":"https:\/\/schema.org","@graph":[{"@type":"WebPage","@id":"https:\/\/nenitus.es\/it\/6-bambole-gnomitus-in-legno\/","url":"https:\/\/nenitus.es\/it\/6-bambole-gnomitus-in-legno\/","name":"6 bambole Gnomitus in legno - Nenitus","isPartOf":{"@id":"https:\/\/nenitus.es\/it\/#website"},"primaryImageOfPage":{"@id":"https:\/\/nenitus.es\/it\/6-bambole-gnomitus-in-legno\/#primaryimage"},"image":{"@id":"https:\/\/nenitus.es\/it\/6-bambole-gnomitus-in-legno\/#primaryimage"},"thumbnailUrl":"https:\/\/nenitus.es\/wp-content\/uploads\/2023\/05\/Gnomitus-1.jpg","datePublished":"2023-05-01T10:39:54+00:00","dateModified":"2024-12-02T23:02:45+00:00","description":"Il set di 6 bambole GNOMITUS \u00e8 un materiale da gioco simbolico realizzato in legno naturale e dipinto a mano con coloranti naturali atossici. Queste bambole permettono la costruzione di Mini Mondi e l'abbinamento con altri materiali per vari giochi. Inoltre, sono un materiale non strutturato che consente un gran numero di usi. Scopri come questo materiale pu\u00f2 stimolare la creativit\u00e0 e lo sviluppo delle capacit\u00e0 cognitive, linguistiche e sensoriali nei bambini a partire da 1 anno.","breadcrumb":{"@id":"https:\/\/nenitus.es\/it\/6-bambole-gnomitus-in-legno\/#breadcrumb"},"inLanguage":"it-IT","potentialAction":[{"@type":"ReadAction","target":["https:\/\/nenitus.es\/it\/6-bambole-gnomitus-in-legno\/"]}]},{"@type":"ImageObject","inLanguage":"it-IT","@id":"https:\/\/nenitus.es\/it\/6-bambole-gnomitus-in-legno\/#primaryimage","url":"https:\/\/nenitus.es\/wp-content\/uploads\/2023\/05\/Gnomitus-1.jpg","contentUrl":"https:\/\/nenitus.es\/wp-content\/uploads\/2023\/05\/Gnomitus-1.jpg","width":2048,"height":1536},{"@type":"BreadcrumbList","@id":"https:\/\/nenitus.es\/it\/6-bambole-gnomitus-in-legno\/#breadcrumb","itemListElement":[{"@type":"ListItem","position":1,"name":"Portada","item":"https:\/\/nenitus.es\/it\/"},{"@type":"ListItem","position":2,"name":"Negozio","item":"https:\/\/nenitus.es\/it\/negozio\/"},{"@type":"ListItem","position":3,"name":"6 bambole Gnomitus in legno"}]},{"@type":"WebSite","@id":"https:\/\/nenitus.es\/it\/#website","url":"https:\/\/nenitus.es\/it\/","name":"Nenitus","description":"","potentialAction":[{"@type":"SearchAction","target":{"@type":"EntryPoint","urlTemplate":"https:\/\/nenitus.es\/it\/?s={search_term_string}"},"query-input":{"@type":"PropertyValueSpecification","valueRequired":true,"valueName":"search_term_string"}}],"inLanguage":"it-IT"}]}},"jetpack_sharing_enabled":true,"_links":{"self":[{"href":"https:\/\/nenitus.es\/it\/wp-json\/wp\/v2\/product\/3005","targetHints":{"allow":["GET"]}}],"collection":[{"href":"https:\/\/nenitus.es\/it\/wp-json\/wp\/v2\/product"}],"about":[{"href":"https:\/\/nenitus.es\/it\/wp-json\/wp\/v2\/types\/product"}],"replies":[{"embeddable":true,"href":"https:\/\/nenitus.es\/it\/wp-json\/wp\/v2\/comments?post=3005"}],"wp:featuredmedia":[{"embeddable":true,"href":"https:\/\/nenitus.es\/it\/wp-json\/wp\/v2\/media\/2409"}],"wp:attachment":[{"href":"https:\/\/nenitus.es\/it\/wp-json\/wp\/v2\/media?parent=3005"}],"wp:term":[{"taxonomy":"product_cat","embeddable":true,"href":"https:\/\/nenitus.es\/it\/wp-json\/wp\/v2\/product_cat?post=3005"},{"taxonomy":"product_tag","embeddable":true,"href":"https:\/\/nenitus.es\/it\/wp-json\/wp\/v2\/product_tag?post=3005"}],"curies":[{"name":"wp","href":"https:\/\/api.w.org\/{rel}","templated":true}]}}