{"id":3009,"date":"2023-05-01T12:39:54","date_gmt":"2023-05-01T10:39:54","guid":{"rendered":"https:\/\/nenitus.es\/cubo-di-pikler\/"},"modified":"2025-08-18T19:59:39","modified_gmt":"2025-08-18T17:59:39","slug":"cubo-di-pikler","status":"publish","type":"product","link":"https:\/\/nenitus.es\/it\/cubo-di-pikler\/","title":{"rendered":"Cubo di pikler"},"content":{"rendered":"<h2><strong>Pikler Cube &#8211; Sviluppa le capacit\u00e0 motorie e la creativit\u00e0 dei bambini<\/strong><\/h2>\n<p>Il Pikler Cube \u00e8 un giocattolo divertente ed educativo progettato per aiutare i bambini a sviluppare la coordinazione e le capacit\u00e0 motorie, incoraggiare la creativit\u00e0 e l&#8217;immaginazione e incoraggiare l&#8217;esplorazione e l&#8217;apprendimento attivo. Questo cubo \u00e8 realizzato in compensato di pino spesso 15 mm, completamente levigato a mano e con tutti i bordi arrotondati, che lo rendono un giocattolo sicuro e resistente.<\/p>\n<h2><strong>Vantaggi del cubo Pikler:<\/strong><\/h2>\n<ul>\n<li><strong>Promuove lo sviluppo motorio:<\/strong> il cubo Pikler \u00e8 un giocattolo che invita il bambino a muoversi e sperimentare con il proprio corpo. Salendo e scendendo dal secchio, il bambino lavora sul suo equilibrio, coordinazione e forza.<\/li>\n<li><strong>Incoraggia la creativit\u00e0:<\/strong> il cubo Pikler \u00e8 un giocattolo molto versatile che pu\u00f2 essere utilizzato in molti modi diversi. Il bambino pu\u00f2 usarlo come sedile, come tavolo, come superficie per arrampicarsi, come nascondiglio&#8230; Questo stimola la sua immaginazione e incoraggia la sua creativit\u00e0.<\/li>\n<li><strong>Aumenta la fiducia in se stessi:<\/strong> giocando con il cubo Pikler, il bambino sperimenta con il proprio corpo e scopre nuove abilit\u00e0 e abilit\u00e0. Questo ti aiuta ad acquisire fiducia in te stesso e a sentirti capace di affrontare nuove sfide.<\/li>\n<li><strong>Stimola la concentrazione:<\/strong> il cubo Pikler \u00e8 un giocattolo che richiede una certa concentrazione e attenzione da parte del bambino. Dovendo pensare a come usarlo e come muoversi, il bambino si concentra sul compito e sviluppa la sua capacit\u00e0 di attenzione.<\/li>\n<li><strong>Promuove l&#8217;autonomia:<\/strong> il cubo Pikler \u00e8 un giocattolo che invita il bambino a esplorare da solo e a scoprire nuovi modi di giocare. Ci\u00f2 stimola la loro autonomia e indipendenza, insegnando loro a prendere decisioni e risolvere problemi da soli.<\/li>\n<\/ul>\n<h2><strong>Caratteristiche del cubo:<\/strong><\/h2>\n<ul>\n<li>Realizzato in compensato di pino da 15 mm: questo materiale \u00e8 resistente e durevole e offre una superficie liscia e sicura su cui i bambini possono giocare. Inoltre, il pino \u00e8 un legno rinnovabile e facilmente disponibile, il che lo rende un&#8217;opzione rispettosa dell&#8217;ambiente.<\/li>\n<li>Levigato a mano: per garantire una superficie liscia e priva di schegge, il Pikler Cube \u00e8 stato completamente levigato a mano.<\/li>\n<li>Bordi arrotondati: i bordi arrotondati del cubo aiutano a prevenire infortuni e forniscono maggiore sicurezza durante il gioco.<\/li>\n<li>Misure: il Pikler Cube misura circa 50x50x50 cm, rendendolo un giocattolo di dimensioni perfette per i bambini piccoli.<\/li>\n<li>Nessun assemblaggio richiesto: Pikler Cube \u00e8 pronto per l&#8217;uso e non richiede alcun assemblaggio.<\/li>\n<li>Et\u00e0 consigliata: questo giocattolo \u00e8 consigliato per bambini di et\u00e0 compresa tra 1 e 4 anni.<\/li>\n<li>Peso massimo: il peso massimo consigliato per il Pikler Cube \u00e8 di 30 kg.<\/li>\n<\/ul>\n<h3><strong>Prezzo:<\/strong><\/h3>\n<ul>\n<li>Il prezzo del Pikler Rocker \u00e8 di \u20ac 89<\/li>\n<\/ul>\n<h3><strong>Materiali:<\/strong><\/h3>\n<ul>\n<li>Realizzato in compensato di pino spesso 15 mm.<\/li>\n<li>Levigato a mano per una superficie liscia e senza schegge.<\/li>\n<li>Bordi arrotondati per garantire la sicurezza dei bambini piccoli durante il gioco.<\/li>\n<li>Materiali durevoli e di alta qualit\u00e0 progettati per durare per molti anni.<\/li>\n<\/ul>\n<h3><span style=\"font-size: 90%;\"><strong>Spedizione:<\/strong><\/span><\/h3>\n<ul>\n<li>Tempo di spedizione approssimativo per questo prodotto: da 2 a 5 giorni lavorativi (se ne hai bisogno per una data specifica, contattaci)<\/li>\n<\/ul>\n","protected":false},"excerpt":{"rendered":"<p>Il Pikler Cube \u00e8 un giocattolo educativo e resistente pensato per favorire la creativit\u00e0 e lo sviluppo motorio dei bambini da 1 a 4 anni.<\/p>\n","protected":false},"featured_media":2427,"comment_status":"open","ping_status":"closed","template":"","meta":[],"product_cat":[168,108],"product_tag":[],"class_list":{"0":"post-3009","1":"product","2":"type-product","3":"status-publish","4":"has-post-thumbnail","6":"product_cat-nuovo","7":"product_cat-pikler-it","9":"first","10":"instock","11":"sale","12":"featured","13":"taxable","14":"shipping-taxable","15":"purchasable","16":"product-type-simple"},"yoast_head":"<!-- This site is optimized with the Yoast SEO plugin v23.9 - https:\/\/yoast.com\/wordpress\/plugins\/seo\/ -->\n<title>Cubo in legno e colorato Pikler | Nenito<\/title>\n<meta name=\"description\" content=\"Il Pikler Cube \u00e8 un giocattolo divertente ed educativo che offrir\u00e0 ore di divertimento e apprendimento ai tuoi bambini. Prendi il tuo!\" \/>\n<meta name=\"robots\" content=\"index, follow, max-snippet:-1, max-image-preview:large, max-video-preview:-1\" \/>\n<link rel=\"canonical\" href=\"https:\/\/nenitus.es\/it\/cubo-di-pikler\/\" \/>\n<meta property=\"og:locale\" content=\"it_IT\" \/>\n<meta property=\"og:type\" content=\"article\" \/>\n<meta property=\"og:title\" content=\"Cubo in legno e colorato Pikler | Nenito\" \/>\n<meta property=\"og:description\" content=\"Il Pikler Cube \u00e8 un giocattolo divertente ed educativo che offrir\u00e0 ore di divertimento e apprendimento ai tuoi bambini. Prendi il tuo!\" \/>\n<meta property=\"og:url\" content=\"https:\/\/nenitus.es\/it\/cubo-di-pikler\/\" \/>\n<meta property=\"og:site_name\" content=\"Nenitus\" \/>\n<meta property=\"article:modified_time\" content=\"2025-08-18T17:59:39+00:00\" \/>\n<meta property=\"og:image\" content=\"https:\/\/nenitus.es\/wp-content\/uploads\/2023\/05\/1-removebg-preview__4_-removebg-preview.png\" \/>\n\t<meta property=\"og:image:width\" content=\"433\" \/>\n\t<meta property=\"og:image:height\" content=\"433\" \/>\n\t<meta property=\"og:image:type\" content=\"image\/png\" \/>\n<meta name=\"twitter:card\" content=\"summary_large_image\" \/>\n<meta name=\"twitter:label1\" content=\"Tempo di lettura stimato\" \/>\n\t<meta name=\"twitter:data1\" content=\"2 minuti\" \/>\n<script type=\"application\/ld+json\" class=\"yoast-schema-graph\">{\"@context\":\"https:\/\/schema.org\",\"@graph\":[{\"@type\":\"WebPage\",\"@id\":\"https:\/\/nenitus.es\/it\/cubo-di-pikler\/\",\"url\":\"https:\/\/nenitus.es\/it\/cubo-di-pikler\/\",\"name\":\"Cubo in legno e colorato Pikler | Nenito\",\"isPartOf\":{\"@id\":\"https:\/\/nenitus.es\/it\/#website\"},\"primaryImageOfPage\":{\"@id\":\"https:\/\/nenitus.es\/it\/cubo-di-pikler\/#primaryimage\"},\"image\":{\"@id\":\"https:\/\/nenitus.es\/it\/cubo-di-pikler\/#primaryimage\"},\"thumbnailUrl\":\"https:\/\/nenitus.es\/wp-content\/uploads\/2023\/05\/1-removebg-preview__4_-removebg-preview.png\",\"datePublished\":\"2023-05-01T10:39:54+00:00\",\"dateModified\":\"2025-08-18T17:59:39+00:00\",\"description\":\"Il Pikler Cube \u00e8 un giocattolo divertente ed educativo che offrir\u00e0 ore di divertimento e apprendimento ai tuoi bambini. Prendi il tuo!\",\"breadcrumb\":{\"@id\":\"https:\/\/nenitus.es\/it\/cubo-di-pikler\/#breadcrumb\"},\"inLanguage\":\"it-IT\",\"potentialAction\":[{\"@type\":\"ReadAction\",\"target\":[\"https:\/\/nenitus.es\/it\/cubo-di-pikler\/\"]}]},{\"@type\":\"ImageObject\",\"inLanguage\":\"it-IT\",\"@id\":\"https:\/\/nenitus.es\/it\/cubo-di-pikler\/#primaryimage\",\"url\":\"https:\/\/nenitus.es\/wp-content\/uploads\/2023\/05\/1-removebg-preview__4_-removebg-preview.png\",\"contentUrl\":\"https:\/\/nenitus.es\/wp-content\/uploads\/2023\/05\/1-removebg-preview__4_-removebg-preview.png\",\"width\":433,\"height\":433},{\"@type\":\"BreadcrumbList\",\"@id\":\"https:\/\/nenitus.es\/it\/cubo-di-pikler\/#breadcrumb\",\"itemListElement\":[{\"@type\":\"ListItem\",\"position\":1,\"name\":\"Portada\",\"item\":\"https:\/\/nenitus.es\/it\/\"},{\"@type\":\"ListItem\",\"position\":2,\"name\":\"Negozio\",\"item\":\"https:\/\/nenitus.es\/it\/negozio\/\"},{\"@type\":\"ListItem\",\"position\":3,\"name\":\"Cubo di pikler\"}]},{\"@type\":\"WebSite\",\"@id\":\"https:\/\/nenitus.es\/it\/#website\",\"url\":\"https:\/\/nenitus.es\/it\/\",\"name\":\"Nenitus\",\"description\":\"\",\"potentialAction\":[{\"@type\":\"SearchAction\",\"target\":{\"@type\":\"EntryPoint\",\"urlTemplate\":\"https:\/\/nenitus.es\/it\/?s={search_term_string}\"},\"query-input\":{\"@type\":\"PropertyValueSpecification\",\"valueRequired\":true,\"valueName\":\"search_term_string\"}}],\"inLanguage\":\"it-IT\"}]}<\/script>\n<!-- \/ Yoast SEO plugin. -->","yoast_head_json":{"title":"Cubo in legno e colorato Pikler | Nenito","description":"Il Pikler Cube \u00e8 un giocattolo divertente ed educativo che offrir\u00e0 ore di divertimento e apprendimento ai tuoi bambini. Prendi il tuo!","robots":{"index":"index","follow":"follow","max-snippet":"max-snippet:-1","max-image-preview":"max-image-preview:large","max-video-preview":"max-video-preview:-1"},"canonical":"https:\/\/nenitus.es\/it\/cubo-di-pikler\/","og_locale":"it_IT","og_type":"article","og_title":"Cubo in legno e colorato Pikler | Nenito","og_description":"Il Pikler Cube \u00e8 un giocattolo divertente ed educativo che offrir\u00e0 ore di divertimento e apprendimento ai tuoi bambini. Prendi il tuo!","og_url":"https:\/\/nenitus.es\/it\/cubo-di-pikler\/","og_site_name":"Nenitus","article_modified_time":"2025-08-18T17:59:39+00:00","og_image":[{"width":433,"height":433,"url":"https:\/\/nenitus.es\/wp-content\/uploads\/2023\/05\/1-removebg-preview__4_-removebg-preview.png","type":"image\/png"}],"twitter_card":"summary_large_image","twitter_misc":{"Tempo di lettura stimato":"2 minuti"},"schema":{"@context":"https:\/\/schema.org","@graph":[{"@type":"WebPage","@id":"https:\/\/nenitus.es\/it\/cubo-di-pikler\/","url":"https:\/\/nenitus.es\/it\/cubo-di-pikler\/","name":"Cubo in legno e colorato Pikler | Nenito","isPartOf":{"@id":"https:\/\/nenitus.es\/it\/#website"},"primaryImageOfPage":{"@id":"https:\/\/nenitus.es\/it\/cubo-di-pikler\/#primaryimage"},"image":{"@id":"https:\/\/nenitus.es\/it\/cubo-di-pikler\/#primaryimage"},"thumbnailUrl":"https:\/\/nenitus.es\/wp-content\/uploads\/2023\/05\/1-removebg-preview__4_-removebg-preview.png","datePublished":"2023-05-01T10:39:54+00:00","dateModified":"2025-08-18T17:59:39+00:00","description":"Il Pikler Cube \u00e8 un giocattolo divertente ed educativo che offrir\u00e0 ore di divertimento e apprendimento ai tuoi bambini. Prendi il tuo!","breadcrumb":{"@id":"https:\/\/nenitus.es\/it\/cubo-di-pikler\/#breadcrumb"},"inLanguage":"it-IT","potentialAction":[{"@type":"ReadAction","target":["https:\/\/nenitus.es\/it\/cubo-di-pikler\/"]}]},{"@type":"ImageObject","inLanguage":"it-IT","@id":"https:\/\/nenitus.es\/it\/cubo-di-pikler\/#primaryimage","url":"https:\/\/nenitus.es\/wp-content\/uploads\/2023\/05\/1-removebg-preview__4_-removebg-preview.png","contentUrl":"https:\/\/nenitus.es\/wp-content\/uploads\/2023\/05\/1-removebg-preview__4_-removebg-preview.png","width":433,"height":433},{"@type":"BreadcrumbList","@id":"https:\/\/nenitus.es\/it\/cubo-di-pikler\/#breadcrumb","itemListElement":[{"@type":"ListItem","position":1,"name":"Portada","item":"https:\/\/nenitus.es\/it\/"},{"@type":"ListItem","position":2,"name":"Negozio","item":"https:\/\/nenitus.es\/it\/negozio\/"},{"@type":"ListItem","position":3,"name":"Cubo di pikler"}]},{"@type":"WebSite","@id":"https:\/\/nenitus.es\/it\/#website","url":"https:\/\/nenitus.es\/it\/","name":"Nenitus","description":"","potentialAction":[{"@type":"SearchAction","target":{"@type":"EntryPoint","urlTemplate":"https:\/\/nenitus.es\/it\/?s={search_term_string}"},"query-input":{"@type":"PropertyValueSpecification","valueRequired":true,"valueName":"search_term_string"}}],"inLanguage":"it-IT"}]}},"jetpack_sharing_enabled":true,"_links":{"self":[{"href":"https:\/\/nenitus.es\/it\/wp-json\/wp\/v2\/product\/3009","targetHints":{"allow":["GET"]}}],"collection":[{"href":"https:\/\/nenitus.es\/it\/wp-json\/wp\/v2\/product"}],"about":[{"href":"https:\/\/nenitus.es\/it\/wp-json\/wp\/v2\/types\/product"}],"replies":[{"embeddable":true,"href":"https:\/\/nenitus.es\/it\/wp-json\/wp\/v2\/comments?post=3009"}],"wp:featuredmedia":[{"embeddable":true,"href":"https:\/\/nenitus.es\/it\/wp-json\/wp\/v2\/media\/2427"}],"wp:attachment":[{"href":"https:\/\/nenitus.es\/it\/wp-json\/wp\/v2\/media?parent=3009"}],"wp:term":[{"taxonomy":"product_cat","embeddable":true,"href":"https:\/\/nenitus.es\/it\/wp-json\/wp\/v2\/product_cat?post=3009"},{"taxonomy":"product_tag","embeddable":true,"href":"https:\/\/nenitus.es\/it\/wp-json\/wp\/v2\/product_tag?post=3009"}],"curies":[{"name":"wp","href":"https:\/\/api.w.org\/{rel}","templated":true}]}}