{"id":3019,"date":"2023-05-01T12:39:54","date_gmt":"2023-05-01T10:39:54","guid":{"rendered":"https:\/\/nenitus.es\/triangolo-di-pickler\/"},"modified":"2026-04-16T11:28:07","modified_gmt":"2026-04-16T09:28:07","slug":"triangolo-di-pickler","status":"publish","type":"product","link":"https:\/\/nenitus.es\/it\/triangolo-di-pickler\/","title":{"rendered":"Triangolo di Pickler"},"content":{"rendered":"<h2><strong>Pikler Triangle &#8211; Giocattolo sicuro ed educativo per bambini<\/strong><\/h2>\n<p>Il <strong>Triangolo Pikler<\/strong> \u00e8 una struttura di gioco Montessori progettata per ragazzi e ragazze di et\u00e0 superiore ai 12 mesi. Realizzato in legno di pino massiccio di alta qualit\u00e0, \u00e8 completamente levigato a mano per ottenere una superficie liscia e sicura per l&#8217;uso quotidiano. I bordi sono arrotondati per garantire la sicurezza dei bambini piccoli durante il gioco.<\/p>\n<p>Questo giocattolo incoraggia l&#8217;esplorazione, l&#8217;apprendimento e lo sviluppo motorio dei bambini in modo sicuro e divertente. Dal design ergonomico e dalle caratteristiche uniche, pu\u00f2 essere utilizzato in svariati modi, da semplice scalatore a rifugio segreto per i bambini pi\u00f9 avventurosi.<\/p>\n<p>Basato sulla pedagogia della libera circolazione, con l&#8217;obiettivo di promuovere la loro autonomia e le capacit\u00e0 motorie globali, lasciando che scoprano da soli gli oggetti. Aiuta la coordinazione motoria, migliora l&#8217;equilibrio e la forza divertendosi.<\/p>\n<h2><strong>Vantaggi del triangolo di Pikler:<\/strong><\/h2>\n<ul>\n<li><strong>Sviluppo fisico:<\/strong> promuove lo sviluppo fisico dei bambini, aiutandoli a migliorare l&#8217;equilibrio, la forza e la coordinazione.<\/li>\n<li><strong>Sviluppo cognitivo:<\/strong> oltre allo sviluppo fisico, il <strong>Triangolo di Pikler<\/strong> aiuta anche nello sviluppo cognitivo dei bambini, poich\u00e9 li aiuta a capire come funzionano le cose e a risolvere i problemi. problemi.<\/li>\n<li><strong>Incoraggia l&#8217;esplorazione:<\/strong> il <strong>Triangolo di Pikler<\/strong> incoraggia i bambini a esplorare e scoprire nuovi modi di muoversi e giocare.<\/li>\n<li><strong>Incoraggia la creativit\u00e0:<\/strong> attraverso l&#8217;esplorazione e il gioco, i bambini possono utilizzare il Triangolo Pikler in diversi modi, incoraggiando la loro creativit\u00e0 e immaginazione.<\/li>\n<li><strong>Promuove l&#8217;indipendenza:<\/strong> consente ai bambini di muoversi e giocare in modo indipendente, promuovendo la loro fiducia in se stessi e la loro autonomia.<\/li>\n<li><strong>Versatilit\u00e0:<\/strong>\u00a0Pu\u00f2 essere utilizzato in diversi modi, sia come scala, rampa o tunnel, rendendolo molto versatile e adatto a diverse et\u00e0 e fasi di sviluppo.<\/li >\n<\/ul>\n<h2><strong>Caratteristiche del triangolo:<\/strong><\/h2>\n<ul>\n<li>Il design da arrampicata a triangolo offre molteplici possibilit\u00e0 di gioco.<\/li>\n<li>Struttura solida e resistente.<\/li>\n<li>Facile da piegare per riporlo comodamente.<\/li>\n<li>Misure: 90 cm di altezza X 55 cm di larghezza X 100 cm di lunghezza circa<\/li>\n<li>Si piega e occupa non pi\u00f9 di 13 cm.<\/li>\n<li>Nessun assemblaggio richiesto.<\/li>\n<li>Et\u00e0 consigliata: +12 mesi.<\/li>\n<li>Peso massimo: 50-60 kg.<\/li>\n<\/ul>\n<h3><strong>Prezzo:<\/strong><\/h3>\n<ul>\n<li>Il prezzo della scatola <strong>Pikler Triangle<\/strong> \u00e8 di \u20ac 109<\/li>\n<\/ul>\n<h3><strong>Materiali:<\/strong><\/h3>\n<ul>\n<li>Realizzato in legno di pino massiccio di alta qualit\u00e0.<\/li>\n<li>Legno proveniente da foreste sostenibili, rispettose dell&#8217;ambiente.<\/li>\n<li>Il pino \u00e8 noto per essere un materiale resistente e durevole.<\/li>\n<li>Completamente levigato a mano per ottenere una superficie liscia e senza schegge.<\/li>\n<li>Bordi arrotondati per una maggiore sicurezza.<\/li>\n<li>Rifinito con olio di lino, un trattamento naturale che protegge ed esalta la bellezza del legno.<\/li>\n<\/ul>\n<h3><span style=\"font-size: 90%;\"><strong>Spedizione:<\/strong><\/span><\/h3>\n<ul>\n<li>Tempo di spedizione approssimativo per questo prodotto: da 2 a 5 giorni lavorativi (se ne hai bisogno per una data specifica, contattaci)<\/li>\n<\/ul>\n","protected":false},"excerpt":{"rendered":"<p>Il <strong>Triangolo Pikler<\/strong> \u00e8 un giocattolo educativo e sicuro per bambini di et\u00e0 superiore a 12 mesi. \u00c8 realizzato in legno di pino massiccio di alta qualit\u00e0 e si piega facilmente, permettendogli di essere riposto ovunque. Con un design ergonomico e caratteristiche uniche, il <strong>Triangolo Pikler<\/strong> \u00e8 un ottimo elemento per incoraggiare l&#8217;esplorazione e l&#8217;apprendimento per i pi\u00f9 piccoli della casa.<\/p>\n<p>Puoi sceglierlo con diverse finiture, verniciato o con barre colore.<\/p>\n<p>Pu\u00f2 essere combinato con diversi materiali Pikler disponibili sul nostro sito web.<\/p>\n<h5 class=\"alt-font\"><em><strong>Consegna 2-4 giorni. <\/strong><\/em><\/h5>\n","protected":false},"featured_media":4036,"comment_status":"open","ping_status":"closed","template":"","meta":[],"product_cat":[168,108],"product_tag":[],"class_list":{"0":"post-3019","1":"product","2":"type-product","3":"status-publish","4":"has-post-thumbnail","6":"product_cat-nuovo","7":"product_cat-pikler-it","9":"first","10":"instock","11":"sale","12":"featured","13":"taxable","14":"shipping-taxable","15":"purchasable","16":"product-type-simple"},"yoast_head":"<!-- This site is optimized with the Yoast SEO plugin v23.9 - https:\/\/yoast.com\/wordpress\/plugins\/seo\/ -->\n<title>Triangolo pieghevole Pikler Montessori in legno o colori | Nenitus<\/title>\n<meta name=\"description\" content=\"Acquista Triangolo Pikler \u00b7 Triangolo Pikler \u00b7 Triangolo Pikler con rampa \u00b7 Triangolo Pikler evolutivo \u00b7 Triangolo Pikler didattico per bambini fino a 12 mesi\" \/>\n<meta name=\"robots\" content=\"index, follow, max-snippet:-1, max-image-preview:large, max-video-preview:-1\" \/>\n<link rel=\"canonical\" href=\"https:\/\/nenitus.es\/it\/triangolo-di-pickler\/\" \/>\n<meta property=\"og:locale\" content=\"it_IT\" \/>\n<meta property=\"og:type\" content=\"article\" \/>\n<meta property=\"og:title\" content=\"Triangolo pieghevole Pikler Montessori in legno o colori | Nenitus\" \/>\n<meta property=\"og:description\" content=\"Acquista Triangolo Pikler \u00b7 Triangolo Pikler \u00b7 Triangolo Pikler con rampa \u00b7 Triangolo Pikler evolutivo \u00b7 Triangolo Pikler didattico per bambini fino a 12 mesi\" \/>\n<meta property=\"og:url\" content=\"https:\/\/nenitus.es\/it\/triangolo-di-pickler\/\" \/>\n<meta property=\"og:site_name\" content=\"Nenitus\" \/>\n<meta property=\"article:modified_time\" content=\"2026-04-16T09:28:07+00:00\" \/>\n<meta property=\"og:image\" content=\"https:\/\/nenitus.es\/wp-content\/uploads\/2023\/05\/triangulo-pikler-montessori-plegable.png\" \/>\n\t<meta property=\"og:image:width\" content=\"432\" \/>\n\t<meta property=\"og:image:height\" content=\"503\" \/>\n\t<meta property=\"og:image:type\" content=\"image\/png\" \/>\n<meta name=\"twitter:card\" content=\"summary_large_image\" \/>\n<meta name=\"twitter:label1\" content=\"Tempo di lettura stimato\" \/>\n\t<meta name=\"twitter:data1\" content=\"2 minuti\" \/>\n<script type=\"application\/ld+json\" class=\"yoast-schema-graph\">{\"@context\":\"https:\/\/schema.org\",\"@graph\":[{\"@type\":\"WebPage\",\"@id\":\"https:\/\/nenitus.es\/it\/triangolo-di-pickler\/\",\"url\":\"https:\/\/nenitus.es\/it\/triangolo-di-pickler\/\",\"name\":\"Triangolo pieghevole Pikler Montessori in legno o colori | Nenitus\",\"isPartOf\":{\"@id\":\"https:\/\/nenitus.es\/it\/#website\"},\"primaryImageOfPage\":{\"@id\":\"https:\/\/nenitus.es\/it\/triangolo-di-pickler\/#primaryimage\"},\"image\":{\"@id\":\"https:\/\/nenitus.es\/it\/triangolo-di-pickler\/#primaryimage\"},\"thumbnailUrl\":\"https:\/\/nenitus.es\/wp-content\/uploads\/2023\/05\/triangulo_y_rampa_pikler__2_-removebg-preview.png\",\"datePublished\":\"2023-05-01T10:39:54+00:00\",\"dateModified\":\"2026-04-16T09:28:07+00:00\",\"description\":\"Acquista Triangolo Pikler \u00b7 Triangolo Pikler \u00b7 Triangolo Pikler con rampa \u00b7 Triangolo Pikler evolutivo \u00b7 Triangolo Pikler didattico per bambini fino a 12 mesi\",\"breadcrumb\":{\"@id\":\"https:\/\/nenitus.es\/it\/triangolo-di-pickler\/#breadcrumb\"},\"inLanguage\":\"it-IT\",\"potentialAction\":[{\"@type\":\"ReadAction\",\"target\":[\"https:\/\/nenitus.es\/it\/triangolo-di-pickler\/\"]}]},{\"@type\":\"ImageObject\",\"inLanguage\":\"it-IT\",\"@id\":\"https:\/\/nenitus.es\/it\/triangolo-di-pickler\/#primaryimage\",\"url\":\"https:\/\/nenitus.es\/wp-content\/uploads\/2023\/05\/triangulo_y_rampa_pikler__2_-removebg-preview.png\",\"contentUrl\":\"https:\/\/nenitus.es\/wp-content\/uploads\/2023\/05\/triangulo_y_rampa_pikler__2_-removebg-preview.png\",\"width\":577,\"height\":433},{\"@type\":\"BreadcrumbList\",\"@id\":\"https:\/\/nenitus.es\/it\/triangolo-di-pickler\/#breadcrumb\",\"itemListElement\":[{\"@type\":\"ListItem\",\"position\":1,\"name\":\"Portada\",\"item\":\"https:\/\/nenitus.es\/it\/\"},{\"@type\":\"ListItem\",\"position\":2,\"name\":\"Negozio\",\"item\":\"https:\/\/nenitus.es\/it\/negozio\/\"},{\"@type\":\"ListItem\",\"position\":3,\"name\":\"Triangolo di Pickler\"}]},{\"@type\":\"WebSite\",\"@id\":\"https:\/\/nenitus.es\/it\/#website\",\"url\":\"https:\/\/nenitus.es\/it\/\",\"name\":\"Nenitus\",\"description\":\"\",\"potentialAction\":[{\"@type\":\"SearchAction\",\"target\":{\"@type\":\"EntryPoint\",\"urlTemplate\":\"https:\/\/nenitus.es\/it\/?s={search_term_string}\"},\"query-input\":{\"@type\":\"PropertyValueSpecification\",\"valueRequired\":true,\"valueName\":\"search_term_string\"}}],\"inLanguage\":\"it-IT\"}]}<\/script>\n<!-- \/ Yoast SEO plugin. -->","yoast_head_json":{"title":"Triangolo pieghevole Pikler Montessori in legno o colori | Nenitus","description":"Acquista Triangolo Pikler \u00b7 Triangolo Pikler \u00b7 Triangolo Pikler con rampa \u00b7 Triangolo Pikler evolutivo \u00b7 Triangolo Pikler didattico per bambini fino a 12 mesi","robots":{"index":"index","follow":"follow","max-snippet":"max-snippet:-1","max-image-preview":"max-image-preview:large","max-video-preview":"max-video-preview:-1"},"canonical":"https:\/\/nenitus.es\/it\/triangolo-di-pickler\/","og_locale":"it_IT","og_type":"article","og_title":"Triangolo pieghevole Pikler Montessori in legno o colori | Nenitus","og_description":"Acquista Triangolo Pikler \u00b7 Triangolo Pikler \u00b7 Triangolo Pikler con rampa \u00b7 Triangolo Pikler evolutivo \u00b7 Triangolo Pikler didattico per bambini fino a 12 mesi","og_url":"https:\/\/nenitus.es\/it\/triangolo-di-pickler\/","og_site_name":"Nenitus","article_modified_time":"2026-04-16T09:28:07+00:00","og_image":[{"width":432,"height":503,"url":"https:\/\/nenitus.es\/wp-content\/uploads\/2023\/05\/triangulo-pikler-montessori-plegable.png","type":"image\/png"}],"twitter_card":"summary_large_image","twitter_misc":{"Tempo di lettura stimato":"2 minuti"},"schema":{"@context":"https:\/\/schema.org","@graph":[{"@type":"WebPage","@id":"https:\/\/nenitus.es\/it\/triangolo-di-pickler\/","url":"https:\/\/nenitus.es\/it\/triangolo-di-pickler\/","name":"Triangolo pieghevole Pikler Montessori in legno o colori | Nenitus","isPartOf":{"@id":"https:\/\/nenitus.es\/it\/#website"},"primaryImageOfPage":{"@id":"https:\/\/nenitus.es\/it\/triangolo-di-pickler\/#primaryimage"},"image":{"@id":"https:\/\/nenitus.es\/it\/triangolo-di-pickler\/#primaryimage"},"thumbnailUrl":"https:\/\/nenitus.es\/wp-content\/uploads\/2023\/05\/triangulo_y_rampa_pikler__2_-removebg-preview.png","datePublished":"2023-05-01T10:39:54+00:00","dateModified":"2026-04-16T09:28:07+00:00","description":"Acquista Triangolo Pikler \u00b7 Triangolo Pikler \u00b7 Triangolo Pikler con rampa \u00b7 Triangolo Pikler evolutivo \u00b7 Triangolo Pikler didattico per bambini fino a 12 mesi","breadcrumb":{"@id":"https:\/\/nenitus.es\/it\/triangolo-di-pickler\/#breadcrumb"},"inLanguage":"it-IT","potentialAction":[{"@type":"ReadAction","target":["https:\/\/nenitus.es\/it\/triangolo-di-pickler\/"]}]},{"@type":"ImageObject","inLanguage":"it-IT","@id":"https:\/\/nenitus.es\/it\/triangolo-di-pickler\/#primaryimage","url":"https:\/\/nenitus.es\/wp-content\/uploads\/2023\/05\/triangulo_y_rampa_pikler__2_-removebg-preview.png","contentUrl":"https:\/\/nenitus.es\/wp-content\/uploads\/2023\/05\/triangulo_y_rampa_pikler__2_-removebg-preview.png","width":577,"height":433},{"@type":"BreadcrumbList","@id":"https:\/\/nenitus.es\/it\/triangolo-di-pickler\/#breadcrumb","itemListElement":[{"@type":"ListItem","position":1,"name":"Portada","item":"https:\/\/nenitus.es\/it\/"},{"@type":"ListItem","position":2,"name":"Negozio","item":"https:\/\/nenitus.es\/it\/negozio\/"},{"@type":"ListItem","position":3,"name":"Triangolo di Pickler"}]},{"@type":"WebSite","@id":"https:\/\/nenitus.es\/it\/#website","url":"https:\/\/nenitus.es\/it\/","name":"Nenitus","description":"","potentialAction":[{"@type":"SearchAction","target":{"@type":"EntryPoint","urlTemplate":"https:\/\/nenitus.es\/it\/?s={search_term_string}"},"query-input":{"@type":"PropertyValueSpecification","valueRequired":true,"valueName":"search_term_string"}}],"inLanguage":"it-IT"}]}},"jetpack_sharing_enabled":true,"_links":{"self":[{"href":"https:\/\/nenitus.es\/it\/wp-json\/wp\/v2\/product\/3019","targetHints":{"allow":["GET"]}}],"collection":[{"href":"https:\/\/nenitus.es\/it\/wp-json\/wp\/v2\/product"}],"about":[{"href":"https:\/\/nenitus.es\/it\/wp-json\/wp\/v2\/types\/product"}],"replies":[{"embeddable":true,"href":"https:\/\/nenitus.es\/it\/wp-json\/wp\/v2\/comments?post=3019"}],"wp:featuredmedia":[{"embeddable":true,"href":"https:\/\/nenitus.es\/it\/wp-json\/wp\/v2\/media\/4036"}],"wp:attachment":[{"href":"https:\/\/nenitus.es\/it\/wp-json\/wp\/v2\/media?parent=3019"}],"wp:term":[{"taxonomy":"product_cat","embeddable":true,"href":"https:\/\/nenitus.es\/it\/wp-json\/wp\/v2\/product_cat?post=3019"},{"taxonomy":"product_tag","embeddable":true,"href":"https:\/\/nenitus.es\/it\/wp-json\/wp\/v2\/product_tag?post=3019"}],"curies":[{"name":"wp","href":"https:\/\/api.w.org\/{rel}","templated":true}]}}