{"id":3026,"date":"2023-05-01T12:39:53","date_gmt":"2023-05-01T10:39:53","guid":{"rendered":"https:\/\/nenitus.es\/set-di-attivita-e-pentomino\/"},"modified":"2023-05-01T12:39:53","modified_gmt":"2023-05-01T10:39:53","slug":"set-di-attivita-e-pentomino","status":"publish","type":"product","link":"https:\/\/nenitus.es\/it\/set-di-attivita-e-pentomino\/","title":{"rendered":"Set di attivit\u00e0 e pentomino"},"content":{"rendered":"<section class=\"av_textblock_section \">\n<div class=\"avia_textblock \"><\/div>\n<p><\/sezione><\/p>\n<div class=\"tabcontainer top_tab avia-builder-el-8 el_after_av_textblock avia-builder-el-last \">\n<div class=\"tab_titles\">\n<div class=\"tab active_tab tab_counter_0\" tabindex=\"0\" role=\"tab\" aria-controls=\"tab-id-1\" data-fake-id=\"#tab-id-1\">Un pentomino, \u00e8 una poliforma della classe polyomino che consiste in una figura geometrica composta da cinque quadrati uniti dai lati (simili alle figure del Tetris). Esistono dodici pentamini diversi, chiamati con diverse lettere dell&#8217;alfabeto<\/div>\n<\/div>\n<div class=\"tab_titles\">\n<div tabindex=\"0\" role=\"tab\" aria-controls=\"tab-id-1\" data-fake-id=\"#tab-id-1\"><\/div>\n<div class=\"tab active_tab tab_counter_0\" tabindex=\"0\" role=\"tab\" aria-controls=\"tab-id-1\" data-fake-id=\"#tab-id-1\">I pentomini ti aiutano ad apprendere concetti di geometria, tassellature, perimetro e area.<\/div>\n<div tabindex=\"0\" role=\"tab\" aria-controls=\"tab-id-1\" data-fake-id=\"#tab-id-1\"><\/div>\n<div class=\"tab active_tab tab_counter_0\" tabindex=\"0\" role=\"tab\" aria-controls=\"tab-id-1\" data-fake-id=\"#tab-id-1\">Il libro delle attivit\u00e0 porta i bambini esplorare la propria immaginazione e sviluppare capacit\u00e0 di risoluzione dei problemi.<\/div>\n<div class=\"tab active_tab tab_counter_0\" tabindex=\"0\" role=\"tab\" aria-controls=\"tab-id-1\" data-fake-id=\"#tab-id-1\">Anche se c&#8217;\u00e8 una risposta , forse non sono l&#8217;unico! Il libro fornisce ai genitori alcuni spunti per giocare con i bambini. \u00c8 un ottimo strumento per imparare attraverso il gioco. Cos\u00ec come le tradizionali attivit\u00e0 del pentomino.<\/div>\n<div tabindex=\"0\" role=\"tab\" aria-controls=\"tab-id-1\" data-fake-id=\"#tab-id-1\"><\/div>\n<div tabindex=\"0\" role=\"tab\" aria-controls=\"tab-id-1\" data-fake-id=\"#tab-id-1\">Collega matematica e arte. Stimoler\u00e0 l&#8217;immaginazione e le capacit\u00e0 di pensiero creativo dei bambini.<\/div>\n<\/div>\n<div tabindex=\"0\" role=\"tab\" aria-controls=\"tab-id-1\" data-fake-id=\"#tab-id-1\"><\/div>\n<div tabindex=\"0\" role=\"tab\" aria-controls=\"tab-id-1\" data-fake-id=\"#tab-id-1\">include 14 pezzi e libro di attivit\u00e0.<\/div>\n<div tabindex=\"0\" role=\"tab\" aria-controls=\"tab-id-1\" data-fake-id=\"#tab-id-1\">et\u00e0: +3 anni<\/div>\n<\/div>\n<div><\/div>\n","protected":false},"excerpt":{"rendered":"<p>Set di 14 pentamini e libro di attivit\u00e0<\/p>\n","protected":false},"featured_media":2369,"comment_status":"open","ping_status":"closed","template":"","meta":[],"product_cat":[92,168],"product_tag":[],"class_list":{"0":"post-3026","1":"product","2":"type-product","3":"status-publish","4":"has-post-thumbnail","6":"product_cat-materiali-montessori","7":"product_cat-nuovo","9":"first","10":"instock","11":"sale","12":"taxable","13":"shipping-taxable","14":"purchasable","15":"product-type-simple"},"yoast_head":"<!-- This site is optimized with the Yoast SEO plugin v23.9 - https:\/\/yoast.com\/wordpress\/plugins\/seo\/ -->\n<title>Set di attivit\u00e0 e pentomino - Nenitus<\/title>\n<meta name=\"robots\" content=\"index, follow, max-snippet:-1, max-image-preview:large, max-video-preview:-1\" \/>\n<link rel=\"canonical\" href=\"https:\/\/nenitus.es\/it\/set-di-attivita-e-pentomino\/\" \/>\n<meta property=\"og:locale\" content=\"it_IT\" \/>\n<meta property=\"og:type\" content=\"article\" \/>\n<meta property=\"og:title\" content=\"Set di attivit\u00e0 e pentomino - Nenitus\" \/>\n<meta property=\"og:description\" content=\"Set di 14 pentamini e libro di attivit\u00e0\" \/>\n<meta property=\"og:url\" content=\"https:\/\/nenitus.es\/it\/set-di-attivita-e-pentomino\/\" \/>\n<meta property=\"og:site_name\" content=\"Nenitus\" \/>\n<meta property=\"og:image\" content=\"https:\/\/nenitus.es\/wp-content\/uploads\/2023\/05\/pentominos-1.jpg\" \/>\n\t<meta property=\"og:image:width\" content=\"1000\" \/>\n\t<meta property=\"og:image:height\" content=\"1000\" \/>\n\t<meta property=\"og:image:type\" content=\"image\/jpeg\" \/>\n<meta name=\"twitter:card\" content=\"summary_large_image\" \/>\n<meta name=\"twitter:label1\" content=\"Tempo di lettura stimato\" \/>\n\t<meta name=\"twitter:data1\" content=\"1 minuto\" \/>\n<script type=\"application\/ld+json\" class=\"yoast-schema-graph\">{\"@context\":\"https:\/\/schema.org\",\"@graph\":[{\"@type\":\"WebPage\",\"@id\":\"https:\/\/nenitus.es\/it\/set-di-attivita-e-pentomino\/\",\"url\":\"https:\/\/nenitus.es\/it\/set-di-attivita-e-pentomino\/\",\"name\":\"Set di attivit\u00e0 e pentomino - Nenitus\",\"isPartOf\":{\"@id\":\"https:\/\/nenitus.es\/it\/#website\"},\"primaryImageOfPage\":{\"@id\":\"https:\/\/nenitus.es\/it\/set-di-attivita-e-pentomino\/#primaryimage\"},\"image\":{\"@id\":\"https:\/\/nenitus.es\/it\/set-di-attivita-e-pentomino\/#primaryimage\"},\"thumbnailUrl\":\"https:\/\/nenitus.es\/wp-content\/uploads\/2023\/05\/pentominos-1.jpg\",\"datePublished\":\"2023-05-01T10:39:53+00:00\",\"dateModified\":\"2023-05-01T10:39:53+00:00\",\"breadcrumb\":{\"@id\":\"https:\/\/nenitus.es\/it\/set-di-attivita-e-pentomino\/#breadcrumb\"},\"inLanguage\":\"it-IT\",\"potentialAction\":[{\"@type\":\"ReadAction\",\"target\":[\"https:\/\/nenitus.es\/it\/set-di-attivita-e-pentomino\/\"]}]},{\"@type\":\"ImageObject\",\"inLanguage\":\"it-IT\",\"@id\":\"https:\/\/nenitus.es\/it\/set-di-attivita-e-pentomino\/#primaryimage\",\"url\":\"https:\/\/nenitus.es\/wp-content\/uploads\/2023\/05\/pentominos-1.jpg\",\"contentUrl\":\"https:\/\/nenitus.es\/wp-content\/uploads\/2023\/05\/pentominos-1.jpg\",\"width\":1000,\"height\":1000},{\"@type\":\"BreadcrumbList\",\"@id\":\"https:\/\/nenitus.es\/it\/set-di-attivita-e-pentomino\/#breadcrumb\",\"itemListElement\":[{\"@type\":\"ListItem\",\"position\":1,\"name\":\"Portada\",\"item\":\"https:\/\/nenitus.es\/it\/\"},{\"@type\":\"ListItem\",\"position\":2,\"name\":\"Negozio\",\"item\":\"https:\/\/nenitus.es\/it\/negozio\/\"},{\"@type\":\"ListItem\",\"position\":3,\"name\":\"Set di attivit\u00e0 e pentomino\"}]},{\"@type\":\"WebSite\",\"@id\":\"https:\/\/nenitus.es\/it\/#website\",\"url\":\"https:\/\/nenitus.es\/it\/\",\"name\":\"Nenitus\",\"description\":\"\",\"potentialAction\":[{\"@type\":\"SearchAction\",\"target\":{\"@type\":\"EntryPoint\",\"urlTemplate\":\"https:\/\/nenitus.es\/it\/?s={search_term_string}\"},\"query-input\":{\"@type\":\"PropertyValueSpecification\",\"valueRequired\":true,\"valueName\":\"search_term_string\"}}],\"inLanguage\":\"it-IT\"}]}<\/script>\n<!-- \/ Yoast SEO plugin. -->","yoast_head_json":{"title":"Set di attivit\u00e0 e pentomino - Nenitus","robots":{"index":"index","follow":"follow","max-snippet":"max-snippet:-1","max-image-preview":"max-image-preview:large","max-video-preview":"max-video-preview:-1"},"canonical":"https:\/\/nenitus.es\/it\/set-di-attivita-e-pentomino\/","og_locale":"it_IT","og_type":"article","og_title":"Set di attivit\u00e0 e pentomino - Nenitus","og_description":"Set di 14 pentamini e libro di attivit\u00e0","og_url":"https:\/\/nenitus.es\/it\/set-di-attivita-e-pentomino\/","og_site_name":"Nenitus","og_image":[{"width":1000,"height":1000,"url":"https:\/\/nenitus.es\/wp-content\/uploads\/2023\/05\/pentominos-1.jpg","type":"image\/jpeg"}],"twitter_card":"summary_large_image","twitter_misc":{"Tempo di lettura stimato":"1 minuto"},"schema":{"@context":"https:\/\/schema.org","@graph":[{"@type":"WebPage","@id":"https:\/\/nenitus.es\/it\/set-di-attivita-e-pentomino\/","url":"https:\/\/nenitus.es\/it\/set-di-attivita-e-pentomino\/","name":"Set di attivit\u00e0 e pentomino - Nenitus","isPartOf":{"@id":"https:\/\/nenitus.es\/it\/#website"},"primaryImageOfPage":{"@id":"https:\/\/nenitus.es\/it\/set-di-attivita-e-pentomino\/#primaryimage"},"image":{"@id":"https:\/\/nenitus.es\/it\/set-di-attivita-e-pentomino\/#primaryimage"},"thumbnailUrl":"https:\/\/nenitus.es\/wp-content\/uploads\/2023\/05\/pentominos-1.jpg","datePublished":"2023-05-01T10:39:53+00:00","dateModified":"2023-05-01T10:39:53+00:00","breadcrumb":{"@id":"https:\/\/nenitus.es\/it\/set-di-attivita-e-pentomino\/#breadcrumb"},"inLanguage":"it-IT","potentialAction":[{"@type":"ReadAction","target":["https:\/\/nenitus.es\/it\/set-di-attivita-e-pentomino\/"]}]},{"@type":"ImageObject","inLanguage":"it-IT","@id":"https:\/\/nenitus.es\/it\/set-di-attivita-e-pentomino\/#primaryimage","url":"https:\/\/nenitus.es\/wp-content\/uploads\/2023\/05\/pentominos-1.jpg","contentUrl":"https:\/\/nenitus.es\/wp-content\/uploads\/2023\/05\/pentominos-1.jpg","width":1000,"height":1000},{"@type":"BreadcrumbList","@id":"https:\/\/nenitus.es\/it\/set-di-attivita-e-pentomino\/#breadcrumb","itemListElement":[{"@type":"ListItem","position":1,"name":"Portada","item":"https:\/\/nenitus.es\/it\/"},{"@type":"ListItem","position":2,"name":"Negozio","item":"https:\/\/nenitus.es\/it\/negozio\/"},{"@type":"ListItem","position":3,"name":"Set di attivit\u00e0 e pentomino"}]},{"@type":"WebSite","@id":"https:\/\/nenitus.es\/it\/#website","url":"https:\/\/nenitus.es\/it\/","name":"Nenitus","description":"","potentialAction":[{"@type":"SearchAction","target":{"@type":"EntryPoint","urlTemplate":"https:\/\/nenitus.es\/it\/?s={search_term_string}"},"query-input":{"@type":"PropertyValueSpecification","valueRequired":true,"valueName":"search_term_string"}}],"inLanguage":"it-IT"}]}},"jetpack_sharing_enabled":true,"_links":{"self":[{"href":"https:\/\/nenitus.es\/it\/wp-json\/wp\/v2\/product\/3026","targetHints":{"allow":["GET"]}}],"collection":[{"href":"https:\/\/nenitus.es\/it\/wp-json\/wp\/v2\/product"}],"about":[{"href":"https:\/\/nenitus.es\/it\/wp-json\/wp\/v2\/types\/product"}],"replies":[{"embeddable":true,"href":"https:\/\/nenitus.es\/it\/wp-json\/wp\/v2\/comments?post=3026"}],"wp:featuredmedia":[{"embeddable":true,"href":"https:\/\/nenitus.es\/it\/wp-json\/wp\/v2\/media\/2369"}],"wp:attachment":[{"href":"https:\/\/nenitus.es\/it\/wp-json\/wp\/v2\/media?parent=3026"}],"wp:term":[{"taxonomy":"product_cat","embeddable":true,"href":"https:\/\/nenitus.es\/it\/wp-json\/wp\/v2\/product_cat?post=3026"},{"taxonomy":"product_tag","embeddable":true,"href":"https:\/\/nenitus.es\/it\/wp-json\/wp\/v2\/product_tag?post=3026"}],"curies":[{"name":"wp","href":"https:\/\/api.w.org\/{rel}","templated":true}]}}