{"id":3027,"date":"2023-05-01T12:39:23","date_gmt":"2023-05-01T10:39:23","guid":{"rendered":"https:\/\/nenitus.es\/50-attivita-per-lapprendimento-della-lettura-e-della-scrittura-nelleducazione-della-prima-infanzia\/"},"modified":"2023-11-28T14:30:20","modified_gmt":"2023-11-28T13:30:20","slug":"50-attivita-per-lapprendimento-della-lettura-e-della-scrittura-nelleducazione-della-prima-infanzia","status":"publish","type":"product","link":"https:\/\/nenitus.es\/it\/50-attivita-per-lapprendimento-della-lettura-e-della-scrittura-nelleducazione-della-prima-infanzia\/","title":{"rendered":"50 attivit\u00e0 per l&#8217;apprendimento della lettura e della scrittura nell&#8217;educazione della prima infanzia."},"content":{"rendered":"<h3 class=\"accordion_title\">Caratteristiche del corso<\/h3><div class=\"accordion\">\n\t<div id=\"accordion-2495754974\" class=\"accordion-item\">\n\t\t<a id=\"accordion-2495754974-label\" class=\"accordion-title plain\" href=\"#accordion-item-presentazione\" aria-expanded=\"false\" aria-controls=\"accordion-2495754974-content\" >\n\t\t\t<button class=\"toggle\" aria-label=\"Attiva\/Disattiva\"><i class=\"icon-angle-down\"><\/i><\/button>\n\t\t\t<span>Presentazione<\/span>\n\t\t<\/a>\n\t\t<div id=\"accordion-2495754974-content\" class=\"accordion-inner\" aria-labelledby=\"accordion-2495754974-label\" >\n\t\t\t\n<p><b>A chi \u00e8 rivolto<\/b><\/p>\n<p>Rivolto a insegnanti, famiglie, studenti e chiunque voglia realizzare questa pedagogia. Con questo corso ti offriremo risorse e attivit\u00e0 per introdurre i bambini all&#8217;alfabetizzazione della prima infanzia.<\/p>\n\t\t<\/div>\n\t<\/div>\n\t\n\t<div id=\"accordion-2025553968\" class=\"accordion-item\">\n\t\t<a id=\"accordion-2025553968-label\" class=\"accordion-title plain\" href=\"#accordion-item-scopo\" aria-expanded=\"false\" aria-controls=\"accordion-2025553968-content\" >\n\t\t\t<button class=\"toggle\" aria-label=\"Attiva\/Disattiva\"><i class=\"icon-angle-down\"><\/i><\/button>\n\t\t\t<span>Scopo<\/span>\n\t\t<\/a>\n\t\t<div id=\"accordion-2025553968-content\" class=\"accordion-inner\" aria-labelledby=\"accordion-2025553968-label\" >\n\t\t\t\n<p>Questo corso vuole essere una risorsa e non un lavoro aggiuntivo che toglie tempo al tuo lavoro educativo. Ti forniremo le attivit\u00e0 e il materiale curriculare affinch\u00e9 tu possa lavorare con questo metodo fin dal primo momento.<\/ p><\/p>\n\t\t<\/div>\n\t<\/div>\n\t\n\t<div id=\"accordion-3376714303\" class=\"accordion-item\">\n\t\t<a id=\"accordion-3376714303-label\" class=\"accordion-title plain\" href=\"#accordion-item-metodologia\" aria-expanded=\"false\" aria-controls=\"accordion-3376714303-content\" >\n\t\t\t<button class=\"toggle\" aria-label=\"Attiva\/Disattiva\"><i class=\"icon-angle-down\"><\/i><\/button>\n\t\t\t<span>Metodologia<\/span>\n\t\t<\/a>\n\t\t<div id=\"accordion-3376714303-content\" class=\"accordion-inner\" aria-labelledby=\"accordion-3376714303-label\" >\n\t\t\t\n<p>Ti verranno fornite un totale di 50 attivit\u00e0 per lavorare sulla lettura e sulla scrittura con gli obiettivi da raggiungere e le et\u00e0 a cui sono rivolte. Per molte delle attivit\u00e0 proposte saranno forniti stampabili. Attraverso la piattaforma di classe avrai tutte le informazioni sul corso che potrai scaricare per utilizzare come guida nella tua pratica.<br \/>\nAvrai consulenza pedagogica per poter adattare le attivit\u00e0 alla tua realt\u00e0. Un corso molto interessante e pratico con il quale otterrai migliaia di risorse per lavorare con i pi\u00f9 piccoli.<\/p>\n\t\t<\/div>\n\t<\/div>\n\t\n\t<div id=\"accordion-1534957550\" class=\"accordion-item\">\n\t\t<a id=\"accordion-1534957550-label\" class=\"accordion-title plain\" href=\"#accordion-item-temi\" aria-expanded=\"false\" aria-controls=\"accordion-1534957550-content\" >\n\t\t\t<button class=\"toggle\" aria-label=\"Attiva\/Disattiva\"><i class=\"icon-angle-down\"><\/i><\/button>\n\t\t\t<span>Temi<\/span>\n\t\t<\/a>\n\t\t<div id=\"accordion-1534957550-content\" class=\"accordion-inner\" aria-labelledby=\"accordion-1534957550-label\" >\n\t\t\t\n<p>1.Introduzione alla pedagogia Montessori<br \/>\n2.L&#8217;area del linguaggio nel metodo Montessori<br \/>\n3.Come iniziare a lavorare sulla lettura e sulla scrittura nella fase dell&#8217;infanzia<br \/>\n4.Attivit\u00e0 per lavorare sulla lingua orale<br \/>\n5.Attivit\u00e0 di introduzione alla scrittura<br \/>\n6.Attivit\u00e0 di lettura<br \/>\n7.Attivit\u00e0 con canzoni e poesie<br \/>\n8.Attivit\u00e0 con libri e storie<br \/>\n9.Attivit\u00e0 legate alla grammatica<br \/>\n10.Presentazione e implementazione del materiale<\/p>\n\t\t<\/div>\n\t<\/div>\n\t\n\t<div id=\"accordion-4160742310\" class=\"accordion-item\">\n\t\t<a id=\"accordion-4160742310-label\" class=\"accordion-title plain\" href=\"#accordion-item-titolo\" aria-expanded=\"false\" aria-controls=\"accordion-4160742310-content\" >\n\t\t\t<button class=\"toggle\" aria-label=\"Attiva\/Disattiva\"><i class=\"icon-angle-down\"><\/i><\/button>\n\t\t\t<span>Titolo<\/span>\n\t\t<\/a>\n\t\t<div id=\"accordion-4160742310-content\" class=\"accordion-inner\" aria-labelledby=\"accordion-4160742310-label\" >\n\t\t\t\n<p>Per scegliere tra uno dei certificati.<\/p>\n<p>&#8211; Certificato d&#8217;uso compreso nel prezzo.<br \/>\n&#8211; Otterrai un certificato accreditato di 100 ore dall&#8217;International Virtual Training Center. Azienda tecnologica (spin-off) dell&#8217;Universit\u00e0 di Huelva (spese di gestione 10 euro)<\/p>\n\t\t<\/div>\n\t<\/div>\n\t\n<\/div>\n","protected":false},"excerpt":{"rendered":"<p>Ti verranno fornite un totale di 50 attivit\u00e0 per lavorare sulla lettura e sulla scrittura con gli obiettivi da raggiungere e le et\u00e0 a cui sono rivolte. Verranno forniti stampabili per molte delle attivit\u00e0 proposte.<\/p>\n<p>Questo corso vuole essere una risorsa e non un lavoro aggiunto, per questo non ti chiederemo di sostenere test o attivit\u00e0 che tolgano tempo al tuo lavoro didattico. Siamo noi a fornirti le attivit\u00e0 e i programmi curriculari materiale in modo che tu possa lavorarci con metodo fin dal primo momento.<\/p>\n<p>Questo corso \u00e8 ad accesso immediato, una volta effettuato il pagamento riceverai le credenziali per accedere alla piattaforma dove potrai seguire il corso secondo i tuoi ritmi.<\/p>\n","protected":false},"featured_media":2346,"comment_status":"open","ping_status":"closed","template":"","meta":[],"product_cat":[116],"product_tag":[],"class_list":{"0":"post-3027","1":"product","2":"type-product","3":"status-publish","4":"has-post-thumbnail","6":"product_cat-corsi","8":"first","9":"outofstock","10":"virtual","11":"taxable","12":"purchasable","13":"product-type-simple"},"yoast_head":"<!-- This site is optimized with the Yoast SEO plugin v23.9 - https:\/\/yoast.com\/wordpress\/plugins\/seo\/ -->\n<title>50 attivit\u00e0 per l&#039;apprendimento della lettura e della scrittura nell&#039;educazione della prima infanzia.<\/title>\n<meta name=\"description\" content=\"50 attivit\u00e0 per lavorare sulla lettura e sulla scrittura con gli obiettivi da raggiungere e le et\u00e0 a cui sono rivolte.\" \/>\n<meta name=\"robots\" content=\"index, follow, max-snippet:-1, max-image-preview:large, max-video-preview:-1\" \/>\n<link rel=\"canonical\" href=\"https:\/\/nenitus.es\/it\/50-attivita-per-lapprendimento-della-lettura-e-della-scrittura-nelleducazione-della-prima-infanzia\/\" \/>\n<meta property=\"og:locale\" content=\"it_IT\" \/>\n<meta property=\"og:type\" content=\"article\" \/>\n<meta property=\"og:title\" content=\"50 attivit\u00e0 per l&#039;apprendimento della lettura e della scrittura nell&#039;educazione della prima infanzia.\" \/>\n<meta property=\"og:description\" content=\"50 attivit\u00e0 per lavorare sulla lettura e sulla scrittura con gli obiettivi da raggiungere e le et\u00e0 a cui sono rivolte.\" \/>\n<meta property=\"og:url\" content=\"https:\/\/nenitus.es\/it\/50-attivita-per-lapprendimento-della-lettura-e-della-scrittura-nelleducazione-della-prima-infanzia\/\" \/>\n<meta property=\"og:site_name\" content=\"Nenitus\" \/>\n<meta property=\"article:modified_time\" content=\"2023-11-28T13:30:20+00:00\" \/>\n<meta property=\"og:image\" content=\"https:\/\/nenitus.es\/wp-content\/uploads\/2023\/05\/aprendizaje-de-la-lecto-escritura-en-educacion-infantil-1.jpg\" \/>\n\t<meta property=\"og:image:width\" content=\"600\" \/>\n\t<meta property=\"og:image:height\" content=\"450\" \/>\n\t<meta property=\"og:image:type\" content=\"image\/jpeg\" \/>\n<meta name=\"twitter:card\" content=\"summary_large_image\" \/>\n<meta name=\"twitter:label1\" content=\"Tempo di lettura stimato\" \/>\n\t<meta name=\"twitter:data1\" content=\"1 minuto\" \/>\n<script type=\"application\/ld+json\" class=\"yoast-schema-graph\">{\"@context\":\"https:\/\/schema.org\",\"@graph\":[{\"@type\":\"WebPage\",\"@id\":\"https:\/\/nenitus.es\/it\/50-attivita-per-lapprendimento-della-lettura-e-della-scrittura-nelleducazione-della-prima-infanzia\/\",\"url\":\"https:\/\/nenitus.es\/it\/50-attivita-per-lapprendimento-della-lettura-e-della-scrittura-nelleducazione-della-prima-infanzia\/\",\"name\":\"50 attivit\u00e0 per l'apprendimento della lettura e della scrittura nell'educazione della prima infanzia.\",\"isPartOf\":{\"@id\":\"https:\/\/nenitus.es\/it\/#website\"},\"primaryImageOfPage\":{\"@id\":\"https:\/\/nenitus.es\/it\/50-attivita-per-lapprendimento-della-lettura-e-della-scrittura-nelleducazione-della-prima-infanzia\/#primaryimage\"},\"image\":{\"@id\":\"https:\/\/nenitus.es\/it\/50-attivita-per-lapprendimento-della-lettura-e-della-scrittura-nelleducazione-della-prima-infanzia\/#primaryimage\"},\"thumbnailUrl\":\"https:\/\/nenitus.es\/wp-content\/uploads\/2023\/05\/aprendizaje-de-la-lecto-escritura-en-educacion-infantil-1.jpg\",\"datePublished\":\"2023-05-01T10:39:23+00:00\",\"dateModified\":\"2023-11-28T13:30:20+00:00\",\"description\":\"50 attivit\u00e0 per lavorare sulla lettura e sulla scrittura con gli obiettivi da raggiungere e le et\u00e0 a cui sono rivolte.\",\"breadcrumb\":{\"@id\":\"https:\/\/nenitus.es\/it\/50-attivita-per-lapprendimento-della-lettura-e-della-scrittura-nelleducazione-della-prima-infanzia\/#breadcrumb\"},\"inLanguage\":\"it-IT\",\"potentialAction\":[{\"@type\":\"ReadAction\",\"target\":[\"https:\/\/nenitus.es\/it\/50-attivita-per-lapprendimento-della-lettura-e-della-scrittura-nelleducazione-della-prima-infanzia\/\"]}]},{\"@type\":\"ImageObject\",\"inLanguage\":\"it-IT\",\"@id\":\"https:\/\/nenitus.es\/it\/50-attivita-per-lapprendimento-della-lettura-e-della-scrittura-nelleducazione-della-prima-infanzia\/#primaryimage\",\"url\":\"https:\/\/nenitus.es\/wp-content\/uploads\/2023\/05\/aprendizaje-de-la-lecto-escritura-en-educacion-infantil-1.jpg\",\"contentUrl\":\"https:\/\/nenitus.es\/wp-content\/uploads\/2023\/05\/aprendizaje-de-la-lecto-escritura-en-educacion-infantil-1.jpg\",\"width\":600,\"height\":450},{\"@type\":\"BreadcrumbList\",\"@id\":\"https:\/\/nenitus.es\/it\/50-attivita-per-lapprendimento-della-lettura-e-della-scrittura-nelleducazione-della-prima-infanzia\/#breadcrumb\",\"itemListElement\":[{\"@type\":\"ListItem\",\"position\":1,\"name\":\"Portada\",\"item\":\"https:\/\/nenitus.es\/it\/\"},{\"@type\":\"ListItem\",\"position\":2,\"name\":\"Negozio\",\"item\":\"https:\/\/nenitus.es\/it\/negozio\/\"},{\"@type\":\"ListItem\",\"position\":3,\"name\":\"50 attivit\u00e0 per l&#8217;apprendimento della lettura e della scrittura nell&#8217;educazione della prima infanzia.\"}]},{\"@type\":\"WebSite\",\"@id\":\"https:\/\/nenitus.es\/it\/#website\",\"url\":\"https:\/\/nenitus.es\/it\/\",\"name\":\"Nenitus\",\"description\":\"\",\"potentialAction\":[{\"@type\":\"SearchAction\",\"target\":{\"@type\":\"EntryPoint\",\"urlTemplate\":\"https:\/\/nenitus.es\/it\/?s={search_term_string}\"},\"query-input\":{\"@type\":\"PropertyValueSpecification\",\"valueRequired\":true,\"valueName\":\"search_term_string\"}}],\"inLanguage\":\"it-IT\"}]}<\/script>\n<!-- \/ Yoast SEO plugin. -->","yoast_head_json":{"title":"50 attivit\u00e0 per l'apprendimento della lettura e della scrittura nell'educazione della prima infanzia.","description":"50 attivit\u00e0 per lavorare sulla lettura e sulla scrittura con gli obiettivi da raggiungere e le et\u00e0 a cui sono rivolte.","robots":{"index":"index","follow":"follow","max-snippet":"max-snippet:-1","max-image-preview":"max-image-preview:large","max-video-preview":"max-video-preview:-1"},"canonical":"https:\/\/nenitus.es\/it\/50-attivita-per-lapprendimento-della-lettura-e-della-scrittura-nelleducazione-della-prima-infanzia\/","og_locale":"it_IT","og_type":"article","og_title":"50 attivit\u00e0 per l'apprendimento della lettura e della scrittura nell'educazione della prima infanzia.","og_description":"50 attivit\u00e0 per lavorare sulla lettura e sulla scrittura con gli obiettivi da raggiungere e le et\u00e0 a cui sono rivolte.","og_url":"https:\/\/nenitus.es\/it\/50-attivita-per-lapprendimento-della-lettura-e-della-scrittura-nelleducazione-della-prima-infanzia\/","og_site_name":"Nenitus","article_modified_time":"2023-11-28T13:30:20+00:00","og_image":[{"width":600,"height":450,"url":"https:\/\/nenitus.es\/wp-content\/uploads\/2023\/05\/aprendizaje-de-la-lecto-escritura-en-educacion-infantil-1.jpg","type":"image\/jpeg"}],"twitter_card":"summary_large_image","twitter_misc":{"Tempo di lettura stimato":"1 minuto"},"schema":{"@context":"https:\/\/schema.org","@graph":[{"@type":"WebPage","@id":"https:\/\/nenitus.es\/it\/50-attivita-per-lapprendimento-della-lettura-e-della-scrittura-nelleducazione-della-prima-infanzia\/","url":"https:\/\/nenitus.es\/it\/50-attivita-per-lapprendimento-della-lettura-e-della-scrittura-nelleducazione-della-prima-infanzia\/","name":"50 attivit\u00e0 per l'apprendimento della lettura e della scrittura nell'educazione della prima infanzia.","isPartOf":{"@id":"https:\/\/nenitus.es\/it\/#website"},"primaryImageOfPage":{"@id":"https:\/\/nenitus.es\/it\/50-attivita-per-lapprendimento-della-lettura-e-della-scrittura-nelleducazione-della-prima-infanzia\/#primaryimage"},"image":{"@id":"https:\/\/nenitus.es\/it\/50-attivita-per-lapprendimento-della-lettura-e-della-scrittura-nelleducazione-della-prima-infanzia\/#primaryimage"},"thumbnailUrl":"https:\/\/nenitus.es\/wp-content\/uploads\/2023\/05\/aprendizaje-de-la-lecto-escritura-en-educacion-infantil-1.jpg","datePublished":"2023-05-01T10:39:23+00:00","dateModified":"2023-11-28T13:30:20+00:00","description":"50 attivit\u00e0 per lavorare sulla lettura e sulla scrittura con gli obiettivi da raggiungere e le et\u00e0 a cui sono rivolte.","breadcrumb":{"@id":"https:\/\/nenitus.es\/it\/50-attivita-per-lapprendimento-della-lettura-e-della-scrittura-nelleducazione-della-prima-infanzia\/#breadcrumb"},"inLanguage":"it-IT","potentialAction":[{"@type":"ReadAction","target":["https:\/\/nenitus.es\/it\/50-attivita-per-lapprendimento-della-lettura-e-della-scrittura-nelleducazione-della-prima-infanzia\/"]}]},{"@type":"ImageObject","inLanguage":"it-IT","@id":"https:\/\/nenitus.es\/it\/50-attivita-per-lapprendimento-della-lettura-e-della-scrittura-nelleducazione-della-prima-infanzia\/#primaryimage","url":"https:\/\/nenitus.es\/wp-content\/uploads\/2023\/05\/aprendizaje-de-la-lecto-escritura-en-educacion-infantil-1.jpg","contentUrl":"https:\/\/nenitus.es\/wp-content\/uploads\/2023\/05\/aprendizaje-de-la-lecto-escritura-en-educacion-infantil-1.jpg","width":600,"height":450},{"@type":"BreadcrumbList","@id":"https:\/\/nenitus.es\/it\/50-attivita-per-lapprendimento-della-lettura-e-della-scrittura-nelleducazione-della-prima-infanzia\/#breadcrumb","itemListElement":[{"@type":"ListItem","position":1,"name":"Portada","item":"https:\/\/nenitus.es\/it\/"},{"@type":"ListItem","position":2,"name":"Negozio","item":"https:\/\/nenitus.es\/it\/negozio\/"},{"@type":"ListItem","position":3,"name":"50 attivit\u00e0 per l&#8217;apprendimento della lettura e della scrittura nell&#8217;educazione della prima infanzia."}]},{"@type":"WebSite","@id":"https:\/\/nenitus.es\/it\/#website","url":"https:\/\/nenitus.es\/it\/","name":"Nenitus","description":"","potentialAction":[{"@type":"SearchAction","target":{"@type":"EntryPoint","urlTemplate":"https:\/\/nenitus.es\/it\/?s={search_term_string}"},"query-input":{"@type":"PropertyValueSpecification","valueRequired":true,"valueName":"search_term_string"}}],"inLanguage":"it-IT"}]}},"jetpack_sharing_enabled":true,"_links":{"self":[{"href":"https:\/\/nenitus.es\/it\/wp-json\/wp\/v2\/product\/3027","targetHints":{"allow":["GET"]}}],"collection":[{"href":"https:\/\/nenitus.es\/it\/wp-json\/wp\/v2\/product"}],"about":[{"href":"https:\/\/nenitus.es\/it\/wp-json\/wp\/v2\/types\/product"}],"replies":[{"embeddable":true,"href":"https:\/\/nenitus.es\/it\/wp-json\/wp\/v2\/comments?post=3027"}],"wp:featuredmedia":[{"embeddable":true,"href":"https:\/\/nenitus.es\/it\/wp-json\/wp\/v2\/media\/2346"}],"wp:attachment":[{"href":"https:\/\/nenitus.es\/it\/wp-json\/wp\/v2\/media?parent=3027"}],"wp:term":[{"taxonomy":"product_cat","embeddable":true,"href":"https:\/\/nenitus.es\/it\/wp-json\/wp\/v2\/product_cat?post=3027"},{"taxonomy":"product_tag","embeddable":true,"href":"https:\/\/nenitus.es\/it\/wp-json\/wp\/v2\/product_tag?post=3027"}],"curies":[{"name":"wp","href":"https:\/\/api.w.org\/{rel}","templated":true}]}}