{"id":3028,"date":"2023-05-01T12:39:23","date_gmt":"2023-05-01T10:39:23","guid":{"rendered":"https:\/\/nenitus.es\/corso-online-per-la-preparazione-delle-unita-programmative-e-didattiche-primo-ciclo-bambini\/"},"modified":"2023-11-28T14:30:20","modified_gmt":"2023-11-28T13:30:20","slug":"corso-online-per-la-preparazione-delle-unita-programmative-e-didattiche-primo-ciclo-bambini","status":"publish","type":"product","link":"https:\/\/nenitus.es\/it\/corso-online-per-la-preparazione-delle-unita-programmative-e-didattiche-primo-ciclo-bambini\/","title":{"rendered":"Corso online per la preparazione delle Unit\u00e0 Programmative e Didattiche (Primo ciclo bambini)"},"content":{"rendered":"<h3 class=\"accordion_title\">Caratteristiche del corso<\/h3><div class=\"accordion\">\n\t<div id=\"accordion-651927796\" class=\"accordion-item\">\n\t\t<a id=\"accordion-651927796-label\" class=\"accordion-title plain\" href=\"#accordion-item-presentazione\" aria-expanded=\"false\" aria-controls=\"accordion-651927796-content\" >\n\t\t\t<button class=\"toggle\" aria-label=\"Attiva\/Disattiva\"><i class=\"icon-angle-down\"><\/i><\/button>\n\t\t\t<span>Presentazione<\/span>\n\t\t<\/a>\n\t\t<div id=\"accordion-651927796-content\" class=\"accordion-inner\" aria-labelledby=\"accordion-651927796-label\" >\n\t\t\t\n<p><b>A chi \u00e8 rivolto<\/b><br \/>\nRivolto a insegnanti e studenti del primo ciclo dell&#8217;Educazione della Prima Infanzia 0-3 anni.<\/p>\n<p>Con questo corso ti forniremo materiale curriculare e risorse per lavorare durante un intero anno scolastico combinando questo tipo di metodologie innovative, attive ed essenziali per ottenere il massimo dall&#8217;apprendimento degli studenti.<\/p>\n<p><b>Certificato<\/b><\/p>\n<p>Verr\u00e0 rilasciato certificato accreditato dal CIFV per 180 ore.<\/p>\n\t\t<\/div>\n\t<\/div>\n\t\n\t<div id=\"accordion-988100194\" class=\"accordion-item\">\n\t\t<a id=\"accordion-988100194-label\" class=\"accordion-title plain\" href=\"#accordion-item-scopo\" aria-expanded=\"false\" aria-controls=\"accordion-988100194-content\" >\n\t\t\t<button class=\"toggle\" aria-label=\"Attiva\/Disattiva\"><i class=\"icon-angle-down\"><\/i><\/button>\n\t\t\t<span>Scopo<\/span>\n\t\t<\/a>\n\t\t<div id=\"accordion-988100194-content\" class=\"accordion-inner\" aria-labelledby=\"accordion-988100194-label\" >\n\t\t\t\n<p>Con questo corso ti insegneremo come svolgere il metodo Montessori nel curriculum di matematica del primo ciclo.<\/p>\n\t\t<\/div>\n\t<\/div>\n\t\n\t<div id=\"accordion-1273675828\" class=\"accordion-item\">\n\t\t<a id=\"accordion-1273675828-label\" class=\"accordion-title plain\" href=\"#accordion-item-metodologia\" aria-expanded=\"false\" aria-controls=\"accordion-1273675828-content\" >\n\t\t\t<button class=\"toggle\" aria-label=\"Attiva\/Disattiva\"><i class=\"icon-angle-down\"><\/i><\/button>\n\t\t\t<span>Metodologia<\/span>\n\t\t<\/a>\n\t\t<div id=\"accordion-1273675828-content\" class=\"accordion-inner\" aria-labelledby=\"accordion-1273675828-label\" >\n\t\t\t\n<p>Sar\u00e0 fatto attraverso la piattaforma, al tuo ritmo, senza orari. Tutto il materiale \u00e8 scaricabile. Ti forniremo attivit\u00e0 e strategie per insegnare la matematica applicando il metodo Montessori, seguendo quanto stabilito per il primo ciclo del curriculum della scuola primaria. Ti forniremo risorse, attenzione personalizzata e consulenza pedagogica. Ci saranno anche sessioni webinar sincrone in cui ti insegneremo come presentare i materiali in una classe primaria.<\/p>\n\t\t<\/div>\n\t<\/div>\n\t\n\t<div id=\"accordion-1444051298\" class=\"accordion-item\">\n\t\t<a id=\"accordion-1444051298-label\" class=\"accordion-title plain\" href=\"#accordion-item-temi\" aria-expanded=\"false\" aria-controls=\"accordion-1444051298-content\" >\n\t\t\t<button class=\"toggle\" aria-label=\"Attiva\/Disattiva\"><i class=\"icon-angle-down\"><\/i><\/button>\n\t\t\t<span>Temi<\/span>\n\t\t<\/a>\n\t\t<div id=\"accordion-1444051298-content\" class=\"accordion-inner\" aria-labelledby=\"accordion-1444051298-label\" >\n\t\t\t\n<p>Blocco 1 \u2013 Introduzione alla pedagogia reggiana<\/p>\n<p>Blocco 2 \u2013 Introduzione alla pedagogia Montessori<\/p>\n<p>Blocco 3 \u2013 Introduzione alla pedagogia Waldorf<\/p>\n<p>Blocco 4 \u2013 Introduzione alla pedagogia Pikler<\/p>\n<p>Blocco 5 \u2013 Come portare pedagogie attive e rispettose nelle scuole di oggi<\/p>\n<p>Blocco 6 \u2013 Parti di programmazione che utilizzano pedagogie attive<\/p>\n<p>Blocco 7 \u2013 Organizzazione dell&#8217;ambiente e distribuzione in classe<\/p>\n<p>Blocco 8 \u2013 Ruolo dell&#8217;adulto<\/p>\n<p>Blocco 9 \u2013 Specifica curriculare per il primo livello<\/p>\n<p>Blocco 10 \u2013 Specifica curriculare per il secondo livello<\/p>\n<p>Blocco 11 \u2013 Specifica curriculare per il terzo livello<\/p>\n<p>Blocco 12 \u2013 Come distribuire le attivit\u00e0 per l&#8217;apprendimento basato su<br \/>\npedagogie attive<\/p>\n<p>Blocco 13 \u2013 Metodo di proposta per ciascun livello 0-1, 1-2, 2-3 anni nel primo trimestre<\/p>\n<p>Blocco 14 \u2013 Metodo di proposta per ciascun livello 0-1, 1-2, 2-3 anni nel secondo<br \/>\ntrimestre<\/p>\n<p>Blocco 15 \u2013 Metodo di proposta per ciascun livello 0-1, 1-2, 2-3 anni nel terzo trimestre<\/p>\n<p>Blocco 16 \u2013 Sistemi di valutazione basati sulla valutazione e sul monitoraggio delle rubriche<br \/>\ndegli studenti<\/p>\n<p>Blocco 17 \u2013 Attenzione alla diversit\u00e0<\/p>\n<p>Blocco 18 \u2013 Proposte di progetti alternativi e workshop trasversali<\/p>\n\t\t<\/div>\n\t<\/div>\n\t\n\t<div id=\"accordion-3511971685\" class=\"accordion-item\">\n\t\t<a id=\"accordion-3511971685-label\" class=\"accordion-title plain\" href=\"#accordion-item-materiali\" aria-expanded=\"false\" aria-controls=\"accordion-3511971685-content\" >\n\t\t\t<button class=\"toggle\" aria-label=\"Attiva\/Disattiva\"><i class=\"icon-angle-down\"><\/i><\/button>\n\t\t\t<span>Materiali<\/span>\n\t\t<\/a>\n\t\t<div id=\"accordion-3511971685-content\" class=\"accordion-inner\" aria-labelledby=\"accordion-3511971685-label\" >\n\t\t\t\n<p>Avrai consigli pedagogici per poter adattare la programmazione alla tua classe o per risolvere i tuoi dubbi.<br \/>\nVerranno forniti stampabili per lo svolgimento di alcune delle attivit\u00e0 proposte. Prenderemo tutto il buono e il meglio del meglio di queste pedagogie attive per portarli nella nostra classe. Unendoli con l&#8217;obiettivo di realizzare un&#8217;istruzione rispettosa, completa e di qualit\u00e0 per i nostri studenti.<br \/>\nOltre al materiale e alle sue applicazioni pratiche, riceverai consigli personalizzati dal nostro team per trarne il massimo.<\/p>\n\t\t<\/div>\n\t<\/div>\n\t\n<\/div>\n","protected":false},"excerpt":{"rendered":"<p>Rivolto a insegnanti e studenti universitari del primo ciclo dell&#8217;Educazione della Prima Infanzia 0-3 anni. Con questo corso ti forniremo materiale e risorse curriculari affinch\u00e9 tu possa lavorare nella tua classe durante un intero anno scolastico, combinando questo tipo di metodologie innovative, attive ed esperienziali per ottenere il massimo dall&#8217;apprendimento degli studenti. Il corso durer\u00e0 9 settimane<\/p>\n","protected":false},"featured_media":2348,"comment_status":"open","ping_status":"closed","template":"","meta":[],"product_cat":[116],"product_tag":[],"class_list":{"0":"post-3028","1":"product","2":"type-product","3":"status-publish","4":"has-post-thumbnail","6":"product_cat-corsi","8":"first","9":"outofstock","10":"virtual","11":"taxable","12":"purchasable","13":"product-type-simple"},"yoast_head":"<!-- This site is optimized with the Yoast SEO plugin v23.9 - https:\/\/yoast.com\/wordpress\/plugins\/seo\/ -->\n<title>Preparazione di Unit\u00e0 Programmative e Didattiche (Online)<\/title>\n<meta name=\"description\" content=\"Rivolto a insegnanti e studenti universitari del primo ciclo dell&#039;Educazione della Prima Infanzia 0-3 anni.Con questo corso ti forniremo materiale curriculare.\" \/>\n<meta name=\"robots\" content=\"index, follow, max-snippet:-1, max-image-preview:large, max-video-preview:-1\" \/>\n<link rel=\"canonical\" href=\"https:\/\/nenitus.es\/it\/corso-online-per-la-preparazione-delle-unita-programmative-e-didattiche-primo-ciclo-bambini\/\" \/>\n<meta property=\"og:locale\" content=\"it_IT\" \/>\n<meta property=\"og:type\" content=\"article\" \/>\n<meta property=\"og:title\" content=\"Preparazione di Unit\u00e0 Programmative e Didattiche (Online)\" \/>\n<meta property=\"og:description\" content=\"Rivolto a insegnanti e studenti universitari del primo ciclo dell&#039;Educazione della Prima Infanzia 0-3 anni.Con questo corso ti forniremo materiale curriculare.\" \/>\n<meta property=\"og:url\" content=\"https:\/\/nenitus.es\/it\/corso-online-per-la-preparazione-delle-unita-programmative-e-didattiche-primo-ciclo-bambini\/\" \/>\n<meta property=\"og:site_name\" content=\"Nenitus\" \/>\n<meta property=\"article:modified_time\" content=\"2023-11-28T13:30:20+00:00\" \/>\n<meta property=\"og:image\" content=\"https:\/\/nenitus.es\/wp-content\/uploads\/2023\/05\/Elaboracion-de-programaciones-y-unidades-didacticas.jpg\" \/>\n\t<meta property=\"og:image:width\" content=\"600\" \/>\n\t<meta property=\"og:image:height\" content=\"450\" \/>\n\t<meta property=\"og:image:type\" content=\"image\/jpeg\" \/>\n<meta name=\"twitter:card\" content=\"summary_large_image\" \/>\n<meta name=\"twitter:label1\" content=\"Tempo di lettura stimato\" \/>\n\t<meta name=\"twitter:data1\" content=\"2 minuti\" \/>\n<script type=\"application\/ld+json\" class=\"yoast-schema-graph\">{\"@context\":\"https:\/\/schema.org\",\"@graph\":[{\"@type\":\"WebPage\",\"@id\":\"https:\/\/nenitus.es\/it\/corso-online-per-la-preparazione-delle-unita-programmative-e-didattiche-primo-ciclo-bambini\/\",\"url\":\"https:\/\/nenitus.es\/it\/corso-online-per-la-preparazione-delle-unita-programmative-e-didattiche-primo-ciclo-bambini\/\",\"name\":\"Preparazione di Unit\u00e0 Programmative e Didattiche (Online)\",\"isPartOf\":{\"@id\":\"https:\/\/nenitus.es\/it\/#website\"},\"primaryImageOfPage\":{\"@id\":\"https:\/\/nenitus.es\/it\/corso-online-per-la-preparazione-delle-unita-programmative-e-didattiche-primo-ciclo-bambini\/#primaryimage\"},\"image\":{\"@id\":\"https:\/\/nenitus.es\/it\/corso-online-per-la-preparazione-delle-unita-programmative-e-didattiche-primo-ciclo-bambini\/#primaryimage\"},\"thumbnailUrl\":\"https:\/\/nenitus.es\/wp-content\/uploads\/2023\/05\/Elaboracion-de-programaciones-y-unidades-didacticas.jpg\",\"datePublished\":\"2023-05-01T10:39:23+00:00\",\"dateModified\":\"2023-11-28T13:30:20+00:00\",\"description\":\"Rivolto a insegnanti e studenti universitari del primo ciclo dell'Educazione della Prima Infanzia 0-3 anni.Con questo corso ti forniremo materiale curriculare.\",\"breadcrumb\":{\"@id\":\"https:\/\/nenitus.es\/it\/corso-online-per-la-preparazione-delle-unita-programmative-e-didattiche-primo-ciclo-bambini\/#breadcrumb\"},\"inLanguage\":\"it-IT\",\"potentialAction\":[{\"@type\":\"ReadAction\",\"target\":[\"https:\/\/nenitus.es\/it\/corso-online-per-la-preparazione-delle-unita-programmative-e-didattiche-primo-ciclo-bambini\/\"]}]},{\"@type\":\"ImageObject\",\"inLanguage\":\"it-IT\",\"@id\":\"https:\/\/nenitus.es\/it\/corso-online-per-la-preparazione-delle-unita-programmative-e-didattiche-primo-ciclo-bambini\/#primaryimage\",\"url\":\"https:\/\/nenitus.es\/wp-content\/uploads\/2023\/05\/Elaboracion-de-programaciones-y-unidades-didacticas.jpg\",\"contentUrl\":\"https:\/\/nenitus.es\/wp-content\/uploads\/2023\/05\/Elaboracion-de-programaciones-y-unidades-didacticas.jpg\",\"width\":600,\"height\":450},{\"@type\":\"BreadcrumbList\",\"@id\":\"https:\/\/nenitus.es\/it\/corso-online-per-la-preparazione-delle-unita-programmative-e-didattiche-primo-ciclo-bambini\/#breadcrumb\",\"itemListElement\":[{\"@type\":\"ListItem\",\"position\":1,\"name\":\"Portada\",\"item\":\"https:\/\/nenitus.es\/it\/\"},{\"@type\":\"ListItem\",\"position\":2,\"name\":\"Negozio\",\"item\":\"https:\/\/nenitus.es\/it\/negozio\/\"},{\"@type\":\"ListItem\",\"position\":3,\"name\":\"Corso online per la preparazione delle Unit\u00e0 Programmative e Didattiche (Primo ciclo bambini)\"}]},{\"@type\":\"WebSite\",\"@id\":\"https:\/\/nenitus.es\/it\/#website\",\"url\":\"https:\/\/nenitus.es\/it\/\",\"name\":\"Nenitus\",\"description\":\"\",\"potentialAction\":[{\"@type\":\"SearchAction\",\"target\":{\"@type\":\"EntryPoint\",\"urlTemplate\":\"https:\/\/nenitus.es\/it\/?s={search_term_string}\"},\"query-input\":{\"@type\":\"PropertyValueSpecification\",\"valueRequired\":true,\"valueName\":\"search_term_string\"}}],\"inLanguage\":\"it-IT\"}]}<\/script>\n<!-- \/ Yoast SEO plugin. -->","yoast_head_json":{"title":"Preparazione di Unit\u00e0 Programmative e Didattiche (Online)","description":"Rivolto a insegnanti e studenti universitari del primo ciclo dell'Educazione della Prima Infanzia 0-3 anni.Con questo corso ti forniremo materiale curriculare.","robots":{"index":"index","follow":"follow","max-snippet":"max-snippet:-1","max-image-preview":"max-image-preview:large","max-video-preview":"max-video-preview:-1"},"canonical":"https:\/\/nenitus.es\/it\/corso-online-per-la-preparazione-delle-unita-programmative-e-didattiche-primo-ciclo-bambini\/","og_locale":"it_IT","og_type":"article","og_title":"Preparazione di Unit\u00e0 Programmative e Didattiche (Online)","og_description":"Rivolto a insegnanti e studenti universitari del primo ciclo dell'Educazione della Prima Infanzia 0-3 anni.Con questo corso ti forniremo materiale curriculare.","og_url":"https:\/\/nenitus.es\/it\/corso-online-per-la-preparazione-delle-unita-programmative-e-didattiche-primo-ciclo-bambini\/","og_site_name":"Nenitus","article_modified_time":"2023-11-28T13:30:20+00:00","og_image":[{"width":600,"height":450,"url":"https:\/\/nenitus.es\/wp-content\/uploads\/2023\/05\/Elaboracion-de-programaciones-y-unidades-didacticas.jpg","type":"image\/jpeg"}],"twitter_card":"summary_large_image","twitter_misc":{"Tempo di lettura stimato":"2 minuti"},"schema":{"@context":"https:\/\/schema.org","@graph":[{"@type":"WebPage","@id":"https:\/\/nenitus.es\/it\/corso-online-per-la-preparazione-delle-unita-programmative-e-didattiche-primo-ciclo-bambini\/","url":"https:\/\/nenitus.es\/it\/corso-online-per-la-preparazione-delle-unita-programmative-e-didattiche-primo-ciclo-bambini\/","name":"Preparazione di Unit\u00e0 Programmative e Didattiche (Online)","isPartOf":{"@id":"https:\/\/nenitus.es\/it\/#website"},"primaryImageOfPage":{"@id":"https:\/\/nenitus.es\/it\/corso-online-per-la-preparazione-delle-unita-programmative-e-didattiche-primo-ciclo-bambini\/#primaryimage"},"image":{"@id":"https:\/\/nenitus.es\/it\/corso-online-per-la-preparazione-delle-unita-programmative-e-didattiche-primo-ciclo-bambini\/#primaryimage"},"thumbnailUrl":"https:\/\/nenitus.es\/wp-content\/uploads\/2023\/05\/Elaboracion-de-programaciones-y-unidades-didacticas.jpg","datePublished":"2023-05-01T10:39:23+00:00","dateModified":"2023-11-28T13:30:20+00:00","description":"Rivolto a insegnanti e studenti universitari del primo ciclo dell'Educazione della Prima Infanzia 0-3 anni.Con questo corso ti forniremo materiale curriculare.","breadcrumb":{"@id":"https:\/\/nenitus.es\/it\/corso-online-per-la-preparazione-delle-unita-programmative-e-didattiche-primo-ciclo-bambini\/#breadcrumb"},"inLanguage":"it-IT","potentialAction":[{"@type":"ReadAction","target":["https:\/\/nenitus.es\/it\/corso-online-per-la-preparazione-delle-unita-programmative-e-didattiche-primo-ciclo-bambini\/"]}]},{"@type":"ImageObject","inLanguage":"it-IT","@id":"https:\/\/nenitus.es\/it\/corso-online-per-la-preparazione-delle-unita-programmative-e-didattiche-primo-ciclo-bambini\/#primaryimage","url":"https:\/\/nenitus.es\/wp-content\/uploads\/2023\/05\/Elaboracion-de-programaciones-y-unidades-didacticas.jpg","contentUrl":"https:\/\/nenitus.es\/wp-content\/uploads\/2023\/05\/Elaboracion-de-programaciones-y-unidades-didacticas.jpg","width":600,"height":450},{"@type":"BreadcrumbList","@id":"https:\/\/nenitus.es\/it\/corso-online-per-la-preparazione-delle-unita-programmative-e-didattiche-primo-ciclo-bambini\/#breadcrumb","itemListElement":[{"@type":"ListItem","position":1,"name":"Portada","item":"https:\/\/nenitus.es\/it\/"},{"@type":"ListItem","position":2,"name":"Negozio","item":"https:\/\/nenitus.es\/it\/negozio\/"},{"@type":"ListItem","position":3,"name":"Corso online per la preparazione delle Unit\u00e0 Programmative e Didattiche (Primo ciclo bambini)"}]},{"@type":"WebSite","@id":"https:\/\/nenitus.es\/it\/#website","url":"https:\/\/nenitus.es\/it\/","name":"Nenitus","description":"","potentialAction":[{"@type":"SearchAction","target":{"@type":"EntryPoint","urlTemplate":"https:\/\/nenitus.es\/it\/?s={search_term_string}"},"query-input":{"@type":"PropertyValueSpecification","valueRequired":true,"valueName":"search_term_string"}}],"inLanguage":"it-IT"}]}},"jetpack_sharing_enabled":true,"_links":{"self":[{"href":"https:\/\/nenitus.es\/it\/wp-json\/wp\/v2\/product\/3028","targetHints":{"allow":["GET"]}}],"collection":[{"href":"https:\/\/nenitus.es\/it\/wp-json\/wp\/v2\/product"}],"about":[{"href":"https:\/\/nenitus.es\/it\/wp-json\/wp\/v2\/types\/product"}],"replies":[{"embeddable":true,"href":"https:\/\/nenitus.es\/it\/wp-json\/wp\/v2\/comments?post=3028"}],"wp:featuredmedia":[{"embeddable":true,"href":"https:\/\/nenitus.es\/it\/wp-json\/wp\/v2\/media\/2348"}],"wp:attachment":[{"href":"https:\/\/nenitus.es\/it\/wp-json\/wp\/v2\/media?parent=3028"}],"wp:term":[{"taxonomy":"product_cat","embeddable":true,"href":"https:\/\/nenitus.es\/it\/wp-json\/wp\/v2\/product_cat?post=3028"},{"taxonomy":"product_tag","embeddable":true,"href":"https:\/\/nenitus.es\/it\/wp-json\/wp\/v2\/product_tag?post=3028"}],"curies":[{"name":"wp","href":"https:\/\/api.w.org\/{rel}","templated":true}]}}