{"id":3030,"date":"2023-05-01T12:39:23","date_gmt":"2023-05-01T10:39:23","guid":{"rendered":"https:\/\/nenitus.es\/corso-online-501-attivita-di-matematica-manipolativa-nella-fase-infantile-2-6-anni\/"},"modified":"2023-11-28T14:30:20","modified_gmt":"2023-11-28T13:30:20","slug":"corso-online-501-attivita-di-matematica-manipolativa-nella-fase-infantile-2-6-anni","status":"publish","type":"product","link":"https:\/\/nenitus.es\/it\/corso-online-501-attivita-di-matematica-manipolativa-nella-fase-infantile-2-6-anni\/","title":{"rendered":"Corso Online 50+1 Attivit\u00e0 di Matematica Manipolativa nella fase infantile (2-6 anni)"},"content":{"rendered":"<h3 class=\"accordion_title\">Caratteristiche del corso<\/h3><div class=\"accordion\">\n\t<div id=\"accordion-779944516\" class=\"accordion-item\">\n\t\t<a id=\"accordion-779944516-label\" class=\"accordion-title plain\" href=\"#accordion-item-presentazione\" aria-expanded=\"false\" aria-controls=\"accordion-779944516-content\" >\n\t\t\t<button class=\"toggle\" aria-label=\"Attiva\/Disattiva\"><i class=\"icon-angle-down\"><\/i><\/button>\n\t\t\t<span>Presentazione<\/span>\n\t\t<\/a>\n\t\t<div id=\"accordion-779944516-content\" class=\"accordion-inner\" aria-labelledby=\"accordion-779944516-label\" >\n\t\t\t\n<p><b>A chi \u00e8 rivolto<\/b><br \/>\nRivolto a insegnanti, famiglie, studenti e chiunque voglia innovare e migliorare nell&#8217;apprendimento della matematica. Con questo corso ti offriremo risorse e attivit\u00e0 per realizzare un processo di apprendimento della matematica manipolativo.<\/p>\n<p><b>Cosa distingue questo corso dagli altri?<\/b><br \/>\nQuesto corso, come il resto dei corsi che offriamo a Montessoriando, si distingue per la sua natura pratica e pratica. funzionali, fornendo migliaia di risorse per lavorare con loro fin dal primo momento.<\/p>\n\t\t<\/div>\n\t<\/div>\n\t\n\t<div id=\"accordion-1240455117\" class=\"accordion-item\">\n\t\t<a id=\"accordion-1240455117-label\" class=\"accordion-title plain\" href=\"#accordion-item-scopo\" aria-expanded=\"false\" aria-controls=\"accordion-1240455117-content\" >\n\t\t\t<button class=\"toggle\" aria-label=\"Attiva\/Disattiva\"><i class=\"icon-angle-down\"><\/i><\/button>\n\t\t\t<span>Scopo<\/span>\n\t\t<\/a>\n\t\t<div id=\"accordion-1240455117-content\" class=\"accordion-inner\" aria-labelledby=\"accordion-1240455117-label\" >\n\t\t\t\n<p>Questo corso vuole essere una risorsa e non un lavoro aggiunto, per questo non ti chiederemo di sostenere test o attivit\u00e0 che tolgano tempo al tuo lavoro didattico. Siamo noi a fornirti le attivit\u00e0 e i programmi curriculari materiale in modo che tu possa lavorarci con metodo fin dal primo momento.<\/p>\n<p>&#8211; Ottieni strategie per lavorare sulla matematica in modo manipolativo con gli studenti in et\u00e0 prescolare.<br \/>\n&#8211; Individuare contenuti e attivit\u00e0 adeguati per lavorare su strategie logico-matematiche nei bambini.<br \/>\n&#8211; Ottenere maggiore motivazione, concentrazione e attenzione nei nostri figli o studenti.<\/p>\n\t\t<\/div>\n\t<\/div>\n\t\n\t<div id=\"accordion-182812625\" class=\"accordion-item\">\n\t\t<a id=\"accordion-182812625-label\" class=\"accordion-title plain\" href=\"#accordion-item-metodologia\" aria-expanded=\"false\" aria-controls=\"accordion-182812625-content\" >\n\t\t\t<button class=\"toggle\" aria-label=\"Attiva\/Disattiva\"><i class=\"icon-angle-down\"><\/i><\/button>\n\t\t\t<span>Metodologia<\/span>\n\t\t<\/a>\n\t\t<div id=\"accordion-182812625-content\" class=\"accordion-inner\" aria-labelledby=\"accordion-182812625-label\" >\n\t\t\t\n<p>Ti verranno fornite un totale di 51 attivit\u00e0 per lavorare sulla matematica in modo pi\u00f9 manipolativo e giocoso, con gli obiettivi da raggiungere e le et\u00e0 a cui sono rivolti. Per molte delle attivit\u00e0 proposte saranno forniti stampabili. Attraverso la piattaforma di classe avrai tutte le informazioni sul corso che potrai scaricare per utilizzare come guida nella tua pratica.<br \/>\nAvrai consigli pedagogici per poter adattare le attivit\u00e0 alla tua realt\u00e0.<\/p>\n\t\t<\/div>\n\t<\/div>\n\t\n\t<div id=\"accordion-1853665652\" class=\"accordion-item\">\n\t\t<a id=\"accordion-1853665652-label\" class=\"accordion-title plain\" href=\"#accordion-item-temi\" aria-expanded=\"false\" aria-controls=\"accordion-1853665652-content\" >\n\t\t\t<button class=\"toggle\" aria-label=\"Attiva\/Disattiva\"><i class=\"icon-angle-down\"><\/i><\/button>\n\t\t\t<span>Temi<\/span>\n\t\t<\/a>\n\t\t<div id=\"accordion-1853665652-content\" class=\"accordion-inner\" aria-labelledby=\"accordion-1853665652-label\" >\n\t\t\t\n<p><b>Verranno affrontati i seguenti argomenti:<\/b><br \/>\nModulo 1. Importanza della matematica nell&#8217;educazione della prima infanzia.<br \/>\nModulo 2. Conoscere i colori.<br \/>\nModulo 3. Interiorizzazione delle figure geometriche.<br \/>\nModulo 4. Familiarizzazione con i numeri e iniziazione al conteggio.<br \/>\nModulo 5. Assimilazione dell&#8217;orientamento nello spazio.<br \/>\nModulo 6. Prime nozioni sulla misurazione.<\/p>\n\t\t<\/div>\n\t<\/div>\n\t\n\t<div id=\"accordion-2154233862\" class=\"accordion-item\">\n\t\t<a id=\"accordion-2154233862-label\" class=\"accordion-title plain\" href=\"#accordion-item-temi\" aria-expanded=\"false\" aria-controls=\"accordion-2154233862-content\" >\n\t\t\t<button class=\"toggle\" aria-label=\"Attiva\/Disattiva\"><i class=\"icon-angle-down\"><\/i><\/button>\n\t\t\t<span>Temi<\/span>\n\t\t<\/a>\n\t\t<div id=\"accordion-2154233862-content\" class=\"accordion-inner\" aria-labelledby=\"accordion-2154233862-label\" >\n\t\t\t\n<p><b>Per scegliere tra uno dei certificati.<\/b><\/p>\n<p>-Certificato d&#8217;uso compreso nel prezzo.<br \/>\n-Otterrai un certificato accreditato di 100 ore dall&#8217;International Virtual Training Center. Azienda tecnologica (spin-off) dell&#8217;Universit\u00e0 di Huelva (spese di gestione 10 euro)<\/p>\n\t\t<\/div>\n\t<\/div>\n\t\n<\/div>\n","protected":false},"excerpt":{"rendered":"<p>Rivolto a insegnanti, famiglie, studenti e chiunque voglia innovare e migliorare nell&#8217;apprendimento della matematica. Con questo corso ti offriremo risorse e attivit\u00e0 per realizzare un processo di apprendimento della matematica manipolativa.<\/p>\n","protected":false},"featured_media":2350,"comment_status":"open","ping_status":"closed","template":"","meta":[],"product_cat":[116],"product_tag":[],"class_list":{"0":"post-3030","1":"product","2":"type-product","3":"status-publish","4":"has-post-thumbnail","6":"product_cat-corsi","8":"first","9":"outofstock","10":"virtual","11":"taxable","12":"purchasable","13":"product-type-simple"},"yoast_head":"<!-- This site is optimized with the Yoast SEO plugin v23.9 - https:\/\/yoast.com\/wordpress\/plugins\/seo\/ -->\n<title>Attivit\u00e0 di matematica manipolativa nella fase prescolare<\/title>\n<meta name=\"description\" content=\"Rivolto a insegnanti, famiglie, studenti e chiunque voglia innovare e migliorare nell&#039;apprendimento della matematica.\" \/>\n<meta name=\"robots\" content=\"index, follow, max-snippet:-1, max-image-preview:large, max-video-preview:-1\" \/>\n<link rel=\"canonical\" href=\"https:\/\/nenitus.es\/it\/corso-online-501-attivita-di-matematica-manipolativa-nella-fase-infantile-2-6-anni\/\" \/>\n<meta property=\"og:locale\" content=\"it_IT\" \/>\n<meta property=\"og:type\" content=\"article\" \/>\n<meta property=\"og:title\" content=\"Attivit\u00e0 di matematica manipolativa nella fase prescolare\" \/>\n<meta property=\"og:description\" content=\"Rivolto a insegnanti, famiglie, studenti e chiunque voglia innovare e migliorare nell&#039;apprendimento della matematica.\" \/>\n<meta property=\"og:url\" content=\"https:\/\/nenitus.es\/it\/corso-online-501-attivita-di-matematica-manipolativa-nella-fase-infantile-2-6-anni\/\" \/>\n<meta property=\"og:site_name\" content=\"Nenitus\" \/>\n<meta property=\"article:modified_time\" content=\"2023-11-28T13:30:20+00:00\" \/>\n<meta property=\"og:image\" content=\"https:\/\/nenitus.es\/wp-content\/uploads\/2023\/05\/211.jpg\" \/>\n\t<meta property=\"og:image:width\" content=\"600\" \/>\n\t<meta property=\"og:image:height\" content=\"450\" \/>\n\t<meta property=\"og:image:type\" content=\"image\/jpeg\" \/>\n<meta name=\"twitter:card\" content=\"summary_large_image\" \/>\n<meta name=\"twitter:label1\" content=\"Tempo di lettura stimato\" \/>\n\t<meta name=\"twitter:data1\" content=\"2 minuti\" \/>\n<script type=\"application\/ld+json\" class=\"yoast-schema-graph\">{\"@context\":\"https:\/\/schema.org\",\"@graph\":[{\"@type\":\"WebPage\",\"@id\":\"https:\/\/nenitus.es\/it\/corso-online-501-attivita-di-matematica-manipolativa-nella-fase-infantile-2-6-anni\/\",\"url\":\"https:\/\/nenitus.es\/it\/corso-online-501-attivita-di-matematica-manipolativa-nella-fase-infantile-2-6-anni\/\",\"name\":\"Attivit\u00e0 di matematica manipolativa nella fase prescolare\",\"isPartOf\":{\"@id\":\"https:\/\/nenitus.es\/it\/#website\"},\"primaryImageOfPage\":{\"@id\":\"https:\/\/nenitus.es\/it\/corso-online-501-attivita-di-matematica-manipolativa-nella-fase-infantile-2-6-anni\/#primaryimage\"},\"image\":{\"@id\":\"https:\/\/nenitus.es\/it\/corso-online-501-attivita-di-matematica-manipolativa-nella-fase-infantile-2-6-anni\/#primaryimage\"},\"thumbnailUrl\":\"https:\/\/nenitus.es\/wp-content\/uploads\/2023\/05\/211.jpg\",\"datePublished\":\"2023-05-01T10:39:23+00:00\",\"dateModified\":\"2023-11-28T13:30:20+00:00\",\"description\":\"Rivolto a insegnanti, famiglie, studenti e chiunque voglia innovare e migliorare nell'apprendimento della matematica.\",\"breadcrumb\":{\"@id\":\"https:\/\/nenitus.es\/it\/corso-online-501-attivita-di-matematica-manipolativa-nella-fase-infantile-2-6-anni\/#breadcrumb\"},\"inLanguage\":\"it-IT\",\"potentialAction\":[{\"@type\":\"ReadAction\",\"target\":[\"https:\/\/nenitus.es\/it\/corso-online-501-attivita-di-matematica-manipolativa-nella-fase-infantile-2-6-anni\/\"]}]},{\"@type\":\"ImageObject\",\"inLanguage\":\"it-IT\",\"@id\":\"https:\/\/nenitus.es\/it\/corso-online-501-attivita-di-matematica-manipolativa-nella-fase-infantile-2-6-anni\/#primaryimage\",\"url\":\"https:\/\/nenitus.es\/wp-content\/uploads\/2023\/05\/211.jpg\",\"contentUrl\":\"https:\/\/nenitus.es\/wp-content\/uploads\/2023\/05\/211.jpg\",\"width\":600,\"height\":450},{\"@type\":\"BreadcrumbList\",\"@id\":\"https:\/\/nenitus.es\/it\/corso-online-501-attivita-di-matematica-manipolativa-nella-fase-infantile-2-6-anni\/#breadcrumb\",\"itemListElement\":[{\"@type\":\"ListItem\",\"position\":1,\"name\":\"Portada\",\"item\":\"https:\/\/nenitus.es\/it\/\"},{\"@type\":\"ListItem\",\"position\":2,\"name\":\"Negozio\",\"item\":\"https:\/\/nenitus.es\/it\/negozio\/\"},{\"@type\":\"ListItem\",\"position\":3,\"name\":\"Corso Online 50+1 Attivit\u00e0 di Matematica Manipolativa nella fase infantile (2-6 anni)\"}]},{\"@type\":\"WebSite\",\"@id\":\"https:\/\/nenitus.es\/it\/#website\",\"url\":\"https:\/\/nenitus.es\/it\/\",\"name\":\"Nenitus\",\"description\":\"\",\"potentialAction\":[{\"@type\":\"SearchAction\",\"target\":{\"@type\":\"EntryPoint\",\"urlTemplate\":\"https:\/\/nenitus.es\/it\/?s={search_term_string}\"},\"query-input\":{\"@type\":\"PropertyValueSpecification\",\"valueRequired\":true,\"valueName\":\"search_term_string\"}}],\"inLanguage\":\"it-IT\"}]}<\/script>\n<!-- \/ Yoast SEO plugin. -->","yoast_head_json":{"title":"Attivit\u00e0 di matematica manipolativa nella fase prescolare","description":"Rivolto a insegnanti, famiglie, studenti e chiunque voglia innovare e migliorare nell'apprendimento della matematica.","robots":{"index":"index","follow":"follow","max-snippet":"max-snippet:-1","max-image-preview":"max-image-preview:large","max-video-preview":"max-video-preview:-1"},"canonical":"https:\/\/nenitus.es\/it\/corso-online-501-attivita-di-matematica-manipolativa-nella-fase-infantile-2-6-anni\/","og_locale":"it_IT","og_type":"article","og_title":"Attivit\u00e0 di matematica manipolativa nella fase prescolare","og_description":"Rivolto a insegnanti, famiglie, studenti e chiunque voglia innovare e migliorare nell'apprendimento della matematica.","og_url":"https:\/\/nenitus.es\/it\/corso-online-501-attivita-di-matematica-manipolativa-nella-fase-infantile-2-6-anni\/","og_site_name":"Nenitus","article_modified_time":"2023-11-28T13:30:20+00:00","og_image":[{"width":600,"height":450,"url":"https:\/\/nenitus.es\/wp-content\/uploads\/2023\/05\/211.jpg","type":"image\/jpeg"}],"twitter_card":"summary_large_image","twitter_misc":{"Tempo di lettura stimato":"2 minuti"},"schema":{"@context":"https:\/\/schema.org","@graph":[{"@type":"WebPage","@id":"https:\/\/nenitus.es\/it\/corso-online-501-attivita-di-matematica-manipolativa-nella-fase-infantile-2-6-anni\/","url":"https:\/\/nenitus.es\/it\/corso-online-501-attivita-di-matematica-manipolativa-nella-fase-infantile-2-6-anni\/","name":"Attivit\u00e0 di matematica manipolativa nella fase prescolare","isPartOf":{"@id":"https:\/\/nenitus.es\/it\/#website"},"primaryImageOfPage":{"@id":"https:\/\/nenitus.es\/it\/corso-online-501-attivita-di-matematica-manipolativa-nella-fase-infantile-2-6-anni\/#primaryimage"},"image":{"@id":"https:\/\/nenitus.es\/it\/corso-online-501-attivita-di-matematica-manipolativa-nella-fase-infantile-2-6-anni\/#primaryimage"},"thumbnailUrl":"https:\/\/nenitus.es\/wp-content\/uploads\/2023\/05\/211.jpg","datePublished":"2023-05-01T10:39:23+00:00","dateModified":"2023-11-28T13:30:20+00:00","description":"Rivolto a insegnanti, famiglie, studenti e chiunque voglia innovare e migliorare nell'apprendimento della matematica.","breadcrumb":{"@id":"https:\/\/nenitus.es\/it\/corso-online-501-attivita-di-matematica-manipolativa-nella-fase-infantile-2-6-anni\/#breadcrumb"},"inLanguage":"it-IT","potentialAction":[{"@type":"ReadAction","target":["https:\/\/nenitus.es\/it\/corso-online-501-attivita-di-matematica-manipolativa-nella-fase-infantile-2-6-anni\/"]}]},{"@type":"ImageObject","inLanguage":"it-IT","@id":"https:\/\/nenitus.es\/it\/corso-online-501-attivita-di-matematica-manipolativa-nella-fase-infantile-2-6-anni\/#primaryimage","url":"https:\/\/nenitus.es\/wp-content\/uploads\/2023\/05\/211.jpg","contentUrl":"https:\/\/nenitus.es\/wp-content\/uploads\/2023\/05\/211.jpg","width":600,"height":450},{"@type":"BreadcrumbList","@id":"https:\/\/nenitus.es\/it\/corso-online-501-attivita-di-matematica-manipolativa-nella-fase-infantile-2-6-anni\/#breadcrumb","itemListElement":[{"@type":"ListItem","position":1,"name":"Portada","item":"https:\/\/nenitus.es\/it\/"},{"@type":"ListItem","position":2,"name":"Negozio","item":"https:\/\/nenitus.es\/it\/negozio\/"},{"@type":"ListItem","position":3,"name":"Corso Online 50+1 Attivit\u00e0 di Matematica Manipolativa nella fase infantile (2-6 anni)"}]},{"@type":"WebSite","@id":"https:\/\/nenitus.es\/it\/#website","url":"https:\/\/nenitus.es\/it\/","name":"Nenitus","description":"","potentialAction":[{"@type":"SearchAction","target":{"@type":"EntryPoint","urlTemplate":"https:\/\/nenitus.es\/it\/?s={search_term_string}"},"query-input":{"@type":"PropertyValueSpecification","valueRequired":true,"valueName":"search_term_string"}}],"inLanguage":"it-IT"}]}},"jetpack_sharing_enabled":true,"_links":{"self":[{"href":"https:\/\/nenitus.es\/it\/wp-json\/wp\/v2\/product\/3030","targetHints":{"allow":["GET"]}}],"collection":[{"href":"https:\/\/nenitus.es\/it\/wp-json\/wp\/v2\/product"}],"about":[{"href":"https:\/\/nenitus.es\/it\/wp-json\/wp\/v2\/types\/product"}],"replies":[{"embeddable":true,"href":"https:\/\/nenitus.es\/it\/wp-json\/wp\/v2\/comments?post=3030"}],"wp:featuredmedia":[{"embeddable":true,"href":"https:\/\/nenitus.es\/it\/wp-json\/wp\/v2\/media\/2350"}],"wp:attachment":[{"href":"https:\/\/nenitus.es\/it\/wp-json\/wp\/v2\/media?parent=3030"}],"wp:term":[{"taxonomy":"product_cat","embeddable":true,"href":"https:\/\/nenitus.es\/it\/wp-json\/wp\/v2\/product_cat?post=3030"},{"taxonomy":"product_tag","embeddable":true,"href":"https:\/\/nenitus.es\/it\/wp-json\/wp\/v2\/product_tag?post=3030"}],"curies":[{"name":"wp","href":"https:\/\/api.w.org\/{rel}","templated":true}]}}