{"id":3033,"date":"2023-05-01T12:39:23","date_gmt":"2023-05-01T10:39:23","guid":{"rendered":"https:\/\/nenitus.es\/corso-online-100-attivita-per-il-tavolo-luminoso\/"},"modified":"2023-11-28T14:30:20","modified_gmt":"2023-11-28T13:30:20","slug":"corso-online-100-attivita-per-il-tavolo-luminoso","status":"publish","type":"product","link":"https:\/\/nenitus.es\/it\/corso-online-100-attivita-per-il-tavolo-luminoso\/","title":{"rendered":"Corso online 100 attivit\u00e0 per il tavolo luminoso"},"content":{"rendered":"<h3 class=\"accordion_title\">Caratteristiche del corso<\/h3><div class=\"accordion\">\n\t<div id=\"accordion-1398634062\" class=\"accordion-item\">\n\t\t<a id=\"accordion-1398634062-label\" class=\"accordion-title plain\" href=\"#accordion-item-presentazione\" aria-expanded=\"false\" aria-controls=\"accordion-1398634062-content\" >\n\t\t\t<button class=\"toggle\" aria-label=\"Attiva\/Disattiva\"><i class=\"icon-angle-down\"><\/i><\/button>\n\t\t\t<span>Presentazione<\/span>\n\t\t<\/a>\n\t\t<div id=\"accordion-1398634062-content\" class=\"accordion-inner\" aria-labelledby=\"accordion-1398634062-label\" >\n\t\t\t\n<p><b>CREA IL TUO MONDO IDEALE, ALLENATI!<\/b><\/p>\n<p>Vuoi concentrarti sul tuo sviluppo professionale ed espandere i tuoi scenari lavorativi?<\/p>\n<p>Montessoriando ti offre questo corso innovativo di Educazione della Prima Infanzia per la fascia di et\u00e0 da 0 a 6 anni, dove la comprensione totale del programma \u00e8 la priorit\u00e0. Senza dubbio, questo \u00e8 il programma ideale per accedere a un mercato lavorativo e professionale ricco di opportunit\u00e0.<\/p>\n<p>Scopri come ottenere il massimo dal tuo tavolo luminoso. Imparerai qualcosa in pi\u00f9 sulla pedagogia reggiana e su questa magnifica risorsa, ottenendo 100 attivit\u00e0 con materiale scaricabile da svolgere fin dal primo momento, che tu sia un insegnante, per metterlo in pratica nella tua classe o se sei una famiglia interessata nel realizzarlo con i tuoi figli a casa.<\/p>\n<p>Lavorare sul tavolo luminoso apporta numerosi benefici al processo di apprendimento dei bambini, migliorando la loro concentrazione, attenzione e trasformando qualsiasi attivit\u00e0 svolta su di esso in un momento magico.<\/p>\n<p><strong>Cosa distingue questo corso dagli altri?<\/strong><br \/>\nQuesto corso \u00e8 realizzato da insegnanti attivi che applicano quotidianamente questa metodologia, ottenendo ottimi risultati. Migliaia di studenti hanno gi\u00e0 seguito questo corso con valutazioni molto positive, una delle pi\u00f9 notevoli \u00e8 la sua natura eminentemente pratica e funzionale.<\/p>\n\t\t<\/div>\n\t<\/div>\n\t\n\t<div id=\"accordion-880331985\" class=\"accordion-item\">\n\t\t<a id=\"accordion-880331985-label\" class=\"accordion-title plain\" href=\"#accordion-item-scopo\" aria-expanded=\"false\" aria-controls=\"accordion-880331985-content\" >\n\t\t\t<button class=\"toggle\" aria-label=\"Attiva\/Disattiva\"><i class=\"icon-angle-down\"><\/i><\/button>\n\t\t\t<span>Scopo<\/span>\n\t\t<\/a>\n\t\t<div id=\"accordion-880331985-content\" class=\"accordion-inner\" aria-labelledby=\"accordion-880331985-label\" >\n\t\t\t\n<ul>\n<li>Entra nella pedagogia reggiana.<\/li>\n<li>Scopri di pi\u00f9 sulla pedagogia della Luce.<\/li>\n<li>Impara a lavorare con il tavolo luminoso.<\/li>\n<li>Ottieni attivit\u00e0 e risorse su cui lavorare.<\/li>\n<li>Incoraggiare il processo di apprendimento dei bambini nella fase infantile.<\/li>\n<\/ul>\n\t\t<\/div>\n\t<\/div>\n\t\n\t<div id=\"accordion-1055231500\" class=\"accordion-item\">\n\t\t<a id=\"accordion-1055231500-label\" class=\"accordion-title plain\" href=\"#accordion-item-metodologia\" aria-expanded=\"false\" aria-controls=\"accordion-1055231500-content\" >\n\t\t\t<button class=\"toggle\" aria-label=\"Attiva\/Disattiva\"><i class=\"icon-angle-down\"><\/i><\/button>\n\t\t\t<span>Metodologia<\/span>\n\t\t<\/a>\n\t\t<div id=\"accordion-1055231500-content\" class=\"accordion-inner\" aria-labelledby=\"accordion-1055231500-label\" >\n\t\t\t\n<p>L&#8217;approccio metodologico consiste nello svolgere la formazione attraverso il nostro Campus Virtuale, con un approccio eminentemente teorico-pratico. In questo Campus verranno caricati i materiali del programma per il monitoraggio, nonch\u00e9 risorse complementari, script per lo svolgimento delle esercitazioni teorico-pratiche di ciascun modulo, collegamenti web di interesse, bibliografia consigliata o questionari di autovalutazione per gli studenti. Tutto questo verr\u00e0 raccolto e presentato nello spazio dell&#8217;aula virtuale.<\/p>\n<p>Questa metodologia si basa sull&#8217;apprendimento dinamico e teorico-pratico:<\/p>\n<p>&#8211; Con tutoraggio personalizzato.<\/p>\n<p>&#8211; Con contenuti costantemente aggiornati.<\/p>\n<p>&#8211; Con insegnamenti pratici e teorici volti a risolvere problemi e dubbi attraverso il Campus Virtuale e la posta elettronica.<\/p>\n<p>&#8211; E tecnologie all&#8217;avanguardia per la teleformazione.<\/p>\n\t\t<\/div>\n\t<\/div>\n\t\n\t<div id=\"accordion-2654652198\" class=\"accordion-item\">\n\t\t<a id=\"accordion-2654652198-label\" class=\"accordion-title plain\" href=\"#accordion-item-temi\" aria-expanded=\"false\" aria-controls=\"accordion-2654652198-content\" >\n\t\t\t<button class=\"toggle\" aria-label=\"Attiva\/Disattiva\"><i class=\"icon-angle-down\"><\/i><\/button>\n\t\t\t<span>Temi<\/span>\n\t\t<\/a>\n\t\t<div id=\"accordion-2654652198-content\" class=\"accordion-inner\" aria-labelledby=\"accordion-2654652198-label\" >\n\t\t\t\n<p>1. Introduzione alla pedagogia di La Luz.<br \/>\n2.Attivit\u00e0 sensoriali e vita pratica sul tavolo luminoso.<br \/>\n3.Attivit\u00e0 logico-matematiche.<br \/>\n4.Attivit\u00e0 di iniziazione all&#8217;alfabetizzazione.<br \/>\n5.Attivit\u00e0 di racconto con la luce.<br \/>\n6.Attivit\u00e0 per la conoscenza dell&#8217;ambiente.<br \/>\n7.Attivit\u00e0 con lo specchio e The Black Light.<\/p>\n<p>Ti verranno forniti numerosi stampabili per svolgere le attivit\u00e0 proposte<\/p>\n\t\t<\/div>\n\t<\/div>\n\t\n\t<div id=\"accordion-608958194\" class=\"accordion-item\">\n\t\t<a id=\"accordion-608958194-label\" class=\"accordion-title plain\" href=\"#accordion-item-materiali\" aria-expanded=\"false\" aria-controls=\"accordion-608958194-content\" >\n\t\t\t<button class=\"toggle\" aria-label=\"Attiva\/Disattiva\"><i class=\"icon-angle-down\"><\/i><\/button>\n\t\t\t<span>Materiali<\/span>\n\t\t<\/a>\n\t\t<div id=\"accordion-608958194-content\" class=\"accordion-inner\" aria-labelledby=\"accordion-608958194-label\" >\n\t\t\t\n<p><b>Calendario<\/b><br \/>\nAccesso diretto alla piattaforma, una volta effettuata la registrazione.<\/p>\n<p><b>Opzioni di certificazione<\/b><br \/>\nPer scegliere tra uno dei certificati.<\/p>\n<p>&#8211; Certificato d&#8217;uso compreso nel prezzo.<br \/>\n&#8211; Otterrai un certificato accreditato di 80 ore dall&#8217;International Virtual Training Center. Azienda tecnologica (spin-off) dell&#8217;Universit\u00e0 di Huelva (spese di gestione 10 euro)<\/p>\n\t\t<\/div>\n\t<\/div>\n\t\n<\/div>\n","protected":false},"excerpt":{"rendered":"<p>Questo corso \u00e8 rivolto sia alle famiglie che agli insegnanti che vogliono applicare questa meravigliosa pedagogia con i bambini nell&#8217;educazione della prima infanzia. Non \u00e8 un corso destinato a svolgere attivit\u00e0, siamo noi a fornirtele affinch\u00e9 tu possa svolgerle e ottenere il massimo dal Tavolo luminoso.<\/p>\n<p>&nbsp;<\/p>\n","protected":false},"featured_media":2347,"comment_status":"open","ping_status":"closed","template":"","meta":[],"product_cat":[116],"product_tag":[],"class_list":{"0":"post-3033","1":"product","2":"type-product","3":"status-publish","4":"has-post-thumbnail","6":"product_cat-corsi","8":"first","9":"outofstock","10":"virtual","11":"taxable","12":"purchasable","13":"product-type-simple"},"yoast_head":"<!-- This site is optimized with the Yoast SEO plugin v23.9 - https:\/\/yoast.com\/wordpress\/plugins\/seo\/ -->\n<title>Corso online 100 attivit\u00e0 per il tavolo luminoso<\/title>\n<meta name=\"description\" content=\"Questo corso \u00e8 rivolto sia alle famiglie che agli insegnanti che vogliono applicare questa meravigliosa pedagogia con i bambini nell&#039;educazione della prima infanzia.\" \/>\n<meta name=\"robots\" content=\"index, follow, max-snippet:-1, max-image-preview:large, max-video-preview:-1\" \/>\n<link rel=\"canonical\" href=\"https:\/\/nenitus.es\/it\/corso-online-100-attivita-per-il-tavolo-luminoso\/\" \/>\n<meta property=\"og:locale\" content=\"it_IT\" \/>\n<meta property=\"og:type\" content=\"article\" \/>\n<meta property=\"og:title\" content=\"Corso online 100 attivit\u00e0 per il tavolo luminoso\" \/>\n<meta property=\"og:description\" content=\"Questo corso \u00e8 rivolto sia alle famiglie che agli insegnanti che vogliono applicare questa meravigliosa pedagogia con i bambini nell&#039;educazione della prima infanzia.\" \/>\n<meta property=\"og:url\" content=\"https:\/\/nenitus.es\/it\/corso-online-100-attivita-per-il-tavolo-luminoso\/\" \/>\n<meta property=\"og:site_name\" content=\"Nenitus\" \/>\n<meta property=\"article:modified_time\" content=\"2023-11-28T13:30:20+00:00\" \/>\n<meta property=\"og:image\" content=\"https:\/\/nenitus.es\/wp-content\/uploads\/2023\/05\/actividades-para-la-mesa-de-luz.jpg\" \/>\n\t<meta property=\"og:image:width\" content=\"600\" \/>\n\t<meta property=\"og:image:height\" content=\"450\" \/>\n\t<meta property=\"og:image:type\" content=\"image\/jpeg\" \/>\n<meta name=\"twitter:card\" content=\"summary_large_image\" \/>\n<meta name=\"twitter:label1\" content=\"Tempo di lettura stimato\" \/>\n\t<meta name=\"twitter:data1\" content=\"2 minuti\" \/>\n<script type=\"application\/ld+json\" class=\"yoast-schema-graph\">{\"@context\":\"https:\/\/schema.org\",\"@graph\":[{\"@type\":\"WebPage\",\"@id\":\"https:\/\/nenitus.es\/it\/corso-online-100-attivita-per-il-tavolo-luminoso\/\",\"url\":\"https:\/\/nenitus.es\/it\/corso-online-100-attivita-per-il-tavolo-luminoso\/\",\"name\":\"Corso online 100 attivit\u00e0 per il tavolo luminoso\",\"isPartOf\":{\"@id\":\"https:\/\/nenitus.es\/it\/#website\"},\"primaryImageOfPage\":{\"@id\":\"https:\/\/nenitus.es\/it\/corso-online-100-attivita-per-il-tavolo-luminoso\/#primaryimage\"},\"image\":{\"@id\":\"https:\/\/nenitus.es\/it\/corso-online-100-attivita-per-il-tavolo-luminoso\/#primaryimage\"},\"thumbnailUrl\":\"https:\/\/nenitus.es\/wp-content\/uploads\/2023\/05\/actividades-para-la-mesa-de-luz.jpg\",\"datePublished\":\"2023-05-01T10:39:23+00:00\",\"dateModified\":\"2023-11-28T13:30:20+00:00\",\"description\":\"Questo corso \u00e8 rivolto sia alle famiglie che agli insegnanti che vogliono applicare questa meravigliosa pedagogia con i bambini nell'educazione della prima infanzia.\",\"breadcrumb\":{\"@id\":\"https:\/\/nenitus.es\/it\/corso-online-100-attivita-per-il-tavolo-luminoso\/#breadcrumb\"},\"inLanguage\":\"it-IT\",\"potentialAction\":[{\"@type\":\"ReadAction\",\"target\":[\"https:\/\/nenitus.es\/it\/corso-online-100-attivita-per-il-tavolo-luminoso\/\"]}]},{\"@type\":\"ImageObject\",\"inLanguage\":\"it-IT\",\"@id\":\"https:\/\/nenitus.es\/it\/corso-online-100-attivita-per-il-tavolo-luminoso\/#primaryimage\",\"url\":\"https:\/\/nenitus.es\/wp-content\/uploads\/2023\/05\/actividades-para-la-mesa-de-luz.jpg\",\"contentUrl\":\"https:\/\/nenitus.es\/wp-content\/uploads\/2023\/05\/actividades-para-la-mesa-de-luz.jpg\",\"width\":600,\"height\":450},{\"@type\":\"BreadcrumbList\",\"@id\":\"https:\/\/nenitus.es\/it\/corso-online-100-attivita-per-il-tavolo-luminoso\/#breadcrumb\",\"itemListElement\":[{\"@type\":\"ListItem\",\"position\":1,\"name\":\"Portada\",\"item\":\"https:\/\/nenitus.es\/it\/\"},{\"@type\":\"ListItem\",\"position\":2,\"name\":\"Negozio\",\"item\":\"https:\/\/nenitus.es\/it\/negozio\/\"},{\"@type\":\"ListItem\",\"position\":3,\"name\":\"Corso online 100 attivit\u00e0 per il tavolo luminoso\"}]},{\"@type\":\"WebSite\",\"@id\":\"https:\/\/nenitus.es\/it\/#website\",\"url\":\"https:\/\/nenitus.es\/it\/\",\"name\":\"Nenitus\",\"description\":\"\",\"potentialAction\":[{\"@type\":\"SearchAction\",\"target\":{\"@type\":\"EntryPoint\",\"urlTemplate\":\"https:\/\/nenitus.es\/it\/?s={search_term_string}\"},\"query-input\":{\"@type\":\"PropertyValueSpecification\",\"valueRequired\":true,\"valueName\":\"search_term_string\"}}],\"inLanguage\":\"it-IT\"}]}<\/script>\n<!-- \/ Yoast SEO plugin. -->","yoast_head_json":{"title":"Corso online 100 attivit\u00e0 per il tavolo luminoso","description":"Questo corso \u00e8 rivolto sia alle famiglie che agli insegnanti che vogliono applicare questa meravigliosa pedagogia con i bambini nell'educazione della prima infanzia.","robots":{"index":"index","follow":"follow","max-snippet":"max-snippet:-1","max-image-preview":"max-image-preview:large","max-video-preview":"max-video-preview:-1"},"canonical":"https:\/\/nenitus.es\/it\/corso-online-100-attivita-per-il-tavolo-luminoso\/","og_locale":"it_IT","og_type":"article","og_title":"Corso online 100 attivit\u00e0 per il tavolo luminoso","og_description":"Questo corso \u00e8 rivolto sia alle famiglie che agli insegnanti che vogliono applicare questa meravigliosa pedagogia con i bambini nell'educazione della prima infanzia.","og_url":"https:\/\/nenitus.es\/it\/corso-online-100-attivita-per-il-tavolo-luminoso\/","og_site_name":"Nenitus","article_modified_time":"2023-11-28T13:30:20+00:00","og_image":[{"width":600,"height":450,"url":"https:\/\/nenitus.es\/wp-content\/uploads\/2023\/05\/actividades-para-la-mesa-de-luz.jpg","type":"image\/jpeg"}],"twitter_card":"summary_large_image","twitter_misc":{"Tempo di lettura stimato":"2 minuti"},"schema":{"@context":"https:\/\/schema.org","@graph":[{"@type":"WebPage","@id":"https:\/\/nenitus.es\/it\/corso-online-100-attivita-per-il-tavolo-luminoso\/","url":"https:\/\/nenitus.es\/it\/corso-online-100-attivita-per-il-tavolo-luminoso\/","name":"Corso online 100 attivit\u00e0 per il tavolo luminoso","isPartOf":{"@id":"https:\/\/nenitus.es\/it\/#website"},"primaryImageOfPage":{"@id":"https:\/\/nenitus.es\/it\/corso-online-100-attivita-per-il-tavolo-luminoso\/#primaryimage"},"image":{"@id":"https:\/\/nenitus.es\/it\/corso-online-100-attivita-per-il-tavolo-luminoso\/#primaryimage"},"thumbnailUrl":"https:\/\/nenitus.es\/wp-content\/uploads\/2023\/05\/actividades-para-la-mesa-de-luz.jpg","datePublished":"2023-05-01T10:39:23+00:00","dateModified":"2023-11-28T13:30:20+00:00","description":"Questo corso \u00e8 rivolto sia alle famiglie che agli insegnanti che vogliono applicare questa meravigliosa pedagogia con i bambini nell'educazione della prima infanzia.","breadcrumb":{"@id":"https:\/\/nenitus.es\/it\/corso-online-100-attivita-per-il-tavolo-luminoso\/#breadcrumb"},"inLanguage":"it-IT","potentialAction":[{"@type":"ReadAction","target":["https:\/\/nenitus.es\/it\/corso-online-100-attivita-per-il-tavolo-luminoso\/"]}]},{"@type":"ImageObject","inLanguage":"it-IT","@id":"https:\/\/nenitus.es\/it\/corso-online-100-attivita-per-il-tavolo-luminoso\/#primaryimage","url":"https:\/\/nenitus.es\/wp-content\/uploads\/2023\/05\/actividades-para-la-mesa-de-luz.jpg","contentUrl":"https:\/\/nenitus.es\/wp-content\/uploads\/2023\/05\/actividades-para-la-mesa-de-luz.jpg","width":600,"height":450},{"@type":"BreadcrumbList","@id":"https:\/\/nenitus.es\/it\/corso-online-100-attivita-per-il-tavolo-luminoso\/#breadcrumb","itemListElement":[{"@type":"ListItem","position":1,"name":"Portada","item":"https:\/\/nenitus.es\/it\/"},{"@type":"ListItem","position":2,"name":"Negozio","item":"https:\/\/nenitus.es\/it\/negozio\/"},{"@type":"ListItem","position":3,"name":"Corso online 100 attivit\u00e0 per il tavolo luminoso"}]},{"@type":"WebSite","@id":"https:\/\/nenitus.es\/it\/#website","url":"https:\/\/nenitus.es\/it\/","name":"Nenitus","description":"","potentialAction":[{"@type":"SearchAction","target":{"@type":"EntryPoint","urlTemplate":"https:\/\/nenitus.es\/it\/?s={search_term_string}"},"query-input":{"@type":"PropertyValueSpecification","valueRequired":true,"valueName":"search_term_string"}}],"inLanguage":"it-IT"}]}},"jetpack_sharing_enabled":true,"_links":{"self":[{"href":"https:\/\/nenitus.es\/it\/wp-json\/wp\/v2\/product\/3033","targetHints":{"allow":["GET"]}}],"collection":[{"href":"https:\/\/nenitus.es\/it\/wp-json\/wp\/v2\/product"}],"about":[{"href":"https:\/\/nenitus.es\/it\/wp-json\/wp\/v2\/types\/product"}],"replies":[{"embeddable":true,"href":"https:\/\/nenitus.es\/it\/wp-json\/wp\/v2\/comments?post=3033"}],"wp:featuredmedia":[{"embeddable":true,"href":"https:\/\/nenitus.es\/it\/wp-json\/wp\/v2\/media\/2347"}],"wp:attachment":[{"href":"https:\/\/nenitus.es\/it\/wp-json\/wp\/v2\/media?parent=3033"}],"wp:term":[{"taxonomy":"product_cat","embeddable":true,"href":"https:\/\/nenitus.es\/it\/wp-json\/wp\/v2\/product_cat?post=3033"},{"taxonomy":"product_tag","embeddable":true,"href":"https:\/\/nenitus.es\/it\/wp-json\/wp\/v2\/product_tag?post=3033"}],"curies":[{"name":"wp","href":"https:\/\/api.w.org\/{rel}","templated":true}]}}