{"id":3038,"date":"2023-05-01T12:39:00","date_gmt":"2023-05-01T10:39:00","guid":{"rendered":"https:\/\/nenitus.es\/modello-waldorf-arcobaleno\/"},"modified":"2024-12-03T00:02:47","modified_gmt":"2024-12-02T23:02:47","slug":"modello-waldorf-arcobaleno","status":"publish","type":"product","link":"https:\/\/nenitus.es\/it\/modello-waldorf-arcobaleno\/","title":{"rendered":"Modello Waldorf arcobaleno"},"content":{"rendered":"<h1><span style=\"font-size: 100%;\"><strong>Modello Arcobaleno Waldorf &#8211; per attivit\u00e0 sensoriali e geometriche<\/strong><\/span><\/h1>\n<p>I modelli Waldorf Rainbow sono uno strumento perfetto per realizzare attivit\u00e0 con i colori sul tavolo o sulla scatola luminosa. Svolgere attivit\u00e0 con i colori di questo arcobaleno \u00e8 uno stimolo visivo e sensoriale che pu\u00f2 addirittura migliorare il nostro umore. Inoltre, poich\u00e9 viene fornito in una confezione da due arcobaleni, puoi esercitare le abilit\u00e0 motorie oltre alla geometria, alla serializzazione e alle dimensioni, unendo insieme i semicerchi. Puoi svolgere infinite attivit\u00e0 con questo materiale sia all&#8217;interno che all&#8217;esterno del tavolo o della scatola luminosa, oltre ad insegnare la gamma dei colori secondo la teoria dei colori di Goethe.<\/p>\n<h3><span style=\"font-size: 90%;\"><strong>Vantaggi:<\/strong><\/span><\/h3>\n<ul>\n<li><strong>Stimolazione visiva e sensoriale:<\/strong> l&#8217;uso di colori vivaci e la manipolazione di modelli pu\u00f2 essere uno stimolo per lo sviluppo sensoriale e visivo di bambini e adulti.<\/li>\n<li><strong>Miglioramento dell&#8217;umore:<\/strong> i colori dell&#8217;arcobaleno sono spesso associati a emozioni positive e possono migliorare l&#8217;umore e ridurre lo stress.<\/li>\n<li><strong>Esercizio delle capacit\u00e0 motorie:<\/strong> l&#8217;atto di manipolare i semicerchi e unirli insieme pu\u00f2 aiutare a sviluppare capacit\u00e0 motorie fini e grossolane.<\/li>\n<li><strong>Sviluppo di geometria e serie:<\/strong> i modelli arcobaleno possono essere utilizzati anche per insegnare concetti di geometria, serie e dimensioni.<\/li>\n<li><strong>Insegnare la teoria dei colori di Goethe:<\/strong> gli stencil Waldorf Rainbow possono essere utilizzati anche per insegnare la teoria dei colori di Goethe, che pu\u00f2 essere uno strumento prezioso per l&#8217;educazione artistica e il design.<\/li>\n<\/ul>\n<h3><span style=\"font-size: 100%;\"><strong>Caratteristiche:<\/strong><\/span><\/h3>\n<ul>\n<li><strong>Set di 2 arcobaleni:<\/strong> gli stencil Waldorf Rainbow vengono forniti in una confezione contenente due arcobaleni.<\/li>\n<li><strong>12 semicerchi ciascuno:<\/strong> ogni arcobaleno contiene 12 semicerchi di diverse dimensioni, che possono essere uniti insieme per creare forme e motivi diversi.<\/li>\n<li><strong>Plastica trasparente:<\/strong> gli stencil sono realizzati in plastica trasparente, consentendo alla luce di attraversarli e possono essere utilizzati su tavoli o scatole luminose.<\/li>\n<li><strong>Dimensione variabile:<\/strong> I semicerchi hanno una dimensione variabile che va da 3 a 26 cm, che consente di creare motivi di diverse dimensioni e complessit\u00e0.<\/li>\n<li><strong>Materiale robusto:<\/strong> la plastica \u00e8 resistente e durevole, garantendo che le solette possano essere utilizzate a lungo.<\/li>\n<\/ul>\n<h3><strong><span style=\"font-size: 90%;\">Prezzo:<\/span><\/strong><\/h3>\n<ul>\n<li>Il prezzo dello stencil Arcobaleno Waldorf \u00e8 di \u20ac 18<\/li>\n<\/ul>\n<h3><span style=\"font-size: 90%;\"><strong>Materiali:<\/strong><\/span><\/h3>\n<ul>\n<li><strong>Plastica trasparente:<\/strong> gli stencil sono realizzati in plastica trasparente resistente e di alta qualit\u00e0.<\/li>\n<li><strong>12 semicerchi:<\/strong> ogni arcobaleno contiene 12 semicerchi di diverse dimensioni che possono essere uniti insieme per creare forme e motivi.<\/li>\n<li><strong>Colori dell&#8217;arcobaleno:<\/strong> i colori dei semicerchi corrispondono allo spettro dei colori dell&#8217;arcobaleno, rendendoli una risorsa ideale per insegnare la teoria dei colori di Goethe.<\/li>\n<\/ul>\n<h3><span style=\"font-size: 90%;\"><strong>Spedizione:<\/strong><\/span><\/h3>\n<ul>\n<li>Tempo di spedizione approssimativo per questo prodotto: da 2 a 5 giorni lavorativi (se ne hai bisogno per una data specifica, contattaci).<\/li>\n<\/ul>\n","protected":false},"excerpt":{"rendered":"<p>Lo stencil Waldorf Rainbow \u00e8 un set di 2 arcobaleni in plastica trasparente con 12 semicerchi ciascuno di dimensioni diverse. Questi modelli sono ideali per sviluppare abilit\u00e0 motorie, geometriche e in serie, nonch\u00e9 per insegnare la teoria dei colori di Goethe. I colori vivaci dell&#8217;arcobaleno possono anche fornire stimoli visivi e sensoriali che migliorano l&#8217;umore.<\/p>\n","protected":false},"featured_media":2341,"comment_status":"open","ping_status":"closed","template":"","meta":[],"product_cat":[92],"product_tag":[],"class_list":{"0":"post-3038","1":"product","2":"type-product","3":"status-publish","4":"has-post-thumbnail","6":"product_cat-materiali-montessori","8":"first","9":"instock","10":"taxable","11":"shipping-taxable","12":"purchasable","13":"product-type-simple"},"yoast_head":"<!-- This site is optimized with the Yoast SEO plugin v23.9 - https:\/\/yoast.com\/wordpress\/plugins\/seo\/ -->\n<title>Modello Waldorf arcobaleno - Nenitus<\/title>\n<meta name=\"description\" content=\"Il Waldorf Rainbow Stencil \u00e8 un set di 2 arcobaleni con 12 semicerchi ciascuno, realizzati in plastica trasparente di diverse dimensioni, che possono essere uniti tra loro per creare forme e motivi. Questo materiale \u00e8 uno strumento perfetto per sviluppare abilit\u00e0 motorie, geometriche e serie, nonch\u00e9 per insegnare la teoria dei colori di Goethe. Inoltre, i colori vivaci degli arcobaleni possono essere uno stimolo visivo e sensoriale che migliora l\u2019umore e riduce lo stress.\" \/>\n<meta name=\"robots\" content=\"index, follow, max-snippet:-1, max-image-preview:large, max-video-preview:-1\" \/>\n<link rel=\"canonical\" href=\"https:\/\/nenitus.es\/it\/modello-waldorf-arcobaleno\/\" \/>\n<meta property=\"og:locale\" content=\"it_IT\" \/>\n<meta property=\"og:type\" content=\"article\" \/>\n<meta property=\"og:title\" content=\"Modello Waldorf arcobaleno - Nenitus\" \/>\n<meta property=\"og:description\" content=\"Il Waldorf Rainbow Stencil \u00e8 un set di 2 arcobaleni con 12 semicerchi ciascuno, realizzati in plastica trasparente di diverse dimensioni, che possono essere uniti tra loro per creare forme e motivi. Questo materiale \u00e8 uno strumento perfetto per sviluppare abilit\u00e0 motorie, geometriche e serie, nonch\u00e9 per insegnare la teoria dei colori di Goethe. Inoltre, i colori vivaci degli arcobaleni possono essere uno stimolo visivo e sensoriale che migliora l\u2019umore e riduce lo stress.\" \/>\n<meta property=\"og:url\" content=\"https:\/\/nenitus.es\/it\/modello-waldorf-arcobaleno\/\" \/>\n<meta property=\"og:site_name\" content=\"Nenitus\" \/>\n<meta property=\"article:modified_time\" content=\"2024-12-02T23:02:47+00:00\" \/>\n<meta property=\"og:image\" content=\"https:\/\/nenitus.es\/wp-content\/uploads\/2023\/05\/arcoiris-waldorf-para-mesas-de-luz-e1625575314162.jpg\" \/>\n\t<meta property=\"og:image:width\" content=\"500\" \/>\n\t<meta property=\"og:image:height\" content=\"500\" \/>\n\t<meta property=\"og:image:type\" content=\"image\/jpeg\" \/>\n<meta name=\"twitter:card\" content=\"summary_large_image\" \/>\n<meta name=\"twitter:label1\" content=\"Tempo di lettura stimato\" \/>\n\t<meta name=\"twitter:data1\" content=\"2 minuti\" \/>\n<script type=\"application\/ld+json\" class=\"yoast-schema-graph\">{\"@context\":\"https:\/\/schema.org\",\"@graph\":[{\"@type\":\"WebPage\",\"@id\":\"https:\/\/nenitus.es\/it\/modello-waldorf-arcobaleno\/\",\"url\":\"https:\/\/nenitus.es\/it\/modello-waldorf-arcobaleno\/\",\"name\":\"Modello Waldorf arcobaleno - Nenitus\",\"isPartOf\":{\"@id\":\"https:\/\/nenitus.es\/it\/#website\"},\"primaryImageOfPage\":{\"@id\":\"https:\/\/nenitus.es\/it\/modello-waldorf-arcobaleno\/#primaryimage\"},\"image\":{\"@id\":\"https:\/\/nenitus.es\/it\/modello-waldorf-arcobaleno\/#primaryimage\"},\"thumbnailUrl\":\"https:\/\/nenitus.es\/wp-content\/uploads\/2023\/05\/arcoiris-waldorf-para-mesas-de-luz-e1625575314162.jpg\",\"datePublished\":\"2023-05-01T10:39:00+00:00\",\"dateModified\":\"2024-12-02T23:02:47+00:00\",\"description\":\"Il Waldorf Rainbow Stencil \u00e8 un set di 2 arcobaleni con 12 semicerchi ciascuno, realizzati in plastica trasparente di diverse dimensioni, che possono essere uniti tra loro per creare forme e motivi. Questo materiale \u00e8 uno strumento perfetto per sviluppare abilit\u00e0 motorie, geometriche e serie, nonch\u00e9 per insegnare la teoria dei colori di Goethe. Inoltre, i colori vivaci degli arcobaleni possono essere uno stimolo visivo e sensoriale che migliora l\u2019umore e riduce lo stress.\",\"breadcrumb\":{\"@id\":\"https:\/\/nenitus.es\/it\/modello-waldorf-arcobaleno\/#breadcrumb\"},\"inLanguage\":\"it-IT\",\"potentialAction\":[{\"@type\":\"ReadAction\",\"target\":[\"https:\/\/nenitus.es\/it\/modello-waldorf-arcobaleno\/\"]}]},{\"@type\":\"ImageObject\",\"inLanguage\":\"it-IT\",\"@id\":\"https:\/\/nenitus.es\/it\/modello-waldorf-arcobaleno\/#primaryimage\",\"url\":\"https:\/\/nenitus.es\/wp-content\/uploads\/2023\/05\/arcoiris-waldorf-para-mesas-de-luz-e1625575314162.jpg\",\"contentUrl\":\"https:\/\/nenitus.es\/wp-content\/uploads\/2023\/05\/arcoiris-waldorf-para-mesas-de-luz-e1625575314162.jpg\",\"width\":500,\"height\":500},{\"@type\":\"BreadcrumbList\",\"@id\":\"https:\/\/nenitus.es\/it\/modello-waldorf-arcobaleno\/#breadcrumb\",\"itemListElement\":[{\"@type\":\"ListItem\",\"position\":1,\"name\":\"Portada\",\"item\":\"https:\/\/nenitus.es\/it\/\"},{\"@type\":\"ListItem\",\"position\":2,\"name\":\"Negozio\",\"item\":\"https:\/\/nenitus.es\/it\/negozio\/\"},{\"@type\":\"ListItem\",\"position\":3,\"name\":\"Modello Waldorf arcobaleno\"}]},{\"@type\":\"WebSite\",\"@id\":\"https:\/\/nenitus.es\/it\/#website\",\"url\":\"https:\/\/nenitus.es\/it\/\",\"name\":\"Nenitus\",\"description\":\"\",\"potentialAction\":[{\"@type\":\"SearchAction\",\"target\":{\"@type\":\"EntryPoint\",\"urlTemplate\":\"https:\/\/nenitus.es\/it\/?s={search_term_string}\"},\"query-input\":{\"@type\":\"PropertyValueSpecification\",\"valueRequired\":true,\"valueName\":\"search_term_string\"}}],\"inLanguage\":\"it-IT\"}]}<\/script>\n<!-- \/ Yoast SEO plugin. -->","yoast_head_json":{"title":"Modello Waldorf arcobaleno - Nenitus","description":"Il Waldorf Rainbow Stencil \u00e8 un set di 2 arcobaleni con 12 semicerchi ciascuno, realizzati in plastica trasparente di diverse dimensioni, che possono essere uniti tra loro per creare forme e motivi. Questo materiale \u00e8 uno strumento perfetto per sviluppare abilit\u00e0 motorie, geometriche e serie, nonch\u00e9 per insegnare la teoria dei colori di Goethe. Inoltre, i colori vivaci degli arcobaleni possono essere uno stimolo visivo e sensoriale che migliora l\u2019umore e riduce lo stress.","robots":{"index":"index","follow":"follow","max-snippet":"max-snippet:-1","max-image-preview":"max-image-preview:large","max-video-preview":"max-video-preview:-1"},"canonical":"https:\/\/nenitus.es\/it\/modello-waldorf-arcobaleno\/","og_locale":"it_IT","og_type":"article","og_title":"Modello Waldorf arcobaleno - Nenitus","og_description":"Il Waldorf Rainbow Stencil \u00e8 un set di 2 arcobaleni con 12 semicerchi ciascuno, realizzati in plastica trasparente di diverse dimensioni, che possono essere uniti tra loro per creare forme e motivi. Questo materiale \u00e8 uno strumento perfetto per sviluppare abilit\u00e0 motorie, geometriche e serie, nonch\u00e9 per insegnare la teoria dei colori di Goethe. Inoltre, i colori vivaci degli arcobaleni possono essere uno stimolo visivo e sensoriale che migliora l\u2019umore e riduce lo stress.","og_url":"https:\/\/nenitus.es\/it\/modello-waldorf-arcobaleno\/","og_site_name":"Nenitus","article_modified_time":"2024-12-02T23:02:47+00:00","og_image":[{"width":500,"height":500,"url":"https:\/\/nenitus.es\/wp-content\/uploads\/2023\/05\/arcoiris-waldorf-para-mesas-de-luz-e1625575314162.jpg","type":"image\/jpeg"}],"twitter_card":"summary_large_image","twitter_misc":{"Tempo di lettura stimato":"2 minuti"},"schema":{"@context":"https:\/\/schema.org","@graph":[{"@type":"WebPage","@id":"https:\/\/nenitus.es\/it\/modello-waldorf-arcobaleno\/","url":"https:\/\/nenitus.es\/it\/modello-waldorf-arcobaleno\/","name":"Modello Waldorf arcobaleno - Nenitus","isPartOf":{"@id":"https:\/\/nenitus.es\/it\/#website"},"primaryImageOfPage":{"@id":"https:\/\/nenitus.es\/it\/modello-waldorf-arcobaleno\/#primaryimage"},"image":{"@id":"https:\/\/nenitus.es\/it\/modello-waldorf-arcobaleno\/#primaryimage"},"thumbnailUrl":"https:\/\/nenitus.es\/wp-content\/uploads\/2023\/05\/arcoiris-waldorf-para-mesas-de-luz-e1625575314162.jpg","datePublished":"2023-05-01T10:39:00+00:00","dateModified":"2024-12-02T23:02:47+00:00","description":"Il Waldorf Rainbow Stencil \u00e8 un set di 2 arcobaleni con 12 semicerchi ciascuno, realizzati in plastica trasparente di diverse dimensioni, che possono essere uniti tra loro per creare forme e motivi. Questo materiale \u00e8 uno strumento perfetto per sviluppare abilit\u00e0 motorie, geometriche e serie, nonch\u00e9 per insegnare la teoria dei colori di Goethe. Inoltre, i colori vivaci degli arcobaleni possono essere uno stimolo visivo e sensoriale che migliora l\u2019umore e riduce lo stress.","breadcrumb":{"@id":"https:\/\/nenitus.es\/it\/modello-waldorf-arcobaleno\/#breadcrumb"},"inLanguage":"it-IT","potentialAction":[{"@type":"ReadAction","target":["https:\/\/nenitus.es\/it\/modello-waldorf-arcobaleno\/"]}]},{"@type":"ImageObject","inLanguage":"it-IT","@id":"https:\/\/nenitus.es\/it\/modello-waldorf-arcobaleno\/#primaryimage","url":"https:\/\/nenitus.es\/wp-content\/uploads\/2023\/05\/arcoiris-waldorf-para-mesas-de-luz-e1625575314162.jpg","contentUrl":"https:\/\/nenitus.es\/wp-content\/uploads\/2023\/05\/arcoiris-waldorf-para-mesas-de-luz-e1625575314162.jpg","width":500,"height":500},{"@type":"BreadcrumbList","@id":"https:\/\/nenitus.es\/it\/modello-waldorf-arcobaleno\/#breadcrumb","itemListElement":[{"@type":"ListItem","position":1,"name":"Portada","item":"https:\/\/nenitus.es\/it\/"},{"@type":"ListItem","position":2,"name":"Negozio","item":"https:\/\/nenitus.es\/it\/negozio\/"},{"@type":"ListItem","position":3,"name":"Modello Waldorf arcobaleno"}]},{"@type":"WebSite","@id":"https:\/\/nenitus.es\/it\/#website","url":"https:\/\/nenitus.es\/it\/","name":"Nenitus","description":"","potentialAction":[{"@type":"SearchAction","target":{"@type":"EntryPoint","urlTemplate":"https:\/\/nenitus.es\/it\/?s={search_term_string}"},"query-input":{"@type":"PropertyValueSpecification","valueRequired":true,"valueName":"search_term_string"}}],"inLanguage":"it-IT"}]}},"jetpack_sharing_enabled":true,"_links":{"self":[{"href":"https:\/\/nenitus.es\/it\/wp-json\/wp\/v2\/product\/3038","targetHints":{"allow":["GET"]}}],"collection":[{"href":"https:\/\/nenitus.es\/it\/wp-json\/wp\/v2\/product"}],"about":[{"href":"https:\/\/nenitus.es\/it\/wp-json\/wp\/v2\/types\/product"}],"replies":[{"embeddable":true,"href":"https:\/\/nenitus.es\/it\/wp-json\/wp\/v2\/comments?post=3038"}],"wp:featuredmedia":[{"embeddable":true,"href":"https:\/\/nenitus.es\/it\/wp-json\/wp\/v2\/media\/2341"}],"wp:attachment":[{"href":"https:\/\/nenitus.es\/it\/wp-json\/wp\/v2\/media?parent=3038"}],"wp:term":[{"taxonomy":"product_cat","embeddable":true,"href":"https:\/\/nenitus.es\/it\/wp-json\/wp\/v2\/product_cat?post=3038"},{"taxonomy":"product_tag","embeddable":true,"href":"https:\/\/nenitus.es\/it\/wp-json\/wp\/v2\/product_tag?post=3038"}],"curies":[{"name":"wp","href":"https:\/\/api.w.org\/{rel}","templated":true}]}}