{"id":3039,"date":"2023-05-01T12:39:00","date_gmt":"2023-05-01T10:39:00","guid":{"rendered":"https:\/\/nenitus.es\/corso-online-pedagogia-montessori-primo-ciclo-di-educazione-della-prima-infanzia-da-0-a-3-anni\/"},"modified":"2023-11-19T12:14:23","modified_gmt":"2023-11-19T11:14:23","slug":"corso-online-pedagogia-montessori-primo-ciclo-di-educazione-della-prima-infanzia-da-0-a-3-anni","status":"publish","type":"product","link":"https:\/\/nenitus.es\/it\/corso-online-pedagogia-montessori-primo-ciclo-di-educazione-della-prima-infanzia-da-0-a-3-anni\/","title":{"rendered":"Corso online: Pedagogia Montessori (Primo ciclo di educazione della prima infanzia da 0 a 3 anni)."},"content":{"rendered":"<p>Scopri come lavorare con la pedagogia Montessori nel primo ciclo della scuola dell&#8217;infanzia:<\/p>\n<ul>\n<li>Come implementare il metodo in ciascuna delle aule del ciclo<\/li>\n<li>Come distribuire l&#8217;ambiente<\/li>\n<li>Quali proposte sono specifiche per ogni et\u00e0<\/li>\n<li>Quali sono i materiali da utilizzare.<\/li>\n<\/ul>\n<p>Un corso molto pratico per iniziare a lavorare con il metodo Montessori<\/p>\n    <div class=\"box has-hover has-hover box-default box-text-bottom\" >\n\n                  <div class=\"box-image \" style=\"width:29%;\">\n           <div class=\"box-image-inner image-cover\" style=\"border-radius:100%;padding-top:100%;\">\n                                       <\/div>\n          <\/div>\n         \n          <div class=\"box-text text-center\" >\n                <div class=\"box-text-inner\">\n                  <h4 class=\"uppercase\">\n                    <span class=\"person-name\">Mayte Gonz\u00e1lez<\/span><br\/>\n                    <span class=\"person-title is-small thin-font op-7\">\n                      Allenatore                    <\/span>\n                  <\/h4>\n\t\t\t\t\t\n<p>Insegnante specialista in educazione della prima infanzia, tecnico senior nella stessa specialit\u00e0 e Guida Montessori.<\/p>\n<p>Formato come coach educativo. Specializzato nella direzione, gestione e miglioramento dei centri educativi e della programmazione didattica, della metodologia d&#8217;aula e della realt\u00e0 educativa. Con studi su abilit\u00e0 psicomotorie, neuroscienze educative, sviluppo psicoevolutivo e intelligenze multiple.<\/p>\n<p>Specialista nella stimolazione e nello sviluppo emotivo e cognitivo del bambino.<\/p>\n                <\/div>\n          <\/div>\n    <\/div>\n\n\t\n    \n<h3 class=\"accordion_title\">Caratteristiche del corso<\/h3><div class=\"accordion\">\n\t<div id=\"accordion-1974797159\" class=\"accordion-item\">\n\t\t<a id=\"accordion-1974797159-label\" class=\"accordion-title plain\" href=\"#accordion-item-presentazione\" aria-expanded=\"false\" aria-controls=\"accordion-1974797159-content\" >\n\t\t\t<button class=\"toggle\" aria-label=\"Attiva\/Disattiva\"><i class=\"icon-angle-down\"><\/i><\/button>\n\t\t\t<span>Presentazione<\/span>\n\t\t<\/a>\n\t\t<div id=\"accordion-1974797159-content\" class=\"accordion-inner\" aria-labelledby=\"accordion-1974797159-label\" >\n\t\t\t\n<p>Durante i primi tre anni di vita di un bambino vengono gettate le basi per il suo sviluppo futuro. La Montessori chiama questo periodo \u201cembrione spirituale\u201d, durante il quale si realizza nella sfera psicologica ci\u00f2 che l&#8217;embrione aveva gi\u00e0 realizzato nella sfera fisica. Questo processo si realizza grazie alla &#8220;mente assorbente&#8221; del bambino che incorpora esperienze, relazioni, emozioni, immagini, linguaggio, cultura, attraverso i suoi sensi e per il semplice fatto di vivere.<\/p>\n<p>Queste esperienze di vita modellano il tuo cervello, formando reti neurali che hanno il potenziale di rimanere con la persona per tutta la vita.<br \/>\nIn questa fase, dalla nascita ai 3 anni, l&#8217;educazione Montessori si concentra sullo sviluppo della parola, del movimento coordinato e dell&#8217;indipendenza, che danno al bambino fiducia, gli permettono di scoprire il proprio potenziale e il suo posto all&#8217;interno di una comunit\u00e0.< \/p><\/p>\n<p>Iniziando a mettere in pratica il metodo Montessori fin dal primo ciclo dei neonati 0-3 anni si potranno rafforzare le basi per futuri apprendimenti in cui il bambino sar\u00e0 protagonista dei processi e sempre pi\u00f9 autonomo nello svolgerli <\/p>\n<p>In questo corso ci concentreremo su ciascuna delle et\u00e0 del primo ciclo di scuola dell&#8217;infanzia, come sviluppare il metodo Montessori in ciascuna di esse, quali materiali sono pi\u00f9 favorevoli, quale sar\u00e0 l&#8217;ambiente da organizzare, cos\u00ec come noi ti fornir\u00e0 le risorse per mettere in atto le proposte fin dal primo momento.<\/p>\n<p>Un corso specifico per lavorare seguendo la pedagogia Montessori nella prima infanzia.<\/p>\n\t\t<\/div>\n\t<\/div>\n\t\n\t<div id=\"accordion-310815875\" class=\"accordion-item\">\n\t\t<a id=\"accordion-310815875-label\" class=\"accordion-title plain\" href=\"#accordion-item-scopo\" aria-expanded=\"false\" aria-controls=\"accordion-310815875-content\" >\n\t\t\t<button class=\"toggle\" aria-label=\"Attiva\/Disattiva\"><i class=\"icon-angle-down\"><\/i><\/button>\n\t\t\t<span>Scopo<\/span>\n\t\t<\/a>\n\t\t<div id=\"accordion-310815875-content\" class=\"accordion-inner\" aria-labelledby=\"accordion-310815875-label\" >\n\t\t\t\n<p>&#8211; Scopri la vita e il lavoro della Dott.ssa Mar\u00eda Montessori, nonch\u00e9 le principali influenze che hanno dato origine alla pedagogia scientifica del Metodo Montessori.<\/p>\n<p>&#8211; Interiorizzare gli aspetti essenziali della filosofia Montessori e conoscere i principi didattici e le basi metodologiche su cui si sviluppa.<\/p>\n<p>&#8211; Comprendere la visione dello sviluppo del bambino dall&#8217;approccio pedagogico Montessori nonch\u00e9 i principali concetti di sviluppo (periodi sensibili, mente assorbente, tendenze umane e piani di sviluppo)<\/p>\n<p>&#8211; Conoscere e analizzare i diversi ambiti in cui si sviluppa il Metodo per inserirli nella programmazione didattica.<br \/>\nInteriorizzare l&#8217;importanza del ruolo dell&#8217;adulto e dell&#8217;ambiente preparato nei processi di insegnamento-apprendimento proposti dal Metodo Montessori.<\/p>\n<p>&#8211; Adattare le diverse risorse metodologiche in cui viene sviluppato il Metodo Montessori alla realt\u00e0 dell&#8217;attuale situazione scolastica e educativa.<\/p>\n<p>&#8211; Conoscere attivit\u00e0 in cui vengono valorizzati i processi di insegnamento-apprendimento legati alla proposta filosofica ed educativa offerta dal Metodo.<\/p>\n<p>&#8211; Comprendere l&#8217;importanza della valutazione diretta, sistematica e qualitativa e conoscere i diversi processi per eseguirla.<\/p>\n\t\t<\/div>\n\t<\/div>\n\t\n\t<div id=\"accordion-3017518130\" class=\"accordion-item\">\n\t\t<a id=\"accordion-3017518130-label\" class=\"accordion-title plain\" href=\"#accordion-item-metodologia\" aria-expanded=\"false\" aria-controls=\"accordion-3017518130-content\" >\n\t\t\t<button class=\"toggle\" aria-label=\"Attiva\/Disattiva\"><i class=\"icon-angle-down\"><\/i><\/button>\n\t\t\t<span>Metodologia<\/span>\n\t\t<\/a>\n\t\t<div id=\"accordion-3017518130-content\" class=\"accordion-inner\" aria-labelledby=\"accordion-3017518130-label\" >\n\t\t\t\n<p>L&#8217;approccio metodologico consiste nello svolgere la formazione attraverso il nostro Campus Virtuale, con un approccio eminentemente teorico-pratico. In questo Campus verranno caricati i materiali del programma per il monitoraggio, nonch\u00e9 risorse complementari, script per lo svolgimento delle esercitazioni teorico-pratiche di ciascun modulo, collegamenti web di interesse, bibliografia consigliata o questionari di autovalutazione per gli studenti. Tutto questo verr\u00e0 raccolto e presentato nello spazio dell&#8217;aula virtuale.<\/p>\n<p><b>Questa metodologia si basa sull&#8217;apprendimento dinamico e teorico-pratico:<\/b><\/p>\n<p>&#8211; Tutoraggio personalizzato.<\/p>\n<p>&#8211; Contenuti costantemente aggiornati.<\/p>\n<p>&#8211; Insegnamento pratico e teorico finalizzato alla risoluzione di problemi e dubbi attraverso il Campus Virtuale e la posta elettronica.<\/p>\n<p>&#8211; E tecnologie per l&#8217;e-learning all&#8217;avanguardia.<\/p>\n\t\t<\/div>\n\t<\/div>\n\t\n\t<div id=\"accordion-2363992813\" class=\"accordion-item\">\n\t\t<a id=\"accordion-2363992813-label\" class=\"accordion-title plain\" href=\"#accordion-item-temi\" aria-expanded=\"false\" aria-controls=\"accordion-2363992813-content\" >\n\t\t\t<button class=\"toggle\" aria-label=\"Attiva\/Disattiva\"><i class=\"icon-angle-down\"><\/i><\/button>\n\t\t\t<span>Temi<\/span>\n\t\t<\/a>\n\t\t<div id=\"accordion-2363992813-content\" class=\"accordion-inner\" aria-labelledby=\"accordion-2363992813-label\" >\n\t\t\t\n<p><b>Parte teorica:<\/b><br \/>\n&#8211; Modulo 1: Filosofia Montessori.<br \/>\n&#8211; Modulo 2: Applicazione del metodo Montessori nel primo ciclo dell&#8217;educazione della prima infanzia.<br \/>\n&#8211; Modulo 3: Caratteristiche e bisogni dello sviluppo del bambino da 0 a 3 anni.<\/p>\n<p><b>Parte pratica:<\/b><br \/>\n&#8211; Modulo 4: Primo livello (classe 0-1 anno).<br \/>\nPreparazione per l&#8217;esercizio.<br \/>\nTipi di esercizi.<br \/>\nVideo sui materiali.<\/p>\n<p>&#8211; Modulo 5: Secondo livello (aula di 1-2 anni).<br \/>\nPreparazione per l&#8217;esercizio.<br \/>\nTipi di esercizi.<br \/>\nVideo sui materiali.<\/p>\n<p>&#8211; Modulo 6: Terzo livello (aula 2-3 anni).<br \/>\nPreparazione per l&#8217;esercizio.<br \/>\nTipi di esercizi.<br \/>\nVideo sui materiali.<\/p>\n<p>&#8211; Modulo 7:<br \/>\nOsservazione in classe.<br \/>\nRaccolta e analisi delle informazioni.<\/p>\n\t\t<\/div>\n\t<\/div>\n\t\n\t<div id=\"accordion-2490642153\" class=\"accordion-item\">\n\t\t<a id=\"accordion-2490642153-label\" class=\"accordion-title plain\" href=\"#accordion-item-calendari_e_prezzi\" aria-expanded=\"false\" aria-controls=\"accordion-2490642153-content\" >\n\t\t\t<button class=\"toggle\" aria-label=\"Attiva\/Disattiva\"><i class=\"icon-angle-down\"><\/i><\/button>\n\t\t\t<span>Calendari e prezzi<\/span>\n\t\t<\/a>\n\t\t<div id=\"accordion-2490642153-content\" class=\"accordion-inner\" aria-labelledby=\"accordion-2490642153-label\" >\n\t\t\t\n<p><b>PREZZO:<\/b><\/p>\n<p>&#8211; 80 euro con certificato d&#8217;uso.<br \/>\n&#8211; 90 euro con certificato certificato con il numero di ore.<\/p>\n<p>ORE: 180 ore.<\/p>\n<p>DATA DI INIZIO: 15 marzo.<\/p>\n<p>DURATA: 9 settimane.<\/p>\n<p>POSTI LIMITATI.<\/p>\n\t\t<\/div>\n\t<\/div>\n\t\n<\/div>\n","protected":false},"excerpt":{"rendered":"<p>Scopri come lavorare con la pedagogia Montessori nel primo ciclo della scuola dell&#8217;infanzia:<\/p>\n<ul>\n<li>Come implementare il metodo in ciascuna delle aule del ciclo<\/li>\n<li>Come distribuire l&#8217;ambiente<\/li>\n<li>Quali proposte sono specifiche per ogni et\u00e0<\/li>\n<li>Quali sono i materiali da utilizzare.<\/li>\n<\/ul>\n<p>Un corso molto pratico per iniziare a lavorare con il metodo Montessori<\/p>\n","protected":false},"featured_media":2345,"comment_status":"open","ping_status":"closed","template":"","meta":[],"product_cat":[116],"product_tag":[],"class_list":{"0":"post-3039","1":"product","2":"type-product","3":"status-publish","4":"has-post-thumbnail","6":"product_cat-corsi","8":"first","9":"outofstock","10":"taxable","11":"shipping-taxable","12":"purchasable","13":"product-type-variable"},"yoast_head":"<!-- This site is optimized with the Yoast SEO plugin v23.9 - https:\/\/yoast.com\/wordpress\/plugins\/seo\/ -->\n<title>Pedagogia Montessori (Primo ciclo di educazione della prima infanzia da 0 a 3 anni).<\/title>\n<meta name=\"description\" content=\"Scopri come implementare il metodo Montessori in ogni classe del ciclo, come distribuire l&#039;ambiente, quali proposte sono specifiche per ogni et\u00e0.\" \/>\n<meta name=\"robots\" content=\"index, follow, max-snippet:-1, max-image-preview:large, max-video-preview:-1\" \/>\n<link rel=\"canonical\" href=\"https:\/\/nenitus.es\/it\/corso-online-pedagogia-montessori-primo-ciclo-di-educazione-della-prima-infanzia-da-0-a-3-anni\/\" \/>\n<meta property=\"og:locale\" content=\"it_IT\" \/>\n<meta property=\"og:type\" content=\"article\" \/>\n<meta property=\"og:title\" content=\"Pedagogia Montessori (Primo ciclo di educazione della prima infanzia da 0 a 3 anni).\" \/>\n<meta property=\"og:description\" content=\"Scopri come implementare il metodo Montessori in ogni classe del ciclo, come distribuire l&#039;ambiente, quali proposte sono specifiche per ogni et\u00e0.\" \/>\n<meta property=\"og:url\" content=\"https:\/\/nenitus.es\/it\/corso-online-pedagogia-montessori-primo-ciclo-di-educazione-della-prima-infanzia-da-0-a-3-anni\/\" \/>\n<meta property=\"og:site_name\" content=\"Nenitus\" \/>\n<meta property=\"article:modified_time\" content=\"2023-11-19T11:14:23+00:00\" \/>\n<meta property=\"og:image\" content=\"https:\/\/nenitus.es\/wp-content\/uploads\/2023\/05\/Pedagogia-Montessori.jpg\" \/>\n\t<meta property=\"og:image:width\" content=\"600\" \/>\n\t<meta property=\"og:image:height\" content=\"450\" \/>\n\t<meta property=\"og:image:type\" content=\"image\/jpeg\" \/>\n<meta name=\"twitter:card\" content=\"summary_large_image\" \/>\n<meta name=\"twitter:label1\" content=\"Tempo di lettura stimato\" \/>\n\t<meta name=\"twitter:data1\" content=\"4 minuti\" \/>\n<script type=\"application\/ld+json\" class=\"yoast-schema-graph\">{\"@context\":\"https:\/\/schema.org\",\"@graph\":[{\"@type\":\"WebPage\",\"@id\":\"https:\/\/nenitus.es\/it\/corso-online-pedagogia-montessori-primo-ciclo-di-educazione-della-prima-infanzia-da-0-a-3-anni\/\",\"url\":\"https:\/\/nenitus.es\/it\/corso-online-pedagogia-montessori-primo-ciclo-di-educazione-della-prima-infanzia-da-0-a-3-anni\/\",\"name\":\"Pedagogia Montessori (Primo ciclo di educazione della prima infanzia da 0 a 3 anni).\",\"isPartOf\":{\"@id\":\"https:\/\/nenitus.es\/it\/#website\"},\"primaryImageOfPage\":{\"@id\":\"https:\/\/nenitus.es\/it\/corso-online-pedagogia-montessori-primo-ciclo-di-educazione-della-prima-infanzia-da-0-a-3-anni\/#primaryimage\"},\"image\":{\"@id\":\"https:\/\/nenitus.es\/it\/corso-online-pedagogia-montessori-primo-ciclo-di-educazione-della-prima-infanzia-da-0-a-3-anni\/#primaryimage\"},\"thumbnailUrl\":\"https:\/\/nenitus.es\/wp-content\/uploads\/2023\/05\/Pedagogia-Montessori.jpg\",\"datePublished\":\"2023-05-01T10:39:00+00:00\",\"dateModified\":\"2023-11-19T11:14:23+00:00\",\"description\":\"Scopri come implementare il metodo Montessori in ogni classe del ciclo, come distribuire l'ambiente, quali proposte sono specifiche per ogni et\u00e0.\",\"breadcrumb\":{\"@id\":\"https:\/\/nenitus.es\/it\/corso-online-pedagogia-montessori-primo-ciclo-di-educazione-della-prima-infanzia-da-0-a-3-anni\/#breadcrumb\"},\"inLanguage\":\"it-IT\",\"potentialAction\":[{\"@type\":\"ReadAction\",\"target\":[\"https:\/\/nenitus.es\/it\/corso-online-pedagogia-montessori-primo-ciclo-di-educazione-della-prima-infanzia-da-0-a-3-anni\/\"]}]},{\"@type\":\"ImageObject\",\"inLanguage\":\"it-IT\",\"@id\":\"https:\/\/nenitus.es\/it\/corso-online-pedagogia-montessori-primo-ciclo-di-educazione-della-prima-infanzia-da-0-a-3-anni\/#primaryimage\",\"url\":\"https:\/\/nenitus.es\/wp-content\/uploads\/2023\/05\/Pedagogia-Montessori.jpg\",\"contentUrl\":\"https:\/\/nenitus.es\/wp-content\/uploads\/2023\/05\/Pedagogia-Montessori.jpg\",\"width\":600,\"height\":450},{\"@type\":\"BreadcrumbList\",\"@id\":\"https:\/\/nenitus.es\/it\/corso-online-pedagogia-montessori-primo-ciclo-di-educazione-della-prima-infanzia-da-0-a-3-anni\/#breadcrumb\",\"itemListElement\":[{\"@type\":\"ListItem\",\"position\":1,\"name\":\"Portada\",\"item\":\"https:\/\/nenitus.es\/it\/\"},{\"@type\":\"ListItem\",\"position\":2,\"name\":\"Negozio\",\"item\":\"https:\/\/nenitus.es\/it\/negozio\/\"},{\"@type\":\"ListItem\",\"position\":3,\"name\":\"Corso online: Pedagogia Montessori (Primo ciclo di educazione della prima infanzia da 0 a 3 anni).\"}]},{\"@type\":\"WebSite\",\"@id\":\"https:\/\/nenitus.es\/it\/#website\",\"url\":\"https:\/\/nenitus.es\/it\/\",\"name\":\"Nenitus\",\"description\":\"\",\"potentialAction\":[{\"@type\":\"SearchAction\",\"target\":{\"@type\":\"EntryPoint\",\"urlTemplate\":\"https:\/\/nenitus.es\/it\/?s={search_term_string}\"},\"query-input\":{\"@type\":\"PropertyValueSpecification\",\"valueRequired\":true,\"valueName\":\"search_term_string\"}}],\"inLanguage\":\"it-IT\"}]}<\/script>\n<!-- \/ Yoast SEO plugin. -->","yoast_head_json":{"title":"Pedagogia Montessori (Primo ciclo di educazione della prima infanzia da 0 a 3 anni).","description":"Scopri come implementare il metodo Montessori in ogni classe del ciclo, come distribuire l'ambiente, quali proposte sono specifiche per ogni et\u00e0.","robots":{"index":"index","follow":"follow","max-snippet":"max-snippet:-1","max-image-preview":"max-image-preview:large","max-video-preview":"max-video-preview:-1"},"canonical":"https:\/\/nenitus.es\/it\/corso-online-pedagogia-montessori-primo-ciclo-di-educazione-della-prima-infanzia-da-0-a-3-anni\/","og_locale":"it_IT","og_type":"article","og_title":"Pedagogia Montessori (Primo ciclo di educazione della prima infanzia da 0 a 3 anni).","og_description":"Scopri come implementare il metodo Montessori in ogni classe del ciclo, come distribuire l'ambiente, quali proposte sono specifiche per ogni et\u00e0.","og_url":"https:\/\/nenitus.es\/it\/corso-online-pedagogia-montessori-primo-ciclo-di-educazione-della-prima-infanzia-da-0-a-3-anni\/","og_site_name":"Nenitus","article_modified_time":"2023-11-19T11:14:23+00:00","og_image":[{"width":600,"height":450,"url":"https:\/\/nenitus.es\/wp-content\/uploads\/2023\/05\/Pedagogia-Montessori.jpg","type":"image\/jpeg"}],"twitter_card":"summary_large_image","twitter_misc":{"Tempo di lettura stimato":"4 minuti"},"schema":{"@context":"https:\/\/schema.org","@graph":[{"@type":"WebPage","@id":"https:\/\/nenitus.es\/it\/corso-online-pedagogia-montessori-primo-ciclo-di-educazione-della-prima-infanzia-da-0-a-3-anni\/","url":"https:\/\/nenitus.es\/it\/corso-online-pedagogia-montessori-primo-ciclo-di-educazione-della-prima-infanzia-da-0-a-3-anni\/","name":"Pedagogia Montessori (Primo ciclo di educazione della prima infanzia da 0 a 3 anni).","isPartOf":{"@id":"https:\/\/nenitus.es\/it\/#website"},"primaryImageOfPage":{"@id":"https:\/\/nenitus.es\/it\/corso-online-pedagogia-montessori-primo-ciclo-di-educazione-della-prima-infanzia-da-0-a-3-anni\/#primaryimage"},"image":{"@id":"https:\/\/nenitus.es\/it\/corso-online-pedagogia-montessori-primo-ciclo-di-educazione-della-prima-infanzia-da-0-a-3-anni\/#primaryimage"},"thumbnailUrl":"https:\/\/nenitus.es\/wp-content\/uploads\/2023\/05\/Pedagogia-Montessori.jpg","datePublished":"2023-05-01T10:39:00+00:00","dateModified":"2023-11-19T11:14:23+00:00","description":"Scopri come implementare il metodo Montessori in ogni classe del ciclo, come distribuire l'ambiente, quali proposte sono specifiche per ogni et\u00e0.","breadcrumb":{"@id":"https:\/\/nenitus.es\/it\/corso-online-pedagogia-montessori-primo-ciclo-di-educazione-della-prima-infanzia-da-0-a-3-anni\/#breadcrumb"},"inLanguage":"it-IT","potentialAction":[{"@type":"ReadAction","target":["https:\/\/nenitus.es\/it\/corso-online-pedagogia-montessori-primo-ciclo-di-educazione-della-prima-infanzia-da-0-a-3-anni\/"]}]},{"@type":"ImageObject","inLanguage":"it-IT","@id":"https:\/\/nenitus.es\/it\/corso-online-pedagogia-montessori-primo-ciclo-di-educazione-della-prima-infanzia-da-0-a-3-anni\/#primaryimage","url":"https:\/\/nenitus.es\/wp-content\/uploads\/2023\/05\/Pedagogia-Montessori.jpg","contentUrl":"https:\/\/nenitus.es\/wp-content\/uploads\/2023\/05\/Pedagogia-Montessori.jpg","width":600,"height":450},{"@type":"BreadcrumbList","@id":"https:\/\/nenitus.es\/it\/corso-online-pedagogia-montessori-primo-ciclo-di-educazione-della-prima-infanzia-da-0-a-3-anni\/#breadcrumb","itemListElement":[{"@type":"ListItem","position":1,"name":"Portada","item":"https:\/\/nenitus.es\/it\/"},{"@type":"ListItem","position":2,"name":"Negozio","item":"https:\/\/nenitus.es\/it\/negozio\/"},{"@type":"ListItem","position":3,"name":"Corso online: Pedagogia Montessori (Primo ciclo di educazione della prima infanzia da 0 a 3 anni)."}]},{"@type":"WebSite","@id":"https:\/\/nenitus.es\/it\/#website","url":"https:\/\/nenitus.es\/it\/","name":"Nenitus","description":"","potentialAction":[{"@type":"SearchAction","target":{"@type":"EntryPoint","urlTemplate":"https:\/\/nenitus.es\/it\/?s={search_term_string}"},"query-input":{"@type":"PropertyValueSpecification","valueRequired":true,"valueName":"search_term_string"}}],"inLanguage":"it-IT"}]}},"jetpack_sharing_enabled":true,"_links":{"self":[{"href":"https:\/\/nenitus.es\/it\/wp-json\/wp\/v2\/product\/3039","targetHints":{"allow":["GET"]}}],"collection":[{"href":"https:\/\/nenitus.es\/it\/wp-json\/wp\/v2\/product"}],"about":[{"href":"https:\/\/nenitus.es\/it\/wp-json\/wp\/v2\/types\/product"}],"replies":[{"embeddable":true,"href":"https:\/\/nenitus.es\/it\/wp-json\/wp\/v2\/comments?post=3039"}],"wp:featuredmedia":[{"embeddable":true,"href":"https:\/\/nenitus.es\/it\/wp-json\/wp\/v2\/media\/2345"}],"wp:attachment":[{"href":"https:\/\/nenitus.es\/it\/wp-json\/wp\/v2\/media?parent=3039"}],"wp:term":[{"taxonomy":"product_cat","embeddable":true,"href":"https:\/\/nenitus.es\/it\/wp-json\/wp\/v2\/product_cat?post=3039"},{"taxonomy":"product_tag","embeddable":true,"href":"https:\/\/nenitus.es\/it\/wp-json\/wp\/v2\/product_tag?post=3039"}],"curies":[{"name":"wp","href":"https:\/\/api.w.org\/{rel}","templated":true}]}}