{"id":3044,"date":"2023-05-01T12:38:59","date_gmt":"2023-05-01T10:38:59","guid":{"rendered":"https:\/\/nenitus.es\/set-bottoni-e-lacci\/"},"modified":"2023-05-01T12:38:59","modified_gmt":"2023-05-01T10:38:59","slug":"set-bottoni-e-lacci","status":"publish","type":"product","link":"https:\/\/nenitus.es\/it\/set-bottoni-e-lacci\/","title":{"rendered":"Set bottoni e lacci"},"content":{"rendered":"<h1><span style=\"color: #333333;\"><strong><span style=\"font-size: 100%;\">Set bottoni e lacci &#8211; Giocattolo educativo per ordinare e contare<\/span><\/ strong ><\/span><\/h1>\n<p><span style=\"color: #333333;\">Questo set di bottoni e lacci \u00e8 uno strumento educativo essenziale e prezioso per imparare a ordinare, contare, classificare e riconoscere i colori e le forme geometriche attraverso il gioco. Include 48 pulsanti, 4 cordini e 10 carte attivit\u00e0 per sviluppare abilit\u00e0 matematiche di base e abilit\u00e0 motorie.<\/span><\/p>\n<h3><span style=\"color: #333333;\"><strong><span style=\"font-size: 90%;\">Vantaggi:<\/span><\/strong><\/span><\/h3>\n<ul>\n<li><span style=\"color: #333333;\">Sviluppa le abilit\u00e0 della prima infanzia in matematica di base e capacit\u00e0 motorie.<\/span><\/li>\n<li><span style=\"color: #333333;\">Incoraggia la curiosit\u00e0 e l&#8217;apprendimento attraverso il gioco.<\/span><\/li>\n<li><span style=\"color: #333333;\">Fornisce uno strumento educativo per genitori ed educatori.<\/span><\/li>\n<li><span style=\"color: #333333;\">Promuove il riconoscimento di colori, forme e motivi.<\/span><\/li>\n<li><span style=\"color: #333333;\">Stimola la percezione visiva e tattile.<\/span><\/li>\n<li><span style=\"color: #333333;\">Aiuta a sviluppare la coordinazione occhio-mano.<\/span><\/li>\n<\/ul>\n<h3><span style=\"color: #333333;\"><strong><span style=\"font-size: 90%;\">Caratteristiche:<\/span><\/strong><\/span><\/h3>\n<ul>\n<li><span style=\"color: #333333;\">Il Set Bottoni e Lacci \u00e8 uno strumento educativo ideale per imparare a ordinare, contare, classificare e riconoscere i colori e le forme geometriche attraverso il gioco.<\/span>< \/li >\n<li><span style=\"color: #333333;\">Misure: 20 cm x 20 cm x 5 cm.<\/span><\/li>\n<li><span style=\"color: #333333;\">Et\u00e0: adatto a partire da 3 anni.<\/span><\/li>\n<li><span style=\"color: #333333;\">Include 48 pulsanti in colori e forme assortiti, 4 corde per infilare e 10 carte attivit\u00e0 per sviluppare abilit\u00e0 matematiche di base e capacit\u00e0 motorie.<\/span><\/ li >\n<li><span style=\"color: #333333;\">\u00c8 uno strumento educativo essenziale e prezioso per tutti gli asili nido, gli asili nido e le attivit\u00e0 domestiche.<\/span><\/li>\n<\/ul>\n<h3><span style=\"color: #333333;\"><strong><span style=\"font-size: 90%;\">Prezzo:<\/span><\/strong><\/span><\/h3>\n<ul>\n<li><span style=\"color: #333333;\">Il prezzo del set di bottoni e lacci \u00e8 di \u20ac 17.<\/span><\/li>\n<\/ul>\n<h3><span style=\"color: #333333;\"><strong><span style=\"font-size: 90%;\">Materiali:<\/span><\/strong><\/span><\/h3>\n<ul>\n<li><span style=\"color: #333333;\"><strong>Pulsanti:<\/strong> realizzati in plastica resistente e durevole.<\/span><\/li>\n<li><span style=\"color: #333333;\"><strong>Lacci:<\/strong> realizzati con materiale sintetico resistente e durevole.<\/span><\/li>\n<li><span style=\"color: #333333;\"><strong>Carte attivit\u00e0:<\/strong> stampate su cartoncino spesso e robusto.<\/span><\/li>\n<\/ul>\n<h3><span style=\"color: #333333;\"><strong><span style=\"font-size: 90%;\">Spedizione:<\/span><\/strong><\/span><\/h3>\n<ul>\n<li><span style=\"color: #333333;\">Tempo di spedizione approssimativo per questo prodotto: da 2 a 5 giorni lavorativi (se ne hai bisogno per una data specifica, contattaci).<\/span><\/li>\n<\/ul>\n","protected":false},"excerpt":{"rendered":"<p>Aiuta il tuo bambino a sviluppare la matematica e le capacit\u00e0 motorie complesse divertendosi con questo set di 48 pulsanti, 4 cordini e 10 carte attivit\u00e0. Ideale per asili nido, asili nido e attivit\u00e0 domestiche.<\/p>\n","protected":false},"featured_media":2327,"comment_status":"open","ping_status":"closed","template":"","meta":[],"product_cat":[92,168],"product_tag":[],"class_list":{"0":"post-3044","1":"product","2":"type-product","3":"status-publish","4":"has-post-thumbnail","6":"product_cat-materiali-montessori","7":"product_cat-nuovo","9":"first","10":"instock","11":"sale","12":"taxable","13":"shipping-taxable","14":"purchasable","15":"product-type-simple"},"yoast_head":"<!-- This site is optimized with the Yoast SEO plugin v23.9 - https:\/\/yoast.com\/wordpress\/plugins\/seo\/ -->\n<title>Set bottoni e lacci - Nenitus<\/title>\n<meta name=\"description\" content=\"Sviluppa le abilit\u00e0 del tuo piccolo con questo divertente set di bottoni e lacci. Con 48 bottoni, 4 cordini e 10 carte attivit\u00e0, questo set \u00e8 uno strumento educativo essenziale e prezioso per tutti gli asili nido, gli asili nido e le attivit\u00e0 domestiche. Aiuta i tuoi bambini a imparare a ordinare, contare, modellare, ordinare, riconoscere i colori e le forme geometriche attraverso il gioco, sviluppando allo stesso tempo abilit\u00e0 matematiche di base e capacit\u00e0 motorie.\" \/>\n<meta name=\"robots\" content=\"index, follow, max-snippet:-1, max-image-preview:large, max-video-preview:-1\" \/>\n<link rel=\"canonical\" href=\"https:\/\/nenitus.es\/it\/set-bottoni-e-lacci\/\" \/>\n<meta property=\"og:locale\" content=\"it_IT\" \/>\n<meta property=\"og:type\" content=\"article\" \/>\n<meta property=\"og:title\" content=\"Set bottoni e lacci - Nenitus\" \/>\n<meta property=\"og:description\" content=\"Sviluppa le abilit\u00e0 del tuo piccolo con questo divertente set di bottoni e lacci. Con 48 bottoni, 4 cordini e 10 carte attivit\u00e0, questo set \u00e8 uno strumento educativo essenziale e prezioso per tutti gli asili nido, gli asili nido e le attivit\u00e0 domestiche. Aiuta i tuoi bambini a imparare a ordinare, contare, modellare, ordinare, riconoscere i colori e le forme geometriche attraverso il gioco, sviluppando allo stesso tempo abilit\u00e0 matematiche di base e capacit\u00e0 motorie.\" \/>\n<meta property=\"og:url\" content=\"https:\/\/nenitus.es\/it\/set-bottoni-e-lacci\/\" \/>\n<meta property=\"og:site_name\" content=\"Nenitus\" \/>\n<meta property=\"og:image\" content=\"https:\/\/nenitus.es\/wp-content\/uploads\/2023\/05\/botones-y-cordones-e1625574875573.jpg\" \/>\n\t<meta property=\"og:image:width\" content=\"500\" \/>\n\t<meta property=\"og:image:height\" content=\"500\" \/>\n\t<meta property=\"og:image:type\" content=\"image\/jpeg\" \/>\n<meta name=\"twitter:card\" content=\"summary_large_image\" \/>\n<meta name=\"twitter:label1\" content=\"Tempo di lettura stimato\" \/>\n\t<meta name=\"twitter:data1\" content=\"1 minuto\" \/>\n<script type=\"application\/ld+json\" class=\"yoast-schema-graph\">{\"@context\":\"https:\/\/schema.org\",\"@graph\":[{\"@type\":\"WebPage\",\"@id\":\"https:\/\/nenitus.es\/it\/set-bottoni-e-lacci\/\",\"url\":\"https:\/\/nenitus.es\/it\/set-bottoni-e-lacci\/\",\"name\":\"Set bottoni e lacci - Nenitus\",\"isPartOf\":{\"@id\":\"https:\/\/nenitus.es\/it\/#website\"},\"primaryImageOfPage\":{\"@id\":\"https:\/\/nenitus.es\/it\/set-bottoni-e-lacci\/#primaryimage\"},\"image\":{\"@id\":\"https:\/\/nenitus.es\/it\/set-bottoni-e-lacci\/#primaryimage\"},\"thumbnailUrl\":\"https:\/\/nenitus.es\/wp-content\/uploads\/2023\/05\/botones-y-cordones-e1625574875573.jpg\",\"datePublished\":\"2023-05-01T10:38:59+00:00\",\"dateModified\":\"2023-05-01T10:38:59+00:00\",\"description\":\"Sviluppa le abilit\u00e0 del tuo piccolo con questo divertente set di bottoni e lacci. Con 48 bottoni, 4 cordini e 10 carte attivit\u00e0, questo set \u00e8 uno strumento educativo essenziale e prezioso per tutti gli asili nido, gli asili nido e le attivit\u00e0 domestiche. Aiuta i tuoi bambini a imparare a ordinare, contare, modellare, ordinare, riconoscere i colori e le forme geometriche attraverso il gioco, sviluppando allo stesso tempo abilit\u00e0 matematiche di base e capacit\u00e0 motorie.\",\"breadcrumb\":{\"@id\":\"https:\/\/nenitus.es\/it\/set-bottoni-e-lacci\/#breadcrumb\"},\"inLanguage\":\"it-IT\",\"potentialAction\":[{\"@type\":\"ReadAction\",\"target\":[\"https:\/\/nenitus.es\/it\/set-bottoni-e-lacci\/\"]}]},{\"@type\":\"ImageObject\",\"inLanguage\":\"it-IT\",\"@id\":\"https:\/\/nenitus.es\/it\/set-bottoni-e-lacci\/#primaryimage\",\"url\":\"https:\/\/nenitus.es\/wp-content\/uploads\/2023\/05\/botones-y-cordones-e1625574875573.jpg\",\"contentUrl\":\"https:\/\/nenitus.es\/wp-content\/uploads\/2023\/05\/botones-y-cordones-e1625574875573.jpg\",\"width\":500,\"height\":500},{\"@type\":\"BreadcrumbList\",\"@id\":\"https:\/\/nenitus.es\/it\/set-bottoni-e-lacci\/#breadcrumb\",\"itemListElement\":[{\"@type\":\"ListItem\",\"position\":1,\"name\":\"Portada\",\"item\":\"https:\/\/nenitus.es\/it\/\"},{\"@type\":\"ListItem\",\"position\":2,\"name\":\"Negozio\",\"item\":\"https:\/\/nenitus.es\/it\/negozio\/\"},{\"@type\":\"ListItem\",\"position\":3,\"name\":\"Set bottoni e lacci\"}]},{\"@type\":\"WebSite\",\"@id\":\"https:\/\/nenitus.es\/it\/#website\",\"url\":\"https:\/\/nenitus.es\/it\/\",\"name\":\"Nenitus\",\"description\":\"\",\"potentialAction\":[{\"@type\":\"SearchAction\",\"target\":{\"@type\":\"EntryPoint\",\"urlTemplate\":\"https:\/\/nenitus.es\/it\/?s={search_term_string}\"},\"query-input\":{\"@type\":\"PropertyValueSpecification\",\"valueRequired\":true,\"valueName\":\"search_term_string\"}}],\"inLanguage\":\"it-IT\"}]}<\/script>\n<!-- \/ Yoast SEO plugin. -->","yoast_head_json":{"title":"Set bottoni e lacci - Nenitus","description":"Sviluppa le abilit\u00e0 del tuo piccolo con questo divertente set di bottoni e lacci. Con 48 bottoni, 4 cordini e 10 carte attivit\u00e0, questo set \u00e8 uno strumento educativo essenziale e prezioso per tutti gli asili nido, gli asili nido e le attivit\u00e0 domestiche. Aiuta i tuoi bambini a imparare a ordinare, contare, modellare, ordinare, riconoscere i colori e le forme geometriche attraverso il gioco, sviluppando allo stesso tempo abilit\u00e0 matematiche di base e capacit\u00e0 motorie.","robots":{"index":"index","follow":"follow","max-snippet":"max-snippet:-1","max-image-preview":"max-image-preview:large","max-video-preview":"max-video-preview:-1"},"canonical":"https:\/\/nenitus.es\/it\/set-bottoni-e-lacci\/","og_locale":"it_IT","og_type":"article","og_title":"Set bottoni e lacci - Nenitus","og_description":"Sviluppa le abilit\u00e0 del tuo piccolo con questo divertente set di bottoni e lacci. Con 48 bottoni, 4 cordini e 10 carte attivit\u00e0, questo set \u00e8 uno strumento educativo essenziale e prezioso per tutti gli asili nido, gli asili nido e le attivit\u00e0 domestiche. Aiuta i tuoi bambini a imparare a ordinare, contare, modellare, ordinare, riconoscere i colori e le forme geometriche attraverso il gioco, sviluppando allo stesso tempo abilit\u00e0 matematiche di base e capacit\u00e0 motorie.","og_url":"https:\/\/nenitus.es\/it\/set-bottoni-e-lacci\/","og_site_name":"Nenitus","og_image":[{"width":500,"height":500,"url":"https:\/\/nenitus.es\/wp-content\/uploads\/2023\/05\/botones-y-cordones-e1625574875573.jpg","type":"image\/jpeg"}],"twitter_card":"summary_large_image","twitter_misc":{"Tempo di lettura stimato":"1 minuto"},"schema":{"@context":"https:\/\/schema.org","@graph":[{"@type":"WebPage","@id":"https:\/\/nenitus.es\/it\/set-bottoni-e-lacci\/","url":"https:\/\/nenitus.es\/it\/set-bottoni-e-lacci\/","name":"Set bottoni e lacci - Nenitus","isPartOf":{"@id":"https:\/\/nenitus.es\/it\/#website"},"primaryImageOfPage":{"@id":"https:\/\/nenitus.es\/it\/set-bottoni-e-lacci\/#primaryimage"},"image":{"@id":"https:\/\/nenitus.es\/it\/set-bottoni-e-lacci\/#primaryimage"},"thumbnailUrl":"https:\/\/nenitus.es\/wp-content\/uploads\/2023\/05\/botones-y-cordones-e1625574875573.jpg","datePublished":"2023-05-01T10:38:59+00:00","dateModified":"2023-05-01T10:38:59+00:00","description":"Sviluppa le abilit\u00e0 del tuo piccolo con questo divertente set di bottoni e lacci. Con 48 bottoni, 4 cordini e 10 carte attivit\u00e0, questo set \u00e8 uno strumento educativo essenziale e prezioso per tutti gli asili nido, gli asili nido e le attivit\u00e0 domestiche. Aiuta i tuoi bambini a imparare a ordinare, contare, modellare, ordinare, riconoscere i colori e le forme geometriche attraverso il gioco, sviluppando allo stesso tempo abilit\u00e0 matematiche di base e capacit\u00e0 motorie.","breadcrumb":{"@id":"https:\/\/nenitus.es\/it\/set-bottoni-e-lacci\/#breadcrumb"},"inLanguage":"it-IT","potentialAction":[{"@type":"ReadAction","target":["https:\/\/nenitus.es\/it\/set-bottoni-e-lacci\/"]}]},{"@type":"ImageObject","inLanguage":"it-IT","@id":"https:\/\/nenitus.es\/it\/set-bottoni-e-lacci\/#primaryimage","url":"https:\/\/nenitus.es\/wp-content\/uploads\/2023\/05\/botones-y-cordones-e1625574875573.jpg","contentUrl":"https:\/\/nenitus.es\/wp-content\/uploads\/2023\/05\/botones-y-cordones-e1625574875573.jpg","width":500,"height":500},{"@type":"BreadcrumbList","@id":"https:\/\/nenitus.es\/it\/set-bottoni-e-lacci\/#breadcrumb","itemListElement":[{"@type":"ListItem","position":1,"name":"Portada","item":"https:\/\/nenitus.es\/it\/"},{"@type":"ListItem","position":2,"name":"Negozio","item":"https:\/\/nenitus.es\/it\/negozio\/"},{"@type":"ListItem","position":3,"name":"Set bottoni e lacci"}]},{"@type":"WebSite","@id":"https:\/\/nenitus.es\/it\/#website","url":"https:\/\/nenitus.es\/it\/","name":"Nenitus","description":"","potentialAction":[{"@type":"SearchAction","target":{"@type":"EntryPoint","urlTemplate":"https:\/\/nenitus.es\/it\/?s={search_term_string}"},"query-input":{"@type":"PropertyValueSpecification","valueRequired":true,"valueName":"search_term_string"}}],"inLanguage":"it-IT"}]}},"jetpack_sharing_enabled":true,"_links":{"self":[{"href":"https:\/\/nenitus.es\/it\/wp-json\/wp\/v2\/product\/3044","targetHints":{"allow":["GET"]}}],"collection":[{"href":"https:\/\/nenitus.es\/it\/wp-json\/wp\/v2\/product"}],"about":[{"href":"https:\/\/nenitus.es\/it\/wp-json\/wp\/v2\/types\/product"}],"replies":[{"embeddable":true,"href":"https:\/\/nenitus.es\/it\/wp-json\/wp\/v2\/comments?post=3044"}],"wp:featuredmedia":[{"embeddable":true,"href":"https:\/\/nenitus.es\/it\/wp-json\/wp\/v2\/media\/2327"}],"wp:attachment":[{"href":"https:\/\/nenitus.es\/it\/wp-json\/wp\/v2\/media?parent=3044"}],"wp:term":[{"taxonomy":"product_cat","embeddable":true,"href":"https:\/\/nenitus.es\/it\/wp-json\/wp\/v2\/product_cat?post=3044"},{"taxonomy":"product_tag","embeddable":true,"href":"https:\/\/nenitus.es\/it\/wp-json\/wp\/v2\/product_tag?post=3044"}],"curies":[{"name":"wp","href":"https:\/\/api.w.org\/{rel}","templated":true}]}}