{"id":3046,"date":"2023-05-01T12:38:59","date_gmt":"2023-05-01T10:38:59","guid":{"rendered":"https:\/\/nenitus.es\/pietre-colorate-naturali-al-100\/"},"modified":"2024-12-03T00:02:47","modified_gmt":"2024-12-02T23:02:47","slug":"pietre-colorate-naturali-al-100","status":"publish","type":"product","link":"https:\/\/nenitus.es\/it\/pietre-colorate-naturali-al-100\/","title":{"rendered":"Pietre colorate naturali al 100%."},"content":{"rendered":"<p>Questi nuovi ciottoli sono realizzati con scarti agricoli con un composto di particelle di fibra al 100%. \u2063I bambini si divertiranno molto con questo manipolatore di costruzione e matematica precoce, design speciale di grandi dimensioni, ideale per sviluppare capacit\u00e0 motorie e per contare, ordinare e progettare creativi.<\/p>\n<p>Perfetto per il gioco aperto. Sicuro per i bambini piccoli che imparano a ordinare, abbinare, modellare, contare e creare immagini.<\/p>\n<p>Questo apprendimento precoce di costruzione e manipolazione aiuta anche a sviluppare le capacit\u00e0 motorie attraverso attivit\u00e0 di gioco. I giovani studenti possono copiare le schede delle attivit\u00e0 o creare i propri oggetti 2D e 3D, edifici e altro ancora.<\/p>\n<p>I bambini imparano anche i colori, il riconoscimento della forma, il conteggio, l&#8217;ordinamento, l&#8217;ordinamento, i modelli, l&#8217;ordine in sequenza, la costruzione e l&#8217;impilamento attraverso il gioco.<\/p>\n<p>Et\u00e0 +18 mesi<\/p>\n","protected":false},"excerpt":{"rendered":"<p>Queste nuove pietre sono realizzate con scarti agricoli, con un composto al 100% di particelle di fibra.<\/p>\n<p>36 pietre e 8 carte attivit\u00e0<\/p>\n","protected":false},"featured_media":2333,"comment_status":"open","ping_status":"closed","template":"","meta":[],"product_cat":[92,168],"product_tag":[],"class_list":{"0":"post-3046","1":"product","2":"type-product","3":"status-publish","4":"has-post-thumbnail","6":"product_cat-materiali-montessori","7":"product_cat-nuovo","9":"first","10":"instock","11":"sale","12":"taxable","13":"shipping-taxable","14":"purchasable","15":"product-type-simple"},"yoast_head":"<!-- This site is optimized with the Yoast SEO plugin v23.9 - https:\/\/yoast.com\/wordpress\/plugins\/seo\/ -->\n<title>Pietre colorate naturali al 100%. - Nenitus<\/title>\n<meta name=\"robots\" content=\"index, follow, max-snippet:-1, max-image-preview:large, max-video-preview:-1\" \/>\n<link rel=\"canonical\" href=\"https:\/\/nenitus.es\/it\/pietre-colorate-naturali-al-100\/\" \/>\n<meta property=\"og:locale\" content=\"it_IT\" \/>\n<meta property=\"og:type\" content=\"article\" \/>\n<meta property=\"og:title\" content=\"Pietre colorate naturali al 100%. - Nenitus\" \/>\n<meta property=\"og:description\" content=\"Queste nuove pietre sono realizzate con scarti agricoli, con un composto al 100% di particelle di fibra. 36 pietre e 8 carte attivit\u00e0\" \/>\n<meta property=\"og:url\" content=\"https:\/\/nenitus.es\/it\/pietre-colorate-naturali-al-100\/\" \/>\n<meta property=\"og:site_name\" content=\"Nenitus\" \/>\n<meta property=\"article:modified_time\" content=\"2024-12-02T23:02:47+00:00\" \/>\n<meta property=\"og:image\" content=\"https:\/\/nenitus.es\/wp-content\/uploads\/2023\/05\/piedras-de-colores-100-naturales-e1625575129575.jpg\" \/>\n\t<meta property=\"og:image:width\" content=\"500\" \/>\n\t<meta property=\"og:image:height\" content=\"500\" \/>\n\t<meta property=\"og:image:type\" content=\"image\/jpeg\" \/>\n<meta name=\"twitter:card\" content=\"summary_large_image\" \/>\n<meta name=\"twitter:label1\" content=\"Tempo di lettura stimato\" \/>\n\t<meta name=\"twitter:data1\" content=\"1 minuto\" \/>\n<script type=\"application\/ld+json\" class=\"yoast-schema-graph\">{\"@context\":\"https:\/\/schema.org\",\"@graph\":[{\"@type\":\"WebPage\",\"@id\":\"https:\/\/nenitus.es\/it\/pietre-colorate-naturali-al-100\/\",\"url\":\"https:\/\/nenitus.es\/it\/pietre-colorate-naturali-al-100\/\",\"name\":\"Pietre colorate naturali al 100%. - Nenitus\",\"isPartOf\":{\"@id\":\"https:\/\/nenitus.es\/it\/#website\"},\"primaryImageOfPage\":{\"@id\":\"https:\/\/nenitus.es\/it\/pietre-colorate-naturali-al-100\/#primaryimage\"},\"image\":{\"@id\":\"https:\/\/nenitus.es\/it\/pietre-colorate-naturali-al-100\/#primaryimage\"},\"thumbnailUrl\":\"https:\/\/nenitus.es\/wp-content\/uploads\/2023\/05\/piedras-de-colores-100-naturales-e1625575129575.jpg\",\"datePublished\":\"2023-05-01T10:38:59+00:00\",\"dateModified\":\"2024-12-02T23:02:47+00:00\",\"breadcrumb\":{\"@id\":\"https:\/\/nenitus.es\/it\/pietre-colorate-naturali-al-100\/#breadcrumb\"},\"inLanguage\":\"it-IT\",\"potentialAction\":[{\"@type\":\"ReadAction\",\"target\":[\"https:\/\/nenitus.es\/it\/pietre-colorate-naturali-al-100\/\"]}]},{\"@type\":\"ImageObject\",\"inLanguage\":\"it-IT\",\"@id\":\"https:\/\/nenitus.es\/it\/pietre-colorate-naturali-al-100\/#primaryimage\",\"url\":\"https:\/\/nenitus.es\/wp-content\/uploads\/2023\/05\/piedras-de-colores-100-naturales-e1625575129575.jpg\",\"contentUrl\":\"https:\/\/nenitus.es\/wp-content\/uploads\/2023\/05\/piedras-de-colores-100-naturales-e1625575129575.jpg\",\"width\":500,\"height\":500},{\"@type\":\"BreadcrumbList\",\"@id\":\"https:\/\/nenitus.es\/it\/pietre-colorate-naturali-al-100\/#breadcrumb\",\"itemListElement\":[{\"@type\":\"ListItem\",\"position\":1,\"name\":\"Portada\",\"item\":\"https:\/\/nenitus.es\/it\/\"},{\"@type\":\"ListItem\",\"position\":2,\"name\":\"Negozio\",\"item\":\"https:\/\/nenitus.es\/it\/negozio\/\"},{\"@type\":\"ListItem\",\"position\":3,\"name\":\"Pietre colorate naturali al 100%.\"}]},{\"@type\":\"WebSite\",\"@id\":\"https:\/\/nenitus.es\/it\/#website\",\"url\":\"https:\/\/nenitus.es\/it\/\",\"name\":\"Nenitus\",\"description\":\"\",\"potentialAction\":[{\"@type\":\"SearchAction\",\"target\":{\"@type\":\"EntryPoint\",\"urlTemplate\":\"https:\/\/nenitus.es\/it\/?s={search_term_string}\"},\"query-input\":{\"@type\":\"PropertyValueSpecification\",\"valueRequired\":true,\"valueName\":\"search_term_string\"}}],\"inLanguage\":\"it-IT\"}]}<\/script>\n<!-- \/ Yoast SEO plugin. -->","yoast_head_json":{"title":"Pietre colorate naturali al 100%. - Nenitus","robots":{"index":"index","follow":"follow","max-snippet":"max-snippet:-1","max-image-preview":"max-image-preview:large","max-video-preview":"max-video-preview:-1"},"canonical":"https:\/\/nenitus.es\/it\/pietre-colorate-naturali-al-100\/","og_locale":"it_IT","og_type":"article","og_title":"Pietre colorate naturali al 100%. - Nenitus","og_description":"Queste nuove pietre sono realizzate con scarti agricoli, con un composto al 100% di particelle di fibra. 36 pietre e 8 carte attivit\u00e0","og_url":"https:\/\/nenitus.es\/it\/pietre-colorate-naturali-al-100\/","og_site_name":"Nenitus","article_modified_time":"2024-12-02T23:02:47+00:00","og_image":[{"width":500,"height":500,"url":"https:\/\/nenitus.es\/wp-content\/uploads\/2023\/05\/piedras-de-colores-100-naturales-e1625575129575.jpg","type":"image\/jpeg"}],"twitter_card":"summary_large_image","twitter_misc":{"Tempo di lettura stimato":"1 minuto"},"schema":{"@context":"https:\/\/schema.org","@graph":[{"@type":"WebPage","@id":"https:\/\/nenitus.es\/it\/pietre-colorate-naturali-al-100\/","url":"https:\/\/nenitus.es\/it\/pietre-colorate-naturali-al-100\/","name":"Pietre colorate naturali al 100%. - Nenitus","isPartOf":{"@id":"https:\/\/nenitus.es\/it\/#website"},"primaryImageOfPage":{"@id":"https:\/\/nenitus.es\/it\/pietre-colorate-naturali-al-100\/#primaryimage"},"image":{"@id":"https:\/\/nenitus.es\/it\/pietre-colorate-naturali-al-100\/#primaryimage"},"thumbnailUrl":"https:\/\/nenitus.es\/wp-content\/uploads\/2023\/05\/piedras-de-colores-100-naturales-e1625575129575.jpg","datePublished":"2023-05-01T10:38:59+00:00","dateModified":"2024-12-02T23:02:47+00:00","breadcrumb":{"@id":"https:\/\/nenitus.es\/it\/pietre-colorate-naturali-al-100\/#breadcrumb"},"inLanguage":"it-IT","potentialAction":[{"@type":"ReadAction","target":["https:\/\/nenitus.es\/it\/pietre-colorate-naturali-al-100\/"]}]},{"@type":"ImageObject","inLanguage":"it-IT","@id":"https:\/\/nenitus.es\/it\/pietre-colorate-naturali-al-100\/#primaryimage","url":"https:\/\/nenitus.es\/wp-content\/uploads\/2023\/05\/piedras-de-colores-100-naturales-e1625575129575.jpg","contentUrl":"https:\/\/nenitus.es\/wp-content\/uploads\/2023\/05\/piedras-de-colores-100-naturales-e1625575129575.jpg","width":500,"height":500},{"@type":"BreadcrumbList","@id":"https:\/\/nenitus.es\/it\/pietre-colorate-naturali-al-100\/#breadcrumb","itemListElement":[{"@type":"ListItem","position":1,"name":"Portada","item":"https:\/\/nenitus.es\/it\/"},{"@type":"ListItem","position":2,"name":"Negozio","item":"https:\/\/nenitus.es\/it\/negozio\/"},{"@type":"ListItem","position":3,"name":"Pietre colorate naturali al 100%."}]},{"@type":"WebSite","@id":"https:\/\/nenitus.es\/it\/#website","url":"https:\/\/nenitus.es\/it\/","name":"Nenitus","description":"","potentialAction":[{"@type":"SearchAction","target":{"@type":"EntryPoint","urlTemplate":"https:\/\/nenitus.es\/it\/?s={search_term_string}"},"query-input":{"@type":"PropertyValueSpecification","valueRequired":true,"valueName":"search_term_string"}}],"inLanguage":"it-IT"}]}},"jetpack_sharing_enabled":true,"_links":{"self":[{"href":"https:\/\/nenitus.es\/it\/wp-json\/wp\/v2\/product\/3046","targetHints":{"allow":["GET"]}}],"collection":[{"href":"https:\/\/nenitus.es\/it\/wp-json\/wp\/v2\/product"}],"about":[{"href":"https:\/\/nenitus.es\/it\/wp-json\/wp\/v2\/types\/product"}],"replies":[{"embeddable":true,"href":"https:\/\/nenitus.es\/it\/wp-json\/wp\/v2\/comments?post=3046"}],"wp:featuredmedia":[{"embeddable":true,"href":"https:\/\/nenitus.es\/it\/wp-json\/wp\/v2\/media\/2333"}],"wp:attachment":[{"href":"https:\/\/nenitus.es\/it\/wp-json\/wp\/v2\/media?parent=3046"}],"wp:term":[{"taxonomy":"product_cat","embeddable":true,"href":"https:\/\/nenitus.es\/it\/wp-json\/wp\/v2\/product_cat?post=3046"},{"taxonomy":"product_tag","embeddable":true,"href":"https:\/\/nenitus.es\/it\/wp-json\/wp\/v2\/product_tag?post=3046"}],"curies":[{"name":"wp","href":"https:\/\/api.w.org\/{rel}","templated":true}]}}