{"id":3052,"date":"2023-05-01T12:38:58","date_gmt":"2023-05-01T10:38:58","guid":{"rendered":"https:\/\/nenitus.es\/tavolo-multisensoriale-4-in-1\/"},"modified":"2024-01-29T16:54:29","modified_gmt":"2024-01-29T15:54:29","slug":"tavolo-multisensoriale-4-in-1","status":"publish","type":"product","link":"https:\/\/nenitus.es\/it\/tavolo-multisensoriale-4-in-1\/","title":{"rendered":"Tavolo multisensoriale 4 in 1"},"content":{"rendered":"<hr\/>\n<p>Questo fantastico tavolo multisensoriale o di sperimentazione \u00e8 l&#8217;ideale per far divertire i bambini a giocare con la sabbia, con l&#8217;acqua, con la scatola luminosa e per fare i compiti e le attivit\u00e0 scolastiche con la possibilit\u00e0 di riporre i quaderni dei compiti e i quadri (o i vostri tesori pi\u00f9 preziosi all&#8217;interno).<\/p>\n<p>Grazie alla sua versatilit\u00e0, puoi usarlo durante i mesi di bel tempo all&#8217;aperto e nei mesi pi\u00f9 freddi in casa come tavolo per bambini.<\/p>\n<p>Giocare nella sabbia come un recinto per bambini e nell&#8217;acqua stimola l&#8217;immaginazione e la percezione sensoriale come poche altre attivit\u00e0 fanno.<\/p>\n<p>\u00c8 realizzato in legno massello di pino naturale e compensato di pino, verniciato con la nostra vernice naturale atossica, per essere utilizzato all&#8217;esterno e il coperchio viene fornito verniciato color ardesia, per offrire ancora pi\u00f9 divertimento, pu\u00f2 anche essere riempito con acqua utilizzando i vassoi di plastica che includiamo.<\/p>\n<p>Da 2 a 3 bambini possono giocare contemporaneamente con il pi\u00f9 piccolo. Ha la profondit\u00e0 necessaria affinch\u00e9 possano svolgere attivit\u00e0 senza macchiarsi.<\/p>\n<p>Abbiamo anche la possibilit\u00e0 di scegliere l&#8217;altezza del tavolo pi\u00f9 adatta all&#8217;et\u00e0 del bambino.Le gambe hanno un sistema molto semplice che permette di avvitare e svitare tutte le volte necessarie, quindi \u00e8 possibile scegliere entrambe le misure gambe, nel caso tu voglia adattarlo in base alla situazione.<\/p>\n<p>Inoltre, realizziamo quattro misure diverse, in modo che tu possa adattarla alla tua scatola luminosa, qualunque sia la sua dimensione.<br \/>\n-Per i light box da 30x40cm, 30x50cm, 40x40cm e 40x50cm \u00e8 necessario selezionare il tavolo 40x50cm.<br \/>\n-Per i light box da 50x50cm, 40x60cm e 50x60cm \u00e8 necessario selezionare il tavolo da 50x60cm.<br \/>\n-Per i light box da 60x60cm, 70x50cm, 70x60cm, 80x50cm e 80&#215;60 \u00e8 necessario selezionare il tavolo 80x60cm.<br \/>\n-Per i light box da 90&#215;50 cm, 90&#215;60 cm, 100&#215;50 e 100&#215;60 cm \u00e8 necessario selezionare il tavolo da 100&#215;60 cm.<\/p>\n<p><span style=\"color: #ff00ff;\"><em><strong>Tempo di spedizione approssimativo per questo prodotto: da 4 a 7 giorni lavorativi (se ne hai bisogno per una data specifica, contattaci)<\/strong> < \/em><\/span><\/p>\n<p>Video dimostrativo tavolo sensoriale 4 in 1 con tutte le sue funzioni:<\/p>\n<div style=\"width: 640px;\" class=\"wp-video\"><!--[if lt IE 9]><script>document.createElement('video');<\/script><![endif]-->\n<video class=\"wp-video-shortcode\" id=\"video-3052-1\" width=\"640\" height=\"360\" preload=\"metadata\" controls=\"controls\"><source type=\"video\/mp4\" src=\"https:\/\/nenitus.es\/wp-content\/uploads\/2023\/05\/clideo_editor_00e58c794fb344d481fbf124d9e5d6d9.mp4?_=1\" \/><a href=\"https:\/\/nenitus.es\/wp-content\/uploads\/2023\/05\/clideo_editor_00e58c794fb344d481fbf124d9e5d6d9.mp4\">https:\/\/nenitus.es\/wp-content\/uploads\/2023\/05\/clideo_editor_00e58c794fb344d481fbf124d9e5d6d9.mp4<\/a><\/video><\/div>\n","protected":false},"excerpt":{"rendered":"<p>Il nostro nuovo tavolo multisensoriale \u00e8 molto versatile, pu\u00f2 essere utilizzato come:<\/p>\n<ul>\n<li><span style=\"font-size: 100%;\">Falda freatica (grazie alle 2 vaschette per liquidi incluse)<\/span><\/li>\n<li><span style=\"font-size: 100%;\">Sandbox per bambini<\/span><\/li>\n<li><span style=\"font-size: 100%;\">Scrivania <\/span><\/li>\n<li><span style=\"font-size: 100%;\">Per convertire la tua scatola luminosa in un tavolo luminoso (la scatola luminosa non \u00e8 inclusa)<\/span><\/li>\n<\/ul>\n<p><em><strong>&#8220;La sedia non \u00e8 inclusa&#8221;<\/strong><\/em><\/p>\n","protected":false},"featured_media":4104,"comment_status":"open","ping_status":"closed","template":"","meta":[],"product_cat":[107,108],"product_tag":[],"class_list":{"0":"post-3052","1":"product","2":"type-product","3":"status-publish","4":"has-post-thumbnail","6":"product_cat-montessori-in-evidenza","7":"product_cat-pikler-it","9":"first","10":"instock","11":"taxable","12":"shipping-taxable","13":"purchasable","14":"product-type-simple"},"yoast_head":"<!-- This site is optimized with the Yoast SEO plugin v23.9 - https:\/\/yoast.com\/wordpress\/plugins\/seo\/ -->\n<title>Tavolo multisensoriale o sperimentale | nenitus.es<\/title>\n<meta name=\"description\" content=\"Questo tavolo multisensoriale o di sperimentazione \u00e8 l&#039;ideale per far divertire i bambini giocando con la sabbia, con l&#039;acqua e con la scatola luminosa.\" \/>\n<meta name=\"robots\" content=\"index, follow, max-snippet:-1, max-image-preview:large, max-video-preview:-1\" \/>\n<link rel=\"canonical\" href=\"https:\/\/nenitus.es\/it\/tavolo-multisensoriale-4-in-1\/\" \/>\n<meta property=\"og:locale\" content=\"it_IT\" \/>\n<meta property=\"og:type\" content=\"article\" \/>\n<meta property=\"og:title\" content=\"Tavolo multisensoriale o sperimentale | nenitus.es\" \/>\n<meta property=\"og:description\" content=\"Questo tavolo multisensoriale o di sperimentazione \u00e8 l&#039;ideale per far divertire i bambini giocando con la sabbia, con l&#039;acqua e con la scatola luminosa.\" \/>\n<meta property=\"og:url\" content=\"https:\/\/nenitus.es\/it\/tavolo-multisensoriale-4-in-1\/\" \/>\n<meta property=\"og:site_name\" content=\"Nenitus\" \/>\n<meta property=\"article:modified_time\" content=\"2024-01-29T15:54:29+00:00\" \/>\n<meta property=\"og:image\" content=\"https:\/\/nenitus.es\/wp-content\/uploads\/2023\/05\/mesa_sensorial_fondo_blanco_1-removebg-preview-4.png\" \/>\n\t<meta property=\"og:image:width\" content=\"499\" \/>\n\t<meta property=\"og:image:height\" content=\"500\" \/>\n\t<meta property=\"og:image:type\" content=\"image\/png\" \/>\n<meta name=\"twitter:card\" content=\"summary_large_image\" \/>\n<meta name=\"twitter:label1\" content=\"Tempo di lettura stimato\" \/>\n\t<meta name=\"twitter:data1\" content=\"2 minuti\" \/>\n<script type=\"application\/ld+json\" class=\"yoast-schema-graph\">{\"@context\":\"https:\/\/schema.org\",\"@graph\":[{\"@type\":\"WebPage\",\"@id\":\"https:\/\/nenitus.es\/it\/tavolo-multisensoriale-4-in-1\/\",\"url\":\"https:\/\/nenitus.es\/it\/tavolo-multisensoriale-4-in-1\/\",\"name\":\"Tavolo multisensoriale o sperimentale | nenitus.es\",\"isPartOf\":{\"@id\":\"https:\/\/nenitus.es\/it\/#website\"},\"primaryImageOfPage\":{\"@id\":\"https:\/\/nenitus.es\/it\/tavolo-multisensoriale-4-in-1\/#primaryimage\"},\"image\":{\"@id\":\"https:\/\/nenitus.es\/it\/tavolo-multisensoriale-4-in-1\/#primaryimage\"},\"thumbnailUrl\":\"https:\/\/nenitus.es\/wp-content\/uploads\/2023\/05\/mesa_montessori.png\",\"datePublished\":\"2023-05-01T10:38:58+00:00\",\"dateModified\":\"2024-01-29T15:54:29+00:00\",\"description\":\"Questo tavolo multisensoriale o di sperimentazione \u00e8 l'ideale per far divertire i bambini giocando con la sabbia, con l'acqua e con la scatola luminosa.\",\"breadcrumb\":{\"@id\":\"https:\/\/nenitus.es\/it\/tavolo-multisensoriale-4-in-1\/#breadcrumb\"},\"inLanguage\":\"it-IT\",\"potentialAction\":[{\"@type\":\"ReadAction\",\"target\":[\"https:\/\/nenitus.es\/it\/tavolo-multisensoriale-4-in-1\/\"]}]},{\"@type\":\"ImageObject\",\"inLanguage\":\"it-IT\",\"@id\":\"https:\/\/nenitus.es\/it\/tavolo-multisensoriale-4-in-1\/#primaryimage\",\"url\":\"https:\/\/nenitus.es\/wp-content\/uploads\/2023\/05\/mesa_montessori.png\",\"contentUrl\":\"https:\/\/nenitus.es\/wp-content\/uploads\/2023\/05\/mesa_montessori.png\",\"width\":577,\"height\":433},{\"@type\":\"BreadcrumbList\",\"@id\":\"https:\/\/nenitus.es\/it\/tavolo-multisensoriale-4-in-1\/#breadcrumb\",\"itemListElement\":[{\"@type\":\"ListItem\",\"position\":1,\"name\":\"Portada\",\"item\":\"https:\/\/nenitus.es\/it\/\"},{\"@type\":\"ListItem\",\"position\":2,\"name\":\"Negozio\",\"item\":\"https:\/\/nenitus.es\/it\/negozio\/\"},{\"@type\":\"ListItem\",\"position\":3,\"name\":\"Tavolo multisensoriale 4 in 1\"}]},{\"@type\":\"WebSite\",\"@id\":\"https:\/\/nenitus.es\/it\/#website\",\"url\":\"https:\/\/nenitus.es\/it\/\",\"name\":\"Nenitus\",\"description\":\"\",\"potentialAction\":[{\"@type\":\"SearchAction\",\"target\":{\"@type\":\"EntryPoint\",\"urlTemplate\":\"https:\/\/nenitus.es\/it\/?s={search_term_string}\"},\"query-input\":{\"@type\":\"PropertyValueSpecification\",\"valueRequired\":true,\"valueName\":\"search_term_string\"}}],\"inLanguage\":\"it-IT\"}]}<\/script>\n<!-- \/ Yoast SEO plugin. -->","yoast_head_json":{"title":"Tavolo multisensoriale o sperimentale | nenitus.es","description":"Questo tavolo multisensoriale o di sperimentazione \u00e8 l'ideale per far divertire i bambini giocando con la sabbia, con l'acqua e con la scatola luminosa.","robots":{"index":"index","follow":"follow","max-snippet":"max-snippet:-1","max-image-preview":"max-image-preview:large","max-video-preview":"max-video-preview:-1"},"canonical":"https:\/\/nenitus.es\/it\/tavolo-multisensoriale-4-in-1\/","og_locale":"it_IT","og_type":"article","og_title":"Tavolo multisensoriale o sperimentale | nenitus.es","og_description":"Questo tavolo multisensoriale o di sperimentazione \u00e8 l'ideale per far divertire i bambini giocando con la sabbia, con l'acqua e con la scatola luminosa.","og_url":"https:\/\/nenitus.es\/it\/tavolo-multisensoriale-4-in-1\/","og_site_name":"Nenitus","article_modified_time":"2024-01-29T15:54:29+00:00","og_image":[{"width":499,"height":500,"url":"https:\/\/nenitus.es\/wp-content\/uploads\/2023\/05\/mesa_sensorial_fondo_blanco_1-removebg-preview-4.png","type":"image\/png"}],"twitter_card":"summary_large_image","twitter_misc":{"Tempo di lettura stimato":"2 minuti"},"schema":{"@context":"https:\/\/schema.org","@graph":[{"@type":"WebPage","@id":"https:\/\/nenitus.es\/it\/tavolo-multisensoriale-4-in-1\/","url":"https:\/\/nenitus.es\/it\/tavolo-multisensoriale-4-in-1\/","name":"Tavolo multisensoriale o sperimentale | nenitus.es","isPartOf":{"@id":"https:\/\/nenitus.es\/it\/#website"},"primaryImageOfPage":{"@id":"https:\/\/nenitus.es\/it\/tavolo-multisensoriale-4-in-1\/#primaryimage"},"image":{"@id":"https:\/\/nenitus.es\/it\/tavolo-multisensoriale-4-in-1\/#primaryimage"},"thumbnailUrl":"https:\/\/nenitus.es\/wp-content\/uploads\/2023\/05\/mesa_montessori.png","datePublished":"2023-05-01T10:38:58+00:00","dateModified":"2024-01-29T15:54:29+00:00","description":"Questo tavolo multisensoriale o di sperimentazione \u00e8 l'ideale per far divertire i bambini giocando con la sabbia, con l'acqua e con la scatola luminosa.","breadcrumb":{"@id":"https:\/\/nenitus.es\/it\/tavolo-multisensoriale-4-in-1\/#breadcrumb"},"inLanguage":"it-IT","potentialAction":[{"@type":"ReadAction","target":["https:\/\/nenitus.es\/it\/tavolo-multisensoriale-4-in-1\/"]}]},{"@type":"ImageObject","inLanguage":"it-IT","@id":"https:\/\/nenitus.es\/it\/tavolo-multisensoriale-4-in-1\/#primaryimage","url":"https:\/\/nenitus.es\/wp-content\/uploads\/2023\/05\/mesa_montessori.png","contentUrl":"https:\/\/nenitus.es\/wp-content\/uploads\/2023\/05\/mesa_montessori.png","width":577,"height":433},{"@type":"BreadcrumbList","@id":"https:\/\/nenitus.es\/it\/tavolo-multisensoriale-4-in-1\/#breadcrumb","itemListElement":[{"@type":"ListItem","position":1,"name":"Portada","item":"https:\/\/nenitus.es\/it\/"},{"@type":"ListItem","position":2,"name":"Negozio","item":"https:\/\/nenitus.es\/it\/negozio\/"},{"@type":"ListItem","position":3,"name":"Tavolo multisensoriale 4 in 1"}]},{"@type":"WebSite","@id":"https:\/\/nenitus.es\/it\/#website","url":"https:\/\/nenitus.es\/it\/","name":"Nenitus","description":"","potentialAction":[{"@type":"SearchAction","target":{"@type":"EntryPoint","urlTemplate":"https:\/\/nenitus.es\/it\/?s={search_term_string}"},"query-input":{"@type":"PropertyValueSpecification","valueRequired":true,"valueName":"search_term_string"}}],"inLanguage":"it-IT"}]}},"jetpack_sharing_enabled":true,"_links":{"self":[{"href":"https:\/\/nenitus.es\/it\/wp-json\/wp\/v2\/product\/3052","targetHints":{"allow":["GET"]}}],"collection":[{"href":"https:\/\/nenitus.es\/it\/wp-json\/wp\/v2\/product"}],"about":[{"href":"https:\/\/nenitus.es\/it\/wp-json\/wp\/v2\/types\/product"}],"replies":[{"embeddable":true,"href":"https:\/\/nenitus.es\/it\/wp-json\/wp\/v2\/comments?post=3052"}],"wp:featuredmedia":[{"embeddable":true,"href":"https:\/\/nenitus.es\/it\/wp-json\/wp\/v2\/media\/4104"}],"wp:attachment":[{"href":"https:\/\/nenitus.es\/it\/wp-json\/wp\/v2\/media?parent=3052"}],"wp:term":[{"taxonomy":"product_cat","embeddable":true,"href":"https:\/\/nenitus.es\/it\/wp-json\/wp\/v2\/product_cat?post=3052"},{"taxonomy":"product_tag","embeddable":true,"href":"https:\/\/nenitus.es\/it\/wp-json\/wp\/v2\/product_tag?post=3052"}],"curies":[{"name":"wp","href":"https:\/\/api.w.org\/{rel}","templated":true}]}}