{"id":3149,"date":"2023-05-01T12:35:54","date_gmt":"2023-05-01T10:35:54","guid":{"rendered":"https:\/\/nenitus.es\/imposta-le-espressioni-e-i-sentimenti-dei-volti\/"},"modified":"2024-12-03T00:03:10","modified_gmt":"2024-12-02T23:03:10","slug":"imposta-le-espressioni-e-i-sentimenti-dei-volti","status":"publish","type":"product","link":"https:\/\/nenitus.es\/it\/imposta-le-espressioni-e-i-sentimenti-dei-volti\/","title":{"rendered":"Imposta le espressioni e i sentimenti dei volti"},"content":{"rendered":"<p>Il set Comprendere i sentimenti \u00e8 stato progettato per aiutare i bambini a conoscere una variet\u00e0 di sentimenti e per consentire loro di comunicare in modo pi\u00f9 efficace con gli altri. Utilizzando i componenti del set, i bambini potranno discutere, osservare e comprendere meglio come si sentono loro e gli altri. Nel set sono inclusi 13 volti, tutti con diverse espressioni di sentimenti. Questi possono essere maneggiati dai bambini posizionandoli in una scatola luminosa. Include un poster A3 con esempi e campioni.<br \/>\nSono incluse anche 3 tavole vuote a forma di viso da utilizzare con pennarelli Veleda, 3 facce vuote e 3 specchi a forma di viso per osservare l&#8217;espressione di s\u00e9. Il set viene fornito completo di una guida per l&#8217;insegnante con attivit\u00e0 suggerite e domande da porre.<\/p>\n<p>Supporta le seguenti aree di apprendimento:<br \/>\n\u2022 Comprensione del mondo-osservazione \u2022 sviluppo personale-consapevolezza di s\u00e9 \u2022 sviluppo personale-PSHE<br \/>\n\u2022 Comunicazione, conversazione e ascolto linguistico<br \/>\n\u2022 Gioco collaborativo per lo sviluppo personale<\/p>\n","protected":false},"excerpt":{"rendered":"<p>Set di 13 volti trasparenti, 3 specchi a forma di volti, 3 sagome di volti bianchi, 3 sagome di volti in acetato trasparente e poster A3.<\/p>\n<p>Dimensione dei volti: 210&#215;185 mm.<\/p>\n","protected":false},"featured_media":2096,"comment_status":"open","ping_status":"closed","template":"","meta":[],"product_cat":[92],"product_tag":[],"class_list":{"0":"post-3149","1":"product","2":"type-product","3":"status-publish","4":"has-post-thumbnail","6":"product_cat-materiali-montessori","8":"first","9":"instock","10":"taxable","11":"shipping-taxable","12":"purchasable","13":"product-type-simple"},"yoast_head":"<!-- This site is optimized with the Yoast SEO plugin v23.9 - https:\/\/yoast.com\/wordpress\/plugins\/seo\/ -->\n<title>Imposta le espressioni e i sentimenti dei volti - Nenitus<\/title>\n<meta name=\"robots\" content=\"index, follow, max-snippet:-1, max-image-preview:large, max-video-preview:-1\" \/>\n<link rel=\"canonical\" href=\"https:\/\/nenitus.es\/it\/imposta-le-espressioni-e-i-sentimenti-dei-volti\/\" \/>\n<meta property=\"og:locale\" content=\"it_IT\" \/>\n<meta property=\"og:type\" content=\"article\" \/>\n<meta property=\"og:title\" content=\"Imposta le espressioni e i sentimenti dei volti - Nenitus\" \/>\n<meta property=\"og:description\" content=\"Set di 13 volti trasparenti, 3 specchi a forma di volti, 3 sagome di volti bianchi, 3 sagome di volti in acetato trasparente e poster A3. Dimensione dei volti: 210x185 mm.\" \/>\n<meta property=\"og:url\" content=\"https:\/\/nenitus.es\/it\/imposta-le-espressioni-e-i-sentimenti-dei-volti\/\" \/>\n<meta property=\"og:site_name\" content=\"Nenitus\" \/>\n<meta property=\"article:modified_time\" content=\"2024-12-02T23:03:10+00:00\" \/>\n<meta property=\"og:image\" content=\"https:\/\/nenitus.es\/wp-content\/uploads\/2023\/05\/72402.jpg\" \/>\n\t<meta property=\"og:image:width\" content=\"252\" \/>\n\t<meta property=\"og:image:height\" content=\"252\" \/>\n\t<meta property=\"og:image:type\" content=\"image\/jpeg\" \/>\n<meta name=\"twitter:card\" content=\"summary_large_image\" \/>\n<meta name=\"twitter:label1\" content=\"Tempo di lettura stimato\" \/>\n\t<meta name=\"twitter:data1\" content=\"1 minuto\" \/>\n<script type=\"application\/ld+json\" class=\"yoast-schema-graph\">{\"@context\":\"https:\/\/schema.org\",\"@graph\":[{\"@type\":\"WebPage\",\"@id\":\"https:\/\/nenitus.es\/it\/imposta-le-espressioni-e-i-sentimenti-dei-volti\/\",\"url\":\"https:\/\/nenitus.es\/it\/imposta-le-espressioni-e-i-sentimenti-dei-volti\/\",\"name\":\"Imposta le espressioni e i sentimenti dei volti - Nenitus\",\"isPartOf\":{\"@id\":\"https:\/\/nenitus.es\/it\/#website\"},\"primaryImageOfPage\":{\"@id\":\"https:\/\/nenitus.es\/it\/imposta-le-espressioni-e-i-sentimenti-dei-volti\/#primaryimage\"},\"image\":{\"@id\":\"https:\/\/nenitus.es\/it\/imposta-le-espressioni-e-i-sentimenti-dei-volti\/#primaryimage\"},\"thumbnailUrl\":\"https:\/\/nenitus.es\/wp-content\/uploads\/2023\/05\/72402.jpg\",\"datePublished\":\"2023-05-01T10:35:54+00:00\",\"dateModified\":\"2024-12-02T23:03:10+00:00\",\"breadcrumb\":{\"@id\":\"https:\/\/nenitus.es\/it\/imposta-le-espressioni-e-i-sentimenti-dei-volti\/#breadcrumb\"},\"inLanguage\":\"it-IT\",\"potentialAction\":[{\"@type\":\"ReadAction\",\"target\":[\"https:\/\/nenitus.es\/it\/imposta-le-espressioni-e-i-sentimenti-dei-volti\/\"]}]},{\"@type\":\"ImageObject\",\"inLanguage\":\"it-IT\",\"@id\":\"https:\/\/nenitus.es\/it\/imposta-le-espressioni-e-i-sentimenti-dei-volti\/#primaryimage\",\"url\":\"https:\/\/nenitus.es\/wp-content\/uploads\/2023\/05\/72402.jpg\",\"contentUrl\":\"https:\/\/nenitus.es\/wp-content\/uploads\/2023\/05\/72402.jpg\",\"width\":252,\"height\":252},{\"@type\":\"BreadcrumbList\",\"@id\":\"https:\/\/nenitus.es\/it\/imposta-le-espressioni-e-i-sentimenti-dei-volti\/#breadcrumb\",\"itemListElement\":[{\"@type\":\"ListItem\",\"position\":1,\"name\":\"Portada\",\"item\":\"https:\/\/nenitus.es\/it\/\"},{\"@type\":\"ListItem\",\"position\":2,\"name\":\"Negozio\",\"item\":\"https:\/\/nenitus.es\/it\/negozio\/\"},{\"@type\":\"ListItem\",\"position\":3,\"name\":\"Imposta le espressioni e i sentimenti dei volti\"}]},{\"@type\":\"WebSite\",\"@id\":\"https:\/\/nenitus.es\/it\/#website\",\"url\":\"https:\/\/nenitus.es\/it\/\",\"name\":\"Nenitus\",\"description\":\"\",\"potentialAction\":[{\"@type\":\"SearchAction\",\"target\":{\"@type\":\"EntryPoint\",\"urlTemplate\":\"https:\/\/nenitus.es\/it\/?s={search_term_string}\"},\"query-input\":{\"@type\":\"PropertyValueSpecification\",\"valueRequired\":true,\"valueName\":\"search_term_string\"}}],\"inLanguage\":\"it-IT\"}]}<\/script>\n<!-- \/ Yoast SEO plugin. -->","yoast_head_json":{"title":"Imposta le espressioni e i sentimenti dei volti - Nenitus","robots":{"index":"index","follow":"follow","max-snippet":"max-snippet:-1","max-image-preview":"max-image-preview:large","max-video-preview":"max-video-preview:-1"},"canonical":"https:\/\/nenitus.es\/it\/imposta-le-espressioni-e-i-sentimenti-dei-volti\/","og_locale":"it_IT","og_type":"article","og_title":"Imposta le espressioni e i sentimenti dei volti - Nenitus","og_description":"Set di 13 volti trasparenti, 3 specchi a forma di volti, 3 sagome di volti bianchi, 3 sagome di volti in acetato trasparente e poster A3. Dimensione dei volti: 210x185 mm.","og_url":"https:\/\/nenitus.es\/it\/imposta-le-espressioni-e-i-sentimenti-dei-volti\/","og_site_name":"Nenitus","article_modified_time":"2024-12-02T23:03:10+00:00","og_image":[{"width":252,"height":252,"url":"https:\/\/nenitus.es\/wp-content\/uploads\/2023\/05\/72402.jpg","type":"image\/jpeg"}],"twitter_card":"summary_large_image","twitter_misc":{"Tempo di lettura stimato":"1 minuto"},"schema":{"@context":"https:\/\/schema.org","@graph":[{"@type":"WebPage","@id":"https:\/\/nenitus.es\/it\/imposta-le-espressioni-e-i-sentimenti-dei-volti\/","url":"https:\/\/nenitus.es\/it\/imposta-le-espressioni-e-i-sentimenti-dei-volti\/","name":"Imposta le espressioni e i sentimenti dei volti - Nenitus","isPartOf":{"@id":"https:\/\/nenitus.es\/it\/#website"},"primaryImageOfPage":{"@id":"https:\/\/nenitus.es\/it\/imposta-le-espressioni-e-i-sentimenti-dei-volti\/#primaryimage"},"image":{"@id":"https:\/\/nenitus.es\/it\/imposta-le-espressioni-e-i-sentimenti-dei-volti\/#primaryimage"},"thumbnailUrl":"https:\/\/nenitus.es\/wp-content\/uploads\/2023\/05\/72402.jpg","datePublished":"2023-05-01T10:35:54+00:00","dateModified":"2024-12-02T23:03:10+00:00","breadcrumb":{"@id":"https:\/\/nenitus.es\/it\/imposta-le-espressioni-e-i-sentimenti-dei-volti\/#breadcrumb"},"inLanguage":"it-IT","potentialAction":[{"@type":"ReadAction","target":["https:\/\/nenitus.es\/it\/imposta-le-espressioni-e-i-sentimenti-dei-volti\/"]}]},{"@type":"ImageObject","inLanguage":"it-IT","@id":"https:\/\/nenitus.es\/it\/imposta-le-espressioni-e-i-sentimenti-dei-volti\/#primaryimage","url":"https:\/\/nenitus.es\/wp-content\/uploads\/2023\/05\/72402.jpg","contentUrl":"https:\/\/nenitus.es\/wp-content\/uploads\/2023\/05\/72402.jpg","width":252,"height":252},{"@type":"BreadcrumbList","@id":"https:\/\/nenitus.es\/it\/imposta-le-espressioni-e-i-sentimenti-dei-volti\/#breadcrumb","itemListElement":[{"@type":"ListItem","position":1,"name":"Portada","item":"https:\/\/nenitus.es\/it\/"},{"@type":"ListItem","position":2,"name":"Negozio","item":"https:\/\/nenitus.es\/it\/negozio\/"},{"@type":"ListItem","position":3,"name":"Imposta le espressioni e i sentimenti dei volti"}]},{"@type":"WebSite","@id":"https:\/\/nenitus.es\/it\/#website","url":"https:\/\/nenitus.es\/it\/","name":"Nenitus","description":"","potentialAction":[{"@type":"SearchAction","target":{"@type":"EntryPoint","urlTemplate":"https:\/\/nenitus.es\/it\/?s={search_term_string}"},"query-input":{"@type":"PropertyValueSpecification","valueRequired":true,"valueName":"search_term_string"}}],"inLanguage":"it-IT"}]}},"jetpack_sharing_enabled":true,"_links":{"self":[{"href":"https:\/\/nenitus.es\/it\/wp-json\/wp\/v2\/product\/3149","targetHints":{"allow":["GET"]}}],"collection":[{"href":"https:\/\/nenitus.es\/it\/wp-json\/wp\/v2\/product"}],"about":[{"href":"https:\/\/nenitus.es\/it\/wp-json\/wp\/v2\/types\/product"}],"replies":[{"embeddable":true,"href":"https:\/\/nenitus.es\/it\/wp-json\/wp\/v2\/comments?post=3149"}],"wp:featuredmedia":[{"embeddable":true,"href":"https:\/\/nenitus.es\/it\/wp-json\/wp\/v2\/media\/2096"}],"wp:attachment":[{"href":"https:\/\/nenitus.es\/it\/wp-json\/wp\/v2\/media?parent=3149"}],"wp:term":[{"taxonomy":"product_cat","embeddable":true,"href":"https:\/\/nenitus.es\/it\/wp-json\/wp\/v2\/product_cat?post=3149"},{"taxonomy":"product_tag","embeddable":true,"href":"https:\/\/nenitus.es\/it\/wp-json\/wp\/v2\/product_tag?post=3149"}],"curies":[{"name":"wp","href":"https:\/\/api.w.org\/{rel}","templated":true}]}}