{"id":3175,"date":"2023-05-01T12:36:19","date_gmt":"2023-05-01T10:36:19","guid":{"rendered":"https:\/\/nenitus.es\/tavolo-luminoso-montessori-con-sedie\/"},"modified":"2024-12-03T00:03:17","modified_gmt":"2024-12-02T23:03:17","slug":"tavolo-luminoso-montessori-con-sedie","status":"publish","type":"product","link":"https:\/\/nenitus.es\/it\/tavolo-luminoso-montessori-con-sedie\/","title":{"rendered":"Tavolo luminoso Montessori con sedie"},"content":{"rendered":"<h2><span style=\"font-size: 100%;\"><strong>Tavolo luminoso Montessori &#8211; Incoraggia la creativit\u00e0 e l&#8217;apprendimento<\/strong><\/span><\/h2>\n<p>La scatola luminosa Montessori \u00e8 uno strumento educativo unico che incoraggia la creativit\u00e0 e l&#8217;apprendimento nei bambini. La scatola luminosa ha una superficie illuminata che pu\u00f2 essere utilizzata per esplorare diversi materiali e texture, dai mattoncini agli oggetti naturali come foglie e fiori.<\/p>\n<p>La scatola luminosa Montessori \u00e8 uno strumento versatile che pu\u00f2 essere utilizzato per un&#8217;ampia variet\u00e0 di attivit\u00e0 educative, come la creazione di modelli, l&#8217;esplorazione di colori e forme e lo sviluppo di abilit\u00e0 matematiche e scientifiche. Inoltre, pu\u00f2 essere utilizzato anche come strumento terapeutico per bambini con bisogni speciali.<\/p>\n<h2><span style=\"font-size: 90%;\"><strong>Vantaggi del tavolo luminoso Montessori per i bambini pi\u00f9 piccoli<\/strong><\/span><\/h2>\n<ul>\n<li><strong>Stimola la creativit\u00e0<\/strong>: sperimentando diversi materiali e oggetti nella scatola luminosa, i bambini possono esplorare e scoprire nuovi modi di giocare e creare. La scatola luminosa \u00e8 uno spazio ideale per il gioco libero e la creativit\u00e0.<\/li>\n<li><strong>Favorisce l&#8217;attenzione e la concentrazione<\/strong>: quando lavorano con la scatola luminosa, i bambini dovrebbero concentrarsi sui dettagli e prestare attenzione a ci\u00f2 che stanno facendo. Questa attivit\u00e0 li aiuta a sviluppare importanti capacit\u00e0 di attenzione e concentrazione che saranno utili in altri aspetti della loro vita.<\/li>\n<li><strong>Sviluppa abilit\u00e0 sensoriali<\/strong>: la scatola luminosa \u00e8 uno strumento sensoriale che consente ai bambini di sperimentare diverse texture, colori, forme e dimensioni. Cos\u00ec facendo, possono sviluppare importanti capacit\u00e0 sensoriali, come la percezione visiva e tattile.<\/li>\n<li><strong>Incoraggia l&#8217;apprendimento precoce di matematica e scienze<\/strong>: lavorando con materiali come blocchi, figure geometriche e oggetti di diverse dimensioni e forme nella scatola luminosa, i bambini possono esplorare concetti matematici e scientifici di base, come come classificazione, corrispondenza e simmetria.<\/li>\n<li><strong>Incoraggia la socializzazione e il lavoro di squadra<\/strong>: la scatola luminosa pu\u00f2 essere un&#8217;attivit\u00e0 collaborativa in cui i bambini lavorano insieme per creare ed esplorare. Questo li aiuta a sviluppare importanti abilit\u00e0 sociali, come la comunicazione e il lavoro di squadra.<\/li>\n<\/ul>\n<h2><strong><span style=\"font-size: 90%;\">Caratteristiche del tavolo luminoso:<\/span><\/strong><\/h2>\n<ul>\n<li>Superficie illuminata di alta qualit\u00e0 per una luce chiara e brillante.<\/li>\n<li>Dimensioni compatte e portatili per un facile stoccaggio e trasporto.<\/li>\n<li>Design durevole e robusto per un uso a lungo termine.<\/li>\n<li>Adatto a bambini di tutte le et\u00e0.<\/li>\n<\/ul>\n<h3><strong><span style=\"font-size: 90%;\">Prezzo:<\/span><\/strong><\/h3>\n<ul>\n<li>Il prezzo del tavolo luminoso Reggio Emilia \u00e8 a partire da 129\u20ac<\/li>\n<\/ul>\n<h3><span style=\"font-size: 90%;\"><strong>Materiali:<\/strong><\/span><\/h3>\n<ul>\n<li>Le nostre luci LED RGBW hanno la temperatura adeguata di 3.800K (la massima consentita per la sicurezza \u00e8 4.000K), un bianco naturale con pi\u00f9 di 50.000 ore di utilizzo, 20 colori diversi in RGBW e pi\u00f9 di 16 milioni di combinazioni in ritmico RGBW con bluetooth.<\/li>\n<li>Il metacrilato colato \u00e8 opalino, per consentire il passaggio della luce in tutta sicurezza ed \u00e8 spesso 5 mm, totalmente sicuro e infrangibile per i pi\u00f9 piccoli.<\/li>\n<li>Questo modello di tavolo \u00e8 realizzato riprendendo la struttura del tavolo LATT.<\/li>\n<li>Tutte le nostre scatole hanno il certificato <a href=\"https:\/\/es.wikipedia.org\/wiki\/Marcado_CE\" target=\"_blank\" rel=\"noopener noreferrer\"><img decoding=\"async\" class=\"alignnone\" src=\" https:\/\/upload.wikimedia.org\/wikipedia\/commons\/thumb\/6\/66\/Conformit%C3%A9_Europ%C3%A9enne_%28logo%29.svg\/200px-Conformit%C3%A9_Europ%C3%A9enne_%28logo% 29.svg.png\" alt=\"\" width=\"19\" Height=\"14\" \/><\/a> (certificazione europea), la marcatura <a href=\"https:\/\/es.wikipedia.org\/wiki\/ Marchio CE\" target=\"_blank\" rel=\"noopener noreferrer\"><img decoding=\"async\" class=\"alignnone\" src=\"https:\/\/upload.wikimedia.org\/wikipedia\/commons\/thumb\/6\/66\/Conformit%C3%A9_Europ% C3%A9enne_%28logo%29.svg\/200px-Conformit%C3%A9_Europ%C3%A9enne_%28logo%29.svg.png\" alt=\"\" larghezza=\"19\" altezza=\"14\" \/><\/a> \u00c8 un indicatore fondamentale della <b>conformit\u00e0 di un prodotto alla legislazione dell&#8217;Unione Europea, <\/b>completamente sicuro per i re di casa. Sono inoltre certificati in un laboratorio ufficiale, dove sono stati effettuati test per garantire che siano sicuri per la salute visiva dei pi\u00f9 piccoli. I bambini non hanno un cristallino completamente sviluppato e non filtra la luce come quello di un adulto. Ecco perch\u00e9 questa certificazione \u00e8 importante.<\/li>\n<li>Le scatole luminose sono associate all&#8217;esplorazione e alla scoperta, ma ci sono sicuramente molte pi\u00f9 possibilit\u00e0. Integrazione sensoriale, nonch\u00e9 stimolazione del linguaggio, dell&#8217;attenzione e dell&#8217;osservazione n, tra tante altre cose, sono aspetti importanti per questo tipo di apprendimento.<\/li>\n<li>Inoltre, \u00e8 un ottimo modo per attirare l&#8217;attenzione dei bambini, poich\u00e9 i bambini sono naturalmente attratti dalla luce, il che render\u00e0 questa esperienza pi\u00f9 motivante e arricchente.<\/li>\n<li>Light box con telecomando, sistema di illuminazione RGBW (bianco naturale e altri 20 colori) e caricabatterie.<\/li>\n<li>Con certificato <a href=\"https:\/\/es.wikipedia.org\/wiki\/Marcado_CE\" target=\"_blank\" rel=\"noopener noreferrer\"><img decoding=\"async\" class=\"alignnone\" src=\"https:\/\/ upload.wikimedia.org\/wikipedia\/commons\/thumb\/6\/66\/Conformit%C3%A9_Europ%C3%A9enne_%28logo%29.svg\/200px-Conformit%C3%A9_Europ%C3%A9enne_%28logo%29.svg. png\" alt=\"\" width=\"19\" Height=\"14\" \/><\/a> (certificazione europea) e <strong>garanzia a vita.<\/strong><\/li>\n<li>Se desideri convertire il tuo tavolo e ottenere molte pi\u00f9 possibilit\u00e0, puoi aggiungere diverse opzioni di coperchio.<\/li>\n<li>Disponibile anche con l&#8217;opzione luce nera, per poter sperimentare infinite altre attivit\u00e0.<\/li>\n<\/ul>\n<h3><span style=\"font-size: 90%;\"><strong>Spedizione:<\/strong><\/span><\/h3>\n<ul>\n<li>Tempo di spedizione approssimativo per questo prodotto: da 2 a 4 giorni lavorativi (se ne hai bisogno per una data specifica, contattaci)<\/li>\n<\/ul>\n<div class=\"row\"  id=\"row-823959892\">\n\n\t<div id=\"col-612913386\" class=\"col medium-6 small-12 large-6\"  >\n\t\t\t\t<div class=\"col-inner\"  >\n\t\t\t\n\t\t\t\n<p><strong>Video dimostrativo della scatola luminosa con luce extra nera:<\/strong><\/p>\n<p><iframe src=\"https:\/\/www.youtube.com\/embed\/AMKqbYld0zI?rel=0\" width=\"723\" Height=\"409\" frameborder=\"0\"allowfullscreen=\"allowfullscreen\"><\/iframe <\/p>\n\t\t<\/div>\n\t\t\t\t\t<\/div>\n\n\t\n\n\t<div id=\"col-1179723001\" class=\"col medium-6 small-12 large-6\"  >\n\t\t\t\t<div class=\"col-inner\"  >\n\t\t\t\n\t\t\t\n\t\t<\/div>\n\t\t\t\t\t<\/div>\n\n\t\n<\/div>\n","protected":false},"excerpt":{"rendered":"<ul>\n<li>Incoraggia la creativit\u00e0 e l&#8217;apprendimento dei tuoi figli con questo strumento educativo unico<\/li>\n<li>Esplora diverse texture e materiali con la superficie illuminata di alta qualit\u00e0 del tavolo luminoso Montessori (Reggio Emilia)<\/li>\n<li>Sviluppa abilit\u00e0 matematiche e scientifiche divertendoti con il tavolo luminoso Montessori<\/li>\n<li>Fai sentire i tuoi bambini stimolati e motivati \u200b\u200bcon questo strumento versatile e durevole<\/li>\n<\/ul>\n<p>&nbsp;<\/p>\n<h5 class=\"alt-font\" data-animate=\"fadeInRight\" data-animate-delay=\"200\"><\/h5>\n","protected":false},"featured_media":2610,"comment_status":"open","ping_status":"closed","template":"","meta":[],"product_cat":[91],"product_tag":[],"class_list":{"0":"post-3175","1":"product","2":"type-product","3":"status-publish","4":"has-post-thumbnail","6":"product_cat-tavolo-luminoso","8":"first","9":"instock","10":"taxable","11":"shipping-taxable","12":"purchasable","13":"product-type-variable"},"yoast_head":"<!-- This site is optimized with the Yoast SEO plugin v23.9 - https:\/\/yoast.com\/wordpress\/plugins\/seo\/ -->\n<title>Tavolo luminoso Montessori con sedie - Nenitus<\/title>\n<meta name=\"robots\" content=\"index, follow, max-snippet:-1, max-image-preview:large, max-video-preview:-1\" \/>\n<link rel=\"canonical\" href=\"https:\/\/nenitus.es\/it\/tavolo-luminoso-montessori-con-sedie\/\" \/>\n<meta property=\"og:locale\" content=\"it_IT\" \/>\n<meta property=\"og:type\" content=\"article\" \/>\n<meta property=\"og:title\" content=\"Tavolo luminoso Montessori con sedie - Nenitus\" \/>\n<meta property=\"og:description\" content=\"Incoraggia la creativit\u00e0 e l&#039;apprendimento dei tuoi figli con questo strumento educativo unico Esplora diverse texture e materiali con la superficie illuminata di alta qualit\u00e0 del tavolo luminoso Montessori (Reggio Emilia) Sviluppa abilit\u00e0 matematiche e scientifiche divertendoti con il tavolo luminoso Montessori Fai sentire i tuoi bambini stimolati e motivati \u200b\u200bcon questo strumento versatile e durevole  &nbsp;\" \/>\n<meta property=\"og:url\" content=\"https:\/\/nenitus.es\/it\/tavolo-luminoso-montessori-con-sedie\/\" \/>\n<meta property=\"og:site_name\" content=\"Nenitus\" \/>\n<meta property=\"article:modified_time\" content=\"2024-12-02T23:03:17+00:00\" \/>\n<meta property=\"og:image\" content=\"https:\/\/nenitus.es\/wp-content\/uploads\/2023\/05\/mesa-de-luz-montesori-ninos.png\" \/>\n\t<meta property=\"og:image:width\" content=\"577\" \/>\n\t<meta property=\"og:image:height\" content=\"433\" \/>\n\t<meta property=\"og:image:type\" content=\"image\/png\" \/>\n<meta name=\"twitter:card\" content=\"summary_large_image\" \/>\n<meta name=\"twitter:label1\" content=\"Tempo di lettura stimato\" \/>\n\t<meta name=\"twitter:data1\" content=\"3 minuti\" \/>\n<script type=\"application\/ld+json\" class=\"yoast-schema-graph\">{\"@context\":\"https:\/\/schema.org\",\"@graph\":[{\"@type\":\"WebPage\",\"@id\":\"https:\/\/nenitus.es\/it\/tavolo-luminoso-montessori-con-sedie\/\",\"url\":\"https:\/\/nenitus.es\/it\/tavolo-luminoso-montessori-con-sedie\/\",\"name\":\"Tavolo luminoso Montessori con sedie - Nenitus\",\"isPartOf\":{\"@id\":\"https:\/\/nenitus.es\/it\/#website\"},\"primaryImageOfPage\":{\"@id\":\"https:\/\/nenitus.es\/it\/tavolo-luminoso-montessori-con-sedie\/#primaryimage\"},\"image\":{\"@id\":\"https:\/\/nenitus.es\/it\/tavolo-luminoso-montessori-con-sedie\/#primaryimage\"},\"thumbnailUrl\":\"https:\/\/nenitus.es\/wp-content\/uploads\/2023\/05\/mesa-de-luz-montesori-ninos.png\",\"datePublished\":\"2023-05-01T10:36:19+00:00\",\"dateModified\":\"2024-12-02T23:03:17+00:00\",\"breadcrumb\":{\"@id\":\"https:\/\/nenitus.es\/it\/tavolo-luminoso-montessori-con-sedie\/#breadcrumb\"},\"inLanguage\":\"it-IT\",\"potentialAction\":[{\"@type\":\"ReadAction\",\"target\":[\"https:\/\/nenitus.es\/it\/tavolo-luminoso-montessori-con-sedie\/\"]}]},{\"@type\":\"ImageObject\",\"inLanguage\":\"it-IT\",\"@id\":\"https:\/\/nenitus.es\/it\/tavolo-luminoso-montessori-con-sedie\/#primaryimage\",\"url\":\"https:\/\/nenitus.es\/wp-content\/uploads\/2023\/05\/mesa-de-luz-montesori-ninos.png\",\"contentUrl\":\"https:\/\/nenitus.es\/wp-content\/uploads\/2023\/05\/mesa-de-luz-montesori-ninos.png\",\"width\":577,\"height\":433},{\"@type\":\"BreadcrumbList\",\"@id\":\"https:\/\/nenitus.es\/it\/tavolo-luminoso-montessori-con-sedie\/#breadcrumb\",\"itemListElement\":[{\"@type\":\"ListItem\",\"position\":1,\"name\":\"Portada\",\"item\":\"https:\/\/nenitus.es\/it\/\"},{\"@type\":\"ListItem\",\"position\":2,\"name\":\"Negozio\",\"item\":\"https:\/\/nenitus.es\/it\/negozio\/\"},{\"@type\":\"ListItem\",\"position\":3,\"name\":\"Tavolo luminoso Montessori con sedie\"}]},{\"@type\":\"WebSite\",\"@id\":\"https:\/\/nenitus.es\/it\/#website\",\"url\":\"https:\/\/nenitus.es\/it\/\",\"name\":\"Nenitus\",\"description\":\"\",\"potentialAction\":[{\"@type\":\"SearchAction\",\"target\":{\"@type\":\"EntryPoint\",\"urlTemplate\":\"https:\/\/nenitus.es\/it\/?s={search_term_string}\"},\"query-input\":{\"@type\":\"PropertyValueSpecification\",\"valueRequired\":true,\"valueName\":\"search_term_string\"}}],\"inLanguage\":\"it-IT\"}]}<\/script>\n<!-- \/ Yoast SEO plugin. -->","yoast_head_json":{"title":"Tavolo luminoso Montessori con sedie - Nenitus","robots":{"index":"index","follow":"follow","max-snippet":"max-snippet:-1","max-image-preview":"max-image-preview:large","max-video-preview":"max-video-preview:-1"},"canonical":"https:\/\/nenitus.es\/it\/tavolo-luminoso-montessori-con-sedie\/","og_locale":"it_IT","og_type":"article","og_title":"Tavolo luminoso Montessori con sedie - Nenitus","og_description":"Incoraggia la creativit\u00e0 e l'apprendimento dei tuoi figli con questo strumento educativo unico Esplora diverse texture e materiali con la superficie illuminata di alta qualit\u00e0 del tavolo luminoso Montessori (Reggio Emilia) Sviluppa abilit\u00e0 matematiche e scientifiche divertendoti con il tavolo luminoso Montessori Fai sentire i tuoi bambini stimolati e motivati \u200b\u200bcon questo strumento versatile e durevole  &nbsp;","og_url":"https:\/\/nenitus.es\/it\/tavolo-luminoso-montessori-con-sedie\/","og_site_name":"Nenitus","article_modified_time":"2024-12-02T23:03:17+00:00","og_image":[{"width":577,"height":433,"url":"https:\/\/nenitus.es\/wp-content\/uploads\/2023\/05\/mesa-de-luz-montesori-ninos.png","type":"image\/png"}],"twitter_card":"summary_large_image","twitter_misc":{"Tempo di lettura stimato":"3 minuti"},"schema":{"@context":"https:\/\/schema.org","@graph":[{"@type":"WebPage","@id":"https:\/\/nenitus.es\/it\/tavolo-luminoso-montessori-con-sedie\/","url":"https:\/\/nenitus.es\/it\/tavolo-luminoso-montessori-con-sedie\/","name":"Tavolo luminoso Montessori con sedie - Nenitus","isPartOf":{"@id":"https:\/\/nenitus.es\/it\/#website"},"primaryImageOfPage":{"@id":"https:\/\/nenitus.es\/it\/tavolo-luminoso-montessori-con-sedie\/#primaryimage"},"image":{"@id":"https:\/\/nenitus.es\/it\/tavolo-luminoso-montessori-con-sedie\/#primaryimage"},"thumbnailUrl":"https:\/\/nenitus.es\/wp-content\/uploads\/2023\/05\/mesa-de-luz-montesori-ninos.png","datePublished":"2023-05-01T10:36:19+00:00","dateModified":"2024-12-02T23:03:17+00:00","breadcrumb":{"@id":"https:\/\/nenitus.es\/it\/tavolo-luminoso-montessori-con-sedie\/#breadcrumb"},"inLanguage":"it-IT","potentialAction":[{"@type":"ReadAction","target":["https:\/\/nenitus.es\/it\/tavolo-luminoso-montessori-con-sedie\/"]}]},{"@type":"ImageObject","inLanguage":"it-IT","@id":"https:\/\/nenitus.es\/it\/tavolo-luminoso-montessori-con-sedie\/#primaryimage","url":"https:\/\/nenitus.es\/wp-content\/uploads\/2023\/05\/mesa-de-luz-montesori-ninos.png","contentUrl":"https:\/\/nenitus.es\/wp-content\/uploads\/2023\/05\/mesa-de-luz-montesori-ninos.png","width":577,"height":433},{"@type":"BreadcrumbList","@id":"https:\/\/nenitus.es\/it\/tavolo-luminoso-montessori-con-sedie\/#breadcrumb","itemListElement":[{"@type":"ListItem","position":1,"name":"Portada","item":"https:\/\/nenitus.es\/it\/"},{"@type":"ListItem","position":2,"name":"Negozio","item":"https:\/\/nenitus.es\/it\/negozio\/"},{"@type":"ListItem","position":3,"name":"Tavolo luminoso Montessori con sedie"}]},{"@type":"WebSite","@id":"https:\/\/nenitus.es\/it\/#website","url":"https:\/\/nenitus.es\/it\/","name":"Nenitus","description":"","potentialAction":[{"@type":"SearchAction","target":{"@type":"EntryPoint","urlTemplate":"https:\/\/nenitus.es\/it\/?s={search_term_string}"},"query-input":{"@type":"PropertyValueSpecification","valueRequired":true,"valueName":"search_term_string"}}],"inLanguage":"it-IT"}]}},"jetpack_sharing_enabled":true,"_links":{"self":[{"href":"https:\/\/nenitus.es\/it\/wp-json\/wp\/v2\/product\/3175","targetHints":{"allow":["GET"]}}],"collection":[{"href":"https:\/\/nenitus.es\/it\/wp-json\/wp\/v2\/product"}],"about":[{"href":"https:\/\/nenitus.es\/it\/wp-json\/wp\/v2\/types\/product"}],"replies":[{"embeddable":true,"href":"https:\/\/nenitus.es\/it\/wp-json\/wp\/v2\/comments?post=3175"}],"wp:featuredmedia":[{"embeddable":true,"href":"https:\/\/nenitus.es\/it\/wp-json\/wp\/v2\/media\/2610"}],"wp:attachment":[{"href":"https:\/\/nenitus.es\/it\/wp-json\/wp\/v2\/media?parent=3175"}],"wp:term":[{"taxonomy":"product_cat","embeddable":true,"href":"https:\/\/nenitus.es\/it\/wp-json\/wp\/v2\/product_cat?post=3175"},{"taxonomy":"product_tag","embeddable":true,"href":"https:\/\/nenitus.es\/it\/wp-json\/wp\/v2\/product_tag?post=3175"}],"curies":[{"name":"wp","href":"https:\/\/api.w.org\/{rel}","templated":true}]}}