{"id":3186,"date":"2023-05-01T12:35:54","date_gmt":"2023-05-01T10:35:54","guid":{"rendered":"https:\/\/nenitus.es\/pinzette-colorate\/"},"modified":"2023-05-01T12:35:54","modified_gmt":"2023-05-01T10:35:54","slug":"pinzette-colorate","status":"publish","type":"product","link":"https:\/\/nenitus.es\/it\/pinzette-colorate\/","title":{"rendered":"Pinzette colorate"},"content":{"rendered":"<p>Queste clip Jumbo sono divertenti da usare con i bambini piccoli nelle scuole durante i primi anni. L&#8217;uso delle pinzette a misura di bambino aiuter\u00e0 i bambini a sviluppare le loro capacit\u00e0 di manipolazione, coordinazione occhio-mano e controllo motorio.<\/p>\n<p>Tutte le competenze essenziali per controllare matite e altri strumenti per creare segni.<\/p>\n<p>Dodici pinzette in 6 colori assortiti in un pratico contenitore di plastica.<\/p>\n<p>Et\u00e0: +18 mesi<\/p>\n","protected":false},"excerpt":{"rendered":"<p>Le mollette colorate sono ideali per le attivit\u00e0 di conteggio e smistamento. Facile da usare per le mani dei pi\u00f9 piccoli e migliora le capacit\u00e0 motorie. Le pinzette misurano 12 cm e contengono 6 tipi di colori in un contenitore con coperchio.<\/p>\n","protected":false},"featured_media":2093,"comment_status":"open","ping_status":"closed","template":"","meta":[],"product_cat":[92],"product_tag":[],"class_list":{"0":"post-3186","1":"product","2":"type-product","3":"status-publish","4":"has-post-thumbnail","6":"product_cat-materiali-montessori","8":"first","9":"outofstock","10":"taxable","11":"shipping-taxable","12":"purchasable","13":"product-type-simple"},"yoast_head":"<!-- This site is optimized with the Yoast SEO plugin v23.9 - https:\/\/yoast.com\/wordpress\/plugins\/seo\/ -->\n<title>Pinzette colorate - Nenitus<\/title>\n<meta name=\"robots\" content=\"index, follow, max-snippet:-1, max-image-preview:large, max-video-preview:-1\" \/>\n<link rel=\"canonical\" href=\"https:\/\/nenitus.es\/it\/pinzette-colorate\/\" \/>\n<meta property=\"og:locale\" content=\"it_IT\" \/>\n<meta property=\"og:type\" content=\"article\" \/>\n<meta property=\"og:title\" content=\"Pinzette colorate - Nenitus\" \/>\n<meta property=\"og:description\" content=\"Le mollette colorate sono ideali per le attivit\u00e0 di conteggio e smistamento. Facile da usare per le mani dei pi\u00f9 piccoli e migliora le capacit\u00e0 motorie. Le pinzette misurano 12 cm e contengono 6 tipi di colori in un contenitore con coperchio.\" \/>\n<meta property=\"og:url\" content=\"https:\/\/nenitus.es\/it\/pinzette-colorate\/\" \/>\n<meta property=\"og:site_name\" content=\"Nenitus\" \/>\n<meta property=\"og:image\" content=\"https:\/\/nenitus.es\/wp-content\/uploads\/2023\/05\/75088_3-scaled-e1625579967623.jpg\" \/>\n\t<meta property=\"og:image:width\" content=\"500\" \/>\n\t<meta property=\"og:image:height\" content=\"333\" \/>\n\t<meta property=\"og:image:type\" content=\"image\/jpeg\" \/>\n<meta name=\"twitter:card\" content=\"summary_large_image\" \/>\n<script type=\"application\/ld+json\" class=\"yoast-schema-graph\">{\"@context\":\"https:\/\/schema.org\",\"@graph\":[{\"@type\":\"WebPage\",\"@id\":\"https:\/\/nenitus.es\/it\/pinzette-colorate\/\",\"url\":\"https:\/\/nenitus.es\/it\/pinzette-colorate\/\",\"name\":\"Pinzette colorate - Nenitus\",\"isPartOf\":{\"@id\":\"https:\/\/nenitus.es\/it\/#website\"},\"primaryImageOfPage\":{\"@id\":\"https:\/\/nenitus.es\/it\/pinzette-colorate\/#primaryimage\"},\"image\":{\"@id\":\"https:\/\/nenitus.es\/it\/pinzette-colorate\/#primaryimage\"},\"thumbnailUrl\":\"https:\/\/nenitus.es\/wp-content\/uploads\/2023\/05\/75088_3-scaled-e1625579967623.jpg\",\"datePublished\":\"2023-05-01T10:35:54+00:00\",\"dateModified\":\"2023-05-01T10:35:54+00:00\",\"breadcrumb\":{\"@id\":\"https:\/\/nenitus.es\/it\/pinzette-colorate\/#breadcrumb\"},\"inLanguage\":\"it-IT\",\"potentialAction\":[{\"@type\":\"ReadAction\",\"target\":[\"https:\/\/nenitus.es\/it\/pinzette-colorate\/\"]}]},{\"@type\":\"ImageObject\",\"inLanguage\":\"it-IT\",\"@id\":\"https:\/\/nenitus.es\/it\/pinzette-colorate\/#primaryimage\",\"url\":\"https:\/\/nenitus.es\/wp-content\/uploads\/2023\/05\/75088_3-scaled-e1625579967623.jpg\",\"contentUrl\":\"https:\/\/nenitus.es\/wp-content\/uploads\/2023\/05\/75088_3-scaled-e1625579967623.jpg\",\"width\":500,\"height\":333},{\"@type\":\"BreadcrumbList\",\"@id\":\"https:\/\/nenitus.es\/it\/pinzette-colorate\/#breadcrumb\",\"itemListElement\":[{\"@type\":\"ListItem\",\"position\":1,\"name\":\"Portada\",\"item\":\"https:\/\/nenitus.es\/it\/\"},{\"@type\":\"ListItem\",\"position\":2,\"name\":\"Negozio\",\"item\":\"https:\/\/nenitus.es\/it\/negozio\/\"},{\"@type\":\"ListItem\",\"position\":3,\"name\":\"Pinzette colorate\"}]},{\"@type\":\"WebSite\",\"@id\":\"https:\/\/nenitus.es\/it\/#website\",\"url\":\"https:\/\/nenitus.es\/it\/\",\"name\":\"Nenitus\",\"description\":\"\",\"potentialAction\":[{\"@type\":\"SearchAction\",\"target\":{\"@type\":\"EntryPoint\",\"urlTemplate\":\"https:\/\/nenitus.es\/it\/?s={search_term_string}\"},\"query-input\":{\"@type\":\"PropertyValueSpecification\",\"valueRequired\":true,\"valueName\":\"search_term_string\"}}],\"inLanguage\":\"it-IT\"}]}<\/script>\n<!-- \/ Yoast SEO plugin. -->","yoast_head_json":{"title":"Pinzette colorate - Nenitus","robots":{"index":"index","follow":"follow","max-snippet":"max-snippet:-1","max-image-preview":"max-image-preview:large","max-video-preview":"max-video-preview:-1"},"canonical":"https:\/\/nenitus.es\/it\/pinzette-colorate\/","og_locale":"it_IT","og_type":"article","og_title":"Pinzette colorate - Nenitus","og_description":"Le mollette colorate sono ideali per le attivit\u00e0 di conteggio e smistamento. Facile da usare per le mani dei pi\u00f9 piccoli e migliora le capacit\u00e0 motorie. Le pinzette misurano 12 cm e contengono 6 tipi di colori in un contenitore con coperchio.","og_url":"https:\/\/nenitus.es\/it\/pinzette-colorate\/","og_site_name":"Nenitus","og_image":[{"width":500,"height":333,"url":"https:\/\/nenitus.es\/wp-content\/uploads\/2023\/05\/75088_3-scaled-e1625579967623.jpg","type":"image\/jpeg"}],"twitter_card":"summary_large_image","schema":{"@context":"https:\/\/schema.org","@graph":[{"@type":"WebPage","@id":"https:\/\/nenitus.es\/it\/pinzette-colorate\/","url":"https:\/\/nenitus.es\/it\/pinzette-colorate\/","name":"Pinzette colorate - Nenitus","isPartOf":{"@id":"https:\/\/nenitus.es\/it\/#website"},"primaryImageOfPage":{"@id":"https:\/\/nenitus.es\/it\/pinzette-colorate\/#primaryimage"},"image":{"@id":"https:\/\/nenitus.es\/it\/pinzette-colorate\/#primaryimage"},"thumbnailUrl":"https:\/\/nenitus.es\/wp-content\/uploads\/2023\/05\/75088_3-scaled-e1625579967623.jpg","datePublished":"2023-05-01T10:35:54+00:00","dateModified":"2023-05-01T10:35:54+00:00","breadcrumb":{"@id":"https:\/\/nenitus.es\/it\/pinzette-colorate\/#breadcrumb"},"inLanguage":"it-IT","potentialAction":[{"@type":"ReadAction","target":["https:\/\/nenitus.es\/it\/pinzette-colorate\/"]}]},{"@type":"ImageObject","inLanguage":"it-IT","@id":"https:\/\/nenitus.es\/it\/pinzette-colorate\/#primaryimage","url":"https:\/\/nenitus.es\/wp-content\/uploads\/2023\/05\/75088_3-scaled-e1625579967623.jpg","contentUrl":"https:\/\/nenitus.es\/wp-content\/uploads\/2023\/05\/75088_3-scaled-e1625579967623.jpg","width":500,"height":333},{"@type":"BreadcrumbList","@id":"https:\/\/nenitus.es\/it\/pinzette-colorate\/#breadcrumb","itemListElement":[{"@type":"ListItem","position":1,"name":"Portada","item":"https:\/\/nenitus.es\/it\/"},{"@type":"ListItem","position":2,"name":"Negozio","item":"https:\/\/nenitus.es\/it\/negozio\/"},{"@type":"ListItem","position":3,"name":"Pinzette colorate"}]},{"@type":"WebSite","@id":"https:\/\/nenitus.es\/it\/#website","url":"https:\/\/nenitus.es\/it\/","name":"Nenitus","description":"","potentialAction":[{"@type":"SearchAction","target":{"@type":"EntryPoint","urlTemplate":"https:\/\/nenitus.es\/it\/?s={search_term_string}"},"query-input":{"@type":"PropertyValueSpecification","valueRequired":true,"valueName":"search_term_string"}}],"inLanguage":"it-IT"}]}},"jetpack_sharing_enabled":true,"_links":{"self":[{"href":"https:\/\/nenitus.es\/it\/wp-json\/wp\/v2\/product\/3186","targetHints":{"allow":["GET"]}}],"collection":[{"href":"https:\/\/nenitus.es\/it\/wp-json\/wp\/v2\/product"}],"about":[{"href":"https:\/\/nenitus.es\/it\/wp-json\/wp\/v2\/types\/product"}],"replies":[{"embeddable":true,"href":"https:\/\/nenitus.es\/it\/wp-json\/wp\/v2\/comments?post=3186"}],"wp:featuredmedia":[{"embeddable":true,"href":"https:\/\/nenitus.es\/it\/wp-json\/wp\/v2\/media\/2093"}],"wp:attachment":[{"href":"https:\/\/nenitus.es\/it\/wp-json\/wp\/v2\/media?parent=3186"}],"wp:term":[{"taxonomy":"product_cat","embeddable":true,"href":"https:\/\/nenitus.es\/it\/wp-json\/wp\/v2\/product_cat?post=3186"},{"taxonomy":"product_tag","embeddable":true,"href":"https:\/\/nenitus.es\/it\/wp-json\/wp\/v2\/product_tag?post=3186"}],"curies":[{"name":"wp","href":"https:\/\/api.w.org\/{rel}","templated":true}]}}