{"id":3303,"date":"2023-11-08T17:11:23","date_gmt":"2023-11-08T16:11:23","guid":{"rendered":"https:\/\/nenitus.es\/?post_type=product&#038;p=3303"},"modified":"2024-12-03T00:02:39","modified_gmt":"2024-12-02T23:02:39","slug":"giocattolo-in-legno-per-rampa-per-auto","status":"publish","type":"product","link":"https:\/\/nenitus.es\/it\/giocattolo-in-legno-per-rampa-per-auto\/","title":{"rendered":"Giocattolo in legno per rampa per auto"},"content":{"rendered":"<h1><span style=\"font-size: 100%;\"><strong>Giocattolo rampa per auto in legno<\/strong><\/span><\/h1>\n<p><span class=\"a-list-item\">La pista da corsa per bambini viene fornita completamente assemblata e pronta per l&#8217;uso. <\/span><\/p>\n<p><span class=\"a-list-item\">Con 4 rampe e 6 mini auto da corsa di diversi colori, offre affascinanti movimenti continui e tanto tempo di gioco dinamico,<\/span><\/p>\n<p><span class=\"a-list-item\">Basta posizionare l&#8217;auto da corsa sulla pista pi\u00f9 alta e guardarla scivolare lungo la rampa a zigzag fino al traguardo; I colori vivaci e i motivi divertenti coinvolgeranno i bambini per ore di divertimento.<\/span><\/p>\n<p><span class=\"a-list-item\">Molto stimolante!<\/span><\/p>\n<p>&nbsp;<\/p>\n<h3><span style=\"font-size: 90%;\"><strong>Caratteristiche:<\/strong><\/span><\/h3>\n<ul class=\"a-unordered-list a-vertical a-spacing-mini\">\n<li class=\"a-spacing-mini\"><span class=\"a-list-item\"><b>Materiale sicuro<\/b>: \u00e8 realizzato in legno sostenibile e plastica di alta qualit\u00e0 e tinto con eco- vernici amichevoli Non tossico a base d&#8217;acqua, ha una superficie liscia e colorata, robusta e durevole, sicura per i tuoi bambini. <\/span>Conforme agli standard di sicurezza dei giocattoli EC EN71, ASTM F963 e CPSIA, essendo testato e certificato.<\/li>\n<li class=\"a-spacing-mini\"><span class=\"a-list-item\"><b>Giocattolo didattico educativo<\/b>: aiuta i bambini a sviluppare la coordinazione occhio-mano, le capacit\u00e0 motorie, il tracciamento visivo, imparare i colori e la matematica, l&#8217;immaginazione, la creativit\u00e0, la concentrazione e le capacit\u00e0 comunicative.<\/span><\/li>\n<\/ul>\n<h3><strong><span style=\"font-size: 90%;\">Materiali:<\/span><\/strong><\/h3>\n<ul>\n<li>Legno e plastica<\/li>\n<\/ul>\n<h3><strong><span style=\"font-size: 90%;\">Spedizione:<\/span><\/strong><\/h3>\n<ul>\n<li>Tempo di spedizione approssimativo per questo prodotto: da 1 a 2 giorni lavorativi (se ne hai bisogno per una data specifica, contattaci)<\/li>\n<\/ul>\n","protected":false},"excerpt":{"rendered":"<p>Divertente rampa per auto con circuito da corsa, per bambini e neonati, giocattoli in legno e binari a zigzag in plastica e 6 macchinine in legno super sicure.<\/p>\n","protected":false},"featured_media":3412,"comment_status":"open","ping_status":"closed","template":"","meta":[],"product_cat":[92],"product_tag":[],"class_list":{"0":"post-3303","1":"product","2":"type-product","3":"status-publish","4":"has-post-thumbnail","6":"product_cat-materiali-montessori","8":"first","9":"outofstock","10":"featured","11":"taxable","12":"shipping-taxable","13":"purchasable","14":"product-type-simple"},"yoast_head":"<!-- This site is optimized with the Yoast SEO plugin v23.9 - https:\/\/yoast.com\/wordpress\/plugins\/seo\/ -->\n<title>Giocattolo in legno per rampa per auto - Nenitus<\/title>\n<meta name=\"robots\" content=\"index, follow, max-snippet:-1, max-image-preview:large, max-video-preview:-1\" \/>\n<link rel=\"canonical\" href=\"https:\/\/nenitus.es\/it\/giocattolo-in-legno-per-rampa-per-auto\/\" \/>\n<meta property=\"og:locale\" content=\"it_IT\" \/>\n<meta property=\"og:type\" content=\"article\" \/>\n<meta property=\"og:title\" content=\"Giocattolo in legno per rampa per auto - Nenitus\" \/>\n<meta property=\"og:description\" content=\"Divertente rampa per auto con circuito da corsa, per bambini e neonati, giocattoli in legno e binari a zigzag in plastica e 6 macchinine in legno super sicure.\" \/>\n<meta property=\"og:url\" content=\"https:\/\/nenitus.es\/it\/giocattolo-in-legno-per-rampa-per-auto\/\" \/>\n<meta property=\"og:site_name\" content=\"Nenitus\" \/>\n<meta property=\"article:modified_time\" content=\"2024-12-02T23:02:39+00:00\" \/>\n<meta property=\"og:image\" content=\"https:\/\/nenitus.es\/wp-content\/uploads\/2023\/11\/61DyGyqRveL._AC_SL1500_-1.jpg\" \/>\n\t<meta property=\"og:image:width\" content=\"1000\" \/>\n\t<meta property=\"og:image:height\" content=\"1000\" \/>\n\t<meta property=\"og:image:type\" content=\"image\/jpeg\" \/>\n<meta name=\"twitter:card\" content=\"summary_large_image\" \/>\n<meta name=\"twitter:label1\" content=\"Tempo di lettura stimato\" \/>\n\t<meta name=\"twitter:data1\" content=\"1 minuto\" \/>\n<script type=\"application\/ld+json\" class=\"yoast-schema-graph\">{\"@context\":\"https:\/\/schema.org\",\"@graph\":[{\"@type\":\"WebPage\",\"@id\":\"https:\/\/nenitus.es\/it\/giocattolo-in-legno-per-rampa-per-auto\/\",\"url\":\"https:\/\/nenitus.es\/it\/giocattolo-in-legno-per-rampa-per-auto\/\",\"name\":\"Giocattolo in legno per rampa per auto - Nenitus\",\"isPartOf\":{\"@id\":\"https:\/\/nenitus.es\/it\/#website\"},\"primaryImageOfPage\":{\"@id\":\"https:\/\/nenitus.es\/it\/giocattolo-in-legno-per-rampa-per-auto\/#primaryimage\"},\"image\":{\"@id\":\"https:\/\/nenitus.es\/it\/giocattolo-in-legno-per-rampa-per-auto\/#primaryimage\"},\"thumbnailUrl\":\"https:\/\/nenitus.es\/wp-content\/uploads\/2023\/11\/61DyGyqRveL._AC_SL1500_-1.jpg\",\"datePublished\":\"2023-11-08T16:11:23+00:00\",\"dateModified\":\"2024-12-02T23:02:39+00:00\",\"breadcrumb\":{\"@id\":\"https:\/\/nenitus.es\/it\/giocattolo-in-legno-per-rampa-per-auto\/#breadcrumb\"},\"inLanguage\":\"it-IT\",\"potentialAction\":[{\"@type\":\"ReadAction\",\"target\":[\"https:\/\/nenitus.es\/it\/giocattolo-in-legno-per-rampa-per-auto\/\"]}]},{\"@type\":\"ImageObject\",\"inLanguage\":\"it-IT\",\"@id\":\"https:\/\/nenitus.es\/it\/giocattolo-in-legno-per-rampa-per-auto\/#primaryimage\",\"url\":\"https:\/\/nenitus.es\/wp-content\/uploads\/2023\/11\/61DyGyqRveL._AC_SL1500_-1.jpg\",\"contentUrl\":\"https:\/\/nenitus.es\/wp-content\/uploads\/2023\/11\/61DyGyqRveL._AC_SL1500_-1.jpg\",\"width\":1000,\"height\":1000},{\"@type\":\"BreadcrumbList\",\"@id\":\"https:\/\/nenitus.es\/it\/giocattolo-in-legno-per-rampa-per-auto\/#breadcrumb\",\"itemListElement\":[{\"@type\":\"ListItem\",\"position\":1,\"name\":\"Portada\",\"item\":\"https:\/\/nenitus.es\/it\/\"},{\"@type\":\"ListItem\",\"position\":2,\"name\":\"Negozio\",\"item\":\"https:\/\/nenitus.es\/it\/negozio\/\"},{\"@type\":\"ListItem\",\"position\":3,\"name\":\"Giocattolo in legno per rampa per auto\"}]},{\"@type\":\"WebSite\",\"@id\":\"https:\/\/nenitus.es\/it\/#website\",\"url\":\"https:\/\/nenitus.es\/it\/\",\"name\":\"Nenitus\",\"description\":\"\",\"potentialAction\":[{\"@type\":\"SearchAction\",\"target\":{\"@type\":\"EntryPoint\",\"urlTemplate\":\"https:\/\/nenitus.es\/it\/?s={search_term_string}\"},\"query-input\":{\"@type\":\"PropertyValueSpecification\",\"valueRequired\":true,\"valueName\":\"search_term_string\"}}],\"inLanguage\":\"it-IT\"}]}<\/script>\n<!-- \/ Yoast SEO plugin. -->","yoast_head_json":{"title":"Giocattolo in legno per rampa per auto - Nenitus","robots":{"index":"index","follow":"follow","max-snippet":"max-snippet:-1","max-image-preview":"max-image-preview:large","max-video-preview":"max-video-preview:-1"},"canonical":"https:\/\/nenitus.es\/it\/giocattolo-in-legno-per-rampa-per-auto\/","og_locale":"it_IT","og_type":"article","og_title":"Giocattolo in legno per rampa per auto - Nenitus","og_description":"Divertente rampa per auto con circuito da corsa, per bambini e neonati, giocattoli in legno e binari a zigzag in plastica e 6 macchinine in legno super sicure.","og_url":"https:\/\/nenitus.es\/it\/giocattolo-in-legno-per-rampa-per-auto\/","og_site_name":"Nenitus","article_modified_time":"2024-12-02T23:02:39+00:00","og_image":[{"width":1000,"height":1000,"url":"https:\/\/nenitus.es\/wp-content\/uploads\/2023\/11\/61DyGyqRveL._AC_SL1500_-1.jpg","type":"image\/jpeg"}],"twitter_card":"summary_large_image","twitter_misc":{"Tempo di lettura stimato":"1 minuto"},"schema":{"@context":"https:\/\/schema.org","@graph":[{"@type":"WebPage","@id":"https:\/\/nenitus.es\/it\/giocattolo-in-legno-per-rampa-per-auto\/","url":"https:\/\/nenitus.es\/it\/giocattolo-in-legno-per-rampa-per-auto\/","name":"Giocattolo in legno per rampa per auto - Nenitus","isPartOf":{"@id":"https:\/\/nenitus.es\/it\/#website"},"primaryImageOfPage":{"@id":"https:\/\/nenitus.es\/it\/giocattolo-in-legno-per-rampa-per-auto\/#primaryimage"},"image":{"@id":"https:\/\/nenitus.es\/it\/giocattolo-in-legno-per-rampa-per-auto\/#primaryimage"},"thumbnailUrl":"https:\/\/nenitus.es\/wp-content\/uploads\/2023\/11\/61DyGyqRveL._AC_SL1500_-1.jpg","datePublished":"2023-11-08T16:11:23+00:00","dateModified":"2024-12-02T23:02:39+00:00","breadcrumb":{"@id":"https:\/\/nenitus.es\/it\/giocattolo-in-legno-per-rampa-per-auto\/#breadcrumb"},"inLanguage":"it-IT","potentialAction":[{"@type":"ReadAction","target":["https:\/\/nenitus.es\/it\/giocattolo-in-legno-per-rampa-per-auto\/"]}]},{"@type":"ImageObject","inLanguage":"it-IT","@id":"https:\/\/nenitus.es\/it\/giocattolo-in-legno-per-rampa-per-auto\/#primaryimage","url":"https:\/\/nenitus.es\/wp-content\/uploads\/2023\/11\/61DyGyqRveL._AC_SL1500_-1.jpg","contentUrl":"https:\/\/nenitus.es\/wp-content\/uploads\/2023\/11\/61DyGyqRveL._AC_SL1500_-1.jpg","width":1000,"height":1000},{"@type":"BreadcrumbList","@id":"https:\/\/nenitus.es\/it\/giocattolo-in-legno-per-rampa-per-auto\/#breadcrumb","itemListElement":[{"@type":"ListItem","position":1,"name":"Portada","item":"https:\/\/nenitus.es\/it\/"},{"@type":"ListItem","position":2,"name":"Negozio","item":"https:\/\/nenitus.es\/it\/negozio\/"},{"@type":"ListItem","position":3,"name":"Giocattolo in legno per rampa per auto"}]},{"@type":"WebSite","@id":"https:\/\/nenitus.es\/it\/#website","url":"https:\/\/nenitus.es\/it\/","name":"Nenitus","description":"","potentialAction":[{"@type":"SearchAction","target":{"@type":"EntryPoint","urlTemplate":"https:\/\/nenitus.es\/it\/?s={search_term_string}"},"query-input":{"@type":"PropertyValueSpecification","valueRequired":true,"valueName":"search_term_string"}}],"inLanguage":"it-IT"}]}},"jetpack_sharing_enabled":true,"_links":{"self":[{"href":"https:\/\/nenitus.es\/it\/wp-json\/wp\/v2\/product\/3303","targetHints":{"allow":["GET"]}}],"collection":[{"href":"https:\/\/nenitus.es\/it\/wp-json\/wp\/v2\/product"}],"about":[{"href":"https:\/\/nenitus.es\/it\/wp-json\/wp\/v2\/types\/product"}],"replies":[{"embeddable":true,"href":"https:\/\/nenitus.es\/it\/wp-json\/wp\/v2\/comments?post=3303"}],"wp:featuredmedia":[{"embeddable":true,"href":"https:\/\/nenitus.es\/it\/wp-json\/wp\/v2\/media\/3412"}],"wp:attachment":[{"href":"https:\/\/nenitus.es\/it\/wp-json\/wp\/v2\/media?parent=3303"}],"wp:term":[{"taxonomy":"product_cat","embeddable":true,"href":"https:\/\/nenitus.es\/it\/wp-json\/wp\/v2\/product_cat?post=3303"},{"taxonomy":"product_tag","embeddable":true,"href":"https:\/\/nenitus.es\/it\/wp-json\/wp\/v2\/product_tag?post=3303"}],"curies":[{"name":"wp","href":"https:\/\/api.w.org\/{rel}","templated":true}]}}