{"id":3414,"date":"2023-11-14T16:44:50","date_gmt":"2023-11-14T15:44:50","guid":{"rendered":"https:\/\/nenitus.es\/?post_type=product&#038;p=3414"},"modified":"2024-12-03T00:02:39","modified_gmt":"2024-12-02T23:02:39","slug":"autotreno-per-gelati-in-legno-per-bambini","status":"publish","type":"product","link":"https:\/\/nenitus.es\/it\/autotreno-per-gelati-in-legno-per-bambini\/","title":{"rendered":"Autotreno per gelati in legno per bambini"},"content":{"rendered":"<h1 id=\"title\" class=\"a-size-large a-spacing-none\"><strong><span id=\"productTitle\" class=\"a-size-large product-title-word-break\">Giocattoli Autotreno per gelati per bambini Montessori.<\/span><\/strong><\/h1>\n<p>Questo camion da gioco \u00e8 un fantastico giocattolo Montessori per tenere occupati i pi\u00f9 piccoli in casa per ore e sviluppare la mente, i sensi e la coordinazione dei bambini.<\/p>\n<p>I bambini possono ordinare e impilare i blocchi di gelato in base al colore o alla forma, oppure possono usare la loro immaginazione per mescolare e abbinare liberamente una variet\u00e0 di gelati colorati.<\/p>\n<p>Il camioncino dei gelati giocattolo \u00e8 dotato di un cordino sulla parte anteriore per aiutare i bambini a spingerlo o a gattonare.<\/p>\n<p>&nbsp;<\/p>\n<h3><span style=\"font-size: 90%;\"><strong>Caratteristiche:<\/strong><\/span><\/h3>\n<ul class=\"a-unordered-list a-vertical a-spacing-mini\">\n<li class=\"a-spacing-mini\"><span class=\"a-list-item\"><b>Materiale Sicuro<\/b>: Sono materiali in legno, 100% atossici con vernice a base di acqua, sicuro per i bambini ed ecologico. I bordi sono lisci e non danneggiano la pelle del bambino, \u00e8 progettato con blocchi di forma geometrica pi\u00f9 grandi che impediscono ai bambini di ingoiarli, quindi \u00e8 molto pi\u00f9 sicuro dei soliti piccoli blocchi. Tutte le parti del prodotto soddisfano i pi\u00f9 severi requisiti di sicurezza EN-71 e CE.<\/span><\/li>\n<li class=\"a-spacing-mini\"><span class=\"a-list-item\"><span class=\"a-list-item\"><b>Giocattolo per la stimolazione precoce<\/strong> <\/b> : Il nostro giocattolo del camioncino dei gelati<b> <\/b><\/span><\/span><span class=\"a-list-item\">\u00e8 stato sviluppato per offrire ai bambini un modo divertente di divertirsi migliorando la forma riconoscimento, capacit\u00e0 motorie fini, dove imparano ad abbinare e classificare, coordinazione occhio-mano e capacit\u00e0 di risoluzione dei problemi, oltre a sviluppare la loro creativit\u00e0 e regalare loro ore di divertimento.<\/span <\/li>\n<\/ul>\n<h3><strong><span style=\"font-size: 90%;\">Materiali:<\/span><\/strong><\/h3>\n<ul>\n<li>Legno<\/li>\n<\/ul>\n<h3><strong><span style=\"font-size: 90%;\">Spedizione:<\/span><\/strong><\/h3>\n<ul>\n<li>Tempo di spedizione approssimativo per questo prodotto: da 1 a 2 giorni lavorativi (se ne hai bisogno per una data specifica, contattaci)<\/li>\n<\/ul>\n","protected":false},"excerpt":{"rendered":"<div>1 camioncino dei gelati e 21 blocchi gelato magnetici.<\/div>\n<div><\/div>\n<div>I bambini potranno realizzare diversi gusti di gelato in base al colore o alla forma, oppure potranno usare la loro fantasia per mescolare e abbinare liberamente una variet\u00e0 di gelati colorati per esercitare la loro abilit\u00e0 manuale e sviluppare mente, sensi e coordinazione.<\/div>\n<p>&nbsp;<\/p>\n<p>&nbsp;<\/p>\n","protected":false},"featured_media":3416,"comment_status":"open","ping_status":"closed","template":"","meta":[],"product_cat":[92],"product_tag":[],"class_list":{"0":"post-3414","1":"product","2":"type-product","3":"status-publish","4":"has-post-thumbnail","6":"product_cat-materiali-montessori","8":"first","9":"instock","10":"featured","11":"taxable","12":"shipping-taxable","13":"purchasable","14":"product-type-simple"},"yoast_head":"<!-- This site is optimized with the Yoast SEO plugin v23.9 - https:\/\/yoast.com\/wordpress\/plugins\/seo\/ -->\n<title>Autotreno per gelati in legno per bambini - Nenitus<\/title>\n<meta name=\"robots\" content=\"index, follow, max-snippet:-1, max-image-preview:large, max-video-preview:-1\" \/>\n<link rel=\"canonical\" href=\"https:\/\/nenitus.es\/it\/autotreno-per-gelati-in-legno-per-bambini\/\" \/>\n<meta property=\"og:locale\" content=\"it_IT\" \/>\n<meta property=\"og:type\" content=\"article\" \/>\n<meta property=\"og:title\" content=\"Autotreno per gelati in legno per bambini - Nenitus\" \/>\n<meta property=\"og:description\" content=\"1 camioncino dei gelati e 21 blocchi gelato magnetici.  I bambini potranno realizzare diversi gusti di gelato in base al colore o alla forma, oppure potranno usare la loro fantasia per mescolare e abbinare liberamente una variet\u00e0 di gelati colorati per esercitare la loro abilit\u00e0 manuale e sviluppare mente, sensi e coordinazione. &nbsp;  &nbsp;\" \/>\n<meta property=\"og:url\" content=\"https:\/\/nenitus.es\/it\/autotreno-per-gelati-in-legno-per-bambini\/\" \/>\n<meta property=\"og:site_name\" content=\"Nenitus\" \/>\n<meta property=\"article:modified_time\" content=\"2024-12-02T23:02:39+00:00\" \/>\n<meta property=\"og:image\" content=\"https:\/\/nenitus.es\/wp-content\/uploads\/2023\/11\/Camion-helados-de-madera.jpg\" \/>\n\t<meta property=\"og:image:width\" content=\"1000\" \/>\n\t<meta property=\"og:image:height\" content=\"1000\" \/>\n\t<meta property=\"og:image:type\" content=\"image\/jpeg\" \/>\n<meta name=\"twitter:card\" content=\"summary_large_image\" \/>\n<meta name=\"twitter:label1\" content=\"Tempo di lettura stimato\" \/>\n\t<meta name=\"twitter:data1\" content=\"2 minuti\" \/>\n<script type=\"application\/ld+json\" class=\"yoast-schema-graph\">{\"@context\":\"https:\/\/schema.org\",\"@graph\":[{\"@type\":\"WebPage\",\"@id\":\"https:\/\/nenitus.es\/it\/autotreno-per-gelati-in-legno-per-bambini\/\",\"url\":\"https:\/\/nenitus.es\/it\/autotreno-per-gelati-in-legno-per-bambini\/\",\"name\":\"Autotreno per gelati in legno per bambini - Nenitus\",\"isPartOf\":{\"@id\":\"https:\/\/nenitus.es\/it\/#website\"},\"primaryImageOfPage\":{\"@id\":\"https:\/\/nenitus.es\/it\/autotreno-per-gelati-in-legno-per-bambini\/#primaryimage\"},\"image\":{\"@id\":\"https:\/\/nenitus.es\/it\/autotreno-per-gelati-in-legno-per-bambini\/#primaryimage\"},\"thumbnailUrl\":\"https:\/\/nenitus.es\/wp-content\/uploads\/2023\/11\/Camion-helados-de-madera.jpg\",\"datePublished\":\"2023-11-14T15:44:50+00:00\",\"dateModified\":\"2024-12-02T23:02:39+00:00\",\"breadcrumb\":{\"@id\":\"https:\/\/nenitus.es\/it\/autotreno-per-gelati-in-legno-per-bambini\/#breadcrumb\"},\"inLanguage\":\"it-IT\",\"potentialAction\":[{\"@type\":\"ReadAction\",\"target\":[\"https:\/\/nenitus.es\/it\/autotreno-per-gelati-in-legno-per-bambini\/\"]}]},{\"@type\":\"ImageObject\",\"inLanguage\":\"it-IT\",\"@id\":\"https:\/\/nenitus.es\/it\/autotreno-per-gelati-in-legno-per-bambini\/#primaryimage\",\"url\":\"https:\/\/nenitus.es\/wp-content\/uploads\/2023\/11\/Camion-helados-de-madera.jpg\",\"contentUrl\":\"https:\/\/nenitus.es\/wp-content\/uploads\/2023\/11\/Camion-helados-de-madera.jpg\",\"width\":1000,\"height\":1000},{\"@type\":\"BreadcrumbList\",\"@id\":\"https:\/\/nenitus.es\/it\/autotreno-per-gelati-in-legno-per-bambini\/#breadcrumb\",\"itemListElement\":[{\"@type\":\"ListItem\",\"position\":1,\"name\":\"Portada\",\"item\":\"https:\/\/nenitus.es\/it\/\"},{\"@type\":\"ListItem\",\"position\":2,\"name\":\"Negozio\",\"item\":\"https:\/\/nenitus.es\/it\/negozio\/\"},{\"@type\":\"ListItem\",\"position\":3,\"name\":\"Autotreno per gelati in legno per bambini\"}]},{\"@type\":\"WebSite\",\"@id\":\"https:\/\/nenitus.es\/it\/#website\",\"url\":\"https:\/\/nenitus.es\/it\/\",\"name\":\"Nenitus\",\"description\":\"\",\"potentialAction\":[{\"@type\":\"SearchAction\",\"target\":{\"@type\":\"EntryPoint\",\"urlTemplate\":\"https:\/\/nenitus.es\/it\/?s={search_term_string}\"},\"query-input\":{\"@type\":\"PropertyValueSpecification\",\"valueRequired\":true,\"valueName\":\"search_term_string\"}}],\"inLanguage\":\"it-IT\"}]}<\/script>\n<!-- \/ Yoast SEO plugin. -->","yoast_head_json":{"title":"Autotreno per gelati in legno per bambini - Nenitus","robots":{"index":"index","follow":"follow","max-snippet":"max-snippet:-1","max-image-preview":"max-image-preview:large","max-video-preview":"max-video-preview:-1"},"canonical":"https:\/\/nenitus.es\/it\/autotreno-per-gelati-in-legno-per-bambini\/","og_locale":"it_IT","og_type":"article","og_title":"Autotreno per gelati in legno per bambini - Nenitus","og_description":"1 camioncino dei gelati e 21 blocchi gelato magnetici.  I bambini potranno realizzare diversi gusti di gelato in base al colore o alla forma, oppure potranno usare la loro fantasia per mescolare e abbinare liberamente una variet\u00e0 di gelati colorati per esercitare la loro abilit\u00e0 manuale e sviluppare mente, sensi e coordinazione. &nbsp;  &nbsp;","og_url":"https:\/\/nenitus.es\/it\/autotreno-per-gelati-in-legno-per-bambini\/","og_site_name":"Nenitus","article_modified_time":"2024-12-02T23:02:39+00:00","og_image":[{"width":1000,"height":1000,"url":"https:\/\/nenitus.es\/wp-content\/uploads\/2023\/11\/Camion-helados-de-madera.jpg","type":"image\/jpeg"}],"twitter_card":"summary_large_image","twitter_misc":{"Tempo di lettura stimato":"2 minuti"},"schema":{"@context":"https:\/\/schema.org","@graph":[{"@type":"WebPage","@id":"https:\/\/nenitus.es\/it\/autotreno-per-gelati-in-legno-per-bambini\/","url":"https:\/\/nenitus.es\/it\/autotreno-per-gelati-in-legno-per-bambini\/","name":"Autotreno per gelati in legno per bambini - Nenitus","isPartOf":{"@id":"https:\/\/nenitus.es\/it\/#website"},"primaryImageOfPage":{"@id":"https:\/\/nenitus.es\/it\/autotreno-per-gelati-in-legno-per-bambini\/#primaryimage"},"image":{"@id":"https:\/\/nenitus.es\/it\/autotreno-per-gelati-in-legno-per-bambini\/#primaryimage"},"thumbnailUrl":"https:\/\/nenitus.es\/wp-content\/uploads\/2023\/11\/Camion-helados-de-madera.jpg","datePublished":"2023-11-14T15:44:50+00:00","dateModified":"2024-12-02T23:02:39+00:00","breadcrumb":{"@id":"https:\/\/nenitus.es\/it\/autotreno-per-gelati-in-legno-per-bambini\/#breadcrumb"},"inLanguage":"it-IT","potentialAction":[{"@type":"ReadAction","target":["https:\/\/nenitus.es\/it\/autotreno-per-gelati-in-legno-per-bambini\/"]}]},{"@type":"ImageObject","inLanguage":"it-IT","@id":"https:\/\/nenitus.es\/it\/autotreno-per-gelati-in-legno-per-bambini\/#primaryimage","url":"https:\/\/nenitus.es\/wp-content\/uploads\/2023\/11\/Camion-helados-de-madera.jpg","contentUrl":"https:\/\/nenitus.es\/wp-content\/uploads\/2023\/11\/Camion-helados-de-madera.jpg","width":1000,"height":1000},{"@type":"BreadcrumbList","@id":"https:\/\/nenitus.es\/it\/autotreno-per-gelati-in-legno-per-bambini\/#breadcrumb","itemListElement":[{"@type":"ListItem","position":1,"name":"Portada","item":"https:\/\/nenitus.es\/it\/"},{"@type":"ListItem","position":2,"name":"Negozio","item":"https:\/\/nenitus.es\/it\/negozio\/"},{"@type":"ListItem","position":3,"name":"Autotreno per gelati in legno per bambini"}]},{"@type":"WebSite","@id":"https:\/\/nenitus.es\/it\/#website","url":"https:\/\/nenitus.es\/it\/","name":"Nenitus","description":"","potentialAction":[{"@type":"SearchAction","target":{"@type":"EntryPoint","urlTemplate":"https:\/\/nenitus.es\/it\/?s={search_term_string}"},"query-input":{"@type":"PropertyValueSpecification","valueRequired":true,"valueName":"search_term_string"}}],"inLanguage":"it-IT"}]}},"jetpack_sharing_enabled":true,"_links":{"self":[{"href":"https:\/\/nenitus.es\/it\/wp-json\/wp\/v2\/product\/3414","targetHints":{"allow":["GET"]}}],"collection":[{"href":"https:\/\/nenitus.es\/it\/wp-json\/wp\/v2\/product"}],"about":[{"href":"https:\/\/nenitus.es\/it\/wp-json\/wp\/v2\/types\/product"}],"replies":[{"embeddable":true,"href":"https:\/\/nenitus.es\/it\/wp-json\/wp\/v2\/comments?post=3414"}],"wp:featuredmedia":[{"embeddable":true,"href":"https:\/\/nenitus.es\/it\/wp-json\/wp\/v2\/media\/3416"}],"wp:attachment":[{"href":"https:\/\/nenitus.es\/it\/wp-json\/wp\/v2\/media?parent=3414"}],"wp:term":[{"taxonomy":"product_cat","embeddable":true,"href":"https:\/\/nenitus.es\/it\/wp-json\/wp\/v2\/product_cat?post=3414"},{"taxonomy":"product_tag","embeddable":true,"href":"https:\/\/nenitus.es\/it\/wp-json\/wp\/v2\/product_tag?post=3414"}],"curies":[{"name":"wp","href":"https:\/\/api.w.org\/{rel}","templated":true}]}}