{"id":3428,"date":"2023-11-14T17:35:13","date_gmt":"2023-11-14T16:35:13","guid":{"rendered":"https:\/\/nenitus.es\/?post_type=product&#038;p=3428"},"modified":"2024-12-03T00:02:39","modified_gmt":"2024-12-02T23:02:39","slug":"montessori-gears-caterpillar-puzzle-toy","status":"publish","type":"product","link":"https:\/\/nenitus.es\/it\/montessori-gears-caterpillar-puzzle-toy\/","title":{"rendered":"Montessori Gears Caterpillar Puzzle Toy"},"content":{"rendered":"<h1 id=\"title\" class=\"a-size-large a-spacing-none\"><strong>Giocattolo con attrezzatura Montessori per bambini: Puzzle Bruco<\/strong><\/h1>\n<p>Questo fantastico gioco Caterpillar regaler\u00e0 ai tuoi bambini infinite ore di divertimento e stimoler\u00e0 la loro immaginazione.<\/p>\n<p>Questo simpatico bruco \u00e8 stato sviluppato appositamente per fornire un modo divertente di divertirsi, migliorando al contempo le capacit\u00e0 motorie, insegnando la fisica di base con azioni pratiche, stimolando il ragionamento e la creativit\u00e0 e fornendo fantastici movimenti continui divertendosi.<\/p>\n<p>Lascia che i tuoi bambini scoprano il ragionamento dietro la semplice meccanica!<\/p>\n<p>Un fantastico giocattolo per ragazze e ragazzi dai 12 mesi di et\u00e0.<\/p>\n<h3><span style=\"font-size: 90%;\"><strong>Caratteristiche:<\/strong><\/span><\/h3>\n<ul class=\"a-unordered-list a-vertical a-spacing-mini\">\n<li class=\"a-spacing-mini\"><span class=\"a-list-item\"><b>Materiale sicuro<\/b>: sono materiali in legno, 100% atossici a base d&#8217;acqua vernice, sicura per i bambini ed ecologica. I bordi sono lisci e non danneggiano la pelle del bambino, \u00e8 progettato con blocchi di forma geometrica pi\u00f9 grandi che impediscono ai bambini di ingoiarli. Tutte le parti del prodotto soddisfano i pi\u00f9 severi requisiti di sicurezza EN-71 e CE.<\/span><\/li>\n<li class=\"a-spacing-mini\"><span class=\"a-list-item\"><span class=\"a-list-item\"><b>Giocattolo per la stimolazione precoce <\/b> : Il nostro giocattolo Bruco<b><\/b><\/span><\/span><span class=\"a-list-item\">\u00e8 stato sviluppato per offrire ai bambini un modo divertente di divertirsi mentre migliorano il riconoscimento della forma, capacit\u00e0 motorie fini, dove imparano ad abbinare e classificare, coordinazione occhio-mano e capacit\u00e0 di risoluzione dei problemi, oltre a sviluppare la loro creativit\u00e0 e regalare loro ore di divertimento.<\/span>&lt;\/ li&gt;<\/li>\n<\/ul>\n<h3><strong><span style=\"font-size: 90%;\">Materiali:<\/span><\/strong><\/h3>\n<ul>\n<li>Legno<\/li>\n<\/ul>\n<h3><strong><span style=\"font-size: 90%;\">Spedizione:<\/span><\/strong><\/h3>\n<ul>\n<li>Tempo di spedizione approssimativo per questo prodotto: da 1 a 2 giorni lavorativi (se ne hai bisogno per una data specifica, contattaci)<\/li>\n<\/ul>\n","protected":false},"excerpt":{"rendered":"<p>Simpatico bruco rotante in legno con ingranaggi colorati, progettato per fornire un modo divertente di divertirsi, migliorando al contempo le capacit\u00e0 motorie, insegnando la fisica di base con azioni pratiche, stimolando il ragionamento e la creativit\u00e0<\/p>\n<p>Ogni pezzo si intreccia per muovere le diverse parti del corpo e include anche figure geometriche nella parte superiore.<\/p>\n","protected":false},"featured_media":3430,"comment_status":"open","ping_status":"closed","template":"","meta":[],"product_cat":[92],"product_tag":[],"class_list":{"0":"post-3428","1":"product","2":"type-product","3":"status-publish","4":"has-post-thumbnail","6":"product_cat-materiali-montessori","8":"first","9":"instock","10":"featured","11":"taxable","12":"shipping-taxable","13":"purchasable","14":"product-type-simple"},"yoast_head":"<!-- This site is optimized with the Yoast SEO plugin v23.9 - https:\/\/yoast.com\/wordpress\/plugins\/seo\/ -->\n<title>Montessori Gears Caterpillar Puzzle Toy - Nenitus<\/title>\n<meta name=\"robots\" content=\"index, follow, max-snippet:-1, max-image-preview:large, max-video-preview:-1\" \/>\n<link rel=\"canonical\" href=\"https:\/\/nenitus.es\/it\/montessori-gears-caterpillar-puzzle-toy\/\" \/>\n<meta property=\"og:locale\" content=\"it_IT\" \/>\n<meta property=\"og:type\" content=\"article\" \/>\n<meta property=\"og:title\" content=\"Montessori Gears Caterpillar Puzzle Toy - Nenitus\" \/>\n<meta property=\"og:description\" content=\"Simpatico bruco rotante in legno con ingranaggi colorati, progettato per fornire un modo divertente di divertirsi, migliorando al contempo le capacit\u00e0 motorie, insegnando la fisica di base con azioni pratiche, stimolando il ragionamento e la creativit\u00e0  Ogni pezzo si intreccia per muovere le diverse parti del corpo e include anche figure geometriche nella parte superiore.\" \/>\n<meta property=\"og:url\" content=\"https:\/\/nenitus.es\/it\/montessori-gears-caterpillar-puzzle-toy\/\" \/>\n<meta property=\"og:site_name\" content=\"Nenitus\" \/>\n<meta property=\"article:modified_time\" content=\"2024-12-02T23:02:39+00:00\" \/>\n<meta property=\"og:image\" content=\"https:\/\/nenitus.es\/wp-content\/uploads\/2023\/11\/gusano-engranajes.jpg\" \/>\n\t<meta property=\"og:image:width\" content=\"1000\" \/>\n\t<meta property=\"og:image:height\" content=\"1000\" \/>\n\t<meta property=\"og:image:type\" content=\"image\/jpeg\" \/>\n<meta name=\"twitter:card\" content=\"summary_large_image\" \/>\n<meta name=\"twitter:label1\" content=\"Tempo di lettura stimato\" \/>\n\t<meta name=\"twitter:data1\" content=\"2 minuti\" \/>\n<script type=\"application\/ld+json\" class=\"yoast-schema-graph\">{\"@context\":\"https:\/\/schema.org\",\"@graph\":[{\"@type\":\"WebPage\",\"@id\":\"https:\/\/nenitus.es\/it\/montessori-gears-caterpillar-puzzle-toy\/\",\"url\":\"https:\/\/nenitus.es\/it\/montessori-gears-caterpillar-puzzle-toy\/\",\"name\":\"Montessori Gears Caterpillar Puzzle Toy - Nenitus\",\"isPartOf\":{\"@id\":\"https:\/\/nenitus.es\/it\/#website\"},\"primaryImageOfPage\":{\"@id\":\"https:\/\/nenitus.es\/it\/montessori-gears-caterpillar-puzzle-toy\/#primaryimage\"},\"image\":{\"@id\":\"https:\/\/nenitus.es\/it\/montessori-gears-caterpillar-puzzle-toy\/#primaryimage\"},\"thumbnailUrl\":\"https:\/\/nenitus.es\/wp-content\/uploads\/2023\/11\/gusano-engranajes.jpg\",\"datePublished\":\"2023-11-14T16:35:13+00:00\",\"dateModified\":\"2024-12-02T23:02:39+00:00\",\"breadcrumb\":{\"@id\":\"https:\/\/nenitus.es\/it\/montessori-gears-caterpillar-puzzle-toy\/#breadcrumb\"},\"inLanguage\":\"it-IT\",\"potentialAction\":[{\"@type\":\"ReadAction\",\"target\":[\"https:\/\/nenitus.es\/it\/montessori-gears-caterpillar-puzzle-toy\/\"]}]},{\"@type\":\"ImageObject\",\"inLanguage\":\"it-IT\",\"@id\":\"https:\/\/nenitus.es\/it\/montessori-gears-caterpillar-puzzle-toy\/#primaryimage\",\"url\":\"https:\/\/nenitus.es\/wp-content\/uploads\/2023\/11\/gusano-engranajes.jpg\",\"contentUrl\":\"https:\/\/nenitus.es\/wp-content\/uploads\/2023\/11\/gusano-engranajes.jpg\",\"width\":1000,\"height\":1000},{\"@type\":\"BreadcrumbList\",\"@id\":\"https:\/\/nenitus.es\/it\/montessori-gears-caterpillar-puzzle-toy\/#breadcrumb\",\"itemListElement\":[{\"@type\":\"ListItem\",\"position\":1,\"name\":\"Portada\",\"item\":\"https:\/\/nenitus.es\/it\/\"},{\"@type\":\"ListItem\",\"position\":2,\"name\":\"Negozio\",\"item\":\"https:\/\/nenitus.es\/it\/negozio\/\"},{\"@type\":\"ListItem\",\"position\":3,\"name\":\"Montessori Gears Caterpillar Puzzle Toy\"}]},{\"@type\":\"WebSite\",\"@id\":\"https:\/\/nenitus.es\/it\/#website\",\"url\":\"https:\/\/nenitus.es\/it\/\",\"name\":\"Nenitus\",\"description\":\"\",\"potentialAction\":[{\"@type\":\"SearchAction\",\"target\":{\"@type\":\"EntryPoint\",\"urlTemplate\":\"https:\/\/nenitus.es\/it\/?s={search_term_string}\"},\"query-input\":{\"@type\":\"PropertyValueSpecification\",\"valueRequired\":true,\"valueName\":\"search_term_string\"}}],\"inLanguage\":\"it-IT\"}]}<\/script>\n<!-- \/ Yoast SEO plugin. -->","yoast_head_json":{"title":"Montessori Gears Caterpillar Puzzle Toy - Nenitus","robots":{"index":"index","follow":"follow","max-snippet":"max-snippet:-1","max-image-preview":"max-image-preview:large","max-video-preview":"max-video-preview:-1"},"canonical":"https:\/\/nenitus.es\/it\/montessori-gears-caterpillar-puzzle-toy\/","og_locale":"it_IT","og_type":"article","og_title":"Montessori Gears Caterpillar Puzzle Toy - Nenitus","og_description":"Simpatico bruco rotante in legno con ingranaggi colorati, progettato per fornire un modo divertente di divertirsi, migliorando al contempo le capacit\u00e0 motorie, insegnando la fisica di base con azioni pratiche, stimolando il ragionamento e la creativit\u00e0  Ogni pezzo si intreccia per muovere le diverse parti del corpo e include anche figure geometriche nella parte superiore.","og_url":"https:\/\/nenitus.es\/it\/montessori-gears-caterpillar-puzzle-toy\/","og_site_name":"Nenitus","article_modified_time":"2024-12-02T23:02:39+00:00","og_image":[{"width":1000,"height":1000,"url":"https:\/\/nenitus.es\/wp-content\/uploads\/2023\/11\/gusano-engranajes.jpg","type":"image\/jpeg"}],"twitter_card":"summary_large_image","twitter_misc":{"Tempo di lettura stimato":"2 minuti"},"schema":{"@context":"https:\/\/schema.org","@graph":[{"@type":"WebPage","@id":"https:\/\/nenitus.es\/it\/montessori-gears-caterpillar-puzzle-toy\/","url":"https:\/\/nenitus.es\/it\/montessori-gears-caterpillar-puzzle-toy\/","name":"Montessori Gears Caterpillar Puzzle Toy - Nenitus","isPartOf":{"@id":"https:\/\/nenitus.es\/it\/#website"},"primaryImageOfPage":{"@id":"https:\/\/nenitus.es\/it\/montessori-gears-caterpillar-puzzle-toy\/#primaryimage"},"image":{"@id":"https:\/\/nenitus.es\/it\/montessori-gears-caterpillar-puzzle-toy\/#primaryimage"},"thumbnailUrl":"https:\/\/nenitus.es\/wp-content\/uploads\/2023\/11\/gusano-engranajes.jpg","datePublished":"2023-11-14T16:35:13+00:00","dateModified":"2024-12-02T23:02:39+00:00","breadcrumb":{"@id":"https:\/\/nenitus.es\/it\/montessori-gears-caterpillar-puzzle-toy\/#breadcrumb"},"inLanguage":"it-IT","potentialAction":[{"@type":"ReadAction","target":["https:\/\/nenitus.es\/it\/montessori-gears-caterpillar-puzzle-toy\/"]}]},{"@type":"ImageObject","inLanguage":"it-IT","@id":"https:\/\/nenitus.es\/it\/montessori-gears-caterpillar-puzzle-toy\/#primaryimage","url":"https:\/\/nenitus.es\/wp-content\/uploads\/2023\/11\/gusano-engranajes.jpg","contentUrl":"https:\/\/nenitus.es\/wp-content\/uploads\/2023\/11\/gusano-engranajes.jpg","width":1000,"height":1000},{"@type":"BreadcrumbList","@id":"https:\/\/nenitus.es\/it\/montessori-gears-caterpillar-puzzle-toy\/#breadcrumb","itemListElement":[{"@type":"ListItem","position":1,"name":"Portada","item":"https:\/\/nenitus.es\/it\/"},{"@type":"ListItem","position":2,"name":"Negozio","item":"https:\/\/nenitus.es\/it\/negozio\/"},{"@type":"ListItem","position":3,"name":"Montessori Gears Caterpillar Puzzle Toy"}]},{"@type":"WebSite","@id":"https:\/\/nenitus.es\/it\/#website","url":"https:\/\/nenitus.es\/it\/","name":"Nenitus","description":"","potentialAction":[{"@type":"SearchAction","target":{"@type":"EntryPoint","urlTemplate":"https:\/\/nenitus.es\/it\/?s={search_term_string}"},"query-input":{"@type":"PropertyValueSpecification","valueRequired":true,"valueName":"search_term_string"}}],"inLanguage":"it-IT"}]}},"jetpack_sharing_enabled":true,"_links":{"self":[{"href":"https:\/\/nenitus.es\/it\/wp-json\/wp\/v2\/product\/3428","targetHints":{"allow":["GET"]}}],"collection":[{"href":"https:\/\/nenitus.es\/it\/wp-json\/wp\/v2\/product"}],"about":[{"href":"https:\/\/nenitus.es\/it\/wp-json\/wp\/v2\/types\/product"}],"replies":[{"embeddable":true,"href":"https:\/\/nenitus.es\/it\/wp-json\/wp\/v2\/comments?post=3428"}],"wp:featuredmedia":[{"embeddable":true,"href":"https:\/\/nenitus.es\/it\/wp-json\/wp\/v2\/media\/3430"}],"wp:attachment":[{"href":"https:\/\/nenitus.es\/it\/wp-json\/wp\/v2\/media?parent=3428"}],"wp:term":[{"taxonomy":"product_cat","embeddable":true,"href":"https:\/\/nenitus.es\/it\/wp-json\/wp\/v2\/product_cat?post=3428"},{"taxonomy":"product_tag","embeddable":true,"href":"https:\/\/nenitus.es\/it\/wp-json\/wp\/v2\/product_tag?post=3428"}],"curies":[{"name":"wp","href":"https:\/\/api.w.org\/{rel}","templated":true}]}}