{"id":3442,"date":"2023-11-14T18:09:10","date_gmt":"2023-11-14T17:09:10","guid":{"rendered":"https:\/\/nenitus.es\/?post_type=product&#038;p=3442"},"modified":"2024-12-03T00:02:36","modified_gmt":"2024-12-02T23:02:36","slug":"scatola-educativa-magnetica-montessori-con-lavagna","status":"publish","type":"product","link":"https:\/\/nenitus.es\/it\/scatola-educativa-magnetica-montessori-con-lavagna\/","title":{"rendered":"Scatola educativa magnetica Montessori con lavagna"},"content":{"rendered":"<h1 id=\"title\" class=\"a-size-large a-spacing-none\"><strong>Scatola educativa magnetica Montessori con lavagna, numeri, forme geometriche, tangram e bastoncini<\/strong><\/h1>\n<p id=\"tw-target-text\" class=\"tw-data-text tw-text-large tw-ta\" dir=\"ltr\" data-placeholder=\"Traduzione\" data-ved=\"2ahUKEwiy9qCx_cOCAxWdRaQEHYMsAxAQ3ewLegQICBAQ\"><span class=\"Y2IQFc\" lang=\"es\">Scatola educativa magnetica Montessori con lavagna, creata appositamente per i pi\u00f9 piccoli della casa, con numeri, bastoncini, forme geometriche e gioco del tangram, <\/span><span class=\"Y2IQFc \" lang=\"es\">potranno praticare i concetti matematici di base.<\/span><\/p>\n<p dir=\"ltr\" data-placeholder=\"Translation\" data-ved=\"2ahUKEwiy9qCx_cOCAxWdRaQEHYMsAxAQ3ewLegQICBAQ\"><span class=\"Y2IQFc\" lang=\"es\">Appositamente progettati per sviluppare il pensiero logico e analitico, i bambini imparano concetti matematici.&lt; \/span&gt;<\/span><\/p>\n<p dir=\"ltr\" data-placeholder=\"Translation\" data-ved=\"2ahUKEwiy9qCx_cOCAxWdRaQEHYMsAxAQ3ewLegQICBAQ\"><span class=\"Y2IQFc\" lang=\"es\"> La scatola, oltre ad essere uno spazio per riporre le bacchette di legno, colori, numeri, forme geometriche e tangram, diventa supporto per la lavagna e il vassoio magnetico. <\/span><\/p>\n<p dir=\"ltr\" data-placeholder=\"Translation\" data-ved=\"2ahUKEwiy9qCx_cOCAxWdRaQEHYMsAxAQ3ewLegQICBAQ\"><span class=\"Y2IQFc\" lang=\"es\">Un gioco educativo molto completo e perfetto per i pi\u00f9 piccoli per imparare con amore . <\/span><\/p>\n<p dir=\"ltr\" data-placeholder=\"Translation\" data-ved=\"2ahUKEwiy9qCx_cOCAxWdRaQEHYMsAxAQ3ewLegQICBAQ\"><span class=\"Y2IQFc\" lang=\"es\">Dimensioni della scatola: 28x18x4 cm<\/span><\/p>\n<h3><span style=\"font-size: 90%;\"><strong>Caratteristiche:<\/strong><\/span><\/h3>\n<ul class=\"a-unordered-list a-vertical a-spacing-mini\">\n<li class=\"a-spacing-mini\"><span class=\"a-list-item\"><b>Materiale sicuro<\/b>: sono materiali in legno, 100% atossici a base d&#8217;acqua vernice, sicura per i bambini ed ecologica. Tutte le parti del prodotto soddisfano i pi\u00f9 severi requisiti di sicurezza EN-71 e CE.<\/span><\/li>\n<li class=\"a-spacing-mini\"><span class=\"a-list-item\"><span class=\"a-list-item\"><b>Giocattolo per la stimolazione precoce <\/b> : La nostra scatola educativa Montessori<b><\/b><\/span><\/span><span class=\"a-list-item\">\u00e8 stata sviluppata per fornire ai bambini un modo divertente di divertirsi migliorando al tempo stesso il riconoscimento della forma, capacit\u00e0 motorie fini, dove imparano ad abbinare e classificare, coordinazione occhio-mano e capacit\u00e0 di risoluzione dei problemi, oltre a sviluppare la loro creativit\u00e0 e regalare loro ore di divertimento.<\/span>&lt; \/li&gt;<\/li>\n<\/ul>\n<h3><strong><span style=\"font-size: 90%;\">Materiali:<\/span><\/strong><\/h3>\n<ul>\n<li>Legno<\/li>\n<\/ul>\n<h3><strong><span style=\"font-size: 90%;\">Spedizione:<\/span><\/strong><\/h3>\n<ul>\n<li>Tempo di spedizione approssimativo per questo prodotto: da 1 a 2 giorni lavorativi (se ne hai bisogno per una data specifica, contattaci)<\/li>\n<\/ul>\n","protected":false},"excerpt":{"rendered":"<p><span class=\"Y2IQFc\" lang=\"es\">Caja educativa Montessori magn\u00e9tica y con pizarra, con n\u00fameros, palillos de colores, formas geom\u00e9tricas y juego tangram.<\/span><\/p>\n<p><span class=\"Y2IQFc\" lang=\"es\">Un juego educativo muy completo y perfecto para que los m\u00e1s peque\u00f1os aprendan <\/span><span class=\"Y2IQFc\" lang=\"es\">conceptos b\u00e1sicos de matem\u00e1ticas.<\/span><\/p>\n<p>&nbsp;<\/p>\n<p>&nbsp;<\/p>\n","protected":false},"featured_media":3446,"comment_status":"open","ping_status":"closed","template":"","meta":[],"product_cat":[92],"product_tag":[],"class_list":{"0":"post-3442","1":"product","2":"type-product","3":"status-publish","4":"has-post-thumbnail","6":"product_cat-materiali-montessori","8":"first","9":"instock","10":"featured","11":"taxable","12":"shipping-taxable","13":"purchasable","14":"product-type-simple"},"yoast_head":"<!-- This site is optimized with the Yoast SEO plugin v23.9 - https:\/\/yoast.com\/wordpress\/plugins\/seo\/ -->\n<title>Scatola educativa magnetica Montessori con lavagna - Nenitus<\/title>\n<meta name=\"robots\" content=\"index, follow, max-snippet:-1, max-image-preview:large, max-video-preview:-1\" \/>\n<link rel=\"canonical\" href=\"https:\/\/nenitus.es\/it\/scatola-educativa-magnetica-montessori-con-lavagna\/\" \/>\n<meta property=\"og:locale\" content=\"it_IT\" \/>\n<meta property=\"og:type\" content=\"article\" \/>\n<meta property=\"og:title\" content=\"Scatola educativa magnetica Montessori con lavagna - Nenitus\" \/>\n<meta property=\"og:description\" content=\"Caja educativa Montessori magn\u00e9tica y con pizarra, con n\u00fameros, palillos de colores, formas geom\u00e9tricas y juego tangram.  Un juego educativo muy completo y perfecto para que los m\u00e1s peque\u00f1os aprendan conceptos b\u00e1sicos de matem\u00e1ticas.  &nbsp;  &nbsp;\" \/>\n<meta property=\"og:url\" content=\"https:\/\/nenitus.es\/it\/scatola-educativa-magnetica-montessori-con-lavagna\/\" \/>\n<meta property=\"og:site_name\" content=\"Nenitus\" \/>\n<meta property=\"article:modified_time\" content=\"2024-12-02T23:02:36+00:00\" \/>\n<meta property=\"og:image\" content=\"https:\/\/nenitus.es\/wp-content\/uploads\/2023\/11\/tablita-matematica-1.jpeg\" \/>\n\t<meta property=\"og:image:width\" content=\"1000\" \/>\n\t<meta property=\"og:image:height\" content=\"1000\" \/>\n\t<meta property=\"og:image:type\" content=\"image\/jpeg\" \/>\n<meta name=\"twitter:card\" content=\"summary_large_image\" \/>\n<meta name=\"twitter:label1\" content=\"Tempo di lettura stimato\" \/>\n\t<meta name=\"twitter:data1\" content=\"2 minuti\" \/>\n<script type=\"application\/ld+json\" class=\"yoast-schema-graph\">{\"@context\":\"https:\/\/schema.org\",\"@graph\":[{\"@type\":\"WebPage\",\"@id\":\"https:\/\/nenitus.es\/it\/scatola-educativa-magnetica-montessori-con-lavagna\/\",\"url\":\"https:\/\/nenitus.es\/it\/scatola-educativa-magnetica-montessori-con-lavagna\/\",\"name\":\"Scatola educativa magnetica Montessori con lavagna - Nenitus\",\"isPartOf\":{\"@id\":\"https:\/\/nenitus.es\/it\/#website\"},\"primaryImageOfPage\":{\"@id\":\"https:\/\/nenitus.es\/it\/scatola-educativa-magnetica-montessori-con-lavagna\/#primaryimage\"},\"image\":{\"@id\":\"https:\/\/nenitus.es\/it\/scatola-educativa-magnetica-montessori-con-lavagna\/#primaryimage\"},\"thumbnailUrl\":\"https:\/\/nenitus.es\/wp-content\/uploads\/2023\/11\/tablita-matematica-1.jpeg\",\"datePublished\":\"2023-11-14T17:09:10+00:00\",\"dateModified\":\"2024-12-02T23:02:36+00:00\",\"breadcrumb\":{\"@id\":\"https:\/\/nenitus.es\/it\/scatola-educativa-magnetica-montessori-con-lavagna\/#breadcrumb\"},\"inLanguage\":\"it-IT\",\"potentialAction\":[{\"@type\":\"ReadAction\",\"target\":[\"https:\/\/nenitus.es\/it\/scatola-educativa-magnetica-montessori-con-lavagna\/\"]}]},{\"@type\":\"ImageObject\",\"inLanguage\":\"it-IT\",\"@id\":\"https:\/\/nenitus.es\/it\/scatola-educativa-magnetica-montessori-con-lavagna\/#primaryimage\",\"url\":\"https:\/\/nenitus.es\/wp-content\/uploads\/2023\/11\/tablita-matematica-1.jpeg\",\"contentUrl\":\"https:\/\/nenitus.es\/wp-content\/uploads\/2023\/11\/tablita-matematica-1.jpeg\",\"width\":1000,\"height\":1000},{\"@type\":\"BreadcrumbList\",\"@id\":\"https:\/\/nenitus.es\/it\/scatola-educativa-magnetica-montessori-con-lavagna\/#breadcrumb\",\"itemListElement\":[{\"@type\":\"ListItem\",\"position\":1,\"name\":\"Portada\",\"item\":\"https:\/\/nenitus.es\/it\/\"},{\"@type\":\"ListItem\",\"position\":2,\"name\":\"Negozio\",\"item\":\"https:\/\/nenitus.es\/it\/negozio\/\"},{\"@type\":\"ListItem\",\"position\":3,\"name\":\"Scatola educativa magnetica Montessori con lavagna\"}]},{\"@type\":\"WebSite\",\"@id\":\"https:\/\/nenitus.es\/it\/#website\",\"url\":\"https:\/\/nenitus.es\/it\/\",\"name\":\"Nenitus\",\"description\":\"\",\"potentialAction\":[{\"@type\":\"SearchAction\",\"target\":{\"@type\":\"EntryPoint\",\"urlTemplate\":\"https:\/\/nenitus.es\/it\/?s={search_term_string}\"},\"query-input\":{\"@type\":\"PropertyValueSpecification\",\"valueRequired\":true,\"valueName\":\"search_term_string\"}}],\"inLanguage\":\"it-IT\"}]}<\/script>\n<!-- \/ Yoast SEO plugin. -->","yoast_head_json":{"title":"Scatola educativa magnetica Montessori con lavagna - Nenitus","robots":{"index":"index","follow":"follow","max-snippet":"max-snippet:-1","max-image-preview":"max-image-preview:large","max-video-preview":"max-video-preview:-1"},"canonical":"https:\/\/nenitus.es\/it\/scatola-educativa-magnetica-montessori-con-lavagna\/","og_locale":"it_IT","og_type":"article","og_title":"Scatola educativa magnetica Montessori con lavagna - Nenitus","og_description":"Caja educativa Montessori magn\u00e9tica y con pizarra, con n\u00fameros, palillos de colores, formas geom\u00e9tricas y juego tangram.  Un juego educativo muy completo y perfecto para que los m\u00e1s peque\u00f1os aprendan conceptos b\u00e1sicos de matem\u00e1ticas.  &nbsp;  &nbsp;","og_url":"https:\/\/nenitus.es\/it\/scatola-educativa-magnetica-montessori-con-lavagna\/","og_site_name":"Nenitus","article_modified_time":"2024-12-02T23:02:36+00:00","og_image":[{"width":1000,"height":1000,"url":"https:\/\/nenitus.es\/wp-content\/uploads\/2023\/11\/tablita-matematica-1.jpeg","type":"image\/jpeg"}],"twitter_card":"summary_large_image","twitter_misc":{"Tempo di lettura stimato":"2 minuti"},"schema":{"@context":"https:\/\/schema.org","@graph":[{"@type":"WebPage","@id":"https:\/\/nenitus.es\/it\/scatola-educativa-magnetica-montessori-con-lavagna\/","url":"https:\/\/nenitus.es\/it\/scatola-educativa-magnetica-montessori-con-lavagna\/","name":"Scatola educativa magnetica Montessori con lavagna - Nenitus","isPartOf":{"@id":"https:\/\/nenitus.es\/it\/#website"},"primaryImageOfPage":{"@id":"https:\/\/nenitus.es\/it\/scatola-educativa-magnetica-montessori-con-lavagna\/#primaryimage"},"image":{"@id":"https:\/\/nenitus.es\/it\/scatola-educativa-magnetica-montessori-con-lavagna\/#primaryimage"},"thumbnailUrl":"https:\/\/nenitus.es\/wp-content\/uploads\/2023\/11\/tablita-matematica-1.jpeg","datePublished":"2023-11-14T17:09:10+00:00","dateModified":"2024-12-02T23:02:36+00:00","breadcrumb":{"@id":"https:\/\/nenitus.es\/it\/scatola-educativa-magnetica-montessori-con-lavagna\/#breadcrumb"},"inLanguage":"it-IT","potentialAction":[{"@type":"ReadAction","target":["https:\/\/nenitus.es\/it\/scatola-educativa-magnetica-montessori-con-lavagna\/"]}]},{"@type":"ImageObject","inLanguage":"it-IT","@id":"https:\/\/nenitus.es\/it\/scatola-educativa-magnetica-montessori-con-lavagna\/#primaryimage","url":"https:\/\/nenitus.es\/wp-content\/uploads\/2023\/11\/tablita-matematica-1.jpeg","contentUrl":"https:\/\/nenitus.es\/wp-content\/uploads\/2023\/11\/tablita-matematica-1.jpeg","width":1000,"height":1000},{"@type":"BreadcrumbList","@id":"https:\/\/nenitus.es\/it\/scatola-educativa-magnetica-montessori-con-lavagna\/#breadcrumb","itemListElement":[{"@type":"ListItem","position":1,"name":"Portada","item":"https:\/\/nenitus.es\/it\/"},{"@type":"ListItem","position":2,"name":"Negozio","item":"https:\/\/nenitus.es\/it\/negozio\/"},{"@type":"ListItem","position":3,"name":"Scatola educativa magnetica Montessori con lavagna"}]},{"@type":"WebSite","@id":"https:\/\/nenitus.es\/it\/#website","url":"https:\/\/nenitus.es\/it\/","name":"Nenitus","description":"","potentialAction":[{"@type":"SearchAction","target":{"@type":"EntryPoint","urlTemplate":"https:\/\/nenitus.es\/it\/?s={search_term_string}"},"query-input":{"@type":"PropertyValueSpecification","valueRequired":true,"valueName":"search_term_string"}}],"inLanguage":"it-IT"}]}},"jetpack_sharing_enabled":true,"_links":{"self":[{"href":"https:\/\/nenitus.es\/it\/wp-json\/wp\/v2\/product\/3442","targetHints":{"allow":["GET"]}}],"collection":[{"href":"https:\/\/nenitus.es\/it\/wp-json\/wp\/v2\/product"}],"about":[{"href":"https:\/\/nenitus.es\/it\/wp-json\/wp\/v2\/types\/product"}],"replies":[{"embeddable":true,"href":"https:\/\/nenitus.es\/it\/wp-json\/wp\/v2\/comments?post=3442"}],"wp:featuredmedia":[{"embeddable":true,"href":"https:\/\/nenitus.es\/it\/wp-json\/wp\/v2\/media\/3446"}],"wp:attachment":[{"href":"https:\/\/nenitus.es\/it\/wp-json\/wp\/v2\/media?parent=3442"}],"wp:term":[{"taxonomy":"product_cat","embeddable":true,"href":"https:\/\/nenitus.es\/it\/wp-json\/wp\/v2\/product_cat?post=3442"},{"taxonomy":"product_tag","embeddable":true,"href":"https:\/\/nenitus.es\/it\/wp-json\/wp\/v2\/product_tag?post=3442"}],"curies":[{"name":"wp","href":"https:\/\/api.w.org\/{rel}","templated":true}]}}