{"id":3470,"date":"2023-11-15T13:33:30","date_gmt":"2023-11-15T12:33:30","guid":{"rendered":"https:\/\/nenitus.es\/?post_type=product&#038;p=3470"},"modified":"2024-12-03T00:02:38","modified_gmt":"2024-12-02T23:02:38","slug":"giocattolo-montessori-che-pesca-e-colpisce-il-dinosauro-con-i-martelli-di-legno","status":"publish","type":"product","link":"https:\/\/nenitus.es\/it\/giocattolo-montessori-che-pesca-e-colpisce-il-dinosauro-con-i-martelli-di-legno\/","title":{"rendered":"Giocattolo Montessori che pesca e colpisce il dinosauro con i martelli di legno"},"content":{"rendered":"<h1 id=\"title\" class=\"a-size-large a-spacing-none\"><strong>Giocattolo Montessori Pesca di dinosauri e colpi con martelli di legno<\/strong><span id=\"productTitle\" class= \"a- taglia-grande prodotto-titolo-parola-break\"> <strong>per bambini di et\u00e0 1, 2, 3, 4<\/strong><\/span><\/h1>\n<p>Questo fantastico gioco Montessori per la prima educazione \u00e8 pensato per poter pescare con la canna o colpire delle simpatiche e colorate bambole con i martelli di legno, \u00e8 ideale affinch\u00e9 mentre il tuo bambino si diverte, rilasci ulteriore energia e lo aiuti a sviluppare le sue capacit\u00e0. abilit\u00e0 sensoriali e cognitive, coordinazione occhio-mano e capacit\u00e0 di pensiero logico.<\/p>\n<p>Senza dubbio una grande risorsa per stimolare l&#8217;immaginazione e la creativit\u00e0 dei bambini.<\/p>\n<h3><span style=\"font-size: 90%;\"><strong>Caratteristiche:<\/strong><\/span><\/h3>\n<ul class=\"a-unordered-list a-vertical a-spacing-mini\">\n<li class=\"a-spacing-mini\"><span class=\"a-list-item\"><b>Materiale sicuro<\/b>: sono materiali realizzati in legno di pino naturale, 100% atossico con vernice A base d&#8217;acqua, riduce la possibilit\u00e0 di schegge di legno e odori, sicuro per i bambini ed ecologico. La forma e le dimensioni sono adatte alle piccole mani dei bambini. Tutte le parti del prodotto soddisfano i pi\u00f9 severi requisiti di sicurezza EN-71 e CE.<\/span><\/li>\n<li class=\"a-spacing-mini\"><span class=\"a-list-item\"><span class=\"a-list-item\"><b>Giocattolo per la stimolazione precoce<\/strong> <\/b> : Questo materiale<b><\/b><\/span><\/span><span class=\"a-list-item\">\u00e8 stato sviluppato per offrire ai bambini un modo divertente di divertirsi, migliorando al tempo stesso le capacit\u00e0 motorie, le abilit\u00e0 manuali -coordinazione visiva e capacit\u00e0 di risoluzione dei problemi, oltre a sviluppare la loro creativit\u00e0 e regalare loro ore di divertimento.<\/span><\/li>\n<\/ul>\n<h3><strong><span style=\"font-size: 90%;\">Materiali:<\/span><\/strong><\/h3>\n<ul>\n<li>Legno<\/li>\n<\/ul>\n<h3><strong><span style=\"font-size: 90%;\">Spedizione:<\/span><\/strong><\/h3>\n<ul>\n<li>Tempo di spedizione approssimativo per questo prodotto: da 1 a 2 giorni lavorativi (se ne hai bisogno per una data specifica, contattaci)<\/li>\n<\/ul>\n","protected":false},"excerpt":{"rendered":"<p>Fantastico giocattolo Montessori per la prima educazione, pensato per poter pescare con la canna o colpire con dei martelli di legno delle simpatiche e colorate bambole che, grazie ai loro colori vivaci, attireranno l&#8217;attenzione del tuo bambino. rilasciare energia extra e aiutarli a sviluppare le loro capacit\u00e0 sensoriali, abilit\u00e0 cognitive, coordinazione occhio-mano e capacit\u00e0 di pensiero logico.<\/p>\n","protected":false},"featured_media":3472,"comment_status":"open","ping_status":"closed","template":"","meta":[],"product_cat":[92],"product_tag":[],"class_list":{"0":"post-3470","1":"product","2":"type-product","3":"status-publish","4":"has-post-thumbnail","6":"product_cat-materiali-montessori","8":"first","9":"instock","10":"featured","11":"taxable","12":"shipping-taxable","13":"purchasable","14":"product-type-simple"},"yoast_head":"<!-- This site is optimized with the Yoast SEO plugin v23.9 - https:\/\/yoast.com\/wordpress\/plugins\/seo\/ -->\n<title>Giocattolo Montessori che pesca e colpisce il dinosauro con i martelli di legno - Nenitus<\/title>\n<meta name=\"robots\" content=\"index, follow, max-snippet:-1, max-image-preview:large, max-video-preview:-1\" \/>\n<link rel=\"canonical\" href=\"https:\/\/nenitus.es\/it\/giocattolo-montessori-che-pesca-e-colpisce-il-dinosauro-con-i-martelli-di-legno\/\" \/>\n<meta property=\"og:locale\" content=\"it_IT\" \/>\n<meta property=\"og:type\" content=\"article\" \/>\n<meta property=\"og:title\" content=\"Giocattolo Montessori che pesca e colpisce il dinosauro con i martelli di legno - Nenitus\" \/>\n<meta property=\"og:description\" content=\"Fantastico giocattolo Montessori per la prima educazione, pensato per poter pescare con la canna o colpire con dei martelli di legno delle simpatiche e colorate bambole che, grazie ai loro colori vivaci, attireranno l&#039;attenzione del tuo bambino. rilasciare energia extra e aiutarli a sviluppare le loro capacit\u00e0 sensoriali, abilit\u00e0 cognitive, coordinazione occhio-mano e capacit\u00e0 di pensiero logico.\" \/>\n<meta property=\"og:url\" content=\"https:\/\/nenitus.es\/it\/giocattolo-montessori-che-pesca-e-colpisce-il-dinosauro-con-i-martelli-di-legno\/\" \/>\n<meta property=\"og:site_name\" content=\"Nenitus\" \/>\n<meta property=\"article:modified_time\" content=\"2024-12-02T23:02:38+00:00\" \/>\n<meta property=\"og:image\" content=\"https:\/\/nenitus.es\/wp-content\/uploads\/2023\/11\/juguete-montessori-bebes.jpg\" \/>\n\t<meta property=\"og:image:width\" content=\"1000\" \/>\n\t<meta property=\"og:image:height\" content=\"1000\" \/>\n\t<meta property=\"og:image:type\" content=\"image\/jpeg\" \/>\n<meta name=\"twitter:card\" content=\"summary_large_image\" \/>\n<meta name=\"twitter:label1\" content=\"Tempo di lettura stimato\" \/>\n\t<meta name=\"twitter:data1\" content=\"2 minuti\" \/>\n<script type=\"application\/ld+json\" class=\"yoast-schema-graph\">{\"@context\":\"https:\/\/schema.org\",\"@graph\":[{\"@type\":\"WebPage\",\"@id\":\"https:\/\/nenitus.es\/it\/giocattolo-montessori-che-pesca-e-colpisce-il-dinosauro-con-i-martelli-di-legno\/\",\"url\":\"https:\/\/nenitus.es\/it\/giocattolo-montessori-che-pesca-e-colpisce-il-dinosauro-con-i-martelli-di-legno\/\",\"name\":\"Giocattolo Montessori che pesca e colpisce il dinosauro con i martelli di legno - Nenitus\",\"isPartOf\":{\"@id\":\"https:\/\/nenitus.es\/it\/#website\"},\"primaryImageOfPage\":{\"@id\":\"https:\/\/nenitus.es\/it\/giocattolo-montessori-che-pesca-e-colpisce-il-dinosauro-con-i-martelli-di-legno\/#primaryimage\"},\"image\":{\"@id\":\"https:\/\/nenitus.es\/it\/giocattolo-montessori-che-pesca-e-colpisce-il-dinosauro-con-i-martelli-di-legno\/#primaryimage\"},\"thumbnailUrl\":\"https:\/\/nenitus.es\/wp-content\/uploads\/2023\/11\/juguete-montessori-bebes.jpg\",\"datePublished\":\"2023-11-15T12:33:30+00:00\",\"dateModified\":\"2024-12-02T23:02:38+00:00\",\"breadcrumb\":{\"@id\":\"https:\/\/nenitus.es\/it\/giocattolo-montessori-che-pesca-e-colpisce-il-dinosauro-con-i-martelli-di-legno\/#breadcrumb\"},\"inLanguage\":\"it-IT\",\"potentialAction\":[{\"@type\":\"ReadAction\",\"target\":[\"https:\/\/nenitus.es\/it\/giocattolo-montessori-che-pesca-e-colpisce-il-dinosauro-con-i-martelli-di-legno\/\"]}]},{\"@type\":\"ImageObject\",\"inLanguage\":\"it-IT\",\"@id\":\"https:\/\/nenitus.es\/it\/giocattolo-montessori-che-pesca-e-colpisce-il-dinosauro-con-i-martelli-di-legno\/#primaryimage\",\"url\":\"https:\/\/nenitus.es\/wp-content\/uploads\/2023\/11\/juguete-montessori-bebes.jpg\",\"contentUrl\":\"https:\/\/nenitus.es\/wp-content\/uploads\/2023\/11\/juguete-montessori-bebes.jpg\",\"width\":1000,\"height\":1000},{\"@type\":\"BreadcrumbList\",\"@id\":\"https:\/\/nenitus.es\/it\/giocattolo-montessori-che-pesca-e-colpisce-il-dinosauro-con-i-martelli-di-legno\/#breadcrumb\",\"itemListElement\":[{\"@type\":\"ListItem\",\"position\":1,\"name\":\"Portada\",\"item\":\"https:\/\/nenitus.es\/it\/\"},{\"@type\":\"ListItem\",\"position\":2,\"name\":\"Negozio\",\"item\":\"https:\/\/nenitus.es\/it\/negozio\/\"},{\"@type\":\"ListItem\",\"position\":3,\"name\":\"Giocattolo Montessori che pesca e colpisce il dinosauro con i martelli di legno\"}]},{\"@type\":\"WebSite\",\"@id\":\"https:\/\/nenitus.es\/it\/#website\",\"url\":\"https:\/\/nenitus.es\/it\/\",\"name\":\"Nenitus\",\"description\":\"\",\"potentialAction\":[{\"@type\":\"SearchAction\",\"target\":{\"@type\":\"EntryPoint\",\"urlTemplate\":\"https:\/\/nenitus.es\/it\/?s={search_term_string}\"},\"query-input\":{\"@type\":\"PropertyValueSpecification\",\"valueRequired\":true,\"valueName\":\"search_term_string\"}}],\"inLanguage\":\"it-IT\"}]}<\/script>\n<!-- \/ Yoast SEO plugin. -->","yoast_head_json":{"title":"Giocattolo Montessori che pesca e colpisce il dinosauro con i martelli di legno - Nenitus","robots":{"index":"index","follow":"follow","max-snippet":"max-snippet:-1","max-image-preview":"max-image-preview:large","max-video-preview":"max-video-preview:-1"},"canonical":"https:\/\/nenitus.es\/it\/giocattolo-montessori-che-pesca-e-colpisce-il-dinosauro-con-i-martelli-di-legno\/","og_locale":"it_IT","og_type":"article","og_title":"Giocattolo Montessori che pesca e colpisce il dinosauro con i martelli di legno - Nenitus","og_description":"Fantastico giocattolo Montessori per la prima educazione, pensato per poter pescare con la canna o colpire con dei martelli di legno delle simpatiche e colorate bambole che, grazie ai loro colori vivaci, attireranno l'attenzione del tuo bambino. rilasciare energia extra e aiutarli a sviluppare le loro capacit\u00e0 sensoriali, abilit\u00e0 cognitive, coordinazione occhio-mano e capacit\u00e0 di pensiero logico.","og_url":"https:\/\/nenitus.es\/it\/giocattolo-montessori-che-pesca-e-colpisce-il-dinosauro-con-i-martelli-di-legno\/","og_site_name":"Nenitus","article_modified_time":"2024-12-02T23:02:38+00:00","og_image":[{"width":1000,"height":1000,"url":"https:\/\/nenitus.es\/wp-content\/uploads\/2023\/11\/juguete-montessori-bebes.jpg","type":"image\/jpeg"}],"twitter_card":"summary_large_image","twitter_misc":{"Tempo di lettura stimato":"2 minuti"},"schema":{"@context":"https:\/\/schema.org","@graph":[{"@type":"WebPage","@id":"https:\/\/nenitus.es\/it\/giocattolo-montessori-che-pesca-e-colpisce-il-dinosauro-con-i-martelli-di-legno\/","url":"https:\/\/nenitus.es\/it\/giocattolo-montessori-che-pesca-e-colpisce-il-dinosauro-con-i-martelli-di-legno\/","name":"Giocattolo Montessori che pesca e colpisce il dinosauro con i martelli di legno - Nenitus","isPartOf":{"@id":"https:\/\/nenitus.es\/it\/#website"},"primaryImageOfPage":{"@id":"https:\/\/nenitus.es\/it\/giocattolo-montessori-che-pesca-e-colpisce-il-dinosauro-con-i-martelli-di-legno\/#primaryimage"},"image":{"@id":"https:\/\/nenitus.es\/it\/giocattolo-montessori-che-pesca-e-colpisce-il-dinosauro-con-i-martelli-di-legno\/#primaryimage"},"thumbnailUrl":"https:\/\/nenitus.es\/wp-content\/uploads\/2023\/11\/juguete-montessori-bebes.jpg","datePublished":"2023-11-15T12:33:30+00:00","dateModified":"2024-12-02T23:02:38+00:00","breadcrumb":{"@id":"https:\/\/nenitus.es\/it\/giocattolo-montessori-che-pesca-e-colpisce-il-dinosauro-con-i-martelli-di-legno\/#breadcrumb"},"inLanguage":"it-IT","potentialAction":[{"@type":"ReadAction","target":["https:\/\/nenitus.es\/it\/giocattolo-montessori-che-pesca-e-colpisce-il-dinosauro-con-i-martelli-di-legno\/"]}]},{"@type":"ImageObject","inLanguage":"it-IT","@id":"https:\/\/nenitus.es\/it\/giocattolo-montessori-che-pesca-e-colpisce-il-dinosauro-con-i-martelli-di-legno\/#primaryimage","url":"https:\/\/nenitus.es\/wp-content\/uploads\/2023\/11\/juguete-montessori-bebes.jpg","contentUrl":"https:\/\/nenitus.es\/wp-content\/uploads\/2023\/11\/juguete-montessori-bebes.jpg","width":1000,"height":1000},{"@type":"BreadcrumbList","@id":"https:\/\/nenitus.es\/it\/giocattolo-montessori-che-pesca-e-colpisce-il-dinosauro-con-i-martelli-di-legno\/#breadcrumb","itemListElement":[{"@type":"ListItem","position":1,"name":"Portada","item":"https:\/\/nenitus.es\/it\/"},{"@type":"ListItem","position":2,"name":"Negozio","item":"https:\/\/nenitus.es\/it\/negozio\/"},{"@type":"ListItem","position":3,"name":"Giocattolo Montessori che pesca e colpisce il dinosauro con i martelli di legno"}]},{"@type":"WebSite","@id":"https:\/\/nenitus.es\/it\/#website","url":"https:\/\/nenitus.es\/it\/","name":"Nenitus","description":"","potentialAction":[{"@type":"SearchAction","target":{"@type":"EntryPoint","urlTemplate":"https:\/\/nenitus.es\/it\/?s={search_term_string}"},"query-input":{"@type":"PropertyValueSpecification","valueRequired":true,"valueName":"search_term_string"}}],"inLanguage":"it-IT"}]}},"jetpack_sharing_enabled":true,"_links":{"self":[{"href":"https:\/\/nenitus.es\/it\/wp-json\/wp\/v2\/product\/3470","targetHints":{"allow":["GET"]}}],"collection":[{"href":"https:\/\/nenitus.es\/it\/wp-json\/wp\/v2\/product"}],"about":[{"href":"https:\/\/nenitus.es\/it\/wp-json\/wp\/v2\/types\/product"}],"replies":[{"embeddable":true,"href":"https:\/\/nenitus.es\/it\/wp-json\/wp\/v2\/comments?post=3470"}],"wp:featuredmedia":[{"embeddable":true,"href":"https:\/\/nenitus.es\/it\/wp-json\/wp\/v2\/media\/3472"}],"wp:attachment":[{"href":"https:\/\/nenitus.es\/it\/wp-json\/wp\/v2\/media?parent=3470"}],"wp:term":[{"taxonomy":"product_cat","embeddable":true,"href":"https:\/\/nenitus.es\/it\/wp-json\/wp\/v2\/product_cat?post=3470"},{"taxonomy":"product_tag","embeddable":true,"href":"https:\/\/nenitus.es\/it\/wp-json\/wp\/v2\/product_tag?post=3470"}],"curies":[{"name":"wp","href":"https:\/\/api.w.org\/{rel}","templated":true}]}}