{"id":3482,"date":"2023-11-15T14:31:55","date_gmt":"2023-11-15T13:31:55","guid":{"rendered":"https:\/\/nenitus.es\/?post_type=product&#038;p=3482"},"modified":"2024-11-29T18:47:00","modified_gmt":"2024-11-29T17:47:00","slug":"puzzle-montessori-in-legno-per-bambini","status":"publish","type":"product","link":"https:\/\/nenitus.es\/it\/puzzle-montessori-in-legno-per-bambini\/","title":{"rendered":"Puzzle Montessori in legno per bambini"},"content":{"rendered":"<h1 class=\"a-size-large a-spacing-none\"><strong>Tavola puzzle Montessori per bambini, <\/strong><strong><span id=\"productTitle\" class=\"a-size-large product- title-word-break\">giocattoli per bambini da 6 a 12 mesi, 1, 2 e 3 anni<\/span><\/strong><\/h1>\n<p>Questo fantastico giocattolo Montessori per la prima educazione \u00e8 uno strumento educativo perfetto per il tuo bambino, \u00e8 realizzato appositamente per i pi\u00f9 piccoli dai 6 mesi in poi, puzzle di 9 pezzi geometrici in legno in diversi colori, con il robusta tavola di legno, aiuta ad apprendere la cognizione della forma e del colore.<\/span><\/p>\n<p>I bambini impareranno i colori, le diverse forme, li aiuteranno a sviluppare la coordinazione occhio-mano, a migliorare le capacit\u00e0 di abbinamento e le capacit\u00e0 motorie.<\/p>\n<p>Non solo ispira i bambini a giocare, ma stimola anche le basi delle forme visive in tenera et\u00e0.<\/p>\n<h3><span style=\"font-size: 90%;\"><strong>Caratteristiche:<\/strong><\/span><\/h3>\n<ul class=\"a-unordered-list a-vertical a-spacing-mini\">\n<li class=\"a-spacing-mini\"><span class=\"a-list-item\"><b>Materiale sicuro<\/b>: sono materiali in legno naturale, 100% non tossici con vernice a base sull&#8217;acqua, riducendo la possibilit\u00e0 di schegge e odori di legno, sicuro per i bambini ed ecologico. La forma e le dimensioni sono adatte alle piccole mani dei bambini. Tutte le parti del prodotto soddisfano i pi\u00f9 severi requisiti di sicurezza EN-71 e CE.<\/span><\/li>\n<li class=\"a-spacing-mini\"><span class=\"a-list-item\"><span class=\"a-list-item\"><b>Giocattolo per la stimolazione precoce<\/strong> <\/b> : Questo materiale<b><\/b><\/span><\/span><span class=\"a-list-item\">\u00e8 stato sviluppato per offrire ai bambini un modo divertente di divertirsi, migliorando al tempo stesso le capacit\u00e0 motorie, le abilit\u00e0 manuali -coordinazione visiva e capacit\u00e0 di risoluzione dei problemi, oltre a sviluppare la loro creativit\u00e0 e regalare loro ore di divertimento.<\/span><\/li>\n<\/ul>\n<h3><strong><span style=\"font-size: 90%;\">Materiali:<\/span><\/strong><\/h3>\n<ul>\n<li>Legno<\/li>\n<\/ul>\n<h3><strong><span style=\"font-size: 90%;\">Spedizione:<\/span><\/strong><\/h3>\n<ul>\n<li>Tempo di spedizione approssimativo per questo prodotto: da 1 a 2 giorni lavorativi (se ne hai bisogno per una data specifica, contattaci)<\/li>\n<\/ul>\n","protected":false},"excerpt":{"rendered":"<p>Questo fantastico giocattolo Montessori per la prima educazione \u00e8 uno strumento educativo perfetto per il tuo bambino, \u00e8 realizzato appositamente per i pi\u00f9 piccoli dai 6 mesi in poi.<\/p>\n<p>Puzzle con 9 pezzi geometrici in legno di diversi colori, con la tavola di legno aiuta i bambini ad apprendere la cognizione della forma e del colore.<\/p>\n","protected":false},"featured_media":3484,"comment_status":"open","ping_status":"closed","template":"","meta":[],"product_cat":[92],"product_tag":[],"class_list":{"0":"post-3482","1":"product","2":"type-product","3":"status-publish","4":"has-post-thumbnail","6":"product_cat-materiali-montessori","8":"first","9":"instock","10":"sale","11":"featured","12":"taxable","13":"shipping-taxable","14":"purchasable","15":"product-type-simple"},"yoast_head":"<!-- This site is optimized with the Yoast SEO plugin v23.9 - https:\/\/yoast.com\/wordpress\/plugins\/seo\/ -->\n<title>Puzzle Montessori in legno per bambini - Nenitus<\/title>\n<meta name=\"robots\" content=\"index, follow, max-snippet:-1, max-image-preview:large, max-video-preview:-1\" \/>\n<link rel=\"canonical\" href=\"https:\/\/nenitus.es\/it\/puzzle-montessori-in-legno-per-bambini\/\" \/>\n<meta property=\"og:locale\" content=\"it_IT\" \/>\n<meta property=\"og:type\" content=\"article\" \/>\n<meta property=\"og:title\" content=\"Puzzle Montessori in legno per bambini - Nenitus\" \/>\n<meta property=\"og:description\" content=\"Questo fantastico giocattolo Montessori per la prima educazione \u00e8 uno strumento educativo perfetto per il tuo bambino, \u00e8 realizzato appositamente per i pi\u00f9 piccoli dai 6 mesi in poi.  Puzzle con 9 pezzi geometrici in legno di diversi colori, con la tavola di legno aiuta i bambini ad apprendere la cognizione della forma e del colore.\" \/>\n<meta property=\"og:url\" content=\"https:\/\/nenitus.es\/it\/puzzle-montessori-in-legno-per-bambini\/\" \/>\n<meta property=\"og:site_name\" content=\"Nenitus\" \/>\n<meta property=\"article:modified_time\" content=\"2024-11-29T17:47:00+00:00\" \/>\n<meta property=\"og:image\" content=\"https:\/\/nenitus.es\/wp-content\/uploads\/2023\/11\/tablero-rompecabezas-Montessori-5.webp\" \/>\n\t<meta property=\"og:image:width\" content=\"612\" \/>\n\t<meta property=\"og:image:height\" content=\"612\" \/>\n\t<meta property=\"og:image:type\" content=\"image\/webp\" \/>\n<meta name=\"twitter:card\" content=\"summary_large_image\" \/>\n<meta name=\"twitter:label1\" content=\"Tempo di lettura stimato\" \/>\n\t<meta name=\"twitter:data1\" content=\"2 minuti\" \/>\n<script type=\"application\/ld+json\" class=\"yoast-schema-graph\">{\"@context\":\"https:\/\/schema.org\",\"@graph\":[{\"@type\":\"WebPage\",\"@id\":\"https:\/\/nenitus.es\/it\/puzzle-montessori-in-legno-per-bambini\/\",\"url\":\"https:\/\/nenitus.es\/it\/puzzle-montessori-in-legno-per-bambini\/\",\"name\":\"Puzzle Montessori in legno per bambini - Nenitus\",\"isPartOf\":{\"@id\":\"https:\/\/nenitus.es\/it\/#website\"},\"primaryImageOfPage\":{\"@id\":\"https:\/\/nenitus.es\/it\/puzzle-montessori-in-legno-per-bambini\/#primaryimage\"},\"image\":{\"@id\":\"https:\/\/nenitus.es\/it\/puzzle-montessori-in-legno-per-bambini\/#primaryimage\"},\"thumbnailUrl\":\"https:\/\/nenitus.es\/wp-content\/uploads\/2023\/11\/tablero-rompecabezas-Montessori-5.webp\",\"datePublished\":\"2023-11-15T13:31:55+00:00\",\"dateModified\":\"2024-11-29T17:47:00+00:00\",\"breadcrumb\":{\"@id\":\"https:\/\/nenitus.es\/it\/puzzle-montessori-in-legno-per-bambini\/#breadcrumb\"},\"inLanguage\":\"it-IT\",\"potentialAction\":[{\"@type\":\"ReadAction\",\"target\":[\"https:\/\/nenitus.es\/it\/puzzle-montessori-in-legno-per-bambini\/\"]}]},{\"@type\":\"ImageObject\",\"inLanguage\":\"it-IT\",\"@id\":\"https:\/\/nenitus.es\/it\/puzzle-montessori-in-legno-per-bambini\/#primaryimage\",\"url\":\"https:\/\/nenitus.es\/wp-content\/uploads\/2023\/11\/tablero-rompecabezas-Montessori-5.webp\",\"contentUrl\":\"https:\/\/nenitus.es\/wp-content\/uploads\/2023\/11\/tablero-rompecabezas-Montessori-5.webp\",\"width\":612,\"height\":612},{\"@type\":\"BreadcrumbList\",\"@id\":\"https:\/\/nenitus.es\/it\/puzzle-montessori-in-legno-per-bambini\/#breadcrumb\",\"itemListElement\":[{\"@type\":\"ListItem\",\"position\":1,\"name\":\"Portada\",\"item\":\"https:\/\/nenitus.es\/it\/\"},{\"@type\":\"ListItem\",\"position\":2,\"name\":\"Negozio\",\"item\":\"https:\/\/nenitus.es\/it\/negozio\/\"},{\"@type\":\"ListItem\",\"position\":3,\"name\":\"Puzzle Montessori in legno per bambini\"}]},{\"@type\":\"WebSite\",\"@id\":\"https:\/\/nenitus.es\/it\/#website\",\"url\":\"https:\/\/nenitus.es\/it\/\",\"name\":\"Nenitus\",\"description\":\"\",\"potentialAction\":[{\"@type\":\"SearchAction\",\"target\":{\"@type\":\"EntryPoint\",\"urlTemplate\":\"https:\/\/nenitus.es\/it\/?s={search_term_string}\"},\"query-input\":{\"@type\":\"PropertyValueSpecification\",\"valueRequired\":true,\"valueName\":\"search_term_string\"}}],\"inLanguage\":\"it-IT\"}]}<\/script>\n<!-- \/ Yoast SEO plugin. -->","yoast_head_json":{"title":"Puzzle Montessori in legno per bambini - Nenitus","robots":{"index":"index","follow":"follow","max-snippet":"max-snippet:-1","max-image-preview":"max-image-preview:large","max-video-preview":"max-video-preview:-1"},"canonical":"https:\/\/nenitus.es\/it\/puzzle-montessori-in-legno-per-bambini\/","og_locale":"it_IT","og_type":"article","og_title":"Puzzle Montessori in legno per bambini - Nenitus","og_description":"Questo fantastico giocattolo Montessori per la prima educazione \u00e8 uno strumento educativo perfetto per il tuo bambino, \u00e8 realizzato appositamente per i pi\u00f9 piccoli dai 6 mesi in poi.  Puzzle con 9 pezzi geometrici in legno di diversi colori, con la tavola di legno aiuta i bambini ad apprendere la cognizione della forma e del colore.","og_url":"https:\/\/nenitus.es\/it\/puzzle-montessori-in-legno-per-bambini\/","og_site_name":"Nenitus","article_modified_time":"2024-11-29T17:47:00+00:00","og_image":[{"width":612,"height":612,"url":"https:\/\/nenitus.es\/wp-content\/uploads\/2023\/11\/tablero-rompecabezas-Montessori-5.webp","type":"image\/webp"}],"twitter_card":"summary_large_image","twitter_misc":{"Tempo di lettura stimato":"2 minuti"},"schema":{"@context":"https:\/\/schema.org","@graph":[{"@type":"WebPage","@id":"https:\/\/nenitus.es\/it\/puzzle-montessori-in-legno-per-bambini\/","url":"https:\/\/nenitus.es\/it\/puzzle-montessori-in-legno-per-bambini\/","name":"Puzzle Montessori in legno per bambini - Nenitus","isPartOf":{"@id":"https:\/\/nenitus.es\/it\/#website"},"primaryImageOfPage":{"@id":"https:\/\/nenitus.es\/it\/puzzle-montessori-in-legno-per-bambini\/#primaryimage"},"image":{"@id":"https:\/\/nenitus.es\/it\/puzzle-montessori-in-legno-per-bambini\/#primaryimage"},"thumbnailUrl":"https:\/\/nenitus.es\/wp-content\/uploads\/2023\/11\/tablero-rompecabezas-Montessori-5.webp","datePublished":"2023-11-15T13:31:55+00:00","dateModified":"2024-11-29T17:47:00+00:00","breadcrumb":{"@id":"https:\/\/nenitus.es\/it\/puzzle-montessori-in-legno-per-bambini\/#breadcrumb"},"inLanguage":"it-IT","potentialAction":[{"@type":"ReadAction","target":["https:\/\/nenitus.es\/it\/puzzle-montessori-in-legno-per-bambini\/"]}]},{"@type":"ImageObject","inLanguage":"it-IT","@id":"https:\/\/nenitus.es\/it\/puzzle-montessori-in-legno-per-bambini\/#primaryimage","url":"https:\/\/nenitus.es\/wp-content\/uploads\/2023\/11\/tablero-rompecabezas-Montessori-5.webp","contentUrl":"https:\/\/nenitus.es\/wp-content\/uploads\/2023\/11\/tablero-rompecabezas-Montessori-5.webp","width":612,"height":612},{"@type":"BreadcrumbList","@id":"https:\/\/nenitus.es\/it\/puzzle-montessori-in-legno-per-bambini\/#breadcrumb","itemListElement":[{"@type":"ListItem","position":1,"name":"Portada","item":"https:\/\/nenitus.es\/it\/"},{"@type":"ListItem","position":2,"name":"Negozio","item":"https:\/\/nenitus.es\/it\/negozio\/"},{"@type":"ListItem","position":3,"name":"Puzzle Montessori in legno per bambini"}]},{"@type":"WebSite","@id":"https:\/\/nenitus.es\/it\/#website","url":"https:\/\/nenitus.es\/it\/","name":"Nenitus","description":"","potentialAction":[{"@type":"SearchAction","target":{"@type":"EntryPoint","urlTemplate":"https:\/\/nenitus.es\/it\/?s={search_term_string}"},"query-input":{"@type":"PropertyValueSpecification","valueRequired":true,"valueName":"search_term_string"}}],"inLanguage":"it-IT"}]}},"jetpack_sharing_enabled":true,"_links":{"self":[{"href":"https:\/\/nenitus.es\/it\/wp-json\/wp\/v2\/product\/3482","targetHints":{"allow":["GET"]}}],"collection":[{"href":"https:\/\/nenitus.es\/it\/wp-json\/wp\/v2\/product"}],"about":[{"href":"https:\/\/nenitus.es\/it\/wp-json\/wp\/v2\/types\/product"}],"replies":[{"embeddable":true,"href":"https:\/\/nenitus.es\/it\/wp-json\/wp\/v2\/comments?post=3482"}],"wp:featuredmedia":[{"embeddable":true,"href":"https:\/\/nenitus.es\/it\/wp-json\/wp\/v2\/media\/3484"}],"wp:attachment":[{"href":"https:\/\/nenitus.es\/it\/wp-json\/wp\/v2\/media?parent=3482"}],"wp:term":[{"taxonomy":"product_cat","embeddable":true,"href":"https:\/\/nenitus.es\/it\/wp-json\/wp\/v2\/product_cat?post=3482"},{"taxonomy":"product_tag","embeddable":true,"href":"https:\/\/nenitus.es\/it\/wp-json\/wp\/v2\/product_tag?post=3482"}],"curies":[{"name":"wp","href":"https:\/\/api.w.org\/{rel}","templated":true}]}}