{"id":3543,"date":"2023-11-15T18:28:01","date_gmt":"2023-11-15T17:28:01","guid":{"rendered":"https:\/\/nenitus.es\/?post_type=product&#038;p=3543"},"modified":"2023-12-15T10:17:07","modified_gmt":"2023-12-15T09:17:07","slug":"forme-geometriche-triangolari-in-legno-montessori","status":"publish","type":"product","link":"https:\/\/nenitus.es\/it\/forme-geometriche-triangolari-in-legno-montessori\/","title":{"rendered":"Forme geometriche triangolari in legno Montessori"},"content":{"rendered":"<h1 id=\"title\" class=\"a-size-large a-spacing-none\"><strong><span id=\"productTitle\" class=\"a-size-large product-title-word-break\">Puzzle Forme geometriche triangolari in legno Montessori per bambini <\/span><\/strong><\/h1>\n<p>&nbsp;<\/p>\n<p><span class=\"a-list-item\">Tutti sanno che giocare con i blocchi del puzzle e costruire stili diversi stimola liberamente la fantasia e la creativit\u00e0 dei bambini. Con questo puzzle in legno da classificare e impilare, li aiuterai a sviluppare i primi segni di forma, colore e dimensione capacit\u00e0 di differenziazione.<\/span><\/p>\n<p>Sono materiali in legno, 100% atossici con vernici a base d&#8217;acqua, sicuri per i bambini ed ecologici. I bordi della base sono lisci e non danneggiano la pelle del bambino, \u00e8 progettata con grandi blocchi di forma geometrica che impediscono ai bambini di ingoiarli, rendendola molto pi\u00f9 sicura dei soliti piccoli blocchi.<\/p>\n<p>&nbsp;<\/p>\n<h3><span style=\"font-size: 90%;\"><strong>Caratteristiche:<\/strong><\/span><\/h3>\n<ul class=\"a-unordered-list a-vertical a-spacing-mini\">\n<li class=\"a-spacing-mini\"><span class=\"a-list-item\"><b>Materiale Sicuro<\/b>: Sono materiali in legno, 100% atossici con vernice a base di acqua, sicuro per i bambini ed ecologico. I bordi del tagliere geometrico impilabile sono lisci e non danneggiano la pelle del bambino, \u00e8 progettato con blocchi di forma geometrica pi\u00f9 grandi che impediscono ai bambini di ingoiarli, quindi \u00e8 molto pi\u00f9 sicuro dei soliti piccoli blocchi.&lt; \/span&gt;<\/span><\/li>\n<li class=\"a-spacing-mini\"><span class=\"a-list-item\"><b>Giocattolo per la stimolazione precoce<\/b>: il nostro giocattolo per selezionare i blocchi di forme Triangle Geometric Shapes \u00e8 stato sviluppato per fornire un modo divertente per i bambini piccoli di divertirsi migliorando al contempo il riconoscimento della forma, le capacit\u00e0 motorie, dove imparano ad abbinare e ordinare, la coordinazione occhio-mano e le capacit\u00e0 di risoluzione dei problemi, oltre a sviluppare la loro creativit\u00e0 e regalare loro ore di divertimento .<\/span><\/li>\n<\/ul>\n<h3><strong><span style=\"font-size: 90%;\">Materiali:<\/span><\/strong><\/h3>\n<ul>\n<li>Legno di gomma<\/li>\n<\/ul>\n<h3><strong><span style=\"font-size: 90%;\">Spedizione:<\/span><\/strong><\/h3>\n<ul>\n<li>Tempo di spedizione approssimativo per questo prodotto: da 1 a 2 giorni lavorativi (se ne hai bisogno per una data specifica, contattaci)<\/li>\n<\/ul>\n","protected":false},"excerpt":{"rendered":"<div>Tutti sanno che giocare con i blocchi del puzzle e costruire stili diversi stimola liberamente l&#8217;immaginazione e la creativit\u00e0 dei bambini. Con questo puzzle in legno da classificare e impilare, li aiuterai a sviluppare le prime capacit\u00e0 di differenziazione delle forme e capacit\u00e0 di pensiero logico.<\/div>\n<div><\/div>\n<div>Giocattolo in legno per aiutare lo sviluppo precoce delle capacit\u00e0 motorie fini nei ragazzi e nelle ragazze.<\/div>\n<p>&nbsp;<\/p>\n<p>&nbsp;<\/p>\n<h1 id=\"title\" class=\"a-size-large a-spacing-none\"><\/h1>\n","protected":false},"featured_media":3551,"comment_status":"open","ping_status":"closed","template":"","meta":[],"product_cat":[92],"product_tag":[],"class_list":{"0":"post-3543","1":"product","2":"type-product","3":"status-publish","4":"has-post-thumbnail","6":"product_cat-materiali-montessori","8":"first","9":"instock","10":"sale","11":"featured","12":"taxable","13":"shipping-taxable","14":"purchasable","15":"product-type-simple"},"yoast_head":"<!-- This site is optimized with the Yoast SEO plugin v23.9 - https:\/\/yoast.com\/wordpress\/plugins\/seo\/ -->\n<title>Forme geometriche triangolari in legno Montessori - Nenitus<\/title>\n<meta name=\"robots\" content=\"index, follow, max-snippet:-1, max-image-preview:large, max-video-preview:-1\" \/>\n<link rel=\"canonical\" href=\"https:\/\/nenitus.es\/it\/forme-geometriche-triangolari-in-legno-montessori\/\" \/>\n<meta property=\"og:locale\" content=\"it_IT\" \/>\n<meta property=\"og:type\" content=\"article\" \/>\n<meta property=\"og:title\" content=\"Forme geometriche triangolari in legno Montessori - Nenitus\" \/>\n<meta property=\"og:description\" content=\"Tutti sanno che giocare con i blocchi del puzzle e costruire stili diversi stimola liberamente l&#039;immaginazione e la creativit\u00e0 dei bambini. Con questo puzzle in legno da classificare e impilare, li aiuterai a sviluppare le prime capacit\u00e0 di differenziazione delle forme e capacit\u00e0 di pensiero logico.  Giocattolo in legno per aiutare lo sviluppo precoce delle capacit\u00e0 motorie fini nei ragazzi e nelle ragazze. &nbsp;  &nbsp;\" \/>\n<meta property=\"og:url\" content=\"https:\/\/nenitus.es\/it\/forme-geometriche-triangolari-in-legno-montessori\/\" \/>\n<meta property=\"og:site_name\" content=\"Nenitus\" \/>\n<meta property=\"article:modified_time\" content=\"2023-12-15T09:17:07+00:00\" \/>\n<meta property=\"og:image\" content=\"https:\/\/nenitus.es\/wp-content\/uploads\/2023\/11\/apilables-geometricos-montessori-1-1.jpg\" \/>\n\t<meta property=\"og:image:width\" content=\"1000\" \/>\n\t<meta property=\"og:image:height\" content=\"1000\" \/>\n\t<meta property=\"og:image:type\" content=\"image\/jpeg\" \/>\n<meta name=\"twitter:card\" content=\"summary_large_image\" \/>\n<meta name=\"twitter:label1\" content=\"Tempo di lettura stimato\" \/>\n\t<meta name=\"twitter:data1\" content=\"2 minuti\" \/>\n<script type=\"application\/ld+json\" class=\"yoast-schema-graph\">{\"@context\":\"https:\/\/schema.org\",\"@graph\":[{\"@type\":\"WebPage\",\"@id\":\"https:\/\/nenitus.es\/it\/forme-geometriche-triangolari-in-legno-montessori\/\",\"url\":\"https:\/\/nenitus.es\/it\/forme-geometriche-triangolari-in-legno-montessori\/\",\"name\":\"Forme geometriche triangolari in legno Montessori - Nenitus\",\"isPartOf\":{\"@id\":\"https:\/\/nenitus.es\/it\/#website\"},\"primaryImageOfPage\":{\"@id\":\"https:\/\/nenitus.es\/it\/forme-geometriche-triangolari-in-legno-montessori\/#primaryimage\"},\"image\":{\"@id\":\"https:\/\/nenitus.es\/it\/forme-geometriche-triangolari-in-legno-montessori\/#primaryimage\"},\"thumbnailUrl\":\"https:\/\/nenitus.es\/wp-content\/uploads\/2023\/11\/apilables-geometricos-montessori-1-1.jpg\",\"datePublished\":\"2023-11-15T17:28:01+00:00\",\"dateModified\":\"2023-12-15T09:17:07+00:00\",\"breadcrumb\":{\"@id\":\"https:\/\/nenitus.es\/it\/forme-geometriche-triangolari-in-legno-montessori\/#breadcrumb\"},\"inLanguage\":\"it-IT\",\"potentialAction\":[{\"@type\":\"ReadAction\",\"target\":[\"https:\/\/nenitus.es\/it\/forme-geometriche-triangolari-in-legno-montessori\/\"]}]},{\"@type\":\"ImageObject\",\"inLanguage\":\"it-IT\",\"@id\":\"https:\/\/nenitus.es\/it\/forme-geometriche-triangolari-in-legno-montessori\/#primaryimage\",\"url\":\"https:\/\/nenitus.es\/wp-content\/uploads\/2023\/11\/apilables-geometricos-montessori-1-1.jpg\",\"contentUrl\":\"https:\/\/nenitus.es\/wp-content\/uploads\/2023\/11\/apilables-geometricos-montessori-1-1.jpg\",\"width\":1000,\"height\":1000},{\"@type\":\"BreadcrumbList\",\"@id\":\"https:\/\/nenitus.es\/it\/forme-geometriche-triangolari-in-legno-montessori\/#breadcrumb\",\"itemListElement\":[{\"@type\":\"ListItem\",\"position\":1,\"name\":\"Portada\",\"item\":\"https:\/\/nenitus.es\/it\/\"},{\"@type\":\"ListItem\",\"position\":2,\"name\":\"Negozio\",\"item\":\"https:\/\/nenitus.es\/it\/negozio\/\"},{\"@type\":\"ListItem\",\"position\":3,\"name\":\"Forme geometriche triangolari in legno Montessori\"}]},{\"@type\":\"WebSite\",\"@id\":\"https:\/\/nenitus.es\/it\/#website\",\"url\":\"https:\/\/nenitus.es\/it\/\",\"name\":\"Nenitus\",\"description\":\"\",\"potentialAction\":[{\"@type\":\"SearchAction\",\"target\":{\"@type\":\"EntryPoint\",\"urlTemplate\":\"https:\/\/nenitus.es\/it\/?s={search_term_string}\"},\"query-input\":{\"@type\":\"PropertyValueSpecification\",\"valueRequired\":true,\"valueName\":\"search_term_string\"}}],\"inLanguage\":\"it-IT\"}]}<\/script>\n<!-- \/ Yoast SEO plugin. -->","yoast_head_json":{"title":"Forme geometriche triangolari in legno Montessori - Nenitus","robots":{"index":"index","follow":"follow","max-snippet":"max-snippet:-1","max-image-preview":"max-image-preview:large","max-video-preview":"max-video-preview:-1"},"canonical":"https:\/\/nenitus.es\/it\/forme-geometriche-triangolari-in-legno-montessori\/","og_locale":"it_IT","og_type":"article","og_title":"Forme geometriche triangolari in legno Montessori - Nenitus","og_description":"Tutti sanno che giocare con i blocchi del puzzle e costruire stili diversi stimola liberamente l'immaginazione e la creativit\u00e0 dei bambini. Con questo puzzle in legno da classificare e impilare, li aiuterai a sviluppare le prime capacit\u00e0 di differenziazione delle forme e capacit\u00e0 di pensiero logico.  Giocattolo in legno per aiutare lo sviluppo precoce delle capacit\u00e0 motorie fini nei ragazzi e nelle ragazze. &nbsp;  &nbsp;","og_url":"https:\/\/nenitus.es\/it\/forme-geometriche-triangolari-in-legno-montessori\/","og_site_name":"Nenitus","article_modified_time":"2023-12-15T09:17:07+00:00","og_image":[{"width":1000,"height":1000,"url":"https:\/\/nenitus.es\/wp-content\/uploads\/2023\/11\/apilables-geometricos-montessori-1-1.jpg","type":"image\/jpeg"}],"twitter_card":"summary_large_image","twitter_misc":{"Tempo di lettura stimato":"2 minuti"},"schema":{"@context":"https:\/\/schema.org","@graph":[{"@type":"WebPage","@id":"https:\/\/nenitus.es\/it\/forme-geometriche-triangolari-in-legno-montessori\/","url":"https:\/\/nenitus.es\/it\/forme-geometriche-triangolari-in-legno-montessori\/","name":"Forme geometriche triangolari in legno Montessori - Nenitus","isPartOf":{"@id":"https:\/\/nenitus.es\/it\/#website"},"primaryImageOfPage":{"@id":"https:\/\/nenitus.es\/it\/forme-geometriche-triangolari-in-legno-montessori\/#primaryimage"},"image":{"@id":"https:\/\/nenitus.es\/it\/forme-geometriche-triangolari-in-legno-montessori\/#primaryimage"},"thumbnailUrl":"https:\/\/nenitus.es\/wp-content\/uploads\/2023\/11\/apilables-geometricos-montessori-1-1.jpg","datePublished":"2023-11-15T17:28:01+00:00","dateModified":"2023-12-15T09:17:07+00:00","breadcrumb":{"@id":"https:\/\/nenitus.es\/it\/forme-geometriche-triangolari-in-legno-montessori\/#breadcrumb"},"inLanguage":"it-IT","potentialAction":[{"@type":"ReadAction","target":["https:\/\/nenitus.es\/it\/forme-geometriche-triangolari-in-legno-montessori\/"]}]},{"@type":"ImageObject","inLanguage":"it-IT","@id":"https:\/\/nenitus.es\/it\/forme-geometriche-triangolari-in-legno-montessori\/#primaryimage","url":"https:\/\/nenitus.es\/wp-content\/uploads\/2023\/11\/apilables-geometricos-montessori-1-1.jpg","contentUrl":"https:\/\/nenitus.es\/wp-content\/uploads\/2023\/11\/apilables-geometricos-montessori-1-1.jpg","width":1000,"height":1000},{"@type":"BreadcrumbList","@id":"https:\/\/nenitus.es\/it\/forme-geometriche-triangolari-in-legno-montessori\/#breadcrumb","itemListElement":[{"@type":"ListItem","position":1,"name":"Portada","item":"https:\/\/nenitus.es\/it\/"},{"@type":"ListItem","position":2,"name":"Negozio","item":"https:\/\/nenitus.es\/it\/negozio\/"},{"@type":"ListItem","position":3,"name":"Forme geometriche triangolari in legno Montessori"}]},{"@type":"WebSite","@id":"https:\/\/nenitus.es\/it\/#website","url":"https:\/\/nenitus.es\/it\/","name":"Nenitus","description":"","potentialAction":[{"@type":"SearchAction","target":{"@type":"EntryPoint","urlTemplate":"https:\/\/nenitus.es\/it\/?s={search_term_string}"},"query-input":{"@type":"PropertyValueSpecification","valueRequired":true,"valueName":"search_term_string"}}],"inLanguage":"it-IT"}]}},"jetpack_sharing_enabled":true,"_links":{"self":[{"href":"https:\/\/nenitus.es\/it\/wp-json\/wp\/v2\/product\/3543","targetHints":{"allow":["GET"]}}],"collection":[{"href":"https:\/\/nenitus.es\/it\/wp-json\/wp\/v2\/product"}],"about":[{"href":"https:\/\/nenitus.es\/it\/wp-json\/wp\/v2\/types\/product"}],"replies":[{"embeddable":true,"href":"https:\/\/nenitus.es\/it\/wp-json\/wp\/v2\/comments?post=3543"}],"wp:featuredmedia":[{"embeddable":true,"href":"https:\/\/nenitus.es\/it\/wp-json\/wp\/v2\/media\/3551"}],"wp:attachment":[{"href":"https:\/\/nenitus.es\/it\/wp-json\/wp\/v2\/media?parent=3543"}],"wp:term":[{"taxonomy":"product_cat","embeddable":true,"href":"https:\/\/nenitus.es\/it\/wp-json\/wp\/v2\/product_cat?post=3543"},{"taxonomy":"product_tag","embeddable":true,"href":"https:\/\/nenitus.es\/it\/wp-json\/wp\/v2\/product_tag?post=3543"}],"curies":[{"name":"wp","href":"https:\/\/api.w.org\/{rel}","templated":true}]}}