{"id":3632,"date":"2023-11-16T14:41:23","date_gmt":"2023-11-16T13:41:23","guid":{"rendered":"https:\/\/nenitus.es\/?post_type=product&#038;p=3632"},"modified":"2024-12-03T00:02:36","modified_gmt":"2024-12-02T23:02:36","slug":"set-di-100-blocchi-da-costruzione-impilabili-in-legno-2","status":"publish","type":"product","link":"https:\/\/nenitus.es\/it\/set-di-100-blocchi-da-costruzione-impilabili-in-legno-2\/","title":{"rendered":"Set di 100 blocchi da costruzione impilabili in legno"},"content":{"rendered":"<h1 class=\"a-size-large a-spacing-none\"><strong>Set di 120 blocchi da costruzione impilabili in legno<\/strong><\/h1>\n<p>Fantastico giocattolo con 100 pezzi tra cui diversi personaggi, veicoli, segnali e blocchi a colori stampati con lettere, numeri e testo, oltre ad una base per puzzle stradale.<\/p>\n<p>Potrai impilare pezzi multifunzionali in un divertente puzzle e creare cos\u00ec una citt\u00e0 perfetta, creare un paesaggio urbano unico e colorato pieno di grattacieli, negozi, veicoli, alberi e opere interattive di ogni tipo. Costruisci importanti edifici pubblici, come scuole, stazioni di polizia, supermercati, bar, banche, musei, zoo, ecc&#8230; stimolando l&#8217;immaginazione e la creativit\u00e0.<\/p>\n<p>Impara lettere, numeri, colori e forme per sviluppare efficacemente varie abilit\u00e0 cognitive, motorie e sociali attraverso il gioco attivo e il tempo di gioco genitore-figlio, migliorare l&#8217;intelligenza del bambino e promuovere lo sviluppo del bambino.<\/p>\n<h3><span style=\"font-size: 90%;\"><strong>Caratteristiche:<\/strong><\/span><\/h3>\n<ul class=\"a-unordered-list a-vertical a-spacing-mini\">\n<li class=\"a-spacing-mini\"><span class=\"a-list-item\"><b>Materiale sicuro<\/b>: sono materiali in legno naturale, 100% non tossici con vernice a base sull&#8217;acqua, riducendo la possibilit\u00e0 di schegge e odori di legno, sicuro per i bambini ed ecologico. La forma e le dimensioni sono adatte alle piccole mani dei bambini. Tutte le parti del prodotto soddisfano i pi\u00f9 severi requisiti di sicurezza EN-71 e CE.<\/span><\/li>\n<\/ul>\n<p>&nbsp;<\/p>\n<ul class=\"a-unordered-list a-vertical a-spacing-mini\">\n<li class=\"a-spacing-mini\"><span class=\"a-list-item\"><span class=\"a-list-item\"><b>Giocattolo per la stimolazione precoce<\/strong> <\/b> : Questo materiale<b><\/b><\/span><\/span><span class=\"a-list-item\">\u00e8 stato sviluppato per offrire ai bambini un modo divertente di divertirsi, migliorando al tempo stesso le capacit\u00e0 motorie, le abilit\u00e0 manuali -coordinazione visiva e capacit\u00e0 di risoluzione dei problemi, oltre a sviluppare la loro creativit\u00e0 e regalare loro ore di divertimento.<\/span><\/li>\n<\/ul>\n<h3><strong><span style=\"font-size: 90%;\">Materiali:<\/span><\/strong><\/h3>\n<ul>\n<li>Legno di faggio<\/li>\n<\/ul>\n<h3><strong><span style=\"font-size: 90%;\">Spedizione:<\/span><\/strong><\/h3>\n<ul>\n<li>Tempo di spedizione approssimativo per questo prodotto: da 1 a 2 giorni lavorativi (se ne hai bisogno per una data specifica, contattaci)<\/li>\n<\/ul>\n","protected":false},"excerpt":{"rendered":"<p>Con questo fantastico giocattolo Montessori per la prima educazione potrai impilare pezzi multifunzionali in un divertente puzzle e creare cos\u00ec una citt\u00e0 perfetta, creare un paesaggio urbano unico e colorato pieno di grattacieli, negozi, veicoli, alberi e costruire edifici pubblici come scuole, stazioni di polizia, supermercati, bar, banche, musei, ecc&#8230; stimolando l&#8217;immaginazione e la creativit\u00e0.<\/p>\n","protected":false},"featured_media":3652,"comment_status":"open","ping_status":"closed","template":"","meta":[],"product_cat":[92],"product_tag":[],"class_list":{"0":"post-3632","1":"product","2":"type-product","3":"status-publish","4":"has-post-thumbnail","6":"product_cat-materiali-montessori","8":"first","9":"outofstock","10":"featured","11":"taxable","12":"shipping-taxable","13":"purchasable","14":"product-type-simple"},"yoast_head":"<!-- This site is optimized with the Yoast SEO plugin v23.9 - https:\/\/yoast.com\/wordpress\/plugins\/seo\/ -->\n<title>Set di 100 blocchi da costruzione impilabili in legno - Nenitus<\/title>\n<meta name=\"robots\" content=\"index, follow, max-snippet:-1, max-image-preview:large, max-video-preview:-1\" \/>\n<link rel=\"canonical\" href=\"https:\/\/nenitus.es\/it\/set-di-100-blocchi-da-costruzione-impilabili-in-legno-2\/\" \/>\n<meta property=\"og:locale\" content=\"it_IT\" \/>\n<meta property=\"og:type\" content=\"article\" \/>\n<meta property=\"og:title\" content=\"Set di 100 blocchi da costruzione impilabili in legno - Nenitus\" \/>\n<meta property=\"og:description\" content=\"Con questo fantastico giocattolo Montessori per la prima educazione potrai impilare pezzi multifunzionali in un divertente puzzle e creare cos\u00ec una citt\u00e0 perfetta, creare un paesaggio urbano unico e colorato pieno di grattacieli, negozi, veicoli, alberi e costruire edifici pubblici come scuole, stazioni di polizia, supermercati, bar, banche, musei, ecc... stimolando l&#039;immaginazione e la creativit\u00e0.\" \/>\n<meta property=\"og:url\" content=\"https:\/\/nenitus.es\/it\/set-di-100-blocchi-da-costruzione-impilabili-in-legno-2\/\" \/>\n<meta property=\"og:site_name\" content=\"Nenitus\" \/>\n<meta property=\"article:modified_time\" content=\"2024-12-02T23:02:36+00:00\" \/>\n<meta property=\"og:image\" content=\"https:\/\/nenitus.es\/wp-content\/uploads\/2023\/11\/120-bloques-apilables-de-madera-2.jpg\" \/>\n\t<meta property=\"og:image:width\" content=\"1000\" \/>\n\t<meta property=\"og:image:height\" content=\"1000\" \/>\n\t<meta property=\"og:image:type\" content=\"image\/jpeg\" \/>\n<meta name=\"twitter:card\" content=\"summary_large_image\" \/>\n<meta name=\"twitter:label1\" content=\"Tempo di lettura stimato\" \/>\n\t<meta name=\"twitter:data1\" content=\"2 minuti\" \/>\n<script type=\"application\/ld+json\" class=\"yoast-schema-graph\">{\"@context\":\"https:\/\/schema.org\",\"@graph\":[{\"@type\":\"WebPage\",\"@id\":\"https:\/\/nenitus.es\/it\/set-di-100-blocchi-da-costruzione-impilabili-in-legno-2\/\",\"url\":\"https:\/\/nenitus.es\/it\/set-di-100-blocchi-da-costruzione-impilabili-in-legno-2\/\",\"name\":\"Set di 100 blocchi da costruzione impilabili in legno - Nenitus\",\"isPartOf\":{\"@id\":\"https:\/\/nenitus.es\/it\/#website\"},\"primaryImageOfPage\":{\"@id\":\"https:\/\/nenitus.es\/it\/set-di-100-blocchi-da-costruzione-impilabili-in-legno-2\/#primaryimage\"},\"image\":{\"@id\":\"https:\/\/nenitus.es\/it\/set-di-100-blocchi-da-costruzione-impilabili-in-legno-2\/#primaryimage\"},\"thumbnailUrl\":\"https:\/\/nenitus.es\/wp-content\/uploads\/2023\/11\/120-bloques-apilables-de-madera-2.jpg\",\"datePublished\":\"2023-11-16T13:41:23+00:00\",\"dateModified\":\"2024-12-02T23:02:36+00:00\",\"breadcrumb\":{\"@id\":\"https:\/\/nenitus.es\/it\/set-di-100-blocchi-da-costruzione-impilabili-in-legno-2\/#breadcrumb\"},\"inLanguage\":\"it-IT\",\"potentialAction\":[{\"@type\":\"ReadAction\",\"target\":[\"https:\/\/nenitus.es\/it\/set-di-100-blocchi-da-costruzione-impilabili-in-legno-2\/\"]}]},{\"@type\":\"ImageObject\",\"inLanguage\":\"it-IT\",\"@id\":\"https:\/\/nenitus.es\/it\/set-di-100-blocchi-da-costruzione-impilabili-in-legno-2\/#primaryimage\",\"url\":\"https:\/\/nenitus.es\/wp-content\/uploads\/2023\/11\/120-bloques-apilables-de-madera-2.jpg\",\"contentUrl\":\"https:\/\/nenitus.es\/wp-content\/uploads\/2023\/11\/120-bloques-apilables-de-madera-2.jpg\",\"width\":1000,\"height\":1000},{\"@type\":\"BreadcrumbList\",\"@id\":\"https:\/\/nenitus.es\/it\/set-di-100-blocchi-da-costruzione-impilabili-in-legno-2\/#breadcrumb\",\"itemListElement\":[{\"@type\":\"ListItem\",\"position\":1,\"name\":\"Portada\",\"item\":\"https:\/\/nenitus.es\/it\/\"},{\"@type\":\"ListItem\",\"position\":2,\"name\":\"Negozio\",\"item\":\"https:\/\/nenitus.es\/it\/negozio\/\"},{\"@type\":\"ListItem\",\"position\":3,\"name\":\"Set di 100 blocchi da costruzione impilabili in legno\"}]},{\"@type\":\"WebSite\",\"@id\":\"https:\/\/nenitus.es\/it\/#website\",\"url\":\"https:\/\/nenitus.es\/it\/\",\"name\":\"Nenitus\",\"description\":\"\",\"potentialAction\":[{\"@type\":\"SearchAction\",\"target\":{\"@type\":\"EntryPoint\",\"urlTemplate\":\"https:\/\/nenitus.es\/it\/?s={search_term_string}\"},\"query-input\":{\"@type\":\"PropertyValueSpecification\",\"valueRequired\":true,\"valueName\":\"search_term_string\"}}],\"inLanguage\":\"it-IT\"}]}<\/script>\n<!-- \/ Yoast SEO plugin. -->","yoast_head_json":{"title":"Set di 100 blocchi da costruzione impilabili in legno - Nenitus","robots":{"index":"index","follow":"follow","max-snippet":"max-snippet:-1","max-image-preview":"max-image-preview:large","max-video-preview":"max-video-preview:-1"},"canonical":"https:\/\/nenitus.es\/it\/set-di-100-blocchi-da-costruzione-impilabili-in-legno-2\/","og_locale":"it_IT","og_type":"article","og_title":"Set di 100 blocchi da costruzione impilabili in legno - Nenitus","og_description":"Con questo fantastico giocattolo Montessori per la prima educazione potrai impilare pezzi multifunzionali in un divertente puzzle e creare cos\u00ec una citt\u00e0 perfetta, creare un paesaggio urbano unico e colorato pieno di grattacieli, negozi, veicoli, alberi e costruire edifici pubblici come scuole, stazioni di polizia, supermercati, bar, banche, musei, ecc... stimolando l'immaginazione e la creativit\u00e0.","og_url":"https:\/\/nenitus.es\/it\/set-di-100-blocchi-da-costruzione-impilabili-in-legno-2\/","og_site_name":"Nenitus","article_modified_time":"2024-12-02T23:02:36+00:00","og_image":[{"width":1000,"height":1000,"url":"https:\/\/nenitus.es\/wp-content\/uploads\/2023\/11\/120-bloques-apilables-de-madera-2.jpg","type":"image\/jpeg"}],"twitter_card":"summary_large_image","twitter_misc":{"Tempo di lettura stimato":"2 minuti"},"schema":{"@context":"https:\/\/schema.org","@graph":[{"@type":"WebPage","@id":"https:\/\/nenitus.es\/it\/set-di-100-blocchi-da-costruzione-impilabili-in-legno-2\/","url":"https:\/\/nenitus.es\/it\/set-di-100-blocchi-da-costruzione-impilabili-in-legno-2\/","name":"Set di 100 blocchi da costruzione impilabili in legno - Nenitus","isPartOf":{"@id":"https:\/\/nenitus.es\/it\/#website"},"primaryImageOfPage":{"@id":"https:\/\/nenitus.es\/it\/set-di-100-blocchi-da-costruzione-impilabili-in-legno-2\/#primaryimage"},"image":{"@id":"https:\/\/nenitus.es\/it\/set-di-100-blocchi-da-costruzione-impilabili-in-legno-2\/#primaryimage"},"thumbnailUrl":"https:\/\/nenitus.es\/wp-content\/uploads\/2023\/11\/120-bloques-apilables-de-madera-2.jpg","datePublished":"2023-11-16T13:41:23+00:00","dateModified":"2024-12-02T23:02:36+00:00","breadcrumb":{"@id":"https:\/\/nenitus.es\/it\/set-di-100-blocchi-da-costruzione-impilabili-in-legno-2\/#breadcrumb"},"inLanguage":"it-IT","potentialAction":[{"@type":"ReadAction","target":["https:\/\/nenitus.es\/it\/set-di-100-blocchi-da-costruzione-impilabili-in-legno-2\/"]}]},{"@type":"ImageObject","inLanguage":"it-IT","@id":"https:\/\/nenitus.es\/it\/set-di-100-blocchi-da-costruzione-impilabili-in-legno-2\/#primaryimage","url":"https:\/\/nenitus.es\/wp-content\/uploads\/2023\/11\/120-bloques-apilables-de-madera-2.jpg","contentUrl":"https:\/\/nenitus.es\/wp-content\/uploads\/2023\/11\/120-bloques-apilables-de-madera-2.jpg","width":1000,"height":1000},{"@type":"BreadcrumbList","@id":"https:\/\/nenitus.es\/it\/set-di-100-blocchi-da-costruzione-impilabili-in-legno-2\/#breadcrumb","itemListElement":[{"@type":"ListItem","position":1,"name":"Portada","item":"https:\/\/nenitus.es\/it\/"},{"@type":"ListItem","position":2,"name":"Negozio","item":"https:\/\/nenitus.es\/it\/negozio\/"},{"@type":"ListItem","position":3,"name":"Set di 100 blocchi da costruzione impilabili in legno"}]},{"@type":"WebSite","@id":"https:\/\/nenitus.es\/it\/#website","url":"https:\/\/nenitus.es\/it\/","name":"Nenitus","description":"","potentialAction":[{"@type":"SearchAction","target":{"@type":"EntryPoint","urlTemplate":"https:\/\/nenitus.es\/it\/?s={search_term_string}"},"query-input":{"@type":"PropertyValueSpecification","valueRequired":true,"valueName":"search_term_string"}}],"inLanguage":"it-IT"}]}},"jetpack_sharing_enabled":true,"_links":{"self":[{"href":"https:\/\/nenitus.es\/it\/wp-json\/wp\/v2\/product\/3632","targetHints":{"allow":["GET"]}}],"collection":[{"href":"https:\/\/nenitus.es\/it\/wp-json\/wp\/v2\/product"}],"about":[{"href":"https:\/\/nenitus.es\/it\/wp-json\/wp\/v2\/types\/product"}],"replies":[{"embeddable":true,"href":"https:\/\/nenitus.es\/it\/wp-json\/wp\/v2\/comments?post=3632"}],"wp:featuredmedia":[{"embeddable":true,"href":"https:\/\/nenitus.es\/it\/wp-json\/wp\/v2\/media\/3652"}],"wp:attachment":[{"href":"https:\/\/nenitus.es\/it\/wp-json\/wp\/v2\/media?parent=3632"}],"wp:term":[{"taxonomy":"product_cat","embeddable":true,"href":"https:\/\/nenitus.es\/it\/wp-json\/wp\/v2\/product_cat?post=3632"},{"taxonomy":"product_tag","embeddable":true,"href":"https:\/\/nenitus.es\/it\/wp-json\/wp\/v2\/product_tag?post=3632"}],"curies":[{"name":"wp","href":"https:\/\/api.w.org\/{rel}","templated":true}]}}