{"id":3672,"date":"2023-11-16T16:41:46","date_gmt":"2023-11-16T15:41:46","guid":{"rendered":"https:\/\/nenitus.es\/?post_type=product&#038;p=3672"},"modified":"2023-12-15T10:07:07","modified_gmt":"2023-12-15T09:07:07","slug":"labirinto-in-legno-montessori-e-cubo-di-attivita","status":"publish","type":"product","link":"https:\/\/nenitus.es\/it\/labirinto-in-legno-montessori-e-cubo-di-attivita\/","title":{"rendered":"Labirinto in legno Montessori e cubo di attivit\u00e0"},"content":{"rendered":"<h1 id=\"title\" class=\"a-size-large a-spacing-none\"><strong>Labirinto in legno e cubo attivit\u00e0 Montessori<\/strong><\/h1>\n<p>Questo fantastico giocattolo Montessori per la prima educazione ha 6 diversi modi di giocare, labirinto di animali, alfabeto ABC, figure di animali e parole inglesi, orologio didattico, gioco di ingranaggi e selezionatore di forme. Il tuo bambino non si stancher\u00e0 mai di giocare con questo cubo attivit\u00e0!<\/p>\n<p>I volti degli animali attireranno l&#8217;attenzione del bambino, gli ingranaggi arcobaleno faranno s\u00ec che i bambini esplorino le loro curiosit\u00e0, l&#8217;ordinamento delle forme migliora il riconoscimento della forma dei colori, la coordinazione occhio-mano e l&#8217;immaginazione spaziale, gli orologi di apprendimento promuovono le capacit\u00e0 motorie e le abilit\u00e0 logiche.<\/p>\n<p>La parte superiore del cubo si smonta, pu\u00f2 essere capovolta e si inserisce all&#8217;interno della scatola per riporla facilmente e utilizzarla come contenitore per piccoli giocattoli.<\/p>\n<p>Giocare con questo cubo stimola l&#8217;immaginazione e la creativit\u00e0 dei bambini e li aiuta con i loro primi interessi di matematica e conteggio.<\/p>\n<h3><span style=\"font-size: 90%;\"><strong>Caratteristiche:<\/strong><\/span><\/h3>\n<ul class=\"a-unordered-list a-vertical a-spacing-mini\">\n<li class=\"a-spacing-mini\"><span class=\"a-list-item\"><b>Materiale sicuro<\/b>: sono materiali in legno naturale, 100% non tossici con vernice a base sull&#8217;acqua, riducendo la possibilit\u00e0 di schegge e odori di legno, sicuro per i bambini ed ecologico. La forma e le dimensioni sono adatte alle piccole mani dei bambini. Tutte le parti del prodotto soddisfano i pi\u00f9 severi requisiti di sicurezza EN-71 e CE.<\/span><\/li>\n<\/ul>\n<p>&nbsp;<\/p>\n<ul class=\"a-unordered-list a-vertical a-spacing-mini\">\n<li class=\"a-spacing-mini\"><span class=\"a-list-item\"><span class=\"a-list-item\"><b>Giocattolo per la stimolazione precoce<\/strong> <\/b> : Questo materiale<b><\/b><\/span><\/span><span class=\"a-list-item\">\u00e8 stato sviluppato per offrire ai bambini un modo divertente di divertirsi, migliorando al tempo stesso il riconoscimento della forma e la motricit\u00e0 fine. abilit\u00e0, dove imparano ad abbinare e classificare, coordinazione occhio-mano e capacit\u00e0 di risoluzione dei problemi, oltre a sviluppare la loro creativit\u00e0 e regalare loro ore di divertimento.<\/span><\/li >\n<\/ul>\n<h3><strong><span style=\"font-size: 90%;\">Materiali:<\/span><\/strong><\/h3>\n<ul>\n<li>Legno<\/li>\n<\/ul>\n<h3><strong><span style=\"font-size: 90%;\">Spedizione:<\/span><\/strong><\/h3>\n<ul>\n<li>Tempo di spedizione approssimativo per questo prodotto: da 1 a 2 giorni lavorativi (se ne hai bisogno per una data specifica, contattaci)<\/li>\n<\/ul>\n","protected":false},"excerpt":{"rendered":"<p>Questo fantastico giocattolo Montessori per la prima educazione ha 6 diversi modi di giocare, labirinto di animali, alfabeto ABC, figure di animali e parole inglesi, orologio didattico, gioco di ingranaggi e selezionatore di forme. Il tuo bambino non si stancher\u00e0 mai di giocare con questo cubo attivit\u00e0!<\/p>\n<p>Questo giocattolo migliora le conoscenze e le abilit\u00e0 dei bambini e li aiuta a sviluppare l&#8217;interesse per l&#8217;apprendimento.<\/p>\n","protected":false},"featured_media":3674,"comment_status":"open","ping_status":"closed","template":"","meta":[],"product_cat":[92],"product_tag":[],"class_list":{"0":"post-3672","1":"product","2":"type-product","3":"status-publish","4":"has-post-thumbnail","6":"product_cat-materiali-montessori","8":"first","9":"instock","10":"featured","11":"taxable","12":"shipping-taxable","13":"purchasable","14":"product-type-simple"},"yoast_head":"<!-- This site is optimized with the Yoast SEO plugin v23.9 - https:\/\/yoast.com\/wordpress\/plugins\/seo\/ -->\n<title>Labirinto in legno Montessori e cubo di attivit\u00e0 - Nenitus<\/title>\n<meta name=\"robots\" content=\"index, follow, max-snippet:-1, max-image-preview:large, max-video-preview:-1\" \/>\n<link rel=\"canonical\" href=\"https:\/\/nenitus.es\/it\/labirinto-in-legno-montessori-e-cubo-di-attivita\/\" \/>\n<meta property=\"og:locale\" content=\"it_IT\" \/>\n<meta property=\"og:type\" content=\"article\" \/>\n<meta property=\"og:title\" content=\"Labirinto in legno Montessori e cubo di attivit\u00e0 - Nenitus\" \/>\n<meta property=\"og:description\" content=\"Questo fantastico giocattolo Montessori per la prima educazione ha 6 diversi modi di giocare, labirinto di animali, alfabeto ABC, figure di animali e parole inglesi, orologio didattico, gioco di ingranaggi e selezionatore di forme. Il tuo bambino non si stancher\u00e0 mai di giocare con questo cubo attivit\u00e0!  Questo giocattolo migliora le conoscenze e le abilit\u00e0 dei bambini e li aiuta a sviluppare l&#039;interesse per l&#039;apprendimento.\" \/>\n<meta property=\"og:url\" content=\"https:\/\/nenitus.es\/it\/labirinto-in-legno-montessori-e-cubo-di-attivita\/\" \/>\n<meta property=\"og:site_name\" content=\"Nenitus\" \/>\n<meta property=\"article:modified_time\" content=\"2023-12-15T09:07:07+00:00\" \/>\n<meta property=\"og:image\" content=\"https:\/\/nenitus.es\/wp-content\/uploads\/2023\/11\/cubo-de-actividades-montessori-8.jpg\" \/>\n\t<meta property=\"og:image:width\" content=\"1000\" \/>\n\t<meta property=\"og:image:height\" content=\"1059\" \/>\n\t<meta property=\"og:image:type\" content=\"image\/jpeg\" \/>\n<meta name=\"twitter:card\" content=\"summary_large_image\" \/>\n<meta name=\"twitter:label1\" content=\"Tempo di lettura stimato\" \/>\n\t<meta name=\"twitter:data1\" content=\"2 minuti\" \/>\n<script type=\"application\/ld+json\" class=\"yoast-schema-graph\">{\"@context\":\"https:\/\/schema.org\",\"@graph\":[{\"@type\":\"WebPage\",\"@id\":\"https:\/\/nenitus.es\/it\/labirinto-in-legno-montessori-e-cubo-di-attivita\/\",\"url\":\"https:\/\/nenitus.es\/it\/labirinto-in-legno-montessori-e-cubo-di-attivita\/\",\"name\":\"Labirinto in legno Montessori e cubo di attivit\u00e0 - Nenitus\",\"isPartOf\":{\"@id\":\"https:\/\/nenitus.es\/it\/#website\"},\"primaryImageOfPage\":{\"@id\":\"https:\/\/nenitus.es\/it\/labirinto-in-legno-montessori-e-cubo-di-attivita\/#primaryimage\"},\"image\":{\"@id\":\"https:\/\/nenitus.es\/it\/labirinto-in-legno-montessori-e-cubo-di-attivita\/#primaryimage\"},\"thumbnailUrl\":\"https:\/\/nenitus.es\/wp-content\/uploads\/2023\/11\/cubo-de-actividades-montessori-8.jpg\",\"datePublished\":\"2023-11-16T15:41:46+00:00\",\"dateModified\":\"2023-12-15T09:07:07+00:00\",\"breadcrumb\":{\"@id\":\"https:\/\/nenitus.es\/it\/labirinto-in-legno-montessori-e-cubo-di-attivita\/#breadcrumb\"},\"inLanguage\":\"it-IT\",\"potentialAction\":[{\"@type\":\"ReadAction\",\"target\":[\"https:\/\/nenitus.es\/it\/labirinto-in-legno-montessori-e-cubo-di-attivita\/\"]}]},{\"@type\":\"ImageObject\",\"inLanguage\":\"it-IT\",\"@id\":\"https:\/\/nenitus.es\/it\/labirinto-in-legno-montessori-e-cubo-di-attivita\/#primaryimage\",\"url\":\"https:\/\/nenitus.es\/wp-content\/uploads\/2023\/11\/cubo-de-actividades-montessori-8.jpg\",\"contentUrl\":\"https:\/\/nenitus.es\/wp-content\/uploads\/2023\/11\/cubo-de-actividades-montessori-8.jpg\",\"width\":1000,\"height\":1059},{\"@type\":\"BreadcrumbList\",\"@id\":\"https:\/\/nenitus.es\/it\/labirinto-in-legno-montessori-e-cubo-di-attivita\/#breadcrumb\",\"itemListElement\":[{\"@type\":\"ListItem\",\"position\":1,\"name\":\"Portada\",\"item\":\"https:\/\/nenitus.es\/it\/\"},{\"@type\":\"ListItem\",\"position\":2,\"name\":\"Negozio\",\"item\":\"https:\/\/nenitus.es\/it\/negozio\/\"},{\"@type\":\"ListItem\",\"position\":3,\"name\":\"Labirinto in legno Montessori e cubo di attivit\u00e0\"}]},{\"@type\":\"WebSite\",\"@id\":\"https:\/\/nenitus.es\/it\/#website\",\"url\":\"https:\/\/nenitus.es\/it\/\",\"name\":\"Nenitus\",\"description\":\"\",\"potentialAction\":[{\"@type\":\"SearchAction\",\"target\":{\"@type\":\"EntryPoint\",\"urlTemplate\":\"https:\/\/nenitus.es\/it\/?s={search_term_string}\"},\"query-input\":{\"@type\":\"PropertyValueSpecification\",\"valueRequired\":true,\"valueName\":\"search_term_string\"}}],\"inLanguage\":\"it-IT\"}]}<\/script>\n<!-- \/ Yoast SEO plugin. -->","yoast_head_json":{"title":"Labirinto in legno Montessori e cubo di attivit\u00e0 - Nenitus","robots":{"index":"index","follow":"follow","max-snippet":"max-snippet:-1","max-image-preview":"max-image-preview:large","max-video-preview":"max-video-preview:-1"},"canonical":"https:\/\/nenitus.es\/it\/labirinto-in-legno-montessori-e-cubo-di-attivita\/","og_locale":"it_IT","og_type":"article","og_title":"Labirinto in legno Montessori e cubo di attivit\u00e0 - Nenitus","og_description":"Questo fantastico giocattolo Montessori per la prima educazione ha 6 diversi modi di giocare, labirinto di animali, alfabeto ABC, figure di animali e parole inglesi, orologio didattico, gioco di ingranaggi e selezionatore di forme. Il tuo bambino non si stancher\u00e0 mai di giocare con questo cubo attivit\u00e0!  Questo giocattolo migliora le conoscenze e le abilit\u00e0 dei bambini e li aiuta a sviluppare l'interesse per l'apprendimento.","og_url":"https:\/\/nenitus.es\/it\/labirinto-in-legno-montessori-e-cubo-di-attivita\/","og_site_name":"Nenitus","article_modified_time":"2023-12-15T09:07:07+00:00","og_image":[{"width":1000,"height":1059,"url":"https:\/\/nenitus.es\/wp-content\/uploads\/2023\/11\/cubo-de-actividades-montessori-8.jpg","type":"image\/jpeg"}],"twitter_card":"summary_large_image","twitter_misc":{"Tempo di lettura stimato":"2 minuti"},"schema":{"@context":"https:\/\/schema.org","@graph":[{"@type":"WebPage","@id":"https:\/\/nenitus.es\/it\/labirinto-in-legno-montessori-e-cubo-di-attivita\/","url":"https:\/\/nenitus.es\/it\/labirinto-in-legno-montessori-e-cubo-di-attivita\/","name":"Labirinto in legno Montessori e cubo di attivit\u00e0 - Nenitus","isPartOf":{"@id":"https:\/\/nenitus.es\/it\/#website"},"primaryImageOfPage":{"@id":"https:\/\/nenitus.es\/it\/labirinto-in-legno-montessori-e-cubo-di-attivita\/#primaryimage"},"image":{"@id":"https:\/\/nenitus.es\/it\/labirinto-in-legno-montessori-e-cubo-di-attivita\/#primaryimage"},"thumbnailUrl":"https:\/\/nenitus.es\/wp-content\/uploads\/2023\/11\/cubo-de-actividades-montessori-8.jpg","datePublished":"2023-11-16T15:41:46+00:00","dateModified":"2023-12-15T09:07:07+00:00","breadcrumb":{"@id":"https:\/\/nenitus.es\/it\/labirinto-in-legno-montessori-e-cubo-di-attivita\/#breadcrumb"},"inLanguage":"it-IT","potentialAction":[{"@type":"ReadAction","target":["https:\/\/nenitus.es\/it\/labirinto-in-legno-montessori-e-cubo-di-attivita\/"]}]},{"@type":"ImageObject","inLanguage":"it-IT","@id":"https:\/\/nenitus.es\/it\/labirinto-in-legno-montessori-e-cubo-di-attivita\/#primaryimage","url":"https:\/\/nenitus.es\/wp-content\/uploads\/2023\/11\/cubo-de-actividades-montessori-8.jpg","contentUrl":"https:\/\/nenitus.es\/wp-content\/uploads\/2023\/11\/cubo-de-actividades-montessori-8.jpg","width":1000,"height":1059},{"@type":"BreadcrumbList","@id":"https:\/\/nenitus.es\/it\/labirinto-in-legno-montessori-e-cubo-di-attivita\/#breadcrumb","itemListElement":[{"@type":"ListItem","position":1,"name":"Portada","item":"https:\/\/nenitus.es\/it\/"},{"@type":"ListItem","position":2,"name":"Negozio","item":"https:\/\/nenitus.es\/it\/negozio\/"},{"@type":"ListItem","position":3,"name":"Labirinto in legno Montessori e cubo di attivit\u00e0"}]},{"@type":"WebSite","@id":"https:\/\/nenitus.es\/it\/#website","url":"https:\/\/nenitus.es\/it\/","name":"Nenitus","description":"","potentialAction":[{"@type":"SearchAction","target":{"@type":"EntryPoint","urlTemplate":"https:\/\/nenitus.es\/it\/?s={search_term_string}"},"query-input":{"@type":"PropertyValueSpecification","valueRequired":true,"valueName":"search_term_string"}}],"inLanguage":"it-IT"}]}},"jetpack_sharing_enabled":true,"_links":{"self":[{"href":"https:\/\/nenitus.es\/it\/wp-json\/wp\/v2\/product\/3672","targetHints":{"allow":["GET"]}}],"collection":[{"href":"https:\/\/nenitus.es\/it\/wp-json\/wp\/v2\/product"}],"about":[{"href":"https:\/\/nenitus.es\/it\/wp-json\/wp\/v2\/types\/product"}],"replies":[{"embeddable":true,"href":"https:\/\/nenitus.es\/it\/wp-json\/wp\/v2\/comments?post=3672"}],"wp:featuredmedia":[{"embeddable":true,"href":"https:\/\/nenitus.es\/it\/wp-json\/wp\/v2\/media\/3674"}],"wp:attachment":[{"href":"https:\/\/nenitus.es\/it\/wp-json\/wp\/v2\/media?parent=3672"}],"wp:term":[{"taxonomy":"product_cat","embeddable":true,"href":"https:\/\/nenitus.es\/it\/wp-json\/wp\/v2\/product_cat?post=3672"},{"taxonomy":"product_tag","embeddable":true,"href":"https:\/\/nenitus.es\/it\/wp-json\/wp\/v2\/product_tag?post=3672"}],"curies":[{"name":"wp","href":"https:\/\/api.w.org\/{rel}","templated":true}]}}