{"id":3685,"date":"2023-11-16T17:06:53","date_gmt":"2023-11-16T16:06:53","guid":{"rendered":"https:\/\/nenitus.es\/?post_type=product&#038;p=3685"},"modified":"2024-12-03T00:02:36","modified_gmt":"2024-12-02T23:02:36","slug":"labirinto-di-perline-di-frutta-montessori-in-legno","status":"publish","type":"product","link":"https:\/\/nenitus.es\/it\/labirinto-di-perline-di-frutta-montessori-in-legno\/","title":{"rendered":"Labirinto di perline di frutta Montessori in legno"},"content":{"rendered":"<h1 id=\"title\" class=\"a-size-large a-spacing-none\"><strong>Labirinto di perline di frutta Montessori in legno<\/strong><\/h1>\n<p>Questo famoso labirinto giocattolo Montessori \u00e8 interattivo e aiuta a migliorare la cognizione dei colori e la capacit\u00e0 di contare. Il fondo del giocattolo \u00e8 dotato di due perline lineari.<\/p>\n<p>Incoraggia la coordinazione occhio-mano, aiuta con i primi calcoli e le capacit\u00e0 di differenziazione di colore e dimensione.<\/p>\n<p>Giocare con questo cubo stimola l&#8217;immaginazione e la creativit\u00e0 dei bambini e li aiuta con i loro primi interessi di matematica e conteggio.<\/p>\n<h3><span style=\"font-size: 90%;\"><strong>Caratteristiche:<\/strong><\/span><\/h3>\n<ul class=\"a-unordered-list a-vertical a-spacing-mini\">\n<li class=\"a-spacing-mini\"><span class=\"a-list-item\"><b>Materiale sicuro<\/b>: sono materiali in legno naturale, 100% non tossici con vernice a base sull&#8217;acqua, riducendo la possibilit\u00e0 di schegge e odori di legno, sicuro per i bambini ed ecologico. La forma e le dimensioni sono adatte alle piccole mani dei bambini. Tutte le parti del prodotto soddisfano i pi\u00f9 severi requisiti di sicurezza EN-71 e CE.<\/span><\/li>\n<\/ul>\n<p>&nbsp;<\/p>\n<ul class=\"a-unordered-list a-vertical a-spacing-mini\">\n<li class=\"a-spacing-mini\"><span class=\"a-list-item\"><span class=\"a-list-item\"><b>Giocattolo per la stimolazione precoce<\/strong> <\/b> : Questo materiale<b><\/b><\/span><\/span><span class=\"a-list-item\">\u00e8 stato sviluppato per offrire ai bambini un modo divertente di divertirsi, migliorando al tempo stesso il riconoscimento della forma e la motricit\u00e0 fine. abilit\u00e0, dove imparano ad abbinare e classificare, coordinazione occhio-mano e capacit\u00e0 di risoluzione dei problemi, oltre a sviluppare la loro creativit\u00e0 e regalare loro ore di divertimento.<\/span><\/li >\n<\/ul>\n<h3><strong><span style=\"font-size: 90%;\">Materiali:<\/span><\/strong><\/h3>\n<ul>\n<li>Legno e ferro<\/li>\n<\/ul>\n<h3><strong><span style=\"font-size: 90%;\">Spedizione:<\/span><\/strong><\/h3>\n<ul>\n<li>Tempo di spedizione approssimativo per questo prodotto: da 1 a 2 giorni lavorativi (se ne hai bisogno per una data specifica, contattaci)<\/li>\n<\/ul>\n","protected":false},"excerpt":{"rendered":"<p>Questo famoso labirinto giocattolo Montessori \u00e8 interattivo e aiuta a migliorare la cognizione dei colori e la capacit\u00e0 di contare. Il fondo del giocattolo \u00e8 dotato di due perline lineari.<\/p>\n<p>Giocare con questo labirinto stimola l&#8217;immaginazione e la creativit\u00e0 dei bambini e li aiuta con i loro primi interessi in matematica e conteggio.<\/p>\n","protected":false},"featured_media":3687,"comment_status":"open","ping_status":"closed","template":"","meta":[],"product_cat":[92],"product_tag":[],"class_list":{"0":"post-3685","1":"product","2":"type-product","3":"status-publish","4":"has-post-thumbnail","6":"product_cat-materiali-montessori","8":"first","9":"instock","10":"featured","11":"taxable","12":"shipping-taxable","13":"purchasable","14":"product-type-simple"},"yoast_head":"<!-- This site is optimized with the Yoast SEO plugin v23.9 - https:\/\/yoast.com\/wordpress\/plugins\/seo\/ -->\n<title>Labirinto di perline di frutta Montessori in legno - Nenitus<\/title>\n<meta name=\"robots\" content=\"index, follow, max-snippet:-1, max-image-preview:large, max-video-preview:-1\" \/>\n<link rel=\"canonical\" href=\"https:\/\/nenitus.es\/it\/labirinto-di-perline-di-frutta-montessori-in-legno\/\" \/>\n<meta property=\"og:locale\" content=\"it_IT\" \/>\n<meta property=\"og:type\" content=\"article\" \/>\n<meta property=\"og:title\" content=\"Labirinto di perline di frutta Montessori in legno - Nenitus\" \/>\n<meta property=\"og:description\" content=\"Questo famoso labirinto giocattolo Montessori \u00e8 interattivo e aiuta a migliorare la cognizione dei colori e la capacit\u00e0 di contare. Il fondo del giocattolo \u00e8 dotato di due perline lineari.  Giocare con questo labirinto stimola l&#039;immaginazione e la creativit\u00e0 dei bambini e li aiuta con i loro primi interessi in matematica e conteggio.\" \/>\n<meta property=\"og:url\" content=\"https:\/\/nenitus.es\/it\/labirinto-di-perline-di-frutta-montessori-in-legno\/\" \/>\n<meta property=\"og:site_name\" content=\"Nenitus\" \/>\n<meta property=\"article:modified_time\" content=\"2024-12-02T23:02:36+00:00\" \/>\n<meta property=\"og:image\" content=\"https:\/\/nenitus.es\/wp-content\/uploads\/2023\/11\/laberinto-montessori-4.jpg\" \/>\n\t<meta property=\"og:image:width\" content=\"1000\" \/>\n\t<meta property=\"og:image:height\" content=\"1000\" \/>\n\t<meta property=\"og:image:type\" content=\"image\/jpeg\" \/>\n<meta name=\"twitter:card\" content=\"summary_large_image\" \/>\n<meta name=\"twitter:label1\" content=\"Tempo di lettura stimato\" \/>\n\t<meta name=\"twitter:data1\" content=\"2 minuti\" \/>\n<script type=\"application\/ld+json\" class=\"yoast-schema-graph\">{\"@context\":\"https:\/\/schema.org\",\"@graph\":[{\"@type\":\"WebPage\",\"@id\":\"https:\/\/nenitus.es\/it\/labirinto-di-perline-di-frutta-montessori-in-legno\/\",\"url\":\"https:\/\/nenitus.es\/it\/labirinto-di-perline-di-frutta-montessori-in-legno\/\",\"name\":\"Labirinto di perline di frutta Montessori in legno - Nenitus\",\"isPartOf\":{\"@id\":\"https:\/\/nenitus.es\/it\/#website\"},\"primaryImageOfPage\":{\"@id\":\"https:\/\/nenitus.es\/it\/labirinto-di-perline-di-frutta-montessori-in-legno\/#primaryimage\"},\"image\":{\"@id\":\"https:\/\/nenitus.es\/it\/labirinto-di-perline-di-frutta-montessori-in-legno\/#primaryimage\"},\"thumbnailUrl\":\"https:\/\/nenitus.es\/wp-content\/uploads\/2023\/11\/laberinto-montessori-4.jpg\",\"datePublished\":\"2023-11-16T16:06:53+00:00\",\"dateModified\":\"2024-12-02T23:02:36+00:00\",\"breadcrumb\":{\"@id\":\"https:\/\/nenitus.es\/it\/labirinto-di-perline-di-frutta-montessori-in-legno\/#breadcrumb\"},\"inLanguage\":\"it-IT\",\"potentialAction\":[{\"@type\":\"ReadAction\",\"target\":[\"https:\/\/nenitus.es\/it\/labirinto-di-perline-di-frutta-montessori-in-legno\/\"]}]},{\"@type\":\"ImageObject\",\"inLanguage\":\"it-IT\",\"@id\":\"https:\/\/nenitus.es\/it\/labirinto-di-perline-di-frutta-montessori-in-legno\/#primaryimage\",\"url\":\"https:\/\/nenitus.es\/wp-content\/uploads\/2023\/11\/laberinto-montessori-4.jpg\",\"contentUrl\":\"https:\/\/nenitus.es\/wp-content\/uploads\/2023\/11\/laberinto-montessori-4.jpg\",\"width\":1000,\"height\":1000},{\"@type\":\"BreadcrumbList\",\"@id\":\"https:\/\/nenitus.es\/it\/labirinto-di-perline-di-frutta-montessori-in-legno\/#breadcrumb\",\"itemListElement\":[{\"@type\":\"ListItem\",\"position\":1,\"name\":\"Portada\",\"item\":\"https:\/\/nenitus.es\/it\/\"},{\"@type\":\"ListItem\",\"position\":2,\"name\":\"Negozio\",\"item\":\"https:\/\/nenitus.es\/it\/negozio\/\"},{\"@type\":\"ListItem\",\"position\":3,\"name\":\"Labirinto di perline di frutta Montessori in legno\"}]},{\"@type\":\"WebSite\",\"@id\":\"https:\/\/nenitus.es\/it\/#website\",\"url\":\"https:\/\/nenitus.es\/it\/\",\"name\":\"Nenitus\",\"description\":\"\",\"potentialAction\":[{\"@type\":\"SearchAction\",\"target\":{\"@type\":\"EntryPoint\",\"urlTemplate\":\"https:\/\/nenitus.es\/it\/?s={search_term_string}\"},\"query-input\":{\"@type\":\"PropertyValueSpecification\",\"valueRequired\":true,\"valueName\":\"search_term_string\"}}],\"inLanguage\":\"it-IT\"}]}<\/script>\n<!-- \/ Yoast SEO plugin. -->","yoast_head_json":{"title":"Labirinto di perline di frutta Montessori in legno - Nenitus","robots":{"index":"index","follow":"follow","max-snippet":"max-snippet:-1","max-image-preview":"max-image-preview:large","max-video-preview":"max-video-preview:-1"},"canonical":"https:\/\/nenitus.es\/it\/labirinto-di-perline-di-frutta-montessori-in-legno\/","og_locale":"it_IT","og_type":"article","og_title":"Labirinto di perline di frutta Montessori in legno - Nenitus","og_description":"Questo famoso labirinto giocattolo Montessori \u00e8 interattivo e aiuta a migliorare la cognizione dei colori e la capacit\u00e0 di contare. Il fondo del giocattolo \u00e8 dotato di due perline lineari.  Giocare con questo labirinto stimola l'immaginazione e la creativit\u00e0 dei bambini e li aiuta con i loro primi interessi in matematica e conteggio.","og_url":"https:\/\/nenitus.es\/it\/labirinto-di-perline-di-frutta-montessori-in-legno\/","og_site_name":"Nenitus","article_modified_time":"2024-12-02T23:02:36+00:00","og_image":[{"width":1000,"height":1000,"url":"https:\/\/nenitus.es\/wp-content\/uploads\/2023\/11\/laberinto-montessori-4.jpg","type":"image\/jpeg"}],"twitter_card":"summary_large_image","twitter_misc":{"Tempo di lettura stimato":"2 minuti"},"schema":{"@context":"https:\/\/schema.org","@graph":[{"@type":"WebPage","@id":"https:\/\/nenitus.es\/it\/labirinto-di-perline-di-frutta-montessori-in-legno\/","url":"https:\/\/nenitus.es\/it\/labirinto-di-perline-di-frutta-montessori-in-legno\/","name":"Labirinto di perline di frutta Montessori in legno - Nenitus","isPartOf":{"@id":"https:\/\/nenitus.es\/it\/#website"},"primaryImageOfPage":{"@id":"https:\/\/nenitus.es\/it\/labirinto-di-perline-di-frutta-montessori-in-legno\/#primaryimage"},"image":{"@id":"https:\/\/nenitus.es\/it\/labirinto-di-perline-di-frutta-montessori-in-legno\/#primaryimage"},"thumbnailUrl":"https:\/\/nenitus.es\/wp-content\/uploads\/2023\/11\/laberinto-montessori-4.jpg","datePublished":"2023-11-16T16:06:53+00:00","dateModified":"2024-12-02T23:02:36+00:00","breadcrumb":{"@id":"https:\/\/nenitus.es\/it\/labirinto-di-perline-di-frutta-montessori-in-legno\/#breadcrumb"},"inLanguage":"it-IT","potentialAction":[{"@type":"ReadAction","target":["https:\/\/nenitus.es\/it\/labirinto-di-perline-di-frutta-montessori-in-legno\/"]}]},{"@type":"ImageObject","inLanguage":"it-IT","@id":"https:\/\/nenitus.es\/it\/labirinto-di-perline-di-frutta-montessori-in-legno\/#primaryimage","url":"https:\/\/nenitus.es\/wp-content\/uploads\/2023\/11\/laberinto-montessori-4.jpg","contentUrl":"https:\/\/nenitus.es\/wp-content\/uploads\/2023\/11\/laberinto-montessori-4.jpg","width":1000,"height":1000},{"@type":"BreadcrumbList","@id":"https:\/\/nenitus.es\/it\/labirinto-di-perline-di-frutta-montessori-in-legno\/#breadcrumb","itemListElement":[{"@type":"ListItem","position":1,"name":"Portada","item":"https:\/\/nenitus.es\/it\/"},{"@type":"ListItem","position":2,"name":"Negozio","item":"https:\/\/nenitus.es\/it\/negozio\/"},{"@type":"ListItem","position":3,"name":"Labirinto di perline di frutta Montessori in legno"}]},{"@type":"WebSite","@id":"https:\/\/nenitus.es\/it\/#website","url":"https:\/\/nenitus.es\/it\/","name":"Nenitus","description":"","potentialAction":[{"@type":"SearchAction","target":{"@type":"EntryPoint","urlTemplate":"https:\/\/nenitus.es\/it\/?s={search_term_string}"},"query-input":{"@type":"PropertyValueSpecification","valueRequired":true,"valueName":"search_term_string"}}],"inLanguage":"it-IT"}]}},"jetpack_sharing_enabled":true,"_links":{"self":[{"href":"https:\/\/nenitus.es\/it\/wp-json\/wp\/v2\/product\/3685","targetHints":{"allow":["GET"]}}],"collection":[{"href":"https:\/\/nenitus.es\/it\/wp-json\/wp\/v2\/product"}],"about":[{"href":"https:\/\/nenitus.es\/it\/wp-json\/wp\/v2\/types\/product"}],"replies":[{"embeddable":true,"href":"https:\/\/nenitus.es\/it\/wp-json\/wp\/v2\/comments?post=3685"}],"wp:featuredmedia":[{"embeddable":true,"href":"https:\/\/nenitus.es\/it\/wp-json\/wp\/v2\/media\/3687"}],"wp:attachment":[{"href":"https:\/\/nenitus.es\/it\/wp-json\/wp\/v2\/media?parent=3685"}],"wp:term":[{"taxonomy":"product_cat","embeddable":true,"href":"https:\/\/nenitus.es\/it\/wp-json\/wp\/v2\/product_cat?post=3685"},{"taxonomy":"product_tag","embeddable":true,"href":"https:\/\/nenitus.es\/it\/wp-json\/wp\/v2\/product_tag?post=3685"}],"curies":[{"name":"wp","href":"https:\/\/api.w.org\/{rel}","templated":true}]}}