{"id":3723,"date":"2023-11-17T11:38:40","date_gmt":"2023-11-17T10:38:40","guid":{"rendered":"https:\/\/nenitus.es\/?post_type=product&#038;p=3723"},"modified":"2023-12-15T10:06:51","modified_gmt":"2023-12-15T09:06:51","slug":"tavola-da-cavalletto-per-bambini-a-doppia-faccia","status":"publish","type":"product","link":"https:\/\/nenitus.es\/it\/tavola-da-cavalletto-per-bambini-a-doppia-faccia\/","title":{"rendered":"Tavola da cavalletto per bambini a doppia faccia"},"content":{"rendered":"<h1 class=\"a-size-large a-spacing-none\"><strong>Tavola da cavalletto per bambini a doppia faccia<\/strong><\/h1>\n<p>La creativit\u00e0 non ha limiti con questa pratica lavagna da cavalletto, per piccoli e meno piccoli, poich\u00e9 la struttura in legno permette di regolare l&#8217;altezza e l&#8217;inclinazione, con una lavagna magnetica da un lato per scrivere e una lavagna dall&#8217;altro per disegnare e colore.<\/p>\n<p>Questo versatile cavalletto non solo aiuta ragazzi e ragazze a studiare lettere e numeri, ma migliora anche la creativit\u00e0 artistica, la coordinazione occhio-mano e le interazioni. Giocano e imparano, il che \u00e8 divertente ed educativo!<\/p>\n<p>Che venga utilizzato per progetti artistici domestici, rinforzo educativo o per incoraggiare la creativit\u00e0 e le abilit\u00e0 di tuo figlio, questo cavalletto per bambini \u00e8 la scelta perfetta.<\/p>\n<p><span class=\"a-list-item\">Molto stimolante!<\/span><\/p>\n<h3><span style=\"font-size: 90%;\"><strong>Caratteristiche:<\/strong><\/span><\/h3>\n<ul class=\"a-unordered-list a-vertical a-spacing-mini\">\n<li class=\"a-spacing-mini\"><span class=\"a-list-item\"><b>Materiale sicuro<\/b>: \u00e8 un prodotto realizzato in legno e altri materiali, 100% atossico con vernice a base d&#8217;acqua, sicura per i bambini ed ecologica. C<\/span><span class=\"a-list-item\">con finiture arrotondate e lisce per garantire la sicurezza dei bambini<\/span><\/li>\n<li class=\"a-spacing-mini\"><span class=\"a-list-item\"><b>Giocattolo per la stimolazione precoce<\/strong><\/b>: questo fantastico prodotto \u00e8 stato sviluppato per fornire un modo divertente per far divertire i bambini piccoli, incoraggiando al tempo stesso l&#8217;immaginazione, la creativit\u00e0, l&#8217;abilit\u00e0 manuale e l&#8217;apprendimento e, naturalmente, regalando loro ore di divertimento.<\/span><\/li>\n<\/ul>\n<h3><strong><span style=\"font-size: 90%;\">Materiali:<\/span><\/strong><\/h3>\n<ul>\n<li>Legno e altri materiali<\/li>\n<\/ul>\n<h3><strong><span style=\"font-size: 90%;\">Spedizione:<\/span><\/strong><\/h3>\n<ul>\n<li>Tempo di spedizione approssimativo per questo prodotto: da 1 a 2 giorni lavorativi (se ne hai bisogno per una data specifica, contattaci)<\/li>\n<\/ul>\n","protected":false},"excerpt":{"rendered":"<div>Che venga utilizzato per progetti artistici a casa, per rinforzo educativo o per incoraggiare la creativit\u00e0 e le abilit\u00e0 di tuo figlio, questo cavalletto per bambini \u00e8 la scelta perfetta.<\/div>\n<div><\/div>\n<div>La creativit\u00e0 non ha limiti con questa pratica lavagna da cavalletto, per piccoli e meno piccoli, poich\u00e9 la struttura in legno permette di regolare l&#8217;altezza e l&#8217;inclinazione, con una lavagna magnetica da un lato per scrivere e una lavagna dall&#8217;altro per disegnare e da colorare, oltre a infiniti accessori per sfruttare l&#8217;immaginazione e la creativit\u00e0 dei bambini.<\/div>\n","protected":false},"featured_media":3773,"comment_status":"open","ping_status":"closed","template":"","meta":[],"product_cat":[92],"product_tag":[],"class_list":{"0":"post-3723","1":"product","2":"type-product","3":"status-publish","4":"has-post-thumbnail","6":"product_cat-materiali-montessori","8":"first","9":"outofstock","10":"featured","11":"taxable","12":"shipping-taxable","13":"purchasable","14":"product-type-simple"},"yoast_head":"<!-- This site is optimized with the Yoast SEO plugin v23.9 - https:\/\/yoast.com\/wordpress\/plugins\/seo\/ -->\n<title>Tavola da cavalletto per bambini a doppia faccia - Nenitus<\/title>\n<meta name=\"robots\" content=\"index, follow, max-snippet:-1, max-image-preview:large, max-video-preview:-1\" \/>\n<link rel=\"canonical\" href=\"https:\/\/nenitus.es\/it\/tavola-da-cavalletto-per-bambini-a-doppia-faccia\/\" \/>\n<meta property=\"og:locale\" content=\"it_IT\" \/>\n<meta property=\"og:type\" content=\"article\" \/>\n<meta property=\"og:title\" content=\"Tavola da cavalletto per bambini a doppia faccia - Nenitus\" \/>\n<meta property=\"og:description\" content=\"Che venga utilizzato per progetti artistici a casa, per rinforzo educativo o per incoraggiare la creativit\u00e0 e le abilit\u00e0 di tuo figlio, questo cavalletto per bambini \u00e8 la scelta perfetta.  La creativit\u00e0 non ha limiti con questa pratica lavagna da cavalletto, per piccoli e meno piccoli, poich\u00e9 la struttura in legno permette di regolare l&#039;altezza e l&#039;inclinazione, con una lavagna magnetica da un lato per scrivere e una lavagna dall&#039;altro per disegnare e da colorare, oltre a infiniti accessori per sfruttare l&#039;immaginazione e la creativit\u00e0 dei bambini.\" \/>\n<meta property=\"og:url\" content=\"https:\/\/nenitus.es\/it\/tavola-da-cavalletto-per-bambini-a-doppia-faccia\/\" \/>\n<meta property=\"og:site_name\" content=\"Nenitus\" \/>\n<meta property=\"article:modified_time\" content=\"2023-12-15T09:06:51+00:00\" \/>\n<meta property=\"og:image\" content=\"https:\/\/nenitus.es\/wp-content\/uploads\/2023\/11\/pizarra-caballete-2.jpg\" \/>\n\t<meta property=\"og:image:width\" content=\"1000\" \/>\n\t<meta property=\"og:image:height\" content=\"1000\" \/>\n\t<meta property=\"og:image:type\" content=\"image\/jpeg\" \/>\n<meta name=\"twitter:card\" content=\"summary_large_image\" \/>\n<meta name=\"twitter:label1\" content=\"Tempo di lettura stimato\" \/>\n\t<meta name=\"twitter:data1\" content=\"2 minuti\" \/>\n<script type=\"application\/ld+json\" class=\"yoast-schema-graph\">{\"@context\":\"https:\/\/schema.org\",\"@graph\":[{\"@type\":\"WebPage\",\"@id\":\"https:\/\/nenitus.es\/it\/tavola-da-cavalletto-per-bambini-a-doppia-faccia\/\",\"url\":\"https:\/\/nenitus.es\/it\/tavola-da-cavalletto-per-bambini-a-doppia-faccia\/\",\"name\":\"Tavola da cavalletto per bambini a doppia faccia - Nenitus\",\"isPartOf\":{\"@id\":\"https:\/\/nenitus.es\/it\/#website\"},\"primaryImageOfPage\":{\"@id\":\"https:\/\/nenitus.es\/it\/tavola-da-cavalletto-per-bambini-a-doppia-faccia\/#primaryimage\"},\"image\":{\"@id\":\"https:\/\/nenitus.es\/it\/tavola-da-cavalletto-per-bambini-a-doppia-faccia\/#primaryimage\"},\"thumbnailUrl\":\"https:\/\/nenitus.es\/wp-content\/uploads\/2023\/11\/pizarra-caballete-2.jpg\",\"datePublished\":\"2023-11-17T10:38:40+00:00\",\"dateModified\":\"2023-12-15T09:06:51+00:00\",\"breadcrumb\":{\"@id\":\"https:\/\/nenitus.es\/it\/tavola-da-cavalletto-per-bambini-a-doppia-faccia\/#breadcrumb\"},\"inLanguage\":\"it-IT\",\"potentialAction\":[{\"@type\":\"ReadAction\",\"target\":[\"https:\/\/nenitus.es\/it\/tavola-da-cavalletto-per-bambini-a-doppia-faccia\/\"]}]},{\"@type\":\"ImageObject\",\"inLanguage\":\"it-IT\",\"@id\":\"https:\/\/nenitus.es\/it\/tavola-da-cavalletto-per-bambini-a-doppia-faccia\/#primaryimage\",\"url\":\"https:\/\/nenitus.es\/wp-content\/uploads\/2023\/11\/pizarra-caballete-2.jpg\",\"contentUrl\":\"https:\/\/nenitus.es\/wp-content\/uploads\/2023\/11\/pizarra-caballete-2.jpg\",\"width\":1000,\"height\":1000},{\"@type\":\"BreadcrumbList\",\"@id\":\"https:\/\/nenitus.es\/it\/tavola-da-cavalletto-per-bambini-a-doppia-faccia\/#breadcrumb\",\"itemListElement\":[{\"@type\":\"ListItem\",\"position\":1,\"name\":\"Portada\",\"item\":\"https:\/\/nenitus.es\/it\/\"},{\"@type\":\"ListItem\",\"position\":2,\"name\":\"Negozio\",\"item\":\"https:\/\/nenitus.es\/it\/negozio\/\"},{\"@type\":\"ListItem\",\"position\":3,\"name\":\"Tavola da cavalletto per bambini a doppia faccia\"}]},{\"@type\":\"WebSite\",\"@id\":\"https:\/\/nenitus.es\/it\/#website\",\"url\":\"https:\/\/nenitus.es\/it\/\",\"name\":\"Nenitus\",\"description\":\"\",\"potentialAction\":[{\"@type\":\"SearchAction\",\"target\":{\"@type\":\"EntryPoint\",\"urlTemplate\":\"https:\/\/nenitus.es\/it\/?s={search_term_string}\"},\"query-input\":{\"@type\":\"PropertyValueSpecification\",\"valueRequired\":true,\"valueName\":\"search_term_string\"}}],\"inLanguage\":\"it-IT\"}]}<\/script>\n<!-- \/ Yoast SEO plugin. -->","yoast_head_json":{"title":"Tavola da cavalletto per bambini a doppia faccia - Nenitus","robots":{"index":"index","follow":"follow","max-snippet":"max-snippet:-1","max-image-preview":"max-image-preview:large","max-video-preview":"max-video-preview:-1"},"canonical":"https:\/\/nenitus.es\/it\/tavola-da-cavalletto-per-bambini-a-doppia-faccia\/","og_locale":"it_IT","og_type":"article","og_title":"Tavola da cavalletto per bambini a doppia faccia - Nenitus","og_description":"Che venga utilizzato per progetti artistici a casa, per rinforzo educativo o per incoraggiare la creativit\u00e0 e le abilit\u00e0 di tuo figlio, questo cavalletto per bambini \u00e8 la scelta perfetta.  La creativit\u00e0 non ha limiti con questa pratica lavagna da cavalletto, per piccoli e meno piccoli, poich\u00e9 la struttura in legno permette di regolare l'altezza e l'inclinazione, con una lavagna magnetica da un lato per scrivere e una lavagna dall'altro per disegnare e da colorare, oltre a infiniti accessori per sfruttare l'immaginazione e la creativit\u00e0 dei bambini.","og_url":"https:\/\/nenitus.es\/it\/tavola-da-cavalletto-per-bambini-a-doppia-faccia\/","og_site_name":"Nenitus","article_modified_time":"2023-12-15T09:06:51+00:00","og_image":[{"width":1000,"height":1000,"url":"https:\/\/nenitus.es\/wp-content\/uploads\/2023\/11\/pizarra-caballete-2.jpg","type":"image\/jpeg"}],"twitter_card":"summary_large_image","twitter_misc":{"Tempo di lettura stimato":"2 minuti"},"schema":{"@context":"https:\/\/schema.org","@graph":[{"@type":"WebPage","@id":"https:\/\/nenitus.es\/it\/tavola-da-cavalletto-per-bambini-a-doppia-faccia\/","url":"https:\/\/nenitus.es\/it\/tavola-da-cavalletto-per-bambini-a-doppia-faccia\/","name":"Tavola da cavalletto per bambini a doppia faccia - Nenitus","isPartOf":{"@id":"https:\/\/nenitus.es\/it\/#website"},"primaryImageOfPage":{"@id":"https:\/\/nenitus.es\/it\/tavola-da-cavalletto-per-bambini-a-doppia-faccia\/#primaryimage"},"image":{"@id":"https:\/\/nenitus.es\/it\/tavola-da-cavalletto-per-bambini-a-doppia-faccia\/#primaryimage"},"thumbnailUrl":"https:\/\/nenitus.es\/wp-content\/uploads\/2023\/11\/pizarra-caballete-2.jpg","datePublished":"2023-11-17T10:38:40+00:00","dateModified":"2023-12-15T09:06:51+00:00","breadcrumb":{"@id":"https:\/\/nenitus.es\/it\/tavola-da-cavalletto-per-bambini-a-doppia-faccia\/#breadcrumb"},"inLanguage":"it-IT","potentialAction":[{"@type":"ReadAction","target":["https:\/\/nenitus.es\/it\/tavola-da-cavalletto-per-bambini-a-doppia-faccia\/"]}]},{"@type":"ImageObject","inLanguage":"it-IT","@id":"https:\/\/nenitus.es\/it\/tavola-da-cavalletto-per-bambini-a-doppia-faccia\/#primaryimage","url":"https:\/\/nenitus.es\/wp-content\/uploads\/2023\/11\/pizarra-caballete-2.jpg","contentUrl":"https:\/\/nenitus.es\/wp-content\/uploads\/2023\/11\/pizarra-caballete-2.jpg","width":1000,"height":1000},{"@type":"BreadcrumbList","@id":"https:\/\/nenitus.es\/it\/tavola-da-cavalletto-per-bambini-a-doppia-faccia\/#breadcrumb","itemListElement":[{"@type":"ListItem","position":1,"name":"Portada","item":"https:\/\/nenitus.es\/it\/"},{"@type":"ListItem","position":2,"name":"Negozio","item":"https:\/\/nenitus.es\/it\/negozio\/"},{"@type":"ListItem","position":3,"name":"Tavola da cavalletto per bambini a doppia faccia"}]},{"@type":"WebSite","@id":"https:\/\/nenitus.es\/it\/#website","url":"https:\/\/nenitus.es\/it\/","name":"Nenitus","description":"","potentialAction":[{"@type":"SearchAction","target":{"@type":"EntryPoint","urlTemplate":"https:\/\/nenitus.es\/it\/?s={search_term_string}"},"query-input":{"@type":"PropertyValueSpecification","valueRequired":true,"valueName":"search_term_string"}}],"inLanguage":"it-IT"}]}},"jetpack_sharing_enabled":true,"_links":{"self":[{"href":"https:\/\/nenitus.es\/it\/wp-json\/wp\/v2\/product\/3723","targetHints":{"allow":["GET"]}}],"collection":[{"href":"https:\/\/nenitus.es\/it\/wp-json\/wp\/v2\/product"}],"about":[{"href":"https:\/\/nenitus.es\/it\/wp-json\/wp\/v2\/types\/product"}],"replies":[{"embeddable":true,"href":"https:\/\/nenitus.es\/it\/wp-json\/wp\/v2\/comments?post=3723"}],"wp:featuredmedia":[{"embeddable":true,"href":"https:\/\/nenitus.es\/it\/wp-json\/wp\/v2\/media\/3773"}],"wp:attachment":[{"href":"https:\/\/nenitus.es\/it\/wp-json\/wp\/v2\/media?parent=3723"}],"wp:term":[{"taxonomy":"product_cat","embeddable":true,"href":"https:\/\/nenitus.es\/it\/wp-json\/wp\/v2\/product_cat?post=3723"},{"taxonomy":"product_tag","embeddable":true,"href":"https:\/\/nenitus.es\/it\/wp-json\/wp\/v2\/product_tag?post=3723"}],"curies":[{"name":"wp","href":"https:\/\/api.w.org\/{rel}","templated":true}]}}