{"id":3962,"date":"2023-09-01T17:51:14","date_gmt":"2023-09-01T15:51:14","guid":{"rendered":"https:\/\/nenitus.es\/?post_type=product&#038;p=3962"},"modified":"2023-12-15T10:17:30","modified_gmt":"2023-12-15T09:17:30","slug":"torre-di-apprendimento","status":"publish","type":"product","link":"https:\/\/nenitus.es\/it\/torre-di-apprendimento\/","title":{"rendered":"Torre di Apprendimento"},"content":{"rendered":"<h2><strong>Torre Montessoriana: Torre di Apprendimento<\/strong><\/h2>\n<p>La torre di apprendimento \u00e8 una risorsa ispirata alla pedagogia Montessori, \u00e8 una struttura come uno sgabello alto o una scala, ma pensata, progettata e realizzata appositamente per loro e permettendo loro di raggiungere in autonomia luoghi che non sono alla loro altezza dalla torre La Montessori Il sistema di apprendimento \u00e8 progettato per poterlo utilizzare senza il tuo aiuto, il che ne incoraggia l&#8217;autonomia e lo sviluppo, \u00e8 uno dei pilastri della metodologia Montessori.<\/p>\n<p>Questo permette al piccolo di raggiungere senza sforzo il tavolo della cucina o il lavello, luoghi che prima potevano essere irraggiungibili e, soprattutto, in tutta sicurezza. Collabora con mamma o pap\u00e0 in cucina, oppure lavati le mani in bagno senza l&#8217;aiuto degli adulti.<\/p>\n<p>Il tuo bambino sar\u00e0 felice di collaborare con te senza bisogno di essere preso in braccio. E, soprattutto, senza dover guardare la vita dal basso.<\/p>\n<p>Realizzata in compensato di pino, completamente levigato e con bordi arrotondati per garantire la sicurezza dei bambini, questa torre di apprendimento \u00e8 resistente, durevole e di dimensioni compatte per un facile stoccaggio e trasporto.<\/p>\n<h2><strong>Vantaggi della Learning Tower:<\/strong><\/h2>\n<ul>\n<li><strong>Sviluppo fisico:<\/strong> favorisce lo sviluppo fisico dei bambini permettendo loro di muoversi liberamente e sviluppare l&#8217;equilibrio e la coordinazione motoria, senza doversi preoccupare di pensare che possa essere instabile o pericoloso ovunque si trovino Vogliono salire.<\/li>\n<li><strong>Incoraggia la partecipazione alle attivit\u00e0 quotidiane:<\/strong> ovvero l&#8217;intervento dei tuoi figli o studenti in attivit\u00e0 semplici come pulire, organizzare, asciugare o cucinare. Permette ai bambini di smettere di essere spettatori di ci\u00f2 che accade, per esserne protagonisti. Ci\u00f2 conferisce loro anche una certa responsabilit\u00e0, a seconda della loro et\u00e0.<\/li>\n<li><strong>Durevole:<\/strong> \u00e8 realizzato con materiali durevoli e di alta qualit\u00e0, che lo rendono resistente e sicuro per l&#8217;uso quotidiano.<\/li>\n<li><strong>Stimola l&#8217;apprendimento: <\/strong>la torre di apprendimento incoraggia l&#8217;esplorazione e la scoperta, aiutando i bambini a sviluppare capacit\u00e0 cognitive e di apprendimento. Fornisce ai bambini esperienze sensoriali arricchenti che coinvolgono le capacit\u00e0 motorie e li intrattiene.<\/li>\n<li><strong>Rafforza la fiducia:<\/strong> consentendo ai bambini di esplorare e sperimentare in sicurezza, rafforzi la loro sicurezza e autonomia.<\/li>\n<li><strong>Migliora l&#8217;equilibrio e la coordinazione:<\/strong> salendo su e gi\u00f9 dalla torre di apprendimento Montessori, i bambini lavorano sul loro equilibrio e sulla coordinazione motoria, migliorando il loro sviluppo fisico.<\/li>\n<\/ul>\n<h2><strong>Caratteristiche della torre di apprendimento:<\/strong><\/h2>\n<ul>\n<li>Realizzato in compensato di pino<\/li>\n<li>Completamente levigato e con bordi arrotondati per una maggiore sicurezza<\/li>\n<li>Design Montessori per lo sviluppo dell&#8217;equilibrio e della coordinazione<\/li>\n<li>Resistente e durevole<\/li>\n<li>Dimensioni compatte per un facile stoccaggio e trasporto<\/li>\n<li>Misure: 86 cm di altezza X 40 cm di larghezza X 38 cm di lunghezza circa.<\/li>\n<li>Et\u00e0 consigliata: +12 mesi<\/li>\n<li>Peso massimo: 50-60 kg<\/li>\n<\/ul>\n<h3><strong>Materiali:\u00a0<\/strong><\/h3>\n<ul>\n<li>Compensato di pino: questo materiale \u00e8 resistente e durevole e fornisce una superficie liscia e sicura su cui i bambini possono giocare. Inoltre, \u00e8 un&#8217;opzione rispettosa dell&#8217;ambiente, poich\u00e9 il pino \u00e8 un legno rinnovabile e facilmente disponibile.<\/li>\n<li>Levigatura: per garantire una superficie liscia e senza schegge.<\/li>\n<li>Bordi arrotondati: i bordi arrotondati della sedia a dondolo aiutano a prevenire infortuni e forniscono maggiore sicurezza durante il gioco.<\/li>\n<\/ul>\n<h3><span style=\"font-size: 90%;\"><strong>Spedizione:<\/strong><\/span><\/h3>\n<ul>\n<li>Tempo di spedizione approssimativo per questo prodotto: da 1 a 2 giorni lavorativi (se ne hai bisogno per una data specifica, contattaci)<\/li>\n<\/ul>\n","protected":false},"excerpt":{"rendered":"<p>La torre di apprendimento \u00e8 una risorsa ispirata alla pedagogia Montessori per i bambini pi\u00f9 piccoli della casa, pensata, progettata e realizzata appositamente per loro e permettendo loro di raggiungere in autonomia luoghi che non sono alla loro altezza e garantendo la loro sicurezza, che ne favorisce l&#8217;autonomia e lo sviluppo , uno dei pilastri della metodologia Montessori.<\/p>\n","protected":false},"featured_media":4060,"comment_status":"open","ping_status":"closed","template":"","meta":[],"product_cat":[108],"product_tag":[],"class_list":{"0":"post-3962","1":"product","2":"type-product","3":"status-publish","4":"has-post-thumbnail","6":"product_cat-pikler-it","8":"first","9":"outofstock","10":"featured","11":"taxable","12":"shipping-taxable","13":"purchasable","14":"product-type-simple"},"yoast_head":"<!-- This site is optimized with the Yoast SEO plugin v23.9 - https:\/\/yoast.com\/wordpress\/plugins\/seo\/ -->\n<title>Torre de aprendizaje Montessori | Nenitus<\/title>\n<meta name=\"description\" content=\"Torre de aprendizaje Montessori\" \/>\n<meta name=\"robots\" content=\"index, follow, max-snippet:-1, max-image-preview:large, max-video-preview:-1\" \/>\n<link rel=\"canonical\" href=\"https:\/\/nenitus.es\/it\/torre-di-apprendimento\/\" \/>\n<meta property=\"og:locale\" content=\"it_IT\" \/>\n<meta property=\"og:type\" content=\"article\" \/>\n<meta property=\"og:title\" content=\"Torre de aprendizaje Montessori | Nenitus\" \/>\n<meta property=\"og:description\" content=\"Torre de aprendizaje Montessori\" \/>\n<meta property=\"og:url\" content=\"https:\/\/nenitus.es\/it\/torre-di-apprendimento\/\" \/>\n<meta property=\"og:site_name\" content=\"Nenitus\" \/>\n<meta property=\"article:modified_time\" content=\"2023-12-15T09:17:30+00:00\" \/>\n<meta property=\"og:image\" content=\"https:\/\/nenitus.es\/wp-content\/uploads\/2023\/09\/torre-de-aprendizaje-4.jpg\" \/>\n\t<meta property=\"og:image:width\" content=\"1500\" \/>\n\t<meta property=\"og:image:height\" content=\"1500\" \/>\n\t<meta property=\"og:image:type\" content=\"image\/jpeg\" \/>\n<meta name=\"twitter:card\" content=\"summary_large_image\" \/>\n<meta name=\"twitter:label1\" content=\"Tempo di lettura stimato\" \/>\n\t<meta name=\"twitter:data1\" content=\"3 minuti\" \/>\n<script type=\"application\/ld+json\" class=\"yoast-schema-graph\">{\"@context\":\"https:\/\/schema.org\",\"@graph\":[{\"@type\":\"WebPage\",\"@id\":\"https:\/\/nenitus.es\/it\/torre-di-apprendimento\/\",\"url\":\"https:\/\/nenitus.es\/it\/torre-di-apprendimento\/\",\"name\":\"Torre de aprendizaje Montessori | Nenitus\",\"isPartOf\":{\"@id\":\"https:\/\/nenitus.es\/it\/#website\"},\"primaryImageOfPage\":{\"@id\":\"https:\/\/nenitus.es\/it\/torre-di-apprendimento\/#primaryimage\"},\"image\":{\"@id\":\"https:\/\/nenitus.es\/it\/torre-di-apprendimento\/#primaryimage\"},\"thumbnailUrl\":\"https:\/\/nenitus.es\/wp-content\/uploads\/2023\/09\/torre_de_aprendizaje_4-1.png\",\"datePublished\":\"2023-09-01T15:51:14+00:00\",\"dateModified\":\"2023-12-15T09:17:30+00:00\",\"description\":\"Torre de aprendizaje Montessori\",\"breadcrumb\":{\"@id\":\"https:\/\/nenitus.es\/it\/torre-di-apprendimento\/#breadcrumb\"},\"inLanguage\":\"it-IT\",\"potentialAction\":[{\"@type\":\"ReadAction\",\"target\":[\"https:\/\/nenitus.es\/it\/torre-di-apprendimento\/\"]}]},{\"@type\":\"ImageObject\",\"inLanguage\":\"it-IT\",\"@id\":\"https:\/\/nenitus.es\/it\/torre-di-apprendimento\/#primaryimage\",\"url\":\"https:\/\/nenitus.es\/wp-content\/uploads\/2023\/09\/torre_de_aprendizaje_4-1.png\",\"contentUrl\":\"https:\/\/nenitus.es\/wp-content\/uploads\/2023\/09\/torre_de_aprendizaje_4-1.png\",\"width\":500,\"height\":500},{\"@type\":\"BreadcrumbList\",\"@id\":\"https:\/\/nenitus.es\/it\/torre-di-apprendimento\/#breadcrumb\",\"itemListElement\":[{\"@type\":\"ListItem\",\"position\":1,\"name\":\"Portada\",\"item\":\"https:\/\/nenitus.es\/it\/\"},{\"@type\":\"ListItem\",\"position\":2,\"name\":\"Negozio\",\"item\":\"https:\/\/nenitus.es\/it\/negozio\/\"},{\"@type\":\"ListItem\",\"position\":3,\"name\":\"Torre di Apprendimento\"}]},{\"@type\":\"WebSite\",\"@id\":\"https:\/\/nenitus.es\/it\/#website\",\"url\":\"https:\/\/nenitus.es\/it\/\",\"name\":\"Nenitus\",\"description\":\"\",\"potentialAction\":[{\"@type\":\"SearchAction\",\"target\":{\"@type\":\"EntryPoint\",\"urlTemplate\":\"https:\/\/nenitus.es\/it\/?s={search_term_string}\"},\"query-input\":{\"@type\":\"PropertyValueSpecification\",\"valueRequired\":true,\"valueName\":\"search_term_string\"}}],\"inLanguage\":\"it-IT\"}]}<\/script>\n<!-- \/ Yoast SEO plugin. -->","yoast_head_json":{"title":"Torre de aprendizaje Montessori | Nenitus","description":"Torre de aprendizaje Montessori","robots":{"index":"index","follow":"follow","max-snippet":"max-snippet:-1","max-image-preview":"max-image-preview:large","max-video-preview":"max-video-preview:-1"},"canonical":"https:\/\/nenitus.es\/it\/torre-di-apprendimento\/","og_locale":"it_IT","og_type":"article","og_title":"Torre de aprendizaje Montessori | Nenitus","og_description":"Torre de aprendizaje Montessori","og_url":"https:\/\/nenitus.es\/it\/torre-di-apprendimento\/","og_site_name":"Nenitus","article_modified_time":"2023-12-15T09:17:30+00:00","og_image":[{"width":1500,"height":1500,"url":"https:\/\/nenitus.es\/wp-content\/uploads\/2023\/09\/torre-de-aprendizaje-4.jpg","type":"image\/jpeg"}],"twitter_card":"summary_large_image","twitter_misc":{"Tempo di lettura stimato":"3 minuti"},"schema":{"@context":"https:\/\/schema.org","@graph":[{"@type":"WebPage","@id":"https:\/\/nenitus.es\/it\/torre-di-apprendimento\/","url":"https:\/\/nenitus.es\/it\/torre-di-apprendimento\/","name":"Torre de aprendizaje Montessori | Nenitus","isPartOf":{"@id":"https:\/\/nenitus.es\/it\/#website"},"primaryImageOfPage":{"@id":"https:\/\/nenitus.es\/it\/torre-di-apprendimento\/#primaryimage"},"image":{"@id":"https:\/\/nenitus.es\/it\/torre-di-apprendimento\/#primaryimage"},"thumbnailUrl":"https:\/\/nenitus.es\/wp-content\/uploads\/2023\/09\/torre_de_aprendizaje_4-1.png","datePublished":"2023-09-01T15:51:14+00:00","dateModified":"2023-12-15T09:17:30+00:00","description":"Torre de aprendizaje Montessori","breadcrumb":{"@id":"https:\/\/nenitus.es\/it\/torre-di-apprendimento\/#breadcrumb"},"inLanguage":"it-IT","potentialAction":[{"@type":"ReadAction","target":["https:\/\/nenitus.es\/it\/torre-di-apprendimento\/"]}]},{"@type":"ImageObject","inLanguage":"it-IT","@id":"https:\/\/nenitus.es\/it\/torre-di-apprendimento\/#primaryimage","url":"https:\/\/nenitus.es\/wp-content\/uploads\/2023\/09\/torre_de_aprendizaje_4-1.png","contentUrl":"https:\/\/nenitus.es\/wp-content\/uploads\/2023\/09\/torre_de_aprendizaje_4-1.png","width":500,"height":500},{"@type":"BreadcrumbList","@id":"https:\/\/nenitus.es\/it\/torre-di-apprendimento\/#breadcrumb","itemListElement":[{"@type":"ListItem","position":1,"name":"Portada","item":"https:\/\/nenitus.es\/it\/"},{"@type":"ListItem","position":2,"name":"Negozio","item":"https:\/\/nenitus.es\/it\/negozio\/"},{"@type":"ListItem","position":3,"name":"Torre di Apprendimento"}]},{"@type":"WebSite","@id":"https:\/\/nenitus.es\/it\/#website","url":"https:\/\/nenitus.es\/it\/","name":"Nenitus","description":"","potentialAction":[{"@type":"SearchAction","target":{"@type":"EntryPoint","urlTemplate":"https:\/\/nenitus.es\/it\/?s={search_term_string}"},"query-input":{"@type":"PropertyValueSpecification","valueRequired":true,"valueName":"search_term_string"}}],"inLanguage":"it-IT"}]}},"jetpack_sharing_enabled":true,"_links":{"self":[{"href":"https:\/\/nenitus.es\/it\/wp-json\/wp\/v2\/product\/3962","targetHints":{"allow":["GET"]}}],"collection":[{"href":"https:\/\/nenitus.es\/it\/wp-json\/wp\/v2\/product"}],"about":[{"href":"https:\/\/nenitus.es\/it\/wp-json\/wp\/v2\/types\/product"}],"replies":[{"embeddable":true,"href":"https:\/\/nenitus.es\/it\/wp-json\/wp\/v2\/comments?post=3962"}],"wp:featuredmedia":[{"embeddable":true,"href":"https:\/\/nenitus.es\/it\/wp-json\/wp\/v2\/media\/4060"}],"wp:attachment":[{"href":"https:\/\/nenitus.es\/it\/wp-json\/wp\/v2\/media?parent=3962"}],"wp:term":[{"taxonomy":"product_cat","embeddable":true,"href":"https:\/\/nenitus.es\/it\/wp-json\/wp\/v2\/product_cat?post=3962"},{"taxonomy":"product_tag","embeddable":true,"href":"https:\/\/nenitus.es\/it\/wp-json\/wp\/v2\/product_tag?post=3962"}],"curies":[{"name":"wp","href":"https:\/\/api.w.org\/{rel}","templated":true}]}}