{"id":3967,"date":"2023-11-08T16:32:53","date_gmt":"2023-11-08T15:32:53","guid":{"rendered":"https:\/\/nenitus.es\/tabla-curva\/"},"modified":"2024-02-07T18:18:22","modified_gmt":"2024-02-07T17:18:22","slug":"tavolo-curvo-pikler","status":"publish","type":"product","link":"https:\/\/nenitus.es\/it\/tavolo-curvo-pikler\/","title":{"rendered":"Tavolo curvo"},"content":{"rendered":"<h1><strong>Curve Board &#8211; Giocattolo <span style=\"font-size: 25.92px;\">Pikler<\/span> per bambini<\/strong><\/h1>\n<p>La tavola curva o Balance Board \u00e8 una risorsa ispirata alla pedagogia Pikler e Montessori, \u00e8 una struttura come una tavola da yoga o una tavola a semicerchio, ma pensata, pensata e realizzata soprattutto per i bambini.<\/p>\n<p>\u00c8 progettato per poterlo utilizzare senza il tuo aiuto, il che favorisce la loro autonomia e il loro sviluppo, uno dei pilastri della metodologia Montessori e per poter offrire innumerevoli benefici ai pi\u00f9 piccoli nel loro sviluppo cognitivo e psicomotorio.<\/p>\n<p>\u00c8 ideale per eseguire esercizi di equilibrio, in questo modo i bambini possono sviluppare reazioni istintive e quindi correggere la loro postura per allenare l&#8217;equilibrio mentre giocano e acquisire fiducia e autostima.<\/p>\n<p>Incoraggiano anche la creativit\u00e0, poich\u00e9 possono essere utilizzati come pista per auto, ponte, scivolo, lettino, ecc&#8230;<\/p>\n<p>Naturalmente sono realizzati con materiali ecocompatibili e facili da maneggiare.<\/p>\n<p>Realizzata in multistrato di faggio, completamente levigato e con bordi arrotondati per garantire la sicurezza dei bambini, questa tavola curva \u00e8 resistente poich\u00e9 pu\u00f2 sostenere fino a 100 kg di peso, durevole e di dimensioni compatte per un facile stoccaggio e trasporto.<\/p>\n<p>&nbsp;<\/p>\n<h3><strong>Caratteristiche:<\/strong><\/h3>\n<ul>\n<li>Realizzato in multistrato di faggio<\/li>\n<li>Completamente levigato e con bordi arrotondati per una maggiore sicurezza<\/li>\n<li>Design per lo sviluppo dell&#8217;equilibrio e della coordinazione<\/li>\n<li>Resistente e durevole<\/li>\n<li>Dimensioni compatte per un facile stoccaggio e trasporto<\/li>\n<li>Misure: 90&#215;30<\/li>\n<li>Et\u00e0 consigliata: +12 mesi<\/li>\n<li>Peso massimo: 80-100 kg<\/li>\n<\/ul>\n<h3><strong>Materiali:\u00a0<\/strong><\/h3>\n<ul>\n<li>Compensato di faggio: questo materiale \u00e8 resistente e durevole e offre una superficie liscia e sicura su cui i bambini possono giocare. Inoltre, \u00e8 un&#8217;opzione rispettosa dell&#8217;ambiente, poich\u00e9 \u00e8 un legno rinnovabile e facilmente disponibile.<\/li>\n<li>Levigatura: per garantire una superficie liscia e senza schegge.<\/li>\n<li>Bordi arrotondati: i bordi arrotondati della tavola curva aiutano a prevenire infortuni e forniscono maggiore sicurezza durante il gioco.<\/li>\n<\/ul>\n<h3><span style=\"font-size: 90%;\"><strong>Spedizione:<\/strong><\/span><\/h3>\n<ul>\n<li>Tempo di spedizione approssimativo per questo prodotto: da 1 a 2 giorni lavorativi (se ne hai bisogno per una data specifica, contattaci)<\/li>\n<\/ul>\n","protected":false},"excerpt":{"rendered":"<p>La tavola curva \u00e8 una risorsa ispirata alla pedagogia Pikler e Montessori per i bambini pi\u00f9 piccoli (e meno piccoli) della casa.<\/p>\n<p>Pensato, progettato e realizzato appositamente per loro, per permettere loro di sviluppare le proprie reazioni istintive e allenare l&#8217;equilibrio mentre giocano e acquisire cos\u00ec fiducia e autostima, pilastri della metodologia Montessori.<\/p>\n<p>\u00c8 un giocattolo senza limitazioni progettato per combinare l&#8217;equilibrio e imparare a controllare i movimenti.<\/p>\n<p>&nbsp;<\/p>\n","protected":false},"featured_media":4281,"comment_status":"open","ping_status":"closed","template":"","meta":[],"product_cat":[92,108],"product_tag":[],"class_list":{"0":"post-3967","1":"product","2":"type-product","3":"status-publish","4":"has-post-thumbnail","6":"product_cat-materiali-montessori","7":"product_cat-pikler-it","9":"first","10":"outofstock","11":"featured","12":"taxable","13":"shipping-taxable","14":"purchasable","15":"product-type-simple"},"yoast_head":"<!-- This site is optimized with the Yoast SEO plugin v23.9 - https:\/\/yoast.com\/wordpress\/plugins\/seo\/ -->\n<title>Tabla curva de Madera Pikler Nenitus<\/title>\n<meta name=\"description\" content=\"Tabla curva Pikler madera para ni\u00f1os\" \/>\n<meta name=\"robots\" content=\"index, follow, max-snippet:-1, max-image-preview:large, max-video-preview:-1\" \/>\n<link rel=\"canonical\" href=\"https:\/\/nenitus.es\/it\/tavolo-curvo-pikler\/\" \/>\n<meta property=\"og:locale\" content=\"it_IT\" \/>\n<meta property=\"og:type\" content=\"article\" \/>\n<meta property=\"og:title\" content=\"Tabla curva de Madera Pikler Nenitus\" \/>\n<meta property=\"og:description\" content=\"Tabla curva Pikler madera para ni\u00f1os\" \/>\n<meta property=\"og:url\" content=\"https:\/\/nenitus.es\/it\/tavolo-curvo-pikler\/\" \/>\n<meta property=\"og:site_name\" content=\"Nenitus\" \/>\n<meta property=\"article:modified_time\" content=\"2024-02-07T17:18:22+00:00\" \/>\n<meta property=\"og:image\" content=\"https:\/\/nenitus.es\/wp-content\/uploads\/2023\/11\/tabla_curva-removebg-preview.png\" \/>\n\t<meta property=\"og:image:width\" content=\"500\" \/>\n\t<meta property=\"og:image:height\" content=\"500\" \/>\n\t<meta property=\"og:image:type\" content=\"image\/png\" \/>\n<meta name=\"twitter:card\" content=\"summary_large_image\" \/>\n<meta name=\"twitter:label1\" content=\"Tempo di lettura stimato\" \/>\n\t<meta name=\"twitter:data1\" content=\"2 minuti\" \/>\n<script type=\"application\/ld+json\" class=\"yoast-schema-graph\">{\"@context\":\"https:\/\/schema.org\",\"@graph\":[{\"@type\":\"WebPage\",\"@id\":\"https:\/\/nenitus.es\/it\/tavolo-curvo-pikler\/\",\"url\":\"https:\/\/nenitus.es\/it\/tavolo-curvo-pikler\/\",\"name\":\"Tabla curva de Madera Pikler Nenitus\",\"isPartOf\":{\"@id\":\"https:\/\/nenitus.es\/it\/#website\"},\"primaryImageOfPage\":{\"@id\":\"https:\/\/nenitus.es\/it\/tavolo-curvo-pikler\/#primaryimage\"},\"image\":{\"@id\":\"https:\/\/nenitus.es\/it\/tavolo-curvo-pikler\/#primaryimage\"},\"thumbnailUrl\":\"https:\/\/nenitus.es\/wp-content\/uploads\/2023\/11\/tabla-curva-equilibrio.png\",\"datePublished\":\"2023-11-08T15:32:53+00:00\",\"dateModified\":\"2024-02-07T17:18:22+00:00\",\"description\":\"Tabla curva Pikler madera para ni\u00f1os\",\"breadcrumb\":{\"@id\":\"https:\/\/nenitus.es\/it\/tavolo-curvo-pikler\/#breadcrumb\"},\"inLanguage\":\"it-IT\",\"potentialAction\":[{\"@type\":\"ReadAction\",\"target\":[\"https:\/\/nenitus.es\/it\/tavolo-curvo-pikler\/\"]}]},{\"@type\":\"ImageObject\",\"inLanguage\":\"it-IT\",\"@id\":\"https:\/\/nenitus.es\/it\/tavolo-curvo-pikler\/#primaryimage\",\"url\":\"https:\/\/nenitus.es\/wp-content\/uploads\/2023\/11\/tabla-curva-equilibrio.png\",\"contentUrl\":\"https:\/\/nenitus.es\/wp-content\/uploads\/2023\/11\/tabla-curva-equilibrio.png\",\"width\":900,\"height\":686},{\"@type\":\"BreadcrumbList\",\"@id\":\"https:\/\/nenitus.es\/it\/tavolo-curvo-pikler\/#breadcrumb\",\"itemListElement\":[{\"@type\":\"ListItem\",\"position\":1,\"name\":\"Portada\",\"item\":\"https:\/\/nenitus.es\/it\/\"},{\"@type\":\"ListItem\",\"position\":2,\"name\":\"Negozio\",\"item\":\"https:\/\/nenitus.es\/it\/negozio\/\"},{\"@type\":\"ListItem\",\"position\":3,\"name\":\"Tavolo curvo\"}]},{\"@type\":\"WebSite\",\"@id\":\"https:\/\/nenitus.es\/it\/#website\",\"url\":\"https:\/\/nenitus.es\/it\/\",\"name\":\"Nenitus\",\"description\":\"\",\"potentialAction\":[{\"@type\":\"SearchAction\",\"target\":{\"@type\":\"EntryPoint\",\"urlTemplate\":\"https:\/\/nenitus.es\/it\/?s={search_term_string}\"},\"query-input\":{\"@type\":\"PropertyValueSpecification\",\"valueRequired\":true,\"valueName\":\"search_term_string\"}}],\"inLanguage\":\"it-IT\"}]}<\/script>\n<!-- \/ Yoast SEO plugin. -->","yoast_head_json":{"title":"Tabla curva de Madera Pikler Nenitus","description":"Tabla curva Pikler madera para ni\u00f1os","robots":{"index":"index","follow":"follow","max-snippet":"max-snippet:-1","max-image-preview":"max-image-preview:large","max-video-preview":"max-video-preview:-1"},"canonical":"https:\/\/nenitus.es\/it\/tavolo-curvo-pikler\/","og_locale":"it_IT","og_type":"article","og_title":"Tabla curva de Madera Pikler Nenitus","og_description":"Tabla curva Pikler madera para ni\u00f1os","og_url":"https:\/\/nenitus.es\/it\/tavolo-curvo-pikler\/","og_site_name":"Nenitus","article_modified_time":"2024-02-07T17:18:22+00:00","og_image":[{"width":500,"height":500,"url":"https:\/\/nenitus.es\/wp-content\/uploads\/2023\/11\/tabla_curva-removebg-preview.png","type":"image\/png"}],"twitter_card":"summary_large_image","twitter_misc":{"Tempo di lettura stimato":"2 minuti"},"schema":{"@context":"https:\/\/schema.org","@graph":[{"@type":"WebPage","@id":"https:\/\/nenitus.es\/it\/tavolo-curvo-pikler\/","url":"https:\/\/nenitus.es\/it\/tavolo-curvo-pikler\/","name":"Tabla curva de Madera Pikler Nenitus","isPartOf":{"@id":"https:\/\/nenitus.es\/it\/#website"},"primaryImageOfPage":{"@id":"https:\/\/nenitus.es\/it\/tavolo-curvo-pikler\/#primaryimage"},"image":{"@id":"https:\/\/nenitus.es\/it\/tavolo-curvo-pikler\/#primaryimage"},"thumbnailUrl":"https:\/\/nenitus.es\/wp-content\/uploads\/2023\/11\/tabla-curva-equilibrio.png","datePublished":"2023-11-08T15:32:53+00:00","dateModified":"2024-02-07T17:18:22+00:00","description":"Tabla curva Pikler madera para ni\u00f1os","breadcrumb":{"@id":"https:\/\/nenitus.es\/it\/tavolo-curvo-pikler\/#breadcrumb"},"inLanguage":"it-IT","potentialAction":[{"@type":"ReadAction","target":["https:\/\/nenitus.es\/it\/tavolo-curvo-pikler\/"]}]},{"@type":"ImageObject","inLanguage":"it-IT","@id":"https:\/\/nenitus.es\/it\/tavolo-curvo-pikler\/#primaryimage","url":"https:\/\/nenitus.es\/wp-content\/uploads\/2023\/11\/tabla-curva-equilibrio.png","contentUrl":"https:\/\/nenitus.es\/wp-content\/uploads\/2023\/11\/tabla-curva-equilibrio.png","width":900,"height":686},{"@type":"BreadcrumbList","@id":"https:\/\/nenitus.es\/it\/tavolo-curvo-pikler\/#breadcrumb","itemListElement":[{"@type":"ListItem","position":1,"name":"Portada","item":"https:\/\/nenitus.es\/it\/"},{"@type":"ListItem","position":2,"name":"Negozio","item":"https:\/\/nenitus.es\/it\/negozio\/"},{"@type":"ListItem","position":3,"name":"Tavolo curvo"}]},{"@type":"WebSite","@id":"https:\/\/nenitus.es\/it\/#website","url":"https:\/\/nenitus.es\/it\/","name":"Nenitus","description":"","potentialAction":[{"@type":"SearchAction","target":{"@type":"EntryPoint","urlTemplate":"https:\/\/nenitus.es\/it\/?s={search_term_string}"},"query-input":{"@type":"PropertyValueSpecification","valueRequired":true,"valueName":"search_term_string"}}],"inLanguage":"it-IT"}]}},"jetpack_sharing_enabled":true,"_links":{"self":[{"href":"https:\/\/nenitus.es\/it\/wp-json\/wp\/v2\/product\/3967","targetHints":{"allow":["GET"]}}],"collection":[{"href":"https:\/\/nenitus.es\/it\/wp-json\/wp\/v2\/product"}],"about":[{"href":"https:\/\/nenitus.es\/it\/wp-json\/wp\/v2\/types\/product"}],"replies":[{"embeddable":true,"href":"https:\/\/nenitus.es\/it\/wp-json\/wp\/v2\/comments?post=3967"}],"wp:featuredmedia":[{"embeddable":true,"href":"https:\/\/nenitus.es\/it\/wp-json\/wp\/v2\/media\/4281"}],"wp:attachment":[{"href":"https:\/\/nenitus.es\/it\/wp-json\/wp\/v2\/media?parent=3967"}],"wp:term":[{"taxonomy":"product_cat","embeddable":true,"href":"https:\/\/nenitus.es\/it\/wp-json\/wp\/v2\/product_cat?post=3967"},{"taxonomy":"product_tag","embeddable":true,"href":"https:\/\/nenitus.es\/it\/wp-json\/wp\/v2\/product_tag?post=3967"}],"curies":[{"name":"wp","href":"https:\/\/api.w.org\/{rel}","templated":true}]}}