{"id":4080,"date":"2023-12-18T19:12:46","date_gmt":"2023-12-18T18:12:46","guid":{"rendered":"https:\/\/nenitus.es\/?post_type=product&#038;p=4080"},"modified":"2025-11-28T06:47:26","modified_gmt":"2025-11-28T05:47:26","slug":"tavolo-per-bambini-con-sedie","status":"publish","type":"product","link":"https:\/\/nenitus.es\/it\/tavolo-per-bambini-con-sedie\/","title":{"rendered":"Tavolo per bambini con sedie"},"content":{"rendered":"<h2><b>Tavolo per bambini con sedie &#8211; Giocattolo <\/b><span style=\"font-size: 25.92px;\"><b>Montessori<\/b><\/span><b> per bambini<\/b <\/h2>\n<p>Questo set tavolo e sedia \u00e8 perfettamente progettato per i bambini, offrendo loro un posto ideale dove sedersi, leggere, disegnare, ecc&#8230;<\/p>\n<p>Il gioco da tavolo \u00e8 dotato di un piano lavagna, su cui i bambini possono divertirsi a scrivere o disegnare, inoltre ha al suo interno un cassetto facile da aprire, per riporre e custodire i propri libri, i giocattoli e tenere tutto in ordine.<\/p>\n<p>Questi tavoli e sedie sono realizzati in multistrato di pino spesso 15 mm, quindi sono molto resistenti, il design e il materiale in legno li rendono ideali per un uso quotidiano e duraturo.<\/p>\n<p>Progettato per i bambini: questi mobili sono leggeri, i bambini possono spostare facilmente il tavolo o la sedia da soli, possono giocare liberamente con i loro amici ovunque. \u00c8 perfetto per i bambini, poich\u00e9 questo set \u00e8 realizzato e progettato per loro.<\/p>\n<p>&nbsp;<\/p>\n<h2><strong>Vantaggi del set tavolo e sedie Montessori<\/strong><\/h2>\n<ul>\n<li><strong>Multiuso:<\/strong> lI bambini possono mangiare, disegnare, giocare con i giocattoli, leggere, scrivere, ecc. Sono realizzati per essere utilizzati all&#8217;interno o all&#8217;esterno, pertanto possono essere utilizzati come tavolo da pranzo, tavolo da attivit\u00e0 o tavolo da apprendimento per bambini.<\/li>\n<li><strong>Incoraggia la partecipazione alle attivit\u00e0 quotidiane:<\/strong> ovvero l&#8217;intervento dei tuoi figli o studenti in attivit\u00e0 semplici come pulire, organizzare, asciugare o cucinare. Permette ai bambini di smettere di essere spettatori di ci\u00f2 che accade, per esserne protagonisti. Ci\u00f2 conferisce loro anche una certa responsabilit\u00e0, commisurata alla loro et\u00e0.<\/li>\n<li><strong>Durevole:<\/strong> \u00e8 realizzato con materiali durevoli e di alta qualit\u00e0, che lo rendono durevole e sicuro per l&#8217;uso quotidiano.<\/li>\n<li><strong>Risparmia spazio:<\/strong> c&#8217;\u00e8 un cassetto portaoggetti integrato sotto il tavolo, pu\u00f2 contenere libri, giocattoli e altre cose, \u00e8 molto utile per risparmiare spazio e una facile manutenzione<\/li>\n<li><strong>Rafforza la fiducia:<\/strong> consentendo ai bambini di esplorare e sperimentare in sicurezza, rafforzi la loro sicurezza e autonomia.<\/li>\n<li><strong>Progettato per loro:<\/strong> Questo mobile \u00e8 leggero, i bambini possono spostare facilmente il tavolo o la sedia da soli, possono giocare liberamente con i loro amici ovunque. \u00c8 perfetto per i bambini, poich\u00e9 questo set \u00e8 realizzato e progettato per loro.<\/li>\n<\/ul>\n<h2><strong>Caratteristiche della torre di apprendimento:<\/strong><\/h2>\n<ul>\n<li>Realizzato in compensato di pino spesso 15 mm<\/li>\n<li>Completamente levigato, verniciato e con bordi arrotondati per una maggiore sicurezza<\/li>\n<li>Design Montessori per lo sviluppo dell&#8217;equilibrio e della coordinazione<\/li>\n<li>Resistente e durevole<\/li>\n<li class=\"a-spacing-mini\"><span class=\"a-list-item\">Misure del tavolo: 60 cm di lunghezza x 60 cm di larghezza x 46 cm di altezza<\/span><\/li>\n<li class=\"a-spacing-mini\"><span class=\"a-list-item\">Misure della sedia: 23 cm di profondit\u00e0 x 30 cm di larghezza x 26 cm di altezza della seduta x 52 cm di altezza totale<\/span><\/li>\n<li>Et\u00e0 consigliata: +12 mesi<\/li>\n<li>Peso massimo: 50-60 kg<\/li>\n<\/ul>\n<h3><strong>Materiali:\u00a0<\/strong><\/h3>\n<ul>\n<li>Compensato di pino: questo materiale \u00e8 resistente e durevole e fornisce una superficie liscia e sicura su cui i bambini possono giocare. Inoltre, \u00e8 un&#8217;opzione rispettosa dell&#8217;ambiente, poich\u00e9 il pino \u00e8 un legno rinnovabile e facilmente disponibile.<\/li>\n<li>Levigato e verniciato per garantire una superficie liscia e priva di schegge.<\/li>\n<li>Bordi arrotondati: i bordi arrotondati aiutano a prevenire gli infortuni e forniscono maggiore sicurezza durante il gioco.<\/li>\n<\/ul>\n<h3><span style=\"font-size: 90%;\"><strong>Spedizione:<\/strong><\/span><\/h3>\n<ul>\n<li>Tempo di spedizione approssimativo per questo prodotto: da 1 a 2 giorni lavorativi (se ne hai bisogno per una data specifica, contattaci)<\/li>\n<\/ul>\n","protected":false},"excerpt":{"rendered":"<div>Questo set tavolo e sedia \u00e8 perfettamente progettato per i bambini, offrendo loro il posto ideale dove sedersi, leggere, disegnare, mangiare, giocare, ecc&#8230;<\/div>\n<div><\/div>\n<div>Il gioco da tavolo \u00e8 dotato di un piano lavagna, su cui i bambini possono divertirsi a scrivere o disegnare, inoltre ha al suo interno un cassetto facile da aprire, per riporre e custodire i propri libri, i giocattoli e tenere tutto in ordine.<\/div>\n","protected":false},"featured_media":4082,"comment_status":"open","ping_status":"closed","template":"","meta":[],"product_cat":[108],"product_tag":[],"class_list":{"0":"post-4080","1":"product","2":"type-product","3":"status-publish","4":"has-post-thumbnail","6":"product_cat-pikler-it","8":"first","9":"instock","10":"featured","11":"taxable","12":"shipping-taxable","13":"purchasable","14":"product-type-simple"},"yoast_head":"<!-- This site is optimized with the Yoast SEO plugin v23.9 - https:\/\/yoast.com\/wordpress\/plugins\/seo\/ -->\n<title>Tavolo per bambini con sedie<\/title>\n<meta name=\"description\" content=\"Torre de aprendizaje MontessoriTavolo per bambini con sedie, tavolo per bambini con sedie, tavolo per bambini in legno con sedie, tavolo Montessori, tavolo multifunzione, tavolo sensoriale, tavolo Pikler.Tavolo per bambini con sedie, tavolo per bambini con sedie, tavolo per bambini in legno con sedie, tavolo Montessori, tavolo multifunzione, tavolo sensoriale, tavolo Pikler.\" \/>\n<meta name=\"robots\" content=\"index, follow, max-snippet:-1, max-image-preview:large, max-video-preview:-1\" \/>\n<link rel=\"canonical\" href=\"https:\/\/nenitus.es\/it\/tavolo-per-bambini-con-sedie\/\" \/>\n<meta property=\"og:locale\" content=\"it_IT\" \/>\n<meta property=\"og:type\" content=\"article\" \/>\n<meta property=\"og:title\" content=\"Tavolo per bambini con sedie\" \/>\n<meta property=\"og:description\" content=\"Torre de aprendizaje MontessoriTavolo per bambini con sedie, tavolo per bambini con sedie, tavolo per bambini in legno con sedie, tavolo Montessori, tavolo multifunzione, tavolo sensoriale, tavolo Pikler.Tavolo per bambini con sedie, tavolo per bambini con sedie, tavolo per bambini in legno con sedie, tavolo Montessori, tavolo multifunzione, tavolo sensoriale, tavolo Pikler.\" \/>\n<meta property=\"og:url\" content=\"https:\/\/nenitus.es\/it\/tavolo-per-bambini-con-sedie\/\" \/>\n<meta property=\"og:site_name\" content=\"Nenitus\" \/>\n<meta property=\"article:modified_time\" content=\"2025-11-28T05:47:26+00:00\" \/>\n<meta property=\"og:image\" content=\"https:\/\/nenitus.es\/wp-content\/uploads\/2023\/12\/thumbnail_IMG_5475-removebg-preview-removebg-preview.png\" \/>\n\t<meta property=\"og:image:width\" content=\"577\" \/>\n\t<meta property=\"og:image:height\" content=\"433\" \/>\n\t<meta property=\"og:image:type\" content=\"image\/png\" \/>\n<meta name=\"twitter:card\" content=\"summary_large_image\" \/>\n<meta name=\"twitter:label1\" content=\"Tempo di lettura stimato\" \/>\n\t<meta name=\"twitter:data1\" content=\"3 minuti\" \/>\n<script type=\"application\/ld+json\" class=\"yoast-schema-graph\">{\"@context\":\"https:\/\/schema.org\",\"@graph\":[{\"@type\":\"WebPage\",\"@id\":\"https:\/\/nenitus.es\/it\/tavolo-per-bambini-con-sedie\/\",\"url\":\"https:\/\/nenitus.es\/it\/tavolo-per-bambini-con-sedie\/\",\"name\":\"Tavolo per bambini con sedie\",\"isPartOf\":{\"@id\":\"https:\/\/nenitus.es\/it\/#website\"},\"primaryImageOfPage\":{\"@id\":\"https:\/\/nenitus.es\/it\/tavolo-per-bambini-con-sedie\/#primaryimage\"},\"image\":{\"@id\":\"https:\/\/nenitus.es\/it\/tavolo-per-bambini-con-sedie\/#primaryimage\"},\"thumbnailUrl\":\"https:\/\/nenitus.es\/wp-content\/uploads\/2023\/12\/thumbnail_IMG_5475-removebg-preview-removebg-preview.png\",\"datePublished\":\"2023-12-18T18:12:46+00:00\",\"dateModified\":\"2025-11-28T05:47:26+00:00\",\"description\":\"Torre de aprendizaje MontessoriTavolo per bambini con sedie, tavolo per bambini con sedie, tavolo per bambini in legno con sedie, tavolo Montessori, tavolo multifunzione, tavolo sensoriale, tavolo Pikler.Tavolo per bambini con sedie, tavolo per bambini con sedie, tavolo per bambini in legno con sedie, tavolo Montessori, tavolo multifunzione, tavolo sensoriale, tavolo Pikler.\",\"breadcrumb\":{\"@id\":\"https:\/\/nenitus.es\/it\/tavolo-per-bambini-con-sedie\/#breadcrumb\"},\"inLanguage\":\"it-IT\",\"potentialAction\":[{\"@type\":\"ReadAction\",\"target\":[\"https:\/\/nenitus.es\/it\/tavolo-per-bambini-con-sedie\/\"]}]},{\"@type\":\"ImageObject\",\"inLanguage\":\"it-IT\",\"@id\":\"https:\/\/nenitus.es\/it\/tavolo-per-bambini-con-sedie\/#primaryimage\",\"url\":\"https:\/\/nenitus.es\/wp-content\/uploads\/2023\/12\/thumbnail_IMG_5475-removebg-preview-removebg-preview.png\",\"contentUrl\":\"https:\/\/nenitus.es\/wp-content\/uploads\/2023\/12\/thumbnail_IMG_5475-removebg-preview-removebg-preview.png\",\"width\":577,\"height\":433},{\"@type\":\"BreadcrumbList\",\"@id\":\"https:\/\/nenitus.es\/it\/tavolo-per-bambini-con-sedie\/#breadcrumb\",\"itemListElement\":[{\"@type\":\"ListItem\",\"position\":1,\"name\":\"Portada\",\"item\":\"https:\/\/nenitus.es\/it\/\"},{\"@type\":\"ListItem\",\"position\":2,\"name\":\"Negozio\",\"item\":\"https:\/\/nenitus.es\/it\/negozio\/\"},{\"@type\":\"ListItem\",\"position\":3,\"name\":\"Tavolo per bambini con sedie\"}]},{\"@type\":\"WebSite\",\"@id\":\"https:\/\/nenitus.es\/it\/#website\",\"url\":\"https:\/\/nenitus.es\/it\/\",\"name\":\"Nenitus\",\"description\":\"\",\"potentialAction\":[{\"@type\":\"SearchAction\",\"target\":{\"@type\":\"EntryPoint\",\"urlTemplate\":\"https:\/\/nenitus.es\/it\/?s={search_term_string}\"},\"query-input\":{\"@type\":\"PropertyValueSpecification\",\"valueRequired\":true,\"valueName\":\"search_term_string\"}}],\"inLanguage\":\"it-IT\"}]}<\/script>\n<!-- \/ Yoast SEO plugin. -->","yoast_head_json":{"title":"Tavolo per bambini con sedie","description":"Torre de aprendizaje MontessoriTavolo per bambini con sedie, tavolo per bambini con sedie, tavolo per bambini in legno con sedie, tavolo Montessori, tavolo multifunzione, tavolo sensoriale, tavolo Pikler.Tavolo per bambini con sedie, tavolo per bambini con sedie, tavolo per bambini in legno con sedie, tavolo Montessori, tavolo multifunzione, tavolo sensoriale, tavolo Pikler.","robots":{"index":"index","follow":"follow","max-snippet":"max-snippet:-1","max-image-preview":"max-image-preview:large","max-video-preview":"max-video-preview:-1"},"canonical":"https:\/\/nenitus.es\/it\/tavolo-per-bambini-con-sedie\/","og_locale":"it_IT","og_type":"article","og_title":"Tavolo per bambini con sedie","og_description":"Torre de aprendizaje MontessoriTavolo per bambini con sedie, tavolo per bambini con sedie, tavolo per bambini in legno con sedie, tavolo Montessori, tavolo multifunzione, tavolo sensoriale, tavolo Pikler.Tavolo per bambini con sedie, tavolo per bambini con sedie, tavolo per bambini in legno con sedie, tavolo Montessori, tavolo multifunzione, tavolo sensoriale, tavolo Pikler.","og_url":"https:\/\/nenitus.es\/it\/tavolo-per-bambini-con-sedie\/","og_site_name":"Nenitus","article_modified_time":"2025-11-28T05:47:26+00:00","og_image":[{"width":577,"height":433,"url":"https:\/\/nenitus.es\/wp-content\/uploads\/2023\/12\/thumbnail_IMG_5475-removebg-preview-removebg-preview.png","type":"image\/png"}],"twitter_card":"summary_large_image","twitter_misc":{"Tempo di lettura stimato":"3 minuti"},"schema":{"@context":"https:\/\/schema.org","@graph":[{"@type":"WebPage","@id":"https:\/\/nenitus.es\/it\/tavolo-per-bambini-con-sedie\/","url":"https:\/\/nenitus.es\/it\/tavolo-per-bambini-con-sedie\/","name":"Tavolo per bambini con sedie","isPartOf":{"@id":"https:\/\/nenitus.es\/it\/#website"},"primaryImageOfPage":{"@id":"https:\/\/nenitus.es\/it\/tavolo-per-bambini-con-sedie\/#primaryimage"},"image":{"@id":"https:\/\/nenitus.es\/it\/tavolo-per-bambini-con-sedie\/#primaryimage"},"thumbnailUrl":"https:\/\/nenitus.es\/wp-content\/uploads\/2023\/12\/thumbnail_IMG_5475-removebg-preview-removebg-preview.png","datePublished":"2023-12-18T18:12:46+00:00","dateModified":"2025-11-28T05:47:26+00:00","description":"Torre de aprendizaje MontessoriTavolo per bambini con sedie, tavolo per bambini con sedie, tavolo per bambini in legno con sedie, tavolo Montessori, tavolo multifunzione, tavolo sensoriale, tavolo Pikler.Tavolo per bambini con sedie, tavolo per bambini con sedie, tavolo per bambini in legno con sedie, tavolo Montessori, tavolo multifunzione, tavolo sensoriale, tavolo Pikler.","breadcrumb":{"@id":"https:\/\/nenitus.es\/it\/tavolo-per-bambini-con-sedie\/#breadcrumb"},"inLanguage":"it-IT","potentialAction":[{"@type":"ReadAction","target":["https:\/\/nenitus.es\/it\/tavolo-per-bambini-con-sedie\/"]}]},{"@type":"ImageObject","inLanguage":"it-IT","@id":"https:\/\/nenitus.es\/it\/tavolo-per-bambini-con-sedie\/#primaryimage","url":"https:\/\/nenitus.es\/wp-content\/uploads\/2023\/12\/thumbnail_IMG_5475-removebg-preview-removebg-preview.png","contentUrl":"https:\/\/nenitus.es\/wp-content\/uploads\/2023\/12\/thumbnail_IMG_5475-removebg-preview-removebg-preview.png","width":577,"height":433},{"@type":"BreadcrumbList","@id":"https:\/\/nenitus.es\/it\/tavolo-per-bambini-con-sedie\/#breadcrumb","itemListElement":[{"@type":"ListItem","position":1,"name":"Portada","item":"https:\/\/nenitus.es\/it\/"},{"@type":"ListItem","position":2,"name":"Negozio","item":"https:\/\/nenitus.es\/it\/negozio\/"},{"@type":"ListItem","position":3,"name":"Tavolo per bambini con sedie"}]},{"@type":"WebSite","@id":"https:\/\/nenitus.es\/it\/#website","url":"https:\/\/nenitus.es\/it\/","name":"Nenitus","description":"","potentialAction":[{"@type":"SearchAction","target":{"@type":"EntryPoint","urlTemplate":"https:\/\/nenitus.es\/it\/?s={search_term_string}"},"query-input":{"@type":"PropertyValueSpecification","valueRequired":true,"valueName":"search_term_string"}}],"inLanguage":"it-IT"}]}},"jetpack_sharing_enabled":true,"_links":{"self":[{"href":"https:\/\/nenitus.es\/it\/wp-json\/wp\/v2\/product\/4080","targetHints":{"allow":["GET"]}}],"collection":[{"href":"https:\/\/nenitus.es\/it\/wp-json\/wp\/v2\/product"}],"about":[{"href":"https:\/\/nenitus.es\/it\/wp-json\/wp\/v2\/types\/product"}],"replies":[{"embeddable":true,"href":"https:\/\/nenitus.es\/it\/wp-json\/wp\/v2\/comments?post=4080"}],"wp:featuredmedia":[{"embeddable":true,"href":"https:\/\/nenitus.es\/it\/wp-json\/wp\/v2\/media\/4082"}],"wp:attachment":[{"href":"https:\/\/nenitus.es\/it\/wp-json\/wp\/v2\/media?parent=4080"}],"wp:term":[{"taxonomy":"product_cat","embeddable":true,"href":"https:\/\/nenitus.es\/it\/wp-json\/wp\/v2\/product_cat?post=4080"},{"taxonomy":"product_tag","embeddable":true,"href":"https:\/\/nenitus.es\/it\/wp-json\/wp\/v2\/product_tag?post=4080"}],"curies":[{"name":"wp","href":"https:\/\/api.w.org\/{rel}","templated":true}]}}